{"id":4042,"date":"2019-08-08T19:47:35","date_gmt":"2019-08-08T22:47:35","guid":{"rendered":"http:\/\/ebp.org.br\/sp\/?page_id=4042"},"modified":"2019-08-08T19:47:35","modified_gmt":"2019-08-08T22:47:35","slug":"boletim-tracos-04","status":"publish","type":"page","link":"https:\/\/ebp.org.br\/sp\/jornadas\/ix-jornadas\/boletim-tracos-ix-jornadas\/boletim-tracos-04\/","title":{"rendered":"Boletim Tra\u00e7os #04"},"content":{"rendered":"<section class=\"wpb-content-wrapper\">[vc_row][vc_column][vc_single_image image=&#8221;4013&#8243; img_size=&#8221;full&#8221; alignment=&#8221;center&#8221;][\/vc_column][\/vc_row][vc_row][vc_column width=&#8221;5\/6&#8243;][vc_column_text]\n<h3><span style=\"color: #003366;\">EDITORIAL<\/span><\/h3>\n<h6>Por Daniela de Camargo Barros Affonso &#8211; EBP\/AMP<\/h6>\n<p>Gabriel Garc\u00eda Marques, Haruki Murakami, Clarice Lispector, Alejandra Pizarnik: a literatura mais uma vez \u00e9 chamada pela psican\u00e1lise para aliar-se a ela na dif\u00edcil tarefa de transmitir algo do real, desta feita, do real da solid\u00e3o.[\/vc_column_text][vc_btn title=&#8221;Leia mais&#8221; color=&#8221;blue&#8221; link=&#8221;url:http%3A%2F%2Febp.org.br%2Fsp%2Feditorial-boletim-tracos-04%2F|||&#8221;][\/vc_column][vc_column width=&#8221;1\/6&#8243;][vc_single_image image=&#8221;4014&#8243; add_caption=&#8221;yes&#8221; alignment=&#8221;right&#8221;][\/vc_column][\/vc_row][vc_row][vc_column][vc_separator color=&#8221;blue&#8221; border_width=&#8221;4&#8243;][\/vc_column][\/vc_row][vc_row][vc_column][vc_column_text]\n<h2><span style=\"color: #003366;\">UNS TRA\u00c7OS<\/span><\/h2>\n[\/vc_column_text][\/vc_column][\/vc_row][vc_row][vc_column width=&#8221;5\/6&#8243;][vc_column_text]\n<h3><span style=\"color: #000080;\">Uma falsa solid\u00e3o<\/span><\/h3>\n<h6><span style=\"color: #000080;\">Por C\u00e1ssia Goncalves Gindro &#8211; EBP\/AMP<\/span><\/h6>\n<p>O tema de nossa IX jornada deu-me a oportunidade de resgatar, em minha mem\u00f3ria de leitora, o prazer que foi a leitura do livro Cem Anos de Solid\u00e3o, de Garc\u00eda Marques, livro que se colocou, n\u00e3o sem insist\u00eancia, para ser relido na solid\u00e3o que cabe a todo leitor.[\/vc_column_text][vc_btn title=&#8221;Leia mais&#8221; color=&#8221;blue&#8221; link=&#8221;url:http%3A%2F%2Febp.org.br%2Fsp%2Fuma-falsa-solidao%2F|||&#8221;][\/vc_column][vc_column width=&#8221;1\/6&#8243;][vc_single_image image=&#8221;4015&#8243; add_caption=&#8221;yes&#8221; alignment=&#8221;right&#8221;][\/vc_column][\/vc_row][vc_row][vc_column][vc_separator color=&#8221;blue&#8221;][\/vc_column][\/vc_row][vc_row][vc_column width=&#8221;5\/6&#8243;][vc_column_text]\n<h3><span style=\"color: #003366;\">\u201cHomens sem mulheres\u201d<\/span><\/h3>\n<h6><span style=\"color: #003366;\">Por Elisa Alvarenga &#8211; EBP\/AMP<\/span><\/h6>\n<p>Trata-se de um livro que me foi apresentado para que eu pudesse melhor testemunhar a solid\u00e3o da qual este homem sofria. N\u00e3o se trata de homens literalmente sem mulheres, mas de homens que amaram e perderam uma mulher, ou que n\u00e3o ousaram fazer de uma mulher a causa do seu desejo. Suas figuras, no Jap\u00e3o de Haruki Murakami, s\u00e3o variadas, mas revelam uma particular sensibilidade ao inconsciente deste escritor cujas fic\u00e7\u00f5es revelam algo do real da n\u00e3o rela\u00e7\u00e3o sexual na \u00e9poca do Outro que n\u00e3o existe, em que o gozo feminino n\u00e3o se at\u00e9m \u00e0s fronteiras entre homens e mulheres.[\/vc_column_text][vc_btn title=&#8221;Leia mais&#8221; color=&#8221;blue&#8221; link=&#8221;url:http%3A%2F%2Febp.org.br%2Fsp%2Fhomens-sem-mulheres%2F|||&#8221;][\/vc_column][vc_column width=&#8221;1\/6&#8243;][vc_single_image image=&#8221;4016&#8243; add_caption=&#8221;yes&#8221; alignment=&#8221;right&#8221;][\/vc_column][\/vc_row][vc_row][vc_column][vc_separator color=&#8221;blue&#8221;][\/vc_column][\/vc_row][vc_row full_width=&#8221;stretch_row&#8221;][vc_column width=&#8221;5\/6&#8243;][vc_column_text]\n<h3><span style=\"color: #003366;\">A solid\u00e3o e a adolesc\u00eancia<\/span><\/h3>\n<h6><span style=\"color: #003366;\">Por Fl\u00e1via C\u00eara &#8211; EBP\/AMP<\/span><\/h6>\n<p>Fala-se sempre sozinho, diz Lacan, mas isso n\u00e3o quer dizer que falar da solid\u00e3o seja algo simples. Sua forma e mat\u00e9ria variam para cada um. Talvez por isso a encontremos com mais desenvoltura na poesia, essa forma de escrita que sabe que toda fala est\u00e1 aqu\u00e9m ou al\u00e9m da comunica\u00e7\u00e3o.[\/vc_column_text][vc_btn title=&#8221;Leia mais&#8221; color=&#8221;blue&#8221; link=&#8221;url:http%3A%2F%2Febp.org.br%2Fsp%2Fa-solidao-e-a-adolescencia%2F|||&#8221;][\/vc_column][vc_column width=&#8221;1\/6&#8243;][vc_single_image image=&#8221;4046&#8243; add_caption=&#8221;yes&#8221; alignment=&#8221;right&#8221;][\/vc_column][\/vc_row][vc_row][vc_column][vc_separator color=&#8221;blue&#8221;][\/vc_column][\/vc_row][vc_row][vc_column width=&#8221;5\/6&#8243;][vc_column_text]\n<h3><span style=\"color: #003366;\">Histeria e solid\u00e3o<\/span><\/h3>\n<h6><span style=\"color: #003366;\">Por Laureci Nunes &#8211; EBP\/AMP<\/span><\/h6>\n<p>Como j\u00e1 se assinalou em textos anteriores neste boletim, a dimens\u00e3o da solid\u00e3o nos seres falantes nos coloca diante de um destino inexor\u00e1vel e, aparentemente, contradit\u00f3rio: se, de certa maneira, nunca estamos totalmente s\u00f3s, em fun\u00e7\u00e3o da incid\u00eancia do Outro da linguagem, no n\u00edvel do gozo, estamos condenados \u00e0 solid\u00e3o, ao gozo do Um, considerando que a rela\u00e7\u00e3o sexual n\u00e3o se escreve. Quanto \u00e0 solid\u00e3o, sim, ela se escreve.[\/vc_column_text][vc_btn title=&#8221;Leia mais&#8221; color=&#8221;blue&#8221; link=&#8221;url:http%3A%2F%2Febp.org.br%2Fsp%2Fhisteria-e-solidao%2F|||&#8221;][\/vc_column][vc_column width=&#8221;1\/6&#8243;][vc_single_image image=&#8221;4018&#8243; add_caption=&#8221;yes&#8221; alignment=&#8221;right&#8221;][\/vc_column][\/vc_row][vc_row][vc_column][vc_separator color=&#8221;blue&#8221; border_width=&#8221;4&#8243;][\/vc_column][\/vc_row][vc_row][vc_column width=&#8221;5\/6&#8243;][vc_column_text]\n<h3><span style=\"color: #003366;\">O muro do isolamento nos casos contempor\u00e2neos<\/span><\/h3>\n<h6><span style=\"color: #003366;\">Por Fabiola Ramon &#8211; Correspondente da EBP-SP<\/span><\/h6>\n<p>Partirei do isolamento, fen\u00f4meno frequente na cl\u00ednica com adolescentes, e que, no discurso normativo \u00e9 tomado como um efeito da solid\u00e3o contempor\u00e2nea. Como a psican\u00e1lise aborda essa quest\u00e3o?<\/p>\n<p>Em rela\u00e7\u00e3o \u00e0 solid\u00e3o contempor\u00e2nea, Brousse destaca em entrevista para as IX Jornadas da EBP-SP, que as modifica\u00e7\u00f5es no la\u00e7o social pelo discurso capitalista modificaram radicalmente o estatuto da solid\u00e3o, do Um sozinho. Uma das marcas do estilo de vida contempor\u00e2neo \u00e9 a autossegrega\u00e7\u00e3o, seja pelo isolamento, seja por meio de comunidades de gozo.[\/vc_column_text][vc_btn title=&#8221;Leia mais&#8221; color=&#8221;blue&#8221; link=&#8221;url:http%3A%2F%2Febp.org.br%2Fsp%2Fo-muro-do-isolamento-nos-casos-contemporaneos%2F|||&#8221;][\/vc_column][vc_column width=&#8221;1\/6&#8243;][vc_single_image image=&#8221;4019&#8243; add_caption=&#8221;yes&#8221; alignment=&#8221;right&#8221;][\/vc_column][\/vc_row][vc_row][vc_column][vc_separator color=&#8221;blue&#8221; border_width=&#8221;4&#8243;][\/vc_column][\/vc_row][vc_row][vc_column][vc_column_text]\n<h2><span style=\"color: #003366;\">LA\u00c7OS EM SAMPA<\/span><\/h2>\n[\/vc_column_text][\/vc_column][\/vc_row][vc_row][vc_column width=&#8221;5\/6&#8243;][vc_column_text]\n<h6><span style=\"color: #003366;\">Por Camila Popadiuk &#8211; Associada ao CLIN-a<\/span><\/h6>\n<p>\u00c9 no centro de S\u00e3o Paulo, entre as ruas S\u00e3o Bento, S\u00e3o Jo\u00e3o e Libero Badar\u00f3 que se encontra o Edif\u00edcio Martinelli, uma constru\u00e7\u00e3o ic\u00f4nica que j\u00e1 foi o mais alto arranha-c\u00e9u da Am\u00e9rica do Sul.[\/vc_column_text][vc_btn title=&#8221;Leia mais&#8221; color=&#8221;blue&#8221; link=&#8221;url:http%3A%2F%2Febp.org.br%2Fsp%2Flacos-em-sampa-3%2F|||&#8221;][\/vc_column][vc_column width=&#8221;1\/6&#8243;][vc_single_image image=&#8221;4020&#8243; add_caption=&#8221;yes&#8221; alignment=&#8221;right&#8221;][\/vc_column][\/vc_row][vc_row][vc_column][vc_separator color=&#8221;blue&#8221; border_width=&#8221;4&#8243;][\/vc_column][\/vc_row][vc_row][vc_column][vc_column_text]\n<h2><span style=\"color: #003366;\">DICAS DE HOSPEDAGEM<\/span><\/h2>\n[\/vc_column_text][\/vc_column][\/vc_row][vc_row][vc_column width=&#8221;5\/6&#8243;][vc_column_text]Voc\u00ea vir\u00e1 para as IX Jornadas da EBP-SP e n\u00e3o mora na capital paulista? A Comiss\u00e3o de Secretaria, Infraestrutura e Acolhimento fez uma sele\u00e7\u00e3o de excelentes op\u00e7\u00f5es de hospedagem. Voc\u00ea pode se instalar no pr\u00f3prio local do evento ou escolher um hotel de sua prefer\u00eancia. Confira a lista![\/vc_column_text][vc_btn title=&#8221;Leia mais&#8221; color=&#8221;blue&#8221; link=&#8221;url:http%3A%2F%2Febp.org.br%2Fsp%2Fjornadas%2Fix-jornadas%2Fhospedagem-ix-jornadas%2F|||&#8221;][\/vc_column][vc_column width=&#8221;1\/6&#8243;][vc_single_image image=&#8221;4021&#8243; add_caption=&#8221;yes&#8221; alignment=&#8221;right&#8221;][\/vc_column][\/vc_row][vc_row][vc_column][vc_separator color=&#8221;blue&#8221;][\/vc_column][\/vc_row][vc_row][vc_column][vc_single_image image=&#8221;3855&#8243; img_size=&#8221;full&#8221; alignment=&#8221;center&#8221;][\/vc_column][\/vc_row][vc_row][vc_column][vc_separator color=&#8221;blue&#8221;][\/vc_column][\/vc_row][vc_row][vc_column][vc_single_image image=&#8221;3905&#8243; img_size=&#8221;full&#8221; alignment=&#8221;center&#8221; onclick=&#8221;custom_link&#8221; link=&#8221;http:\/\/ebp.org.br\/sp\/jornadas\/ix-jornadas\/inscricoes-ix-jornadas\/&#8221;][\/vc_column][\/vc_row][vc_row][vc_column][vc_single_image image=&#8221;3812&#8243; img_size=&#8221;full&#8221; alignment=&#8221;center&#8221; onclick=&#8221;custom_link&#8221;][vc_column_text]\n<h6 style=\"text-align: center;\"><strong><span style=\"color: #003366;\">Comiss\u00e3o de Boletim e Divulga\u00e7\u00e3o:<\/span><\/strong><br \/>\n<span style=\"color: #003366;\">Niraldo de Oliveira Santos (Coordenador), Camila Popadiuk, Cybele Lobo , Eduardo C\u00e9sar Benedicto , Gabriela Malvezzi,<\/span><br \/>\n<span style=\"color: #003366;\">Gustavo Oliveira Menezes, Jo\u00e3o Lucas Zanchi, Jo\u00e3o Paulo Desconci , Jovita Carneiro de Lima, Marcella Pereira de Oliveira,<\/span><br \/>\n<span style=\"color: #003366;\">Maria Marta Ferreira, Ros\u00e2ngela Castro Turim<\/span><\/h6>\n<h6 style=\"text-align: center;\"><span style=\"color: #000080;\">Nova Sede da EBP\/SP &#8211; Rua Teodoro Sampaio, 1020, 16\u00ba andar &#8211; Pinheiros, S\u00e3o Paulo<\/span><\/h6>\n<h6 style=\"text-align: center;\"><span style=\"color: #003366;\">Webdesigner: Bruno Senna<\/span><\/h6>\n[\/vc_column_text][\/vc_column][\/vc_row]\n<\/section>","protected":false},"excerpt":{"rendered":"<p>[vc_row][vc_column][vc_single_image image=&#8221;4013&#8243; img_size=&#8221;full&#8221; alignment=&#8221;center&#8221;][\/vc_column][\/vc_row][vc_row][vc_column width=&#8221;5\/6&#8243;][vc_column_text] EDITORIAL Por Daniela de Camargo Barros Affonso &#8211; EBP\/AMP Gabriel Garc\u00eda Marques, Haruki Murakami, Clarice Lispector, Alejandra Pizarnik: a literatura mais uma vez \u00e9 chamada pela psican\u00e1lise para aliar-se a ela na dif\u00edcil tarefa de transmitir algo do real, desta feita, do real da solid\u00e3o.[\/vc_column_text][vc_btn title=&#8221;Leia mais&#8221; color=&#8221;blue&#8221; link=&#8221;url:http%3A%2F%2Febp.org.br%2Fsp%2Feditorial-boletim-tracos-04%2F|||&#8221;][\/vc_column][vc_column width=&#8221;1\/6&#8243;][vc_single_image&hellip;<\/p>\n","protected":false},"author":1,"featured_media":0,"parent":3876,"menu_order":0,"comment_status":"closed","ping_status":"closed","template":"","meta":{"footnotes":""},"class_list":["post-4042","page","type-page","status-publish","hentry","entry","no-media"],"aioseo_notices":[],"_links":{"self":[{"href":"https:\/\/ebp.org.br\/sp\/wp-json\/wp\/v2\/pages\/4042","targetHints":{"allow":["GET"]}}],"collection":[{"href":"https:\/\/ebp.org.br\/sp\/wp-json\/wp\/v2\/pages"}],"about":[{"href":"https:\/\/ebp.org.br\/sp\/wp-json\/wp\/v2\/types\/page"}],"author":[{"embeddable":true,"href":"https:\/\/ebp.org.br\/sp\/wp-json\/wp\/v2\/users\/1"}],"replies":[{"embeddable":true,"href":"https:\/\/ebp.org.br\/sp\/wp-json\/wp\/v2\/comments?post=4042"}],"version-history":[{"count":0,"href":"https:\/\/ebp.org.br\/sp\/wp-json\/wp\/v2\/pages\/4042\/revisions"}],"up":[{"embeddable":true,"href":"https:\/\/ebp.org.br\/sp\/wp-json\/wp\/v2\/pages\/3876"}],"wp:attachment":[{"href":"https:\/\/ebp.org.br\/sp\/wp-json\/wp\/v2\/media?parent=4042"}],"curies":[{"name":"wp","href":"https:\/\/api.w.org\/{rel}","templated":true}]}}