{"id":4023,"date":"2019-08-08T19:12:58","date_gmt":"2019-08-08T22:12:58","guid":{"rendered":"http:\/\/ebp.org.br\/sp\/?page_id=4023"},"modified":"2019-08-08T19:12:58","modified_gmt":"2019-08-08T22:12:58","slug":"hospedagem-ix-jornadas","status":"publish","type":"page","link":"https:\/\/ebp.org.br\/sp\/jornadas\/ix-jornadas\/hospedagem-ix-jornadas\/","title":{"rendered":"Hospedagem &#8211; IX Jornadas &#8211; Solid\u00e3o"},"content":{"rendered":"<section class=\"wpb-content-wrapper\">[vc_row][vc_column][eikra-vc-text-title style=&#8221;style2&#8243; title=&#8221;Hospedagem&#8221;][\/eikra-vc-text-title][vc_column_text]\n<figure id=\"attachment_4012\" aria-describedby=\"caption-attachment-4012\" style=\"width: 300px\" class=\"wp-caption alignright\"><img loading=\"lazy\" decoding=\"async\" class=\"wp-image-4012 size-medium\" src=\"http:\/\/ebp.org.br\/sp\/wp-content\/uploads\/2019\/08\/boletim_tracos_004_008-300x276.png\" alt=\"Imagem: Instagram @howmuuch\" width=\"300\" height=\"276\" \/><figcaption id=\"caption-attachment-4012\" class=\"wp-caption-text\">Imagem: Instagram @howmuuch<\/figcaption><\/figure>\n<p>Voc\u00ea vir\u00e1 para as IX Jornadas da EBP-SP e n\u00e3o mora na capital paulista? A Comiss\u00e3o de Secretaria, Infraestrutura e Acolhimento fez uma sele\u00e7\u00e3o de excelentes op\u00e7\u00f5es de hospedagem. Voc\u00ea pode se instalar no pr\u00f3prio local do evento ou escolher um hotel de sua prefer\u00eancia. Confira a lista abaixo:<\/p>\n<h3><span style=\"color: #003366;\">No local do evento: <strong>Maksoud Plaza<\/strong><\/span><\/h3>\n<p>*Indicar que est\u00e1 inscrito na Jornada da Escola Brasileira de Psican\u00e1lise no ato da reserva<\/p>\n<p>Per\u00edodo 18 a 20 de outubro.<\/p>\n<p>&#8211; Wi-fi e caf\u00e9 da manh\u00e3 cortesia servido nos restaurantes.<\/p>\n<p>Apto executivo SGL: R$ 378,00 (+5,26%)<\/p>\n<p>Apto executivo DBL: R$ 423,00 (+5,26%)<\/p>\n<p>Su\u00edte Paulistana SGL: R$ 529 (+5,26%)<\/p>\n<p>Su\u00edte Paulistana DBL: R$ 574,00 (+5,26)<\/p>\n<p>&nbsp;<\/p>\n<h3><span style=\"color: #003366;\"><strong>Hot\u00e9is Rede Transamerica<\/strong><\/span><\/h3>\n<p>*Indicar o no ato da reserva o PROMOCODE IXEBPSP negociado para os inscritos na Jornada da Escola Brasileira de Psican\u00e1lise<\/p>\n<p>Per\u00edodo 18 a 20 de outubro.<\/p>\n<p>&#8211; Wi-fi e caf\u00e9 da manh\u00e3 cortesia servido nos restaurantes.<\/p>\n<hr \/>\n<p>1 &#8211; <strong>Transamerica Prime Hotel \u2013 International Plaza<\/strong><\/p>\n<p>Al. Santos, 981, Jardins, (11) 3262-6000<\/p>\n<p>Di\u00e1ria: Apto Standard- Single R$ 290,00 \/ Double R$330,00<\/p>\n<hr \/>\n<p>2- <strong>Transamerica Executive Paulista<\/strong><\/p>\n<p>Rua S\u00e3o Carlos do Pinhal, 200, Bela Vista, (11) 3016-7500<\/p>\n<p>Di\u00e1ria: Apto Standard- Single R$ 295,00 \/ Double R$335,00<\/p>\n<hr \/>\n<p>3 &#8211; <strong>Transamerica Jardins<\/strong><\/p>\n<p>Al. Lorena, 473, Jardim Paulista, (11)3386-8400<\/p>\n<p>Di\u00e1ria: Apto Standard- Single R$ 295,00\u00a0 \/ Double R$295,00<\/p>\n<p><strong>\u00a0<\/strong><\/p>\n<h3><strong><span style=\"color: #003366;\">OUTROS HOT\u00c9IS NA REGI\u00c3O<\/span> <\/strong><\/h3>\n<hr \/>\n<p>1 &#8211; <strong>Mercure Paulista<\/strong><\/p>\n<p>Rua S\u00e3o Carlos do Pinhal, 87, Bela Vista (11)3372-6800<\/p>\n<p>Di\u00e1ria: a partir de R$ 262,00 quarto duplo<\/p>\n<p><a href=\"https:\/\/www.accorhotels.com\/gb\/hotel-5176-mercure-sao-paulo-paulista-hotel\/index.shtml\">https:\/\/www.accorhotels.com\/gb\/hotel-5176-mercure-sao-paulo-paulista-hotel\/index.shtml<\/a><\/p>\n<hr \/>\n<p>2 &#8211; <strong>Edif\u00edcio The Universe Executive Flat<\/strong><\/p>\n<p>Rua Pamplona, 83, Bela Vista, (11)3298-6600<\/p>\n<p>Di\u00e1ria: a partir de R$ 272,00 quarto duplo<\/p>\n<p><a href=\"https:\/\/www.intercityhoteis.com.br\/hotel-sao-paulo\/hotel-the-universe-paulista-by-intercity\/51\/?gclid=CjwKCAjwm4rqBRBUEiwAwaWjjFk0ps9yoTQrouu7fVEi2Z3oo9_y_3EZ1PAw7xfuL1i7vn9nU9b5GxoCf_8QAvD_BwE\">https:\/\/www.intercityhoteis.com.br\/hotel-sao-paulo<\/a><\/p>\n<hr \/>\n<p>3 &#8211; <strong>Hotel Paulista Wall Street<\/strong><\/p>\n<p>Rua Itapeva, 636, Bela Vista, (11)3141-3000<\/p>\n<p>Di\u00e1ria: a partir de R$ 320,00 quarto duplo<\/p>\n<p><a href=\"https:\/\/www.wallstreet.com.br\/\">https:\/\/www.wallstreet.com.br\/<\/a>[\/vc_column_text][\/vc_column][\/vc_row]\n<\/section>","protected":false},"excerpt":{"rendered":"<p>[vc_row][vc_column][eikra-vc-text-title style=&#8221;style2&#8243; title=&#8221;Hospedagem&#8221;][\/eikra-vc-text-title][vc_column_text] Voc\u00ea vir\u00e1 para as IX Jornadas da EBP-SP e n\u00e3o mora na capital paulista? A Comiss\u00e3o de Secretaria, Infraestrutura e Acolhimento fez uma sele\u00e7\u00e3o de excelentes op\u00e7\u00f5es de hospedagem. Voc\u00ea pode se instalar no pr\u00f3prio local do evento ou escolher um hotel de sua prefer\u00eancia. Confira a lista abaixo: No local do&hellip;<\/p>\n","protected":false},"author":1,"featured_media":0,"parent":3802,"menu_order":0,"comment_status":"closed","ping_status":"closed","template":"","meta":{"footnotes":""},"class_list":["post-4023","page","type-page","status-publish","hentry","entry","no-media"],"aioseo_notices":[],"_links":{"self":[{"href":"https:\/\/ebp.org.br\/sp\/wp-json\/wp\/v2\/pages\/4023","targetHints":{"allow":["GET"]}}],"collection":[{"href":"https:\/\/ebp.org.br\/sp\/wp-json\/wp\/v2\/pages"}],"about":[{"href":"https:\/\/ebp.org.br\/sp\/wp-json\/wp\/v2\/types\/page"}],"author":[{"embeddable":true,"href":"https:\/\/ebp.org.br\/sp\/wp-json\/wp\/v2\/users\/1"}],"replies":[{"embeddable":true,"href":"https:\/\/ebp.org.br\/sp\/wp-json\/wp\/v2\/comments?post=4023"}],"version-history":[{"count":0,"href":"https:\/\/ebp.org.br\/sp\/wp-json\/wp\/v2\/pages\/4023\/revisions"}],"up":[{"embeddable":true,"href":"https:\/\/ebp.org.br\/sp\/wp-json\/wp\/v2\/pages\/3802"}],"wp:attachment":[{"href":"https:\/\/ebp.org.br\/sp\/wp-json\/wp\/v2\/media?parent=4023"}],"curies":[{"name":"wp","href":"https:\/\/api.w.org\/{rel}","templated":true}]}}