{"id":3981,"date":"2019-07-17T05:57:36","date_gmt":"2019-07-17T08:57:36","guid":{"rendered":"http:\/\/ebp.org.br\/sp\/?page_id=3981"},"modified":"2019-07-17T05:57:36","modified_gmt":"2019-07-17T08:57:36","slug":"referencias_bibliograficas-ix-jornadas","status":"publish","type":"page","link":"https:\/\/ebp.org.br\/sp\/jornadas\/ix-jornadas\/referencias_bibliograficas-ix-jornadas\/","title":{"rendered":"Refer\u00eancias Bibliogr\u00e1ficas &#8211; IX Jornadas"},"content":{"rendered":"<section class=\"wpb-content-wrapper\">[vc_row][vc_column][eikra-vc-text-title style=&#8221;style2&#8243; title=&#8221;Refer\u00eancias Bibliogr\u00e1ficas&#8221;][\/eikra-vc-text-title][vc_column_text]\n<figure id=\"attachment_3974\" aria-describedby=\"caption-attachment-3974\" style=\"width: 300px\" class=\"wp-caption alignright\"><img loading=\"lazy\" decoding=\"async\" class=\"size-medium wp-image-3974\" src=\"http:\/\/ebp.org.br\/sp\/wp-content\/uploads\/2019\/07\/tracos003_006-300x187.png\" alt=\"https:\/\/pt.shopify.com\/burst\" width=\"300\" height=\"187\" \/><figcaption id=\"caption-attachment-3974\" class=\"wp-caption-text\">https:\/\/pt.shopify.com\/burst<\/figcaption><\/figure>\n<h6><strong>por Daniela Affonso de Camargo &#8211;\u00a0<\/strong><strong>(EBP\/AMP)<\/strong><\/h6>\n<ul>\n<li>BASSOLS, M.<em> \u201cSoledades y estruturas cl\u00ednicas\u201d. <\/em>Freudiana: EEP (Escuela Europea de Psicoan\u00e1lisis), Catalunya, n. 12.<\/li>\n<li>CUNHA, L.F.C. \u201cO ex\u00edlio no sintoma; a solid\u00e3o como parceira\u201d. In: <em>Op\u00e7\u00e3o Lacaniana: Revista brasileira internacional de psican\u00e1lise. <\/em>S\u00e3o Paulo: Eolia Ed., n. 77.<\/li>\n<li>FREUD, S. (1921). \u201cPsicologia de grupo e an\u00e1lise do eu\u201d. In: <em>Edi\u00e7\u00e3o Standard Brasileira das Obras Psicol\u00f3gicas Completas de Sigmund Freud. <\/em>Rio de Janeiro: Imago Editora Ltda, vol XVIII, 1976.<\/li>\n<li>Idem (1914). \u201cSobre o narcisismo: uma introdu\u00e7\u00e3o\u201d. In: Op. Cit, vol. XIV.<\/li>\n<li>LA SAGNA, Philippe. \u201cDo isolamento \u00e0 solid\u00e3o pela via da ironia\u201d. In: <em>Revista Curinga, <\/em>n. 44. EBP-MG.<\/li>\n<li>Idem. \u201cDe l`isolement \u00e0 lasolitude\u201d. <em>La Cause Freudienne, <\/em>n. 66. Paris: ECF, 2007.<\/li>\n<li>LACAN, J. \u201cFun\u00e7\u00e3o e campo da fala e da linguagem\u201d. In: <em>Escritos. <\/em>Rio de Janeiro: Jorge Zahar Ed., 1990.<\/li>\n<li>Idem, <em>Televis\u00e3o<\/em>. Rio de Janeiro: Jorge Zahar Ed., 1993.<\/li>\n<li>Idem, \u201cLituraterra\u201d. In: <em>Outros escritos<\/em>. Rio de Janeiro: Zahar 2003.<\/li>\n<li>Idem, <em>O semin\u00e1rio, livro 10: a ang\u00fastia. <\/em>Rio de Janeiro: Jorge Zahar Ed., 2005.<\/li>\n<li>Idem, <em>O semin\u00e1rio, livro 11: os quatro conceitos da psican\u00e1lise. <\/em>Rio de Janeiro: Jorge Zahar Ed., 1990.<\/li>\n<li>Idem, <em>O semin\u00e1rio, livro 17: o avesso da psican\u00e1lise. <\/em>Rio de Janeiro: Jorge Zahar Ed., 1992. (aula de 11 de mar\u00e7o de 1970)<\/li>\n<li>Idem, <em>O semin\u00e1rio, livro 19: &#8230; ou pior. <\/em>Rio de Janeiro: Jorge Zahar Ed., 2012.<\/li>\n<li>Idem, <em>O semin\u00e1rio, livro 20: Mais, ainda. <\/em>Rio de Janeiro: Jorge Zahar Ed., 1985.<\/li>\n<li>LAURENT, \u00c9. <em>O avesso da biopol\u00edtica. Uma escrita para o gozo. <\/em>Rio de Janeiro: Contra Capa, 2016.<\/li>\n<li>Idem, <em>As paix\u00f5es do ser. <\/em>Bahia: Escola Brasileira de Psican\u00e1lise e Instituto de Psican\u00e1lise, nov. 2000.<\/li>\n<li>MILLER, J-A. \u201cTeoria de Turim: sobre o sujeito da Escola\u201d. In: <em>Op\u00e7\u00e3o Lacaniana online nova s\u00e9rie. <\/em>Ano 7, n. 21. Novembro 2016, p. 6.<\/li>\n<li>NAPARSTEK, F. \u201cSolid\u00e3o\u201d. In: <em>Scilicet Um real para o s\u00e9culo XXI. <\/em>Ondina Machado, Vera L\u00facia Avelar Ribeiro (org). Belo Horizonte: Scriptum, 2014.<\/li>\n<\/ul>\n[\/vc_column_text][\/vc_column][\/vc_row]\n<\/section>","protected":false},"excerpt":{"rendered":"<p>[vc_row][vc_column][eikra-vc-text-title style=&#8221;style2&#8243; title=&#8221;Refer\u00eancias Bibliogr\u00e1ficas&#8221;][\/eikra-vc-text-title][vc_column_text] por Daniela Affonso de Camargo &#8211;\u00a0(EBP\/AMP) BASSOLS, M. \u201cSoledades y estruturas cl\u00ednicas\u201d. Freudiana: EEP (Escuela Europea de Psicoan\u00e1lisis), Catalunya, n. 12. CUNHA, L.F.C. \u201cO ex\u00edlio no sintoma; a solid\u00e3o como parceira\u201d. In: Op\u00e7\u00e3o Lacaniana: Revista brasileira internacional de psican\u00e1lise. S\u00e3o Paulo: Eolia Ed., n. 77. FREUD, S. (1921). \u201cPsicologia de grupo&hellip;<\/p>\n","protected":false},"author":1,"featured_media":0,"parent":3802,"menu_order":0,"comment_status":"closed","ping_status":"closed","template":"","meta":{"footnotes":""},"class_list":["post-3981","page","type-page","status-publish","hentry","entry","no-media"],"aioseo_notices":[],"_links":{"self":[{"href":"https:\/\/ebp.org.br\/sp\/wp-json\/wp\/v2\/pages\/3981","targetHints":{"allow":["GET"]}}],"collection":[{"href":"https:\/\/ebp.org.br\/sp\/wp-json\/wp\/v2\/pages"}],"about":[{"href":"https:\/\/ebp.org.br\/sp\/wp-json\/wp\/v2\/types\/page"}],"author":[{"embeddable":true,"href":"https:\/\/ebp.org.br\/sp\/wp-json\/wp\/v2\/users\/1"}],"replies":[{"embeddable":true,"href":"https:\/\/ebp.org.br\/sp\/wp-json\/wp\/v2\/comments?post=3981"}],"version-history":[{"count":0,"href":"https:\/\/ebp.org.br\/sp\/wp-json\/wp\/v2\/pages\/3981\/revisions"}],"up":[{"embeddable":true,"href":"https:\/\/ebp.org.br\/sp\/wp-json\/wp\/v2\/pages\/3802"}],"wp:attachment":[{"href":"https:\/\/ebp.org.br\/sp\/wp-json\/wp\/v2\/media?parent=3981"}],"curies":[{"name":"wp","href":"https:\/\/api.w.org\/{rel}","templated":true}]}}