{"id":3931,"date":"2019-06-10T09:37:49","date_gmt":"2019-06-10T12:37:49","guid":{"rendered":"http:\/\/ebp.org.br\/sp\/?page_id=3931"},"modified":"2019-06-10T09:37:49","modified_gmt":"2019-06-10T12:37:49","slug":"boletim-tracos-02","status":"publish","type":"page","link":"https:\/\/ebp.org.br\/sp\/jornadas\/ix-jornadas\/boletim-tracos-ix-jornadas\/boletim-tracos-02\/","title":{"rendered":"Boletim Tra\u00e7os #02"},"content":{"rendered":"<section class=\"wpb-content-wrapper\">[vc_row][vc_column][vc_single_image image=&#8221;3936&#8243; img_size=&#8221;full&#8221; alignment=&#8221;center&#8221;][\/vc_column][\/vc_row][vc_row][vc_column width=&#8221;5\/6&#8243;][vc_column_text]\n<h3><span style=\"color: #003366;\">EDITORIAL<\/span><\/h3>\n<h6><span style=\"color: #003366;\">Por Niraldo de Oliveira Santos &#8211; EBP\/AMP<\/span><\/h6>\n<p>\u00c9 com muita alegria que publicamos o Boletim Tra\u00e7os #2. Com esta edi\u00e7\u00e3o lan\u00e7aremos a coluna Uns Tra\u00e7os, contendo a produ\u00e7\u00e3o epist\u00eamica dos colegas da Escola Brasileira de Psican\u00e1lise em torno do tema das IX Jornadas da EBP-SP, \u201cSolid\u00e3o\u201d. O intuito \u00e9 o de estabelecer um trabalho pr\u00e9vio \u00e0s Jornadas, fazendo reverberar o que, a partir do Ensino de Freud e de Lacan, nos permitir\u00e1 um aggiornamento em torno do tema.[\/vc_column_text][vc_btn title=&#8221;Leia mais&#8221; color=&#8221;blue&#8221; link=&#8221;url:http%3A%2F%2Febp.org.br%2Fsp%2Feditorial-boletim-tracos-002%2F|||&#8221;][\/vc_column][vc_column width=&#8221;1\/6&#8243;][vc_single_image image=&#8221;3908&#8243; add_caption=&#8221;yes&#8221; alignment=&#8221;right&#8221;][\/vc_column][\/vc_row][vc_row][vc_column][vc_separator color=&#8221;blue&#8221; border_width=&#8221;4&#8243;][\/vc_column][\/vc_row][vc_row][vc_column][vc_column_text]\n<h2><span style=\"color: #003366;\">UNS TRA\u00c7OS<\/span><\/h2>\n[\/vc_column_text][\/vc_column][\/vc_row][vc_row][vc_column width=&#8221;5\/6&#8243;][vc_column_text]\n<h3><span style=\"color: #003366;\">Solid\u00e3o, a impossibilidade de fazer dois<\/span><\/h3>\n<h6><span style=\"color: #003366;\">Por Lucila Darrigo &#8211; EBP\/AMP<\/span><\/h6>\n<p>A ideia deste pequeno texto \u00e9 levantar alguns pontos a respeito da solid\u00e3o no ensino de Lacan a partir deste recorte do semin\u00e1rio 20:<br \/>\n&#8220;Eu, n\u00e3o \u00e9 um ser, \u00e9 um suposto a quem fala. Quem fala s\u00f3 tem a ver com a solid\u00e3o, no que diz respeito \u00e0 rela\u00e7\u00e3o que s\u00f3 posso definir dizendo (&#8230;) que ela n\u00e3o se pode escrever. Essa solid\u00e3o, (..) de ruptura do saber, n\u00e3o somente ela se pode escrever, mas ela \u00e9 mesmo o que se escreve por excel\u00eancia, pois ela \u00e9 o que, de uma ruptura do ser, deixa tra\u00e7o.&#8221;[\/vc_column_text][vc_btn title=&#8221;Leia mais&#8221; color=&#8221;blue&#8221; link=&#8221;url:http%3A%2F%2Febp.org.br%2Fsp%2Funs-tracos-solidao-a-impossibilidade-de-fazer-dois%2F|||&#8221;][\/vc_column][vc_column width=&#8221;1\/6&#8243;][vc_single_image image=&#8221;3912&#8243; add_caption=&#8221;yes&#8221; alignment=&#8221;right&#8221;][\/vc_column][\/vc_row][vc_row][vc_column][vc_separator color=&#8221;blue&#8221;][\/vc_column][\/vc_row][vc_row][vc_column width=&#8221;5\/6&#8243;][vc_column_text]\n<h3><span style=\"color: #003366;\">A histeria solit\u00e1ria<\/span><\/h3>\n<h6><span style=\"color: #003366;\">Por K\u00e1tia Ribeiro Nadeau &#8211; Associada da CLIPP<\/span><\/h6>\n<p>O sintoma hist\u00e9rico tem nos orientado a partir de Freud, que segue no caminho dos tra\u00e7os e das marcas do surgimento do gozo como efeitos da marcas da linguagem no corpo.<br \/>\nCom Lacan, a partir das elabora\u00e7\u00f5es em seus \u00faltimos semin\u00e1rios, a histeria ganha novos rumos.<br \/>\nSe o sintoma hist\u00e9rico tem seu eixo central ancorado e organizado no amor ao pai, como repensar e atualizar a histeria hoje, orientando-se pelo real?[\/vc_column_text][vc_btn title=&#8221;Leia mais&#8221; color=&#8221;blue&#8221; link=&#8221;url:http%3A%2F%2Febp.org.br%2Fsp%2Funs-tracos-a-histeria-solitaria%2F|||&#8221;][\/vc_column][vc_column width=&#8221;1\/6&#8243;][vc_single_image image=&#8221;3917&#8243; add_caption=&#8221;yes&#8221; alignment=&#8221;right&#8221;][\/vc_column][\/vc_row][vc_row][vc_column][vc_separator color=&#8221;blue&#8221;][\/vc_column][\/vc_row][vc_row full_width=&#8221;stretch_row&#8221;][vc_column width=&#8221;5\/6&#8243;][vc_column_text]\n<h3><span style=\"color: #003366;\">Construir a solid\u00e3o?<\/span><\/h3>\n<h6><span style=\"color: #003366;\">Por M\u00f4nica Bueno de Camargo &#8211; EBP\/AMP<\/span><\/h6>\n<p>Na entrevista de Marie-H\u00e9l\u00e8ne Brousse a respeito do tema das IX Jornadas da EBP-SP ela nos diz que a solid\u00e3o \u00e9 uma ilus\u00e3o. E acrescenta que para o ser falante, a solid\u00e3o \u00e9 um imposs\u00edvel.<br \/>\nPor outro lado, na cl\u00ednica, \u00e9 muito comum recebermos pessoas que se queixam de solid\u00e3o.<br \/>\nA solid\u00e3o n\u00e3o \u00e9 algo para eliminar, mas sim para construir! \u00c9 o que nos diz P. De La Sagna.<br \/>\nNeste aparente paradoxo, como podemos nos localizar em rela\u00e7\u00e3o \u00e0 dire\u00e7\u00e3o do tratamento?[\/vc_column_text][vc_btn title=&#8221;Leia mais&#8221; color=&#8221;blue&#8221; link=&#8221;url:http%3A%2F%2Febp.org.br%2Fsp%2Funs-tracos-construir-a-solidao%2F|||&#8221;][\/vc_column][vc_column width=&#8221;1\/6&#8243;][vc_single_image image=&#8221;3920&#8243; add_caption=&#8221;yes&#8221; alignment=&#8221;right&#8221;][\/vc_column][\/vc_row][vc_row][vc_column][vc_separator color=&#8221;blue&#8221;][\/vc_column][\/vc_row][vc_row][vc_column width=&#8221;5\/6&#8243;][vc_column_text]\n<h3><span style=\"color: #003366;\">Tr\u00eas mulheres e suas solu\u00e7\u00f5es para a solid\u00e3o<\/span><\/h3>\n<h6><span style=\"color: #003366;\">Por Blanca Musachi &#8211; EBP\/AMP<\/span><\/h6>\n<p>Duras ensina, no caminho que transita desde um desamparo radical \u00e0 vida do livro, como a escrita \u00e9 seu parceiro-sinthoma, que se apresenta como uma solu\u00e7\u00e3o ao mesmo tempo necess\u00e1ria e dif\u00edcil de suportar. Ent\u00e3o a solid\u00e3o \u201cse torna trivial, finalmente se transforma em algo vulgar\u201d.<br \/>\nNo livro Escrever, desde a primeira p\u00e1gina, \u00e9 recorrente a refer\u00eancia \u00e0 solid\u00e3o. A solid\u00e3o \u00e9 invas\u00e3o, \u00e9 a loucura, \u00e9 tamb\u00e9m o \u00e1lcool, antes de ser a solid\u00e3o do autor.[\/vc_column_text][vc_btn title=&#8221;Leia mais&#8221; color=&#8221;blue&#8221; link=&#8221;url:http%3A%2F%2Febp.org.br%2Fsp%2Funs-tracos-tres-mulheres-e-suas-solucoes-para-a-solidao%2F|||&#8221;][\/vc_column][vc_column width=&#8221;1\/6&#8243;][vc_single_image image=&#8221;3923&#8243; add_caption=&#8221;yes&#8221; alignment=&#8221;right&#8221;][\/vc_column][\/vc_row][vc_row][vc_column][vc_separator color=&#8221;blue&#8221; border_width=&#8221;4&#8243;][\/vc_column][\/vc_row][vc_row][vc_column][vc_column_text]\n<h2><span style=\"color: #003366;\">LA\u00c7OS EM SAMPA<\/span><\/h2>\n[\/vc_column_text][\/vc_column][\/vc_row][vc_row][vc_column width=&#8221;5\/6&#8243;][vc_column_text]\n<h6><span style=\"color: #003366;\">Por Gabriela Malvezzi &#8211; Associada ao Clin-a<\/span><\/h6>\n<p>A Vila Itoror\u00f3 \u00e9 a primeira vila urbana de S\u00e3o Paulo, composta por um palacete e mais 37 casas, que come\u00e7ou a ser constru\u00edda na d\u00e9cada de 1920. Est\u00e1 localizada na divisa dos bairros da Liberdade e Bela Vista, na regi\u00e3o central da cidade de S\u00e3o Paulo.\u00a0A vila foi erguida com parte do entulho do Theatro S\u00e3o Jos\u00e9 &#8211; o primeiro da cidade, destru\u00eddo em um inc\u00eandio &#8211; e chegou a abrigar a primeira piscina privada de uso p\u00fablico em S\u00e3o Paulo. Seu ecletismo surpreende e j\u00e1 foi definida como uma obra surrealista que n\u00e3o se prende \u00e0s regras do utilitarismo, nem obedece a estilos determinados.[\/vc_column_text][vc_btn title=&#8221;Leia mais&#8221; color=&#8221;blue&#8221; link=&#8221;url:http%3A%2F%2Febp.org.br%2Fsp%2Flacos-em-sampa%2F|||&#8221;][\/vc_column][vc_column width=&#8221;1\/6&#8243;][vc_single_image image=&#8221;3926&#8243; add_caption=&#8221;yes&#8221; alignment=&#8221;right&#8221;][\/vc_column][\/vc_row][vc_row][vc_column][vc_separator color=&#8221;blue&#8221; border_width=&#8221;4&#8243;][\/vc_column][\/vc_row][vc_row][vc_column][vc_column_text]\n<h3><span style=\"color: #003366;\">NORMAS PARA ENVIO DE TRABALHOS<\/span><\/h3>\n<p><strong><span style=\"color: #003366;\">Data limite para envio: 17\/09\/19<\/span><\/strong><\/p>\n<ul>\n<li>Os textos devem ter, no m\u00e1ximo, 6000 caracteres (com espa\u00e7os) e escritos em letra tipo Times New Roman 12. No cabe\u00e7alho do texto deve ser indicada a Perspectiva do tema em que se inclui o trabalho.<\/li>\n<li>Os textos devem ser enviados em formato Word, colocando como assunto: Jornadas EBP-SP 2019 e nome do autor.<\/li>\n<li>Enviar para:\u00a0danielacbaffonso@uol.com.br\u00a0e\u00a0lmdarrigo@gmail.com.<\/li>\n<li>O trabalho s\u00f3 ser\u00e1 aceito se o autor estiver devidamente inscrito no momento do envio do mesmo.<\/li>\n<\/ul>\n[\/vc_column_text][\/vc_column][\/vc_row][vc_row][vc_column][vc_separator color=&#8221;blue&#8221;][\/vc_column][\/vc_row][vc_row][vc_column width=&#8221;5\/6&#8243;][vc_column_text]\n<h3><span style=\"color: #003366;\">COMISS\u00d5ES ORGANIZADORAS<\/span><\/h3>\n<p><span style=\"color: #003366;\">Diretoria da EBP-SP<\/span><br \/>\n<strong>Val\u00e9ria Ferranti<\/strong><\/p>\n<p><span style=\"color: #003366;\">Coordena\u00e7\u00e3o Geral das Jornadas<\/span><br \/>\n<strong>Lucila<\/strong> <strong>Darrigo<\/strong>[\/vc_column_text][vc_btn title=&#8221;Leia mais&#8221; color=&#8221;blue&#8221; link=&#8221;url:http%3A%2F%2Febp.org.br%2Fsp%2Fjornadas%2Fix-jornadas%2Fcomissoes-ix-jornadas%2F|||&#8221;][\/vc_column][vc_column width=&#8221;1\/6&#8243;][vc_single_image image=&#8221;3817&#8243; add_caption=&#8221;yes&#8221; alignment=&#8221;right&#8221;][\/vc_column][\/vc_row][vc_row][vc_column][vc_separator color=&#8221;blue&#8221;][\/vc_column][\/vc_row][vc_row][vc_column][vc_single_image image=&#8221;3855&#8243; img_size=&#8221;full&#8221; alignment=&#8221;center&#8221;][\/vc_column][\/vc_row][vc_row][vc_column][vc_separator color=&#8221;blue&#8221;][\/vc_column][\/vc_row][vc_row][vc_column][vc_single_image image=&#8221;3905&#8243; img_size=&#8221;full&#8221; alignment=&#8221;center&#8221; onclick=&#8221;custom_link&#8221; link=&#8221;http:\/\/ebp.org.br\/sp\/jornadas\/ix-jornadas\/inscricoes-ix-jornadas\/&#8221;][\/vc_column][\/vc_row][vc_row][vc_column][vc_single_image image=&#8221;3812&#8243; img_size=&#8221;full&#8221; alignment=&#8221;center&#8221; onclick=&#8221;custom_link&#8221;][vc_column_text]\n<h6 style=\"text-align: center;\"><strong><span style=\"color: #003366;\">Comiss\u00e3o de Boletim e Divulga\u00e7\u00e3o:<\/span><\/strong><br \/>\n<span style=\"color: #003366;\">Niraldo de Oliveira Santos (Coordenador), Camila Popadiuk, Cybele Lobo , Eduardo C\u00e9sar Benedicto , Gabriela Malvezzi,<\/span><br \/>\n<span style=\"color: #003366;\">Gustavo Oliveira Menezes, Jo\u00e3o Lucas Zanchi, Jo\u00e3o Paulo Desconci , Jovita Carneiro de Lima, Marcella Pereira de Oliveira,<\/span><br \/>\n<span style=\"color: #003366;\">Maria Marta Ferreira, Ros\u00e2ngela Castro Turim<\/span><\/h6>\n<h6 style=\"text-align: center;\"><span style=\"color: #003366;\">Rua Jo\u00e3o Moura 627 cj. 193 \u2013 Centro Cl\u00ednico Pinheiros CEP: 05412-001, S\u00e3o Paulo\/SP<\/span><\/h6>\n<h6 style=\"text-align: center;\"><span style=\"color: #003366;\">Webdesigner: Bruno Senna<\/span><\/h6>\n[\/vc_column_text][\/vc_column][\/vc_row]\n<\/section>","protected":false},"excerpt":{"rendered":"<p>[vc_row][vc_column][vc_single_image image=&#8221;3936&#8243; img_size=&#8221;full&#8221; alignment=&#8221;center&#8221;][\/vc_column][\/vc_row][vc_row][vc_column width=&#8221;5\/6&#8243;][vc_column_text] EDITORIAL Por Niraldo de Oliveira Santos &#8211; EBP\/AMP \u00c9 com muita alegria que publicamos o Boletim Tra\u00e7os #2. Com esta edi\u00e7\u00e3o lan\u00e7aremos a coluna Uns Tra\u00e7os, contendo a produ\u00e7\u00e3o epist\u00eamica dos colegas da Escola Brasileira de Psican\u00e1lise em torno do tema das IX Jornadas da EBP-SP, \u201cSolid\u00e3o\u201d. O intuito \u00e9&hellip;<\/p>\n","protected":false},"author":1,"featured_media":0,"parent":3876,"menu_order":0,"comment_status":"closed","ping_status":"closed","template":"","meta":{"footnotes":""},"class_list":["post-3931","page","type-page","status-publish","hentry","entry","no-media"],"aioseo_notices":[],"_links":{"self":[{"href":"https:\/\/ebp.org.br\/sp\/wp-json\/wp\/v2\/pages\/3931","targetHints":{"allow":["GET"]}}],"collection":[{"href":"https:\/\/ebp.org.br\/sp\/wp-json\/wp\/v2\/pages"}],"about":[{"href":"https:\/\/ebp.org.br\/sp\/wp-json\/wp\/v2\/types\/page"}],"author":[{"embeddable":true,"href":"https:\/\/ebp.org.br\/sp\/wp-json\/wp\/v2\/users\/1"}],"replies":[{"embeddable":true,"href":"https:\/\/ebp.org.br\/sp\/wp-json\/wp\/v2\/comments?post=3931"}],"version-history":[{"count":0,"href":"https:\/\/ebp.org.br\/sp\/wp-json\/wp\/v2\/pages\/3931\/revisions"}],"up":[{"embeddable":true,"href":"https:\/\/ebp.org.br\/sp\/wp-json\/wp\/v2\/pages\/3876"}],"wp:attachment":[{"href":"https:\/\/ebp.org.br\/sp\/wp-json\/wp\/v2\/media?parent=3931"}],"curies":[{"name":"wp","href":"https:\/\/api.w.org\/{rel}","templated":true}]}}