{"id":3879,"date":"2019-05-11T07:42:33","date_gmt":"2019-05-11T10:42:33","guid":{"rendered":"http:\/\/ebp.org.br\/sp\/?page_id=3879"},"modified":"2019-05-11T07:42:33","modified_gmt":"2019-05-11T10:42:33","slug":"boletim-tracos-01","status":"publish","type":"page","link":"https:\/\/ebp.org.br\/sp\/jornadas\/ix-jornadas\/boletim-tracos-ix-jornadas\/boletim-tracos-01\/","title":{"rendered":"Boletim Tra\u00e7os #01"},"content":{"rendered":"<section class=\"wpb-content-wrapper\">[vc_row][vc_column][vc_single_image image=&#8221;3831&#8243; img_size=&#8221;full&#8221; alignment=&#8221;center&#8221;][\/vc_column][\/vc_row][vc_row][vc_column][vc_column_text]\n<h3><span style=\"color: #003366;\">EDITORIAL<\/span><\/h3>\n<h6><span style=\"color: #003366;\">Por Lucila Darrigo &#8211; EBP\/AMP<\/span><br \/>\n<span style=\"color: #003366;\">Coordena\u00e7\u00e3o Geral<\/span><\/h6>\n<p>\u00c9 com muito entusiasmo que lan\u00e7amos o primeiro boletim das IX Jornadas da EBP-SP!<\/p>\n<p>O tema de uma Jornada \u00e9 consequ\u00eancia, de uma maneira ou de outra, daquela que a precedeu. Neste caso, parece bem evidente: das parcerias \u00e0 solid\u00e3o.<\/p>\n<p>Em psican\u00e1lise, quando procuramos pela solid\u00e3o nos deparamos com o la\u00e7o e quando procuramos pelo la\u00e7o, l\u00e1 est\u00e1 a solid\u00e3o. Mesmo assim, essa escolha \u00e9 uma consequ\u00eancia e n\u00e3o o avesso do mesmo. Isso porque de onde partimos faz toda a diferen\u00e7a![\/vc_column_text][vc_btn title=&#8221;Leia mais&#8221; color=&#8221;blue&#8221; link=&#8221;url:http%3A%2F%2Febp.org.br%2Fsp%2Feditorial-boletim-tracos-01%2F|||&#8221;][vc_separator color=&#8221;blue&#8221;][\/vc_column][\/vc_row][vc_row][vc_column width=&#8221;5\/6&#8243;][vc_column_text]\n<h3><span style=\"color: #003366;\">ARGUMENTO<\/span><\/h3>\n<h6><span style=\"color: #003366;\">Por Daniela de Camargo Barros Affonso &#8211; EBP\/AMP.<br \/>\n<\/span><span style=\"color: #003366;\">Coordenadora da Comiss\u00e3o de Orienta\u00e7\u00e3o<\/span><\/h6>\n<p>Que o poeta tenha muito a dizer sobre a solid\u00e3o, disso n\u00e3o se duvida. E se, para o poeta, solid\u00e3o \u00e9 lava que cobre tudo, o que teria a psican\u00e1lise a dizer sobre ela?<\/p>\n<p>N\u00e3o se pode afirmar que a solid\u00e3o se configure propriamente como um conceito em Freud ou em Lacan, mas articula-se muitas vezes a importantes conceitos do ensino de ambos. As indica\u00e7\u00f5es que trataremos de extrair deste ensino ser\u00e3o as balizas para situar a solid\u00e3o, da qual muito ouvimos em nossa pr\u00e1tica cl\u00ednica, e explorar, fundamentalmente, de que maneira ela concerne o inconsciente.[\/vc_column_text][vc_btn title=&#8221;Leia mais&#8221; color=&#8221;blue&#8221; link=&#8221;url:http%3A%2F%2Febp.org.br%2Fsp%2Fjornadas%2Fix-jornadas%2Fargumento-ix-jornadas%2F|||&#8221;][\/vc_column][vc_column width=&#8221;1\/6&#8243;][vc_single_image image=&#8221;3815&#8243; add_caption=&#8221;yes&#8221; alignment=&#8221;right&#8221;][\/vc_column][\/vc_row][vc_row][vc_column][vc_separator color=&#8221;blue&#8221;][\/vc_column][\/vc_row][vc_row][vc_column width=&#8221;5\/6&#8243;][vc_column_text]\n<h3><span style=\"color: #003366;\">PERSPECTIVAS DO TEMA<\/span><\/h3>\n<p>\u201cQuem fala s\u00f3 tem a ver com a solid\u00e3o\u201d<\/p>\n<p>Se Lacan situa a solid\u00e3o intrinsecamente referida ao parl\u00eatre \u00e9 para indicar, sobretudo, que \u201cquando algu\u00e9m se p\u00f5e a falar, n\u00e3o encontra somente o fato de que o Outro est\u00e1 ausente, que ele n\u00e3o responde, mas descobre tamb\u00e9m alguma coisa que \u00e9 efeito desta aus\u00eancia.[\/vc_column_text][vc_btn title=&#8221;Leia mais&#8221; color=&#8221;blue&#8221; link=&#8221;url:http%3A%2F%2Febp.org.br%2Fsp%2Fjornadas%2Fix-jornadas%2Fperspectivas-do-tema-ix-jornadas%2F|||&#8221;][\/vc_column][vc_column width=&#8221;1\/6&#8243;][vc_single_image image=&#8221;3816&#8243; add_caption=&#8221;yes&#8221; alignment=&#8221;right&#8221;][\/vc_column][\/vc_row][vc_row][vc_column][vc_separator color=&#8221;blue&#8221;][\/vc_column][\/vc_row][vc_row full_width=&#8221;stretch_row&#8221; css=&#8221;.vc_custom_1557571655284{background-color: #dcdcdc !important;}&#8221;][vc_column width=&#8221;5\/6&#8243;][vc_column_text]\n<h3><span style=\"color: #003366;\">CONVIDADA INTERNACIONAL<\/span><\/h3>\n<p><strong><span style=\"color: #003366;\">Marie-H\u00e9l\u00e8ne Brousse<\/span><\/strong><\/p>\n<p>Psicanalista AME (Analista Membro da Escola) da Associa\u00e7\u00e3o Mundial de Psican\u00e1lise (AMP) e da \u00c9cole de la Cause Freudienne (ECF). \u00c9 autora de diversos artigos e livros, dentre eles, \u201cO inconsciente \u00e9 a pol\u00edtica\u201d (EBP, 2018).<\/p>\n<p><span style=\"color: #003366;\"><strong>Entrevista &#8220;Solid\u00e3o&#8221;<\/strong><\/span>[\/vc_column_text][vc_btn title=&#8221;ASSISTA!&#8221; color=&#8221;blue&#8221; link=&#8221;url:https%3A%2F%2Fyoutu.be%2FWFjmP6nSk9o|||&#8221;][\/vc_column][vc_column width=&#8221;1\/6&#8243;][vc_single_image image=&#8221;3856&#8243; add_caption=&#8221;yes&#8221; alignment=&#8221;right&#8221;][\/vc_column][\/vc_row][vc_row][vc_column][vc_separator color=&#8221;blue&#8221;][\/vc_column][\/vc_row][vc_row][vc_column width=&#8221;5\/6&#8243;][vc_column_text]\n<h3><span style=\"color: #003366;\">CART\u00c9IS<\/span><\/h3>\n<p><span style=\"color: #003366;\">Por Marilsa Basso &#8211; EBP\/AMP<\/span><br \/>\n<span style=\"color: #003366;\">Coordenadora Comiss\u00e3o de Cart\u00e9is.<\/span><\/p>\n<p>&#8220;Com todos voc\u00eas naquilo que fa\u00e7o sozinho, haverei eu de me afirmar isolado? &#8221;<\/p>\n<p>O dispositivo de Cartel \u00e9 proposto por Lacan visando a forma\u00e7\u00e3o. Hoje, s\u00e3o v\u00e1rios os modos de trabalhar em Cartel. Standards e n\u00e3o standards, como os cart\u00e9is rel\u00e2mpagos e fulgurantes.[\/vc_column_text][vc_btn title=&#8221;Leia mais&#8221; color=&#8221;blue&#8221; link=&#8221;url:http%3A%2F%2Febp.org.br%2Fsp%2Fcarteis-ix-jornada%2F|||&#8221;][\/vc_column][vc_column width=&#8221;1\/6&#8243;][vc_single_image image=&#8221;3817&#8243; add_caption=&#8221;yes&#8221; alignment=&#8221;right&#8221;][\/vc_column][\/vc_row][vc_row][vc_column][vc_separator color=&#8221;blue&#8221;][\/vc_column][\/vc_row][vc_row][vc_column][vc_column_text]\n<h3><span style=\"color: #003366;\">NORMAS PARA ENVIO DE TRABALHOS<\/span><\/h3>\n<p><strong><span style=\"color: #003366;\">Data limite para envio: 17\/09\/19<\/span><\/strong><\/p>\n<ul>\n<li>Os textos devem ter, no m\u00e1ximo, 6000 caracteres (com espa\u00e7os) e escritos em letra tipo Times New Roman 12. No cabe\u00e7alho do texto deve ser indicada a Perspectiva do tema em que se inclui o trabalho.<\/li>\n<li>Os textos devem ser enviados em formato Word, colocando como assunto: Jornadas EBP-SP 2019 e nome do autor.<\/li>\n<li>Enviar para:\u00a0danielacbaffonso@uol.com.br\u00a0e\u00a0lmdarrigo@gmail.com.<\/li>\n<li>O trabalho s\u00f3 ser\u00e1 aceito se o autor estiver devidamente inscrito no momento do envio do mesmo.<\/li>\n<\/ul>\n[\/vc_column_text][\/vc_column][\/vc_row][vc_row][vc_column][vc_separator color=&#8221;blue&#8221;][\/vc_column][\/vc_row][vc_row][vc_column width=&#8221;5\/6&#8243;][vc_column_text]\n<h3><span style=\"color: #003366;\">COMISS\u00d5ES ORGANIZADORAS<\/span><\/h3>\n<p><span style=\"color: #003366;\">Diretoria da EBP-SP<\/span><br \/>\n<strong>Val\u00e9ria Ferranti<\/strong><\/p>\n<p><span style=\"color: #003366;\">Coordena\u00e7\u00e3o Geral das Jornadas<\/span><br \/>\n<strong>Lucila<\/strong> <strong>Darrigo<\/strong>[\/vc_column_text][vc_btn title=&#8221;Leia mais&#8221; color=&#8221;blue&#8221; link=&#8221;url:http%3A%2F%2Febp.org.br%2Fsp%2Fjornadas%2Fix-jornadas%2Fcomissoes-ix-jornadas%2F|||&#8221;][\/vc_column][vc_column width=&#8221;1\/6&#8243;][vc_single_image image=&#8221;3817&#8243; add_caption=&#8221;yes&#8221; alignment=&#8221;right&#8221;][\/vc_column][\/vc_row][vc_row][vc_column][vc_separator color=&#8221;blue&#8221;][\/vc_column][\/vc_row][vc_row][vc_column][vc_single_image image=&#8221;3855&#8243; img_size=&#8221;full&#8221; alignment=&#8221;center&#8221;][\/vc_column][\/vc_row][vc_row][vc_column][vc_separator color=&#8221;blue&#8221;][\/vc_column][\/vc_row][vc_row][vc_column][vc_single_image image=&#8221;3824&#8243; img_size=&#8221;full&#8221; alignment=&#8221;center&#8221; onclick=&#8221;custom_link&#8221; link=&#8221;http:\/\/ebp.org.br\/sp\/jornadas\/ix-jornadas\/inscricoes-ix-jornadas\/&#8221;][\/vc_column][\/vc_row][vc_row][vc_column][vc_single_image image=&#8221;3812&#8243; img_size=&#8221;full&#8221; alignment=&#8221;center&#8221; onclick=&#8221;custom_link&#8221;][vc_column_text]\n<h6 style=\"text-align: center;\"><strong><span style=\"color: #003366;\">Comiss\u00e3o de Boletim e Divulga\u00e7\u00e3o:<\/span><\/strong><br \/>\n<span style=\"color: #003366;\">Niraldo de Oliveira Santos (Coordenador), Camila Popadiuk, Cybele Lobo , Eduardo C\u00e9sar Benedicto , Gabriela Malvezzi,<\/span><br \/>\n<span style=\"color: #003366;\">Gustavo Oliveira Menezes, Jo\u00e3o Lucas Zanchi, Jo\u00e3o Paulo Desconci , Jovita Carneiro de Lima, Marcella Pereira de Oliveira,<\/span><br \/>\n<span style=\"color: #003366;\">Maria Marta Ferreira, Ros\u00e2ngela Castro Turim<\/span><\/h6>\n<h6 style=\"text-align: center;\"><span style=\"color: #003366;\">Rua Jo\u00e3o Moura 627 cj. 193 \u2013 Centro Cl\u00ednico Pinheiros CEP: 05412-001, S\u00e3o Paulo\/SP<\/span><\/h6>\n<h6 style=\"text-align: center;\"><span style=\"color: #003366;\">Webdesigner: Bruno Senna<\/span><\/h6>\n[\/vc_column_text][\/vc_column][\/vc_row]\n<\/section>","protected":false},"excerpt":{"rendered":"<p>[vc_row][vc_column][vc_single_image image=&#8221;3831&#8243; img_size=&#8221;full&#8221; alignment=&#8221;center&#8221;][\/vc_column][\/vc_row][vc_row][vc_column][vc_column_text] EDITORIAL Por Lucila Darrigo &#8211; EBP\/AMP Coordena\u00e7\u00e3o Geral \u00c9 com muito entusiasmo que lan\u00e7amos o primeiro boletim das IX Jornadas da EBP-SP! O tema de uma Jornada \u00e9 consequ\u00eancia, de uma maneira ou de outra, daquela que a precedeu. Neste caso, parece bem evidente: das parcerias \u00e0 solid\u00e3o. Em psican\u00e1lise, quando&hellip;<\/p>\n","protected":false},"author":1,"featured_media":0,"parent":3876,"menu_order":0,"comment_status":"closed","ping_status":"closed","template":"","meta":{"footnotes":""},"class_list":["post-3879","page","type-page","status-publish","hentry","entry","no-media"],"aioseo_notices":[],"_links":{"self":[{"href":"https:\/\/ebp.org.br\/sp\/wp-json\/wp\/v2\/pages\/3879","targetHints":{"allow":["GET"]}}],"collection":[{"href":"https:\/\/ebp.org.br\/sp\/wp-json\/wp\/v2\/pages"}],"about":[{"href":"https:\/\/ebp.org.br\/sp\/wp-json\/wp\/v2\/types\/page"}],"author":[{"embeddable":true,"href":"https:\/\/ebp.org.br\/sp\/wp-json\/wp\/v2\/users\/1"}],"replies":[{"embeddable":true,"href":"https:\/\/ebp.org.br\/sp\/wp-json\/wp\/v2\/comments?post=3879"}],"version-history":[{"count":0,"href":"https:\/\/ebp.org.br\/sp\/wp-json\/wp\/v2\/pages\/3879\/revisions"}],"up":[{"embeddable":true,"href":"https:\/\/ebp.org.br\/sp\/wp-json\/wp\/v2\/pages\/3876"}],"wp:attachment":[{"href":"https:\/\/ebp.org.br\/sp\/wp-json\/wp\/v2\/media?parent=3879"}],"curies":[{"name":"wp","href":"https:\/\/api.w.org\/{rel}","templated":true}]}}