{"id":3841,"date":"2019-05-09T20:05:52","date_gmt":"2019-05-09T23:05:52","guid":{"rendered":"http:\/\/ebp.org.br\/sp\/?page_id=3841"},"modified":"2019-05-09T20:05:52","modified_gmt":"2019-05-09T23:05:52","slug":"comissoes-ix-jornadas","status":"publish","type":"page","link":"https:\/\/ebp.org.br\/sp\/jornadas\/ix-jornadas\/comissoes-ix-jornadas\/","title":{"rendered":"Comiss\u00f5es Organizadoras &#8211; IX Jornadas"},"content":{"rendered":"<section class=\"wpb-content-wrapper\">[vc_row][vc_column][eikra-vc-text-title style=&#8221;style2&#8243; title=&#8221;Comiss\u00f5es Organizadoras&#8221;][\/eikra-vc-text-title][vc_column_text]\n<figure id=\"attachment_3818\" aria-describedby=\"caption-attachment-3818\" style=\"width: 200px\" class=\"wp-caption alignright\"><img loading=\"lazy\" decoding=\"async\" class=\"size-full wp-image-3818\" src=\"http:\/\/ebp.org.br\/sp\/wp-content\/uploads\/2019\/05\/boletim_tracos_001_004.png\" alt=\"\" width=\"200\" height=\"200\" \/><figcaption id=\"caption-attachment-3818\" class=\"wp-caption-text\">Instagram: @behzadjam<\/figcaption><\/figure>\n<p><span style=\"color: #003366;\"><strong>Diretoria da EBP-SP<\/strong><\/span><\/p>\n<ul>\n<li>Val\u00e9ria Ferranti<\/li>\n<\/ul>\n<hr \/>\n<p><span style=\"color: #003366;\"><strong>Coordena\u00e7\u00e3o Geral das Jornadas<\/strong><\/span><\/p>\n<p>Lucila Darrigo<\/p>\n<hr \/>\n<p><span style=\"color: #003366;\"><strong>Comiss\u00e3o de Orienta\u00e7\u00e3o<\/strong><\/span><\/p>\n<ul>\n<li>Daniela de Camargo Barros Affonso (Coordenadora)<\/li>\n<li>Cristiana Chacon Gallo<\/li>\n<li>Helo\u00edsa Prado da Silva Telles<\/li>\n<li>Maria de Lourdes Mattos<\/li>\n<li>Paula Christina Verlangieri Caio de Carvalho<\/li>\n<\/ul>\n<hr \/>\n<p><span style=\"color: #003366;\"><strong>Comiss\u00e3o de Secretaria, Infraestrutura e Acolhimento<\/strong><\/span><\/p>\n<ul>\n<li>Eliana Machado Figueiredo (Coordenadora)<\/li>\n<li>Aparecida Berlitz<\/li>\n<li>Eduardo Camargo Bueno<\/li>\n<li>Emelice Prado Bagnola<\/li>\n<li>Fab\u00edola Ramon<\/li>\n<li>Janaina Ver\u00edssimo<\/li>\n<li>Lilian Beiguelman<\/li>\n<li>Luciana Legey<\/li>\n<li>Marilice Guerra<\/li>\n<li>Ros\u00e2ngela Santos<\/li>\n<li>Rubens Berlitz<\/li>\n<\/ul>\n<hr \/>\n<p><span style=\"color: #003366;\"><strong>Comiss\u00e3o de Cart\u00e9is\u00a0<\/strong><\/span><\/p>\n<ul>\n<li>Marilsa Basso (Coordenadora)<\/li>\n<li>Eliane Costa Dias<\/li>\n<li>Jovita Carneiro de Lima<\/li>\n<li>Laura Mansin<\/li>\n<li>Mirmila Musse<\/li>\n<li>Ros\u00e2ngela Santos<\/li>\n<li>Siglia Cruz de S\u00e1 Le\u00e3o.<\/li>\n<li>Silvia Sato<\/li>\n<\/ul>\n<hr \/>\n<p><span style=\"color: #003366;\"><strong>Comiss\u00e3o de Livraria<\/strong><\/span><\/p>\n<ul>\n<li>K\u00e1tia Ribeiro Nadeau (Coordenadora)<\/li>\n<li>Andressa Cont\u00f3 Luz<\/li>\n<li>Juliana Gayoso<\/li>\n<li>Maria Noemi de Ara\u00fajo<\/li>\n<li>Perp\u00e9tua Medrado<\/li>\n<li>Ros\u00e2ngela Castro Turim<\/li>\n<\/ul>\n<hr \/>\n<p><span style=\"color: #003366;\"><strong>Comiss\u00e3o de Boletim e Divulga\u00e7\u00e3o<\/strong><\/span><\/p>\n<ul>\n<li>Niraldo de Oliveira Santos (Coordenador)<\/li>\n<li>Camila Popadiuk<\/li>\n<li>Cybele Lobo<\/li>\n<li>Eduardo C\u00e9sar Benedicto<\/li>\n<li>Gabriela Malvezzi<\/li>\n<li>Gustavo Oliveira Menezes<\/li>\n<li>Jo\u00e3o Lucas Zanchi<\/li>\n<li>Jo\u00e3o Paulo Desconci<\/li>\n<li>Jovita Carneiro de Lima<\/li>\n<li>Marcella Pereira de Oliveira<\/li>\n<li>Maria Marta Ferreira<\/li>\n<li>Ros\u00e2ngela Castro Turim<\/li>\n<\/ul>\n[\/vc_column_text][\/vc_column][\/vc_row]\n<\/section>","protected":false},"excerpt":{"rendered":"<p>[vc_row][vc_column][eikra-vc-text-title style=&#8221;style2&#8243; title=&#8221;Comiss\u00f5es Organizadoras&#8221;][\/eikra-vc-text-title][vc_column_text] Diretoria da EBP-SP Val\u00e9ria Ferranti Coordena\u00e7\u00e3o Geral das Jornadas Lucila Darrigo Comiss\u00e3o de Orienta\u00e7\u00e3o Daniela de Camargo Barros Affonso (Coordenadora) Cristiana Chacon Gallo Helo\u00edsa Prado da Silva Telles Maria de Lourdes Mattos Paula Christina Verlangieri Caio de Carvalho Comiss\u00e3o de Secretaria, Infraestrutura e Acolhimento Eliana Machado Figueiredo (Coordenadora) Aparecida Berlitz Eduardo&hellip;<\/p>\n","protected":false},"author":1,"featured_media":0,"parent":3802,"menu_order":0,"comment_status":"closed","ping_status":"closed","template":"","meta":{"footnotes":""},"class_list":["post-3841","page","type-page","status-publish","hentry","entry","no-media"],"aioseo_notices":[],"_links":{"self":[{"href":"https:\/\/ebp.org.br\/sp\/wp-json\/wp\/v2\/pages\/3841","targetHints":{"allow":["GET"]}}],"collection":[{"href":"https:\/\/ebp.org.br\/sp\/wp-json\/wp\/v2\/pages"}],"about":[{"href":"https:\/\/ebp.org.br\/sp\/wp-json\/wp\/v2\/types\/page"}],"author":[{"embeddable":true,"href":"https:\/\/ebp.org.br\/sp\/wp-json\/wp\/v2\/users\/1"}],"replies":[{"embeddable":true,"href":"https:\/\/ebp.org.br\/sp\/wp-json\/wp\/v2\/comments?post=3841"}],"version-history":[{"count":0,"href":"https:\/\/ebp.org.br\/sp\/wp-json\/wp\/v2\/pages\/3841\/revisions"}],"up":[{"embeddable":true,"href":"https:\/\/ebp.org.br\/sp\/wp-json\/wp\/v2\/pages\/3802"}],"wp:attachment":[{"href":"https:\/\/ebp.org.br\/sp\/wp-json\/wp\/v2\/media?parent=3841"}],"curies":[{"name":"wp","href":"https:\/\/api.w.org\/{rel}","templated":true}]}}