{"id":3804,"date":"2019-05-09T17:20:54","date_gmt":"2019-05-09T20:20:54","guid":{"rendered":"http:\/\/ebp.org.br\/sp\/?page_id=3804"},"modified":"2019-05-09T17:20:54","modified_gmt":"2019-05-09T20:20:54","slug":"apresentacao-ix-jornadas","status":"publish","type":"page","link":"https:\/\/ebp.org.br\/sp\/jornadas\/ix-jornadas\/apresentacao-ix-jornadas\/","title":{"rendered":"Apresenta\u00e7\u00e3o &#8211; IX Jornadas &#8211; Solid\u00e3o"},"content":{"rendered":"<section class=\"wpb-content-wrapper\">[vc_row][vc_column][eikra-vc-text-title style=&#8221;style2&#8243; title=&#8221;IX Jornadas da EBP\/SP &#8211; Solid\u00e3o&#8221;][\/eikra-vc-text-title][vc_column_text]Uma jornada implica um percurso e um percurso implica movimento. Para estas IX Jornadas da Escola Brasileira de Psican\u00e1lise, Se\u00e7\u00e3o S\u00e3o Paulo, elegemos nos movimentar acerca da Solid\u00e3o.<\/p>\n<p>Nosso ponto de partida foi uma pergunta sobre o fazer psicanal\u00edtico no tempo que corre, no tempo da \u201cdesinibi\u00e7\u00e3o do pior\u201d, como escreveu Nuno Ramos. Pergunta que orientou a Diretoria a eleger o tema da <em>Segrega\u00e7\u00e3o<\/em> como eixo epist\u00eamico para o bi\u00eanio 2019 &#8211; 2020.<\/p>\n<p>Sabemos com Lacan que a segrega\u00e7\u00e3o pode ser tomada em duas vertentes, n\u00e3o excludentes:\u00a0 a segrega\u00e7\u00e3o estrutural, inerente \u00e0 linguagem, como opera\u00e7\u00e3o simb\u00f3lica que exclui necessariamente algo em seu exterior para construir um interior limitado. Princ\u00edpio freudiano de uma exclus\u00e3o prim\u00e1ria, do recha\u00e7o origin\u00e1rio de um objeto ou de um gozo. Qualquer fen\u00f4meno segregativo deve considerar como fundamental que o que ficou fora da simboliza\u00e7\u00e3o retorna no real. E a segunda vertente da segrega\u00e7\u00e3o onde o retorno pode se dar atrav\u00e9s da segrega\u00e7\u00e3o social.<\/p>\n<p>Como cada<em> parl\u00eatre<\/em> se vira com a segrega\u00e7\u00e3o estrutural? Frente a esta pergunta nos deparamos com a<em> Solid\u00e3o<\/em>. Uma solid\u00e3o estrutural que anda par e passo com a segrega\u00e7\u00e3o estrutural. Jornadas lan\u00e7adas convidamos cada um a por seu gr\u00e3o de sal no trabalho.<\/p>\n<h6>Val\u00e9ria Ferranti<br \/>\nDiretora geral da EBP-SP<\/h6>\n[\/vc_column_text][\/vc_column][\/vc_row]\n<\/section>","protected":false},"excerpt":{"rendered":"<p>[vc_row][vc_column][eikra-vc-text-title style=&#8221;style2&#8243; title=&#8221;IX Jornadas da EBP\/SP &#8211; Solid\u00e3o&#8221;][\/eikra-vc-text-title][vc_column_text]Uma jornada implica um percurso e um percurso implica movimento. Para estas IX Jornadas da Escola Brasileira de Psican\u00e1lise, Se\u00e7\u00e3o S\u00e3o Paulo, elegemos nos movimentar acerca da Solid\u00e3o. Nosso ponto de partida foi uma pergunta sobre o fazer psicanal\u00edtico no tempo que corre, no tempo da \u201cdesinibi\u00e7\u00e3o do&hellip;<\/p>\n","protected":false},"author":1,"featured_media":0,"parent":3802,"menu_order":0,"comment_status":"closed","ping_status":"closed","template":"","meta":{"footnotes":""},"class_list":["post-3804","page","type-page","status-publish","hentry","entry","no-media"],"aioseo_notices":[],"_links":{"self":[{"href":"https:\/\/ebp.org.br\/sp\/wp-json\/wp\/v2\/pages\/3804","targetHints":{"allow":["GET"]}}],"collection":[{"href":"https:\/\/ebp.org.br\/sp\/wp-json\/wp\/v2\/pages"}],"about":[{"href":"https:\/\/ebp.org.br\/sp\/wp-json\/wp\/v2\/types\/page"}],"author":[{"embeddable":true,"href":"https:\/\/ebp.org.br\/sp\/wp-json\/wp\/v2\/users\/1"}],"replies":[{"embeddable":true,"href":"https:\/\/ebp.org.br\/sp\/wp-json\/wp\/v2\/comments?post=3804"}],"version-history":[{"count":0,"href":"https:\/\/ebp.org.br\/sp\/wp-json\/wp\/v2\/pages\/3804\/revisions"}],"up":[{"embeddable":true,"href":"https:\/\/ebp.org.br\/sp\/wp-json\/wp\/v2\/pages\/3802"}],"wp:attachment":[{"href":"https:\/\/ebp.org.br\/sp\/wp-json\/wp\/v2\/media?parent=3804"}],"curies":[{"name":"wp","href":"https:\/\/api.w.org\/{rel}","templated":true}]}}