{"id":3587,"date":"2018-10-23T12:02:35","date_gmt":"2018-10-23T15:02:35","guid":{"rendered":"http:\/\/ebp.org.br\/sp\/?page_id=3587"},"modified":"2018-10-23T12:02:35","modified_gmt":"2018-10-23T15:02:35","slug":"dicas-de-estacionamentos","status":"publish","type":"page","link":"https:\/\/ebp.org.br\/sp\/jornadas\/dicas-de-estacionamentos\/","title":{"rendered":"Dicas de Estacionamento"},"content":{"rendered":"<p class=\"m_-5502168710283056539x_m_-7057322460534374361p1\"><span class=\"m_-5502168710283056539x_m_-7057322460534374361s1\">Hotel Meli\u00e1\u00a0<a id=\"m_-5502168710283056539LPlnk620111\" class=\"m_-5502168710283056539OWAAutoLink\" href=\"https:\/\/maps.google.com\/?q=Paulista+%0D%0A+%0D%0A+Av.+Paulista,2181&amp;entry=gmail&amp;source=g\" target=\"_blank\" rel=\"noopener\" data-saferedirecturl=\"https:\/\/www.google.com\/url?q=https:\/\/maps.google.com\/?q%3DPaulista%2B%250D%250A%2B%250D%250A%2BAv.%2BPaulista,2181%26entry%3Dgmail%26source%3Dg&amp;source=gmail&amp;ust=1540390733608000&amp;usg=AFQjCNEFi0fC8j5BaDe4dCeUuguat3EQew\">Paulista<\/a><\/span><\/p>\n<p class=\"m_-5502168710283056539x_m_-7057322460534374361p1\"><span class=\"m_-5502168710283056539x_m_-7057322460534374361s1\"><a id=\"m_-5502168710283056539LPlnk324653\" class=\"m_-5502168710283056539OWAAutoLink\" href=\"https:\/\/maps.google.com\/?q=Paulista+%0D%0A+%0D%0A+Av.+Paulista,2181&amp;entry=gmail&amp;source=g\" target=\"_blank\" rel=\"noopener\" data-saferedirecturl=\"https:\/\/www.google.com\/url?q=https:\/\/maps.google.com\/?q%3DPaulista%2B%250D%250A%2B%250D%250A%2BAv.%2BPaulista,2181%26entry%3Dgmail%26source%3Dg&amp;source=gmail&amp;ust=1540390733608000&amp;usg=AFQjCNEFi0fC8j5BaDe4dCeUuguat3EQew\">Av. Paulista,2181<\/a><\/span><\/p>\n<p class=\"m_-5502168710283056539x_m_-7057322460534374361p1\"><span class=\"m_-5502168710283056539x_m_-7057322460534374361s1\">Metr\u00f4 Consola\u00e7\u00e3o &#8211;<span class=\"m_-5502168710283056539x_m_-7057322460534374361Apple-converted-space\">\u00a0\u00a0<\/span>linha verde- Sa\u00edda Av. Paulista\/Rua Haddock Lobo &#8211; 1 min.<\/span><\/p>\n<p class=\"m_-5502168710283056539x_m_-7057322460534374361p1\"><span class=\"m_-5502168710283056539x_m_-7057322460534374361s1\">Metr\u00f4 Paulista &#8211; linha amarela- Sa\u00edda Av. Paulista\/Rua Haddock Lobo &#8211; 5 min.<\/span><\/p>\n<hr \/>\n<p class=\"m_-5502168710283056539x_m_-7057322460534374361p1\"><span class=\"m_-5502168710283056539x_m_-7057322460534374361s1\">Estacionamentos:<\/span><\/p>\n<p class=\"m_-5502168710283056539x_m_-7057322460534374361p1\"><strong><span class=\"m_-5502168710283056539x_m_-7057322460534374361s1\">Hotel Meli\u00e1 &#8211;\u00a0<a id=\"m_-5502168710283056539LPlnk182161\" class=\"m_-5502168710283056539OWAAutoLink\" href=\"https:\/\/maps.google.com\/?q=Av.+Paulista,2181&amp;entry=gmail&amp;source=g\" target=\"_blank\" rel=\"noopener\" data-saferedirecturl=\"https:\/\/www.google.com\/url?q=https:\/\/maps.google.com\/?q%3DAv.%2BPaulista,2181%26entry%3Dgmail%26source%3Dg&amp;source=gmail&amp;ust=1540390733608000&amp;usg=AFQjCNGpHwZxMZ9sdkrrJ2-eYT3yJ8yadA\">Av. Paulista,2181<\/a><\/span><\/strong><\/p>\n<p class=\"m_-5502168710283056539x_m_-7057322460534374361p1\"><span class=\"m_-5502168710283056539x_m_-7057322460534374361s1\">Segunda \u00e0 sexta-feira &#8211; di\u00e1ria de 12 h &#8211; R$ 40,00<\/span><\/p>\n<p class=\"m_-5502168710283056539x_m_-7057322460534374361p1\"><span class=\"m_-5502168710283056539x_m_-7057322460534374361s1\">Final de semana &#8211; di\u00e1ria de 6 h &#8211; R$ 20,00 &#8211; hora adicional R$ 7,00 p\/hora.<\/span><\/p>\n<hr \/>\n<p class=\"m_-5502168710283056539x_m_-7057322460534374361p1\"><strong><span class=\"m_-5502168710283056539x_m_-7057322460534374361s1\">Estacionamento Trevo Central &#8211;\u00a0<a id=\"m_-5502168710283056539LPlnk79483\" class=\"m_-5502168710283056539OWAAutoLink\" href=\"https:\/\/maps.google.com\/?q=Rua+Augusta,+1660&amp;entry=gmail&amp;source=g\" target=\"_blank\" rel=\"noopener\" data-saferedirecturl=\"https:\/\/www.google.com\/url?q=https:\/\/maps.google.com\/?q%3DRua%2BAugusta,%2B1660%26entry%3Dgmail%26source%3Dg&amp;source=gmail&amp;ust=1540390733608000&amp;usg=AFQjCNHZGHEJNa6U3ao3r5EkXZZg2zUMeA\">Rua Augusta, 1660<\/a><\/span><\/strong><\/p>\n<p class=\"m_-5502168710283056539x_m_-7057322460534374361p1\">Segunda \u00e0 sexta-feira \u00a0&#8211; di\u00e1ria de 12 h &#8211; R$ 24,00<span class=\"m_-5502168710283056539x_m_-7057322460534374361Apple-converted-space\">\u00a0<\/span><\/p>\n<p class=\"m_-5502168710283056539x_m_-7057322460534374361p1\"><span class=\"m_-5502168710283056539x_m_-7057322460534374361s1\">Final de semana &#8211; di\u00e1ria de 12 h &#8211; R$ 15,00 &#8211;<span class=\"m_-5502168710283056539x_m_-7057322460534374361Apple-converted-space\">\u00a0\u00a0<\/span>hora adicional R$ 5,00 p\/hora.<\/span><\/p>\n<hr \/>\n<p class=\"m_-5502168710283056539x_m_-7057322460534374361p1\"><strong><span class=\"m_-5502168710283056539x_m_-7057322460534374361s1\">Estapar &#8211;\u00a0<a id=\"m_-5502168710283056539LPlnk928248\" class=\"m_-5502168710283056539OWAAutoLink\" href=\"https:\/\/maps.google.com\/?q=Av.+Paulista,+2378&amp;entry=gmail&amp;source=g\" target=\"_blank\" rel=\"noopener\" data-saferedirecturl=\"https:\/\/www.google.com\/url?q=https:\/\/maps.google.com\/?q%3DAv.%2BPaulista,%2B2378%26entry%3Dgmail%26source%3Dg&amp;source=gmail&amp;ust=1540390733608000&amp;usg=AFQjCNFZzEmV3aYWlkZzaJaY11hClCJLyw\">Av. Paulista, 2378<\/a>\u00a0&#8211; 24 horas<span class=\"m_-5502168710283056539x_m_-7057322460534374361Apple-converted-space\">\u00a0<\/span><\/span><\/strong><\/p>\n<p class=\"m_-5502168710283056539x_m_-7057322460534374361p1\"><span class=\"m_-5502168710283056539x_m_-7057322460534374361s1\">Segunda \u00e0 sexta-feira &#8211; di\u00e1ria de 12 h &#8211; R$ 40,00<\/span><\/p>\n<p class=\"m_-5502168710283056539x_m_-7057322460534374361p1\"><span class=\"m_-5502168710283056539x_m_-7057322460534374361s1\">Final de semana &#8211; di\u00e1ria de 12 h &#8211; R$ 28,00<\/span><\/p>\n","protected":false},"excerpt":{"rendered":"<p>Hotel Meli\u00e1\u00a0Paulista Av. Paulista,2181 Metr\u00f4 Consola\u00e7\u00e3o &#8211;\u00a0\u00a0linha verde- Sa\u00edda Av. Paulista\/Rua Haddock Lobo &#8211; 1 min. Metr\u00f4 Paulista &#8211; linha amarela- Sa\u00edda Av. Paulista\/Rua Haddock Lobo &#8211; 5 min. Estacionamentos: Hotel Meli\u00e1 &#8211;\u00a0Av. Paulista,2181 Segunda \u00e0 sexta-feira &#8211; di\u00e1ria de 12 h &#8211; R$ 40,00 Final de semana &#8211; di\u00e1ria de 6 h &#8211; R$&hellip;<\/p>\n","protected":false},"author":1,"featured_media":0,"parent":1194,"menu_order":0,"comment_status":"closed","ping_status":"closed","template":"","meta":{"footnotes":""},"class_list":["post-3587","page","type-page","status-publish","hentry","entry","no-media"],"aioseo_notices":[],"_links":{"self":[{"href":"https:\/\/ebp.org.br\/sp\/wp-json\/wp\/v2\/pages\/3587","targetHints":{"allow":["GET"]}}],"collection":[{"href":"https:\/\/ebp.org.br\/sp\/wp-json\/wp\/v2\/pages"}],"about":[{"href":"https:\/\/ebp.org.br\/sp\/wp-json\/wp\/v2\/types\/page"}],"author":[{"embeddable":true,"href":"https:\/\/ebp.org.br\/sp\/wp-json\/wp\/v2\/users\/1"}],"replies":[{"embeddable":true,"href":"https:\/\/ebp.org.br\/sp\/wp-json\/wp\/v2\/comments?post=3587"}],"version-history":[{"count":0,"href":"https:\/\/ebp.org.br\/sp\/wp-json\/wp\/v2\/pages\/3587\/revisions"}],"up":[{"embeddable":true,"href":"https:\/\/ebp.org.br\/sp\/wp-json\/wp\/v2\/pages\/1194"}],"wp:attachment":[{"href":"https:\/\/ebp.org.br\/sp\/wp-json\/wp\/v2\/media?parent=3587"}],"curies":[{"name":"wp","href":"https:\/\/api.w.org\/{rel}","templated":true}]}}