{"id":3575,"date":"2018-10-21T10:48:14","date_gmt":"2018-10-21T12:48:14","guid":{"rendered":"http:\/\/ebp.org.br\/sp\/?page_id=3575"},"modified":"2018-10-21T10:48:14","modified_gmt":"2018-10-21T12:48:14","slug":"cupid-07","status":"publish","type":"page","link":"https:\/\/ebp.org.br\/sp\/jornadas\/viii-jornadas\/boletim-viii-jornadas\/cupid-07\/","title":{"rendered":"#Cupid 07"},"content":{"rendered":"<section class=\"wpb-content-wrapper\">[vc_row][vc_column][vc_single_image image=&#8221;3574&#8243; img_size=&#8221;full&#8221; alignment=&#8221;center&#8221;][\/vc_column][\/vc_row][vc_row][vc_column][vc_row_inner][vc_column_inner width=&#8221;1\/2&#8243;][vc_column_text]\n<p style=\"text-align: right;\"><strong>Poema da Necessidade<\/strong><\/p>\n<p style=\"text-align: right;\">\u00c9 preciso casar Jo\u00e3o,<br \/>\n\u00e9 preciso suportar Ant\u00f3nio,<br \/>\n\u00e9 preciso odiar Melqu\u00edades,<br \/>\n\u00e9 preciso substituir n\u00f3s todos.<\/p>\n<p style=\"text-align: right;\">\u00c9 preciso salvar o pa\u00eds,<br \/>\n\u00e9 preciso crer em Deus,<br \/>\n\u00e9 preciso pagar as d\u00edvidas,<br \/>\n\u00e9 preciso comprar um r\u00e1dio,<br \/>\n\u00e9 preciso esquecer fulana.<\/p>\n<p style=\"text-align: right;\">\u00c9 preciso estudar volapuque,<br \/>\n\u00e9 preciso estar sempre b\u00eabedo,<br \/>\n\u00e9 preciso ler Baudelaire,<br \/>\n\u00e9 preciso colher as flores<br \/>\nde que rezam velhos autores.<\/p>\n<p style=\"text-align: right;\">\u00c9 preciso viver com os homens,<br \/>\n\u00e9 preciso n\u00e3o assassin\u00e1-los,<br \/>\n\u00e9 preciso ter m\u00e3os p\u00e1lidas<br \/>\ne anunciar o FIM DO MUNDO.<\/p>\n<h6 style=\"text-align: right;\"><em>Carlos Drummond de Andrade, in &#8216;Sentimento do Mundo&#8217;<\/em><\/h6>\n[\/vc_column_text][\/vc_column_inner][vc_column_inner width=&#8221;1\/2&#8243;][vc_column_text]\n<figure id=\"attachment_3545\" aria-describedby=\"caption-attachment-3545\" style=\"width: 250px\" class=\"wp-caption alignleft\"><img loading=\"lazy\" decoding=\"async\" class=\"size-full wp-image-3545\" src=\"https:\/\/ebp.org.br\/new\/sp\/wp-content\/uploads\/2018\/10\/000-1.jpg\" alt=\"\" width=\"250\" height=\"298\" \/><figcaption id=\"caption-attachment-3545\" class=\"wp-caption-text\">Imagem : Instagram @avant.arte<\/figcaption><\/figure>\n[\/vc_column_text][\/vc_column_inner][\/vc_row_inner][vc_column_text]\n<figure id=\"attachment_3546\" aria-describedby=\"caption-attachment-3546\" style=\"width: 250px\" class=\"wp-caption alignright\"><img loading=\"lazy\" decoding=\"async\" class=\"size-full wp-image-3546\" src=\"https:\/\/ebp.org.br\/new\/sp\/wp-content\/uploads\/2018\/10\/001-1.jpg\" alt=\"\" width=\"250\" height=\"247\" \/><figcaption id=\"caption-attachment-3546\" class=\"wp-caption-text\">Imagem: Instagram @street_art_graffiti<\/figcaption><\/figure>\n<h3><span style=\"color: #993300;\">#Editorial<\/span><\/h3>\n<h6>Por Milena Vicari Crastelo<\/h6>\n<p>Caros leitores estamos a poucos dias de nossa VIII Jornadas da EBP-SP- Amor e sexo em tempos de (des)conex\u00f5es e \u00e9 com grande satisfa\u00e7\u00e3o que os apresento nosso \u00faltimo #CUPID. Ao longo desses meses nos debru\u00e7amos sobre o tema; em atividades preparat\u00f3rias, em cart\u00e9is, em leituras solit\u00e1rias, em escrita endere\u00e7ada as mesas simult\u00e2neas e em escrita endere\u00e7ada ao Boletim, onde pudemos nos encontrar com textos, entrevistas, poesias, resenhas, uma escrita causada pelo tema.[\/vc_column_text][vc_btn title=&#8221;Leia mais&#8221; color=&#8221;juicy-pink&#8221; link=&#8221;url:http%3A%2F%2Febp.org.br%2Fsp%2Feditorial-cupid-07%2F|||&#8221;][vc_separator][vc_column_text]\n<figure id=\"attachment_3547\" aria-describedby=\"caption-attachment-3547\" style=\"width: 250px\" class=\"wp-caption alignright\"><img loading=\"lazy\" decoding=\"async\" class=\"size-full wp-image-3547\" src=\"https:\/\/ebp.org.br\/new\/sp\/wp-content\/uploads\/2018\/10\/002-1.jpg\" alt=\"\" width=\"250\" height=\"249\" srcset=\"https:\/\/ebp.org.br\/sp\/wp-content\/uploads\/2018\/10\/002-1.jpg 250w, https:\/\/ebp.org.br\/sp\/wp-content\/uploads\/2018\/10\/002-1-150x150.jpg 150w\" sizes=\"auto, (max-width: 250px) 100vw, 250px\" \/><figcaption id=\"caption-attachment-3547\" class=\"wp-caption-text\">Imagem: Louise Bourgeois, Instagram @power.to.art<\/figcaption><\/figure>\n<h3><span style=\"color: #993300;\">#Orienta\u00e7\u00e3o<\/span><\/h3>\n<p><strong>De que conex\u00e3o se trata?<\/strong><\/p>\n<h6>Por Heloisa Prado Rodrigues da Silva Telles<\/h6>\n<p>O t\u00edtulo das nossas Jornadas exige um trabalho pr\u00e9vio em torno de um significante que orienta a perspectiva por meio da qual se deseja abordar os temas do amor e do sexo \u2013 refiro-me ao significante\u00a0<em>(des)conex\u00e3o<\/em>. Introduzido no t\u00edtulo para levar a um debate do tema em conson\u00e2ncia com a \u201csubjetividade da \u00e9poca\u201d, tal como proposto no argumento das jornadas, este significante porta em si mesmo uma problem\u00e1tica que alude tanto a quest\u00f5es de estrutura, tal como a psican\u00e1lise nos ensina, como \u00e0s transforma\u00e7\u00f5es que supomos existir nos modos de se estar no mundo e com os outros. Ou seja, nos coloca em uma fronteira onde temos de saber ler alguns fen\u00f4menos da \u00e9poca e ao mesmo tempo nos interrogarmos quais as perspectivas da psican\u00e1lise frente a eles.[\/vc_column_text][vc_btn title=&#8221;Leia mais&#8221; color=&#8221;juicy-pink&#8221; link=&#8221;url:http%3A%2F%2Febp.org.br%2Fsp%2Forientacao-de-que-conexao-se-trata%2F|||&#8221;][vc_separator][vc_column_text]\n<figure id=\"attachment_3548\" aria-describedby=\"caption-attachment-3548\" style=\"width: 250px\" class=\"wp-caption alignright\"><img loading=\"lazy\" decoding=\"async\" class=\"size-full wp-image-3548\" src=\"https:\/\/ebp.org.br\/new\/sp\/wp-content\/uploads\/2018\/10\/003-1.jpg\" alt=\"\" width=\"250\" height=\"189\" \/><figcaption id=\"caption-attachment-3548\" class=\"wp-caption-text\">Imagem: Evolution, part II, Adey. Instagram: @avant.arte<\/figcaption><\/figure>\n<p><strong>Rela\u00e7\u00f5es abertas &#8211; odisseias contempor\u00e2neas<\/strong><\/p>\n<h6>Por Patricia Badari<\/h6>\n<p>Se hoje encontramos in\u00fameras op\u00e7\u00f5es de g\u00eanero, no que diz respeito \u00e0s rela\u00e7\u00f5es ou \u00e0s n\u00e3o rela\u00e7\u00f5es amorosas as op\u00e7\u00f5es tamb\u00e9m s\u00e3o m\u00faltiplas.<br \/>\nEm uma pesquisa b\u00e1sica no Google \u00e9 poss\u00edvel encontrar algumas especifica\u00e7\u00f5es: pansexuais, vegansexuais, assexuais, otakus ou herb\u00edvoros, monogamish, poliamorosas, flexissexuais, rela\u00e7\u00f5es h\u00edbridas, LAT (living apart together), swingers, amigos coloridos, sexless&#8230; E vale dizer que cada uma destas tem suas varia\u00e7\u00f5es, muitas vezes se conjugam e dizem de rela\u00e7\u00f5es h\u00e9teros, homo e\/ou bissexuais.[\/vc_column_text][vc_btn title=&#8221;Leia mais&#8221; color=&#8221;juicy-pink&#8221; link=&#8221;url:http%3A%2F%2Febp.org.br%2Fsp%2Frelacoes-abertas-odisseias-contemporaneas%2F|||&#8221;][vc_separator][vc_column_text]\n<figure id=\"attachment_3549\" aria-describedby=\"caption-attachment-3549\" style=\"width: 250px\" class=\"wp-caption alignright\"><img loading=\"lazy\" decoding=\"async\" class=\"size-full wp-image-3549\" src=\"https:\/\/ebp.org.br\/new\/sp\/wp-content\/uploads\/2018\/10\/004-1.jpg\" alt=\"\" width=\"250\" height=\"182\" \/><figcaption id=\"caption-attachment-3549\" class=\"wp-caption-text\">Giambologna (detalhe). Instagram @avant.arte<\/figcaption><\/figure>\n<h3><span style=\"color: #993300;\">#Amor e Sexo<\/span><\/h3>\n<p><strong>Fazer la\u00e7o, fazer par<\/strong><\/p>\n<h6>Por Lucila M. Darrigo<\/h6>\n<p>N\u00e3o se faz mais casal como antigamente.<br \/>\nN\u00e3o se trata de nostalgia mas de uma constata\u00e7\u00e3o.<br \/>\nO que mudou? O que mudou na civiliza\u00e7\u00e3o contempor\u00e2neaque afetou os diferentes semblantes de casal de outrora? Semblantes, claro, porque, em tempo algum, um casal de seres falantes se formou regido por leis naturais de encontro entre os sexos.<br \/>\nA utopia heterossexual de \u201cantigamente\u201d se definia pela cren\u00e7a em um pai que distribu\u00eda os sexos e que garantia que ela, f\u00eamea, havia sido feita para ele, macho, em uma correla\u00e7\u00e3o direta com o princ\u00edpio da ordem natural ou mesmo de uma ordem justa, esclarece Laurent em \u201cSociedade do sintoma\u201d.[\/vc_column_text][vc_btn title=&#8221;Leia mais&#8221; color=&#8221;juicy-pink&#8221; link=&#8221;url:http%3A%2F%2Febp.org.br%2Fsp%2Famor-e-sexo-fazer-laco-fazer-par%2F|||&#8221;][vc_separator][vc_column_text]\n<figure id=\"attachment_3550\" aria-describedby=\"caption-attachment-3550\" style=\"width: 250px\" class=\"wp-caption alignright\"><img loading=\"lazy\" decoding=\"async\" class=\"size-full wp-image-3550\" src=\"https:\/\/ebp.org.br\/new\/sp\/wp-content\/uploads\/2018\/10\/005-1.jpg\" alt=\"\" width=\"250\" height=\"246\" \/><figcaption id=\"caption-attachment-3550\" class=\"wp-caption-text\">Imagem: Instagram @artsheep<\/figcaption><\/figure>\n<h3><span style=\"color: #993300;\">#Conversa.com<\/span><\/h3>\n<p><strong>Fl\u00e1vio Ricardo Vassoler<\/strong><\/p>\n<h6>Por Marcelo Augusto Fabri de Carvalho<\/h6>\n<p>Quando desvelamos os segredos das camarilhas dos poderosos atrav\u00e9s do buraco da fechadura, deparamos com uma associa\u00e7\u00e3o umbilical entre sexo e poder. Levantamos a saia, ent\u00e3o, de Cal\u00edgula, Lu\u00eds XIV, Beria (bra\u00e7o direito de St\u00e1lin), Kennedy, o filho de Saddam Hussein, entre tantos outros exemplos t\u00e3o pervertidos quanto paradigm\u00e1ticos.[\/vc_column_text][vc_btn title=&#8221;Leia mais&#8221; color=&#8221;juicy-pink&#8221; link=&#8221;url:http%3A%2F%2Febp.org.br%2Fsp%2Fconversa-com-flavio-ricardo-vassoler-por-marcelo-augusto-fabri-de-carvalho%2F|||&#8221;][vc_separator][vc_column_text]\n<figure id=\"attachment_3551\" aria-describedby=\"caption-attachment-3551\" style=\"width: 250px\" class=\"wp-caption alignright\"><img loading=\"lazy\" decoding=\"async\" class=\"size-full wp-image-3551\" src=\"https:\/\/ebp.org.br\/new\/sp\/wp-content\/uploads\/2018\/10\/006-1.jpg\" alt=\"\" width=\"250\" height=\"315\" srcset=\"https:\/\/ebp.org.br\/sp\/wp-content\/uploads\/2018\/10\/006-1.jpg 250w, https:\/\/ebp.org.br\/sp\/wp-content\/uploads\/2018\/10\/006-1-238x300.jpg 238w\" sizes=\"auto, (max-width: 250px) 100vw, 250px\" \/><figcaption id=\"caption-attachment-3551\" class=\"wp-caption-text\">Imagem: Instagram @davidzwirner<\/figcaption><\/figure>\n<h3><span style=\"color: #993300;\">#A Psican\u00e1lise e o Contempor\u00e2neo<\/span><\/h3>\n<p><strong>Dolls<\/strong><\/p>\n<h6>Por Teresinha N. M. Prado<\/h6>\n<p>No in\u00edcio deste ano foi aberto em Paris, enquadrado como \u2018sala de jogos\u2019, Xdolls, um estabelecimento que aluga bonecas de silicone em tamanho humano, para uso recreativo.<br \/>\nO local \u00e9 extremamente organizado: situado em um apartamento de 70m2, cujo endere\u00e7o \u00e9 mantido em segredo, 3 quartos s\u00e3o equipados com material descart\u00e1vel, uma tv com v\u00eddeos porn\u00f4s e \u00f3culos de realidade virtual como opcional. O agendamento de hor\u00e1rios \u00e9 feito por internet, os clientes acessam e pagam online (89 euros por uma hora sozinho com a boneca; 149,00 por 2 horas; 120,00 para um casal por uma hora; mais 19 euros para incluir realidade virtual na brincadeira&#8230;).[\/vc_column_text][vc_btn title=&#8221;Leia mais&#8221; color=&#8221;juicy-pink&#8221; link=&#8221;url:http%3A%2F%2Febp.org.br%2Fsp%2Fa-psicanalise-e-o-contemporaneo-dolls%2F|||&#8221;][vc_separator][vc_column_text]\n<figure id=\"attachment_3552\" aria-describedby=\"caption-attachment-3552\" style=\"width: 250px\" class=\"wp-caption alignright\"><img loading=\"lazy\" decoding=\"async\" class=\"size-full wp-image-3552\" src=\"https:\/\/ebp.org.br\/new\/sp\/wp-content\/uploads\/2018\/10\/007-1.jpg\" alt=\"\" width=\"250\" height=\"249\" srcset=\"https:\/\/ebp.org.br\/sp\/wp-content\/uploads\/2018\/10\/007-1.jpg 250w, https:\/\/ebp.org.br\/sp\/wp-content\/uploads\/2018\/10\/007-1-150x150.jpg 150w\" sizes=\"auto, (max-width: 250px) 100vw, 250px\" \/><figcaption id=\"caption-attachment-3552\" class=\"wp-caption-text\">Imagem: Instagram @avant.arte<\/figcaption><\/figure>\n<p><strong>Do desejo que resta profanar<\/strong><\/p>\n<h6>Por Felipe Bier Nogueira<\/h6>\n<p>Os temas propostos pelas Jornadas 2018 da EBP, Se\u00e7\u00e3o S\u00e3o Paulo, s\u00e3o ao mesmo tempo uma provoca\u00e7\u00e3o e tamb\u00e9m um diagn\u00f3stico sobre o que \u00e9 o contempor\u00e2neo e como a psican\u00e1lise se prop\u00f5e a encar\u00e1-lo. Algo deste diagn\u00f3stico passa pelo que \u00e9 expl\u00edcito no eixo das jornadas: o que \u00e9 la\u00e7o contempor\u00e2neo em tempos de hiper-conex\u00e3o? A saber, haveria uma outra margem \u00e0s infinitas possibilidades de v\u00ednculos, constru\u00e7\u00f5es, identidades que nossos tempos promovem? Em linha com o famoso dito de Lacan, a resposta parece ser positiva, pois a n\u00e3o-exist\u00eancia da rela\u00e7\u00e3o sexual se imp\u00f5e como marcador mais not\u00f3rio do vazio em torno do qual as ang\u00fastias contempor\u00e2neas circundam.[\/vc_column_text][vc_btn title=&#8221;Leia mais&#8221; color=&#8221;juicy-pink&#8221; link=&#8221;url:http%3A%2F%2Febp.org.br%2Fsp%2Fdo-desejo-que-resta-profanar%2F|||&#8221;][vc_separator][vc_column_text]\n<figure id=\"attachment_3553\" aria-describedby=\"caption-attachment-3553\" style=\"width: 250px\" class=\"wp-caption alignright\"><img loading=\"lazy\" decoding=\"async\" class=\"size-full wp-image-3553\" src=\"https:\/\/ebp.org.br\/new\/sp\/wp-content\/uploads\/2018\/10\/008-1.jpg\" alt=\"\" width=\"250\" height=\"304\" srcset=\"https:\/\/ebp.org.br\/sp\/wp-content\/uploads\/2018\/10\/008-1.jpg 250w, https:\/\/ebp.org.br\/sp\/wp-content\/uploads\/2018\/10\/008-1-247x300.jpg 247w\" sizes=\"auto, (max-width: 250px) 100vw, 250px\" \/><figcaption id=\"caption-attachment-3553\" class=\"wp-caption-text\">Imagem: Instagram @avant.arte<\/figcaption><\/figure>\n<h3><span style=\"color: #993300;\">#Rumo ao Encontro Brasileiro<\/span><\/h3>\n<p><strong>A m\u00e3e, uma figura que n\u00e3o se ad\u00e9qua aos para\u00edsos f\u00e1licos.<\/strong><\/p>\n<h6>Por Clara M. Holguin<\/h6>\n<p>\u201cA m\u00e3e, uma figura que n\u00e3o se ad\u00e9qua aos para\u00edsos f\u00e1licos\u201d, \u00e9 o nome que dei \u00e0 interven\u00e7\u00e3o que farei em minha passagem pelo Rio de Janeiro (em dire\u00e7\u00e3o a Santa Catarina), onde tentarei fazer conversar as Jornadas da EBP e as Jornadas da NEL. Como articular \u201cA queda do falocentrismo\u201d e \u201cQue m\u00e3es hoje\u201d? Este convite, al\u00e9m de colocar a trabalho os diferentes modos nos quais os psicanalistas do continente leem as mudan\u00e7as pr\u00f3prias de nossa civiliza\u00e7\u00e3o e seus efeitos, prop\u00f5e um la\u00e7o inovador entre nossas escolas.[\/vc_column_text][vc_btn title=&#8221;Leia mais&#8221; color=&#8221;juicy-pink&#8221; link=&#8221;url:http%3A%2F%2Febp.org.br%2Fsp%2Frumo-ao-encontro-brasileiro-a-mae-uma-figura-que-nao-se-adequa-aos-paraisos-falicos%2F|||&#8221;][vc_separator][vc_column_text]\n<figure id=\"attachment_3554\" aria-describedby=\"caption-attachment-3554\" style=\"width: 250px\" class=\"wp-caption alignright\"><img loading=\"lazy\" decoding=\"async\" class=\"size-full wp-image-3554\" src=\"https:\/\/ebp.org.br\/new\/sp\/wp-content\/uploads\/2018\/10\/009-1.jpg\" alt=\"\" width=\"250\" height=\"311\" srcset=\"https:\/\/ebp.org.br\/sp\/wp-content\/uploads\/2018\/10\/009-1.jpg 250w, https:\/\/ebp.org.br\/sp\/wp-content\/uploads\/2018\/10\/009-1-241x300.jpg 241w\" sizes=\"auto, (max-width: 250px) 100vw, 250px\" \/><figcaption id=\"caption-attachment-3554\" class=\"wp-caption-text\">Imagem: Instagram @saopaulocity<\/figcaption><\/figure>\n<h3><span style=\"color: #993300;\">#Match<\/span><\/h3>\n<p><strong>Acolhimento apresenta um tour por Sampa<\/strong><\/p>\n<p>Alguma coisa acontece no nosso cora\u00e7\u00e3o quando nos embrenhamos no labirinto art\u00edstico que essa terra, que n\u00e3o \u00e9 s\u00f3 da garoa, reserva para nosso deleite e frui\u00e7\u00e3o!<br \/>\nDa imperd\u00edvel e contempor\u00e2nea Bienal de S. Paulo, passando pelo mestre do renascimento, Rafael, dando um pulinho para ver obras da Tate London, passando pela arquitetura e por um dos signos da ditadura, o AI-5, a Comiss\u00e3o de Acolhimento selecionou algumas indica\u00e7\u00f5es de museus, centros culturais e exposi\u00e7\u00f5es imperd\u00edveis que acontecer\u00e3o durante o per\u00edodo da Jornada da Se\u00e7\u00e3o S. Paulo 2018.<br \/>\nPara explorar e flanar por esses espa\u00e7os, boas caminhadas, linhas de \u00f4nibus, de metr\u00f4, taxi e aplicativos poder\u00e3o lev\u00e1-los para essa conex\u00e3o com a arte e a cultura.[\/vc_column_text][vc_btn title=&#8221;Leia mais&#8221; color=&#8221;juicy-pink&#8221; link=&#8221;url:http%3A%2F%2Febp.org.br%2Fsp%2Fmatch-acolhimento-apresenta-um-tour-por-sampa%2F|||&#8221;][vc_separator][\/vc_column][\/vc_row][vc_row css=&#8221;.vc_custom_1528402509152{background-color: #f4f4f4 !important;}&#8221;][vc_column][vc_column_text]<img loading=\"lazy\" decoding=\"async\" class=\"size-full wp-image-3018 alignright\" src=\"http:\/\/ebp.org.br\/sp\/wp-content\/uploads\/2018\/06\/cupid002_mini_biblio.png\" alt=\"\" width=\"340\" height=\"170\" \/><\/p>\n<h3 style=\"text-align: center;\"><span style=\"color: #800000;\">Refer\u00eancias bibliogr\u00e1ficas<\/span><\/h3>\n<h6 style=\"text-align: center;\">Por Daniela de Barros Affonso\u00a0e Comiss\u00e3o<\/h6>\n[\/vc_column_text][vc_btn title=&#8221;Leia mais&#8221; color=&#8221;juicy-pink&#8221; align=&#8221;center&#8221; link=&#8221;url:http%3A%2F%2Febp.org.br%2Fsp%2Fjornadas%2Fviii-jornadas%2Fbibliografia-viii-jornadas%2F|||&#8221;][\/vc_column][\/vc_row][vc_row][vc_column][vc_column_text]\n<p style=\"text-align: center;\"><img loading=\"lazy\" decoding=\"async\" class=\"size-full wp-image-2867 aligncenter\" src=\"http:\/\/ebp.org.br\/sp\/wp-content\/uploads\/2018\/05\/logo_rodape.jpg\" alt=\"\" width=\"187\" height=\"72\" \/><\/p>\n<p style=\"text-align: center;\"><strong>Equipe do Boletim #Cupid<\/strong><\/p>\n<p style=\"text-align: center;\">Milena Vicari Crastelo &#8211; Paula Caio &#8211; Eliana Figueiredo\u00a0 &#8211; Alessandra Pecego<br \/>\nMarcelo Augusto Fabri de Carvalho\u00a0 &#8211; Fabiola Ramon\u00a0 &#8211; Felipe Bier<\/p>\n[\/vc_column_text][\/vc_column][\/vc_row][vc_row][vc_column][vc_single_image image=&#8221;2866&#8243; img_size=&#8221;full&#8221; alignment=&#8221;center&#8221;][\/vc_column][\/vc_row]\n<\/section>","protected":false},"excerpt":{"rendered":"<p>[vc_row][vc_column][vc_single_image image=&#8221;3574&#8243; img_size=&#8221;full&#8221; alignment=&#8221;center&#8221;][\/vc_column][\/vc_row][vc_row][vc_column][vc_row_inner][vc_column_inner width=&#8221;1\/2&#8243;][vc_column_text] Poema da Necessidade \u00c9 preciso casar Jo\u00e3o, \u00e9 preciso suportar Ant\u00f3nio, \u00e9 preciso odiar Melqu\u00edades, \u00e9 preciso substituir n\u00f3s todos. \u00c9 preciso salvar o pa\u00eds, \u00e9 preciso crer em Deus, \u00e9 preciso pagar as d\u00edvidas, \u00e9 preciso comprar um r\u00e1dio, \u00e9 preciso esquecer fulana. \u00c9 preciso estudar volapuque, \u00e9 preciso&hellip;<\/p>\n","protected":false},"author":1,"featured_media":0,"parent":2816,"menu_order":0,"comment_status":"closed","ping_status":"closed","template":"","meta":{"footnotes":""},"class_list":["post-3575","page","type-page","status-publish","hentry","entry","no-media"],"aioseo_notices":[],"_links":{"self":[{"href":"https:\/\/ebp.org.br\/sp\/wp-json\/wp\/v2\/pages\/3575","targetHints":{"allow":["GET"]}}],"collection":[{"href":"https:\/\/ebp.org.br\/sp\/wp-json\/wp\/v2\/pages"}],"about":[{"href":"https:\/\/ebp.org.br\/sp\/wp-json\/wp\/v2\/types\/page"}],"author":[{"embeddable":true,"href":"https:\/\/ebp.org.br\/sp\/wp-json\/wp\/v2\/users\/1"}],"replies":[{"embeddable":true,"href":"https:\/\/ebp.org.br\/sp\/wp-json\/wp\/v2\/comments?post=3575"}],"version-history":[{"count":0,"href":"https:\/\/ebp.org.br\/sp\/wp-json\/wp\/v2\/pages\/3575\/revisions"}],"up":[{"embeddable":true,"href":"https:\/\/ebp.org.br\/sp\/wp-json\/wp\/v2\/pages\/2816"}],"wp:attachment":[{"href":"https:\/\/ebp.org.br\/sp\/wp-json\/wp\/v2\/media?parent=3575"}],"curies":[{"name":"wp","href":"https:\/\/api.w.org\/{rel}","templated":true}]}}