{"id":3310,"date":"2018-09-10T09:30:23","date_gmt":"2018-09-10T12:30:23","guid":{"rendered":"http:\/\/ebp.org.br\/sp\/?page_id=3310"},"modified":"2018-09-10T09:30:23","modified_gmt":"2018-09-10T12:30:23","slug":"dicas-de-hospedagem","status":"publish","type":"page","link":"https:\/\/ebp.org.br\/sp\/jornadas\/dicas-de-hospedagem\/","title":{"rendered":"Dicas de Hospedagem"},"content":{"rendered":"<section class=\"wpb-content-wrapper\">[vc_row][vc_column][eikra-vc-text-title style=&#8221;style2&#8243; title=&#8221;Dicas de Hospedagem&#8221;][\/eikra-vc-text-title][vc_column_text]\n<div>\n<div id=\"m_-1052209069496398974x_ydpc8b6c2edyahoo_quoted_7267506289\" class=\"m_-1052209069496398974x_ydpc8b6c2edyahoo_quoted\">\n<div id=\"m_-1052209069496398974x_ydpc8b6c2edyiv0715209628\">\n<div class=\"m_-1052209069496398974x_ydpc8b6c2edyiv0715209628gmail_quote\">\n<div class=\"m_-1052209069496398974x_ydpc8b6c2edyiv0715209628gmail_quote\">\n<h3><span style=\"font-size: 16px; color: #993300;\">No local do evento: \u00a0Meli\u00e1 Paulista<\/span><\/h3>\n<\/div>\n<\/div>\n<\/div>\n<\/div>\n<\/div>\n<div>\n<div id=\"m_-1052209069496398974x_ydpc8b6c2edyahoo_quoted_7267506289\" class=\"m_-1052209069496398974x_ydpc8b6c2edyahoo_quoted\">\n<div id=\"m_-1052209069496398974x_ydpc8b6c2edyiv0715209628\">\n<div class=\"m_-1052209069496398974x_ydpc8b6c2edyiv0715209628gmail_quote\">\n<div class=\"m_-1052209069496398974x_ydpc8b6c2edyiv0715209628gmail_quote\">\n<p>Os inscritos nas Jornadas podem fazer reserva de hospedagem no local do evento com desconto, basta entrar no site do hotel<a id=\"m_-1052209069496398974LPlnk112349\" class=\"m_-1052209069496398974OWAAutoLink\" href=\"https:\/\/www.melia.com\/\" target=\"_blank\" rel=\"nofollow noopener noreferrer\" data-saferedirecturl=\"https:\/\/www.google.com\/url?q=https:\/\/www.melia.com\/&amp;source=gmail&amp;ust=1536668336641000&amp;usg=AFQjCNHAdOqtzPVBEXXSNGtl_eLXi5-vgw\">https:\/\/www.melia.com\/\u00a0<\/a>e utilizar o c\u00f3digo\u00a0EBP\/SP 2018.<\/p>\n<table cellspacing=\"0\" cellpadding=\"0\">\n<tbody>\n<tr>\n<td valign=\"top\">Per\u00edodo<\/td>\n<td valign=\"top\">Categoria<\/td>\n<td valign=\"top\">Di\u00e1ria SGL<\/p>\n<p>(uma pessoa)<\/td>\n<td valign=\"top\">Di\u00e1ria DBL<\/p>\n<p>(duas pessoas)<\/td>\n<\/tr>\n<tr>\n<td valign=\"top\">25 a 28 de Outubro de 2018<\/td>\n<td valign=\"top\">Classic Twin<\/td>\n<td valign=\"top\">R$ 352,00<\/td>\n<td valign=\"top\">R$ 394,00<\/td>\n<\/tr>\n<tr>\n<td valign=\"top\"><\/td>\n<td valign=\"top\">Classic Queen<\/td>\n<td valign=\"top\">R$ 377,00<\/td>\n<td valign=\"top\">R$ 420,00<\/td>\n<\/tr>\n<tr>\n<td valign=\"top\"><\/td>\n<td valign=\"top\">Deluxe Queen<\/td>\n<td valign=\"top\">R$ 403,00<\/td>\n<td valign=\"top\">R$ 445,00<\/td>\n<\/tr>\n<tr>\n<td valign=\"top\"><\/td>\n<td valign=\"top\">Supreme Queen<\/td>\n<td valign=\"top\">R$ 471,00<\/td>\n<td valign=\"top\">R$ 513,00<\/td>\n<\/tr>\n<\/tbody>\n<\/table>\n<div>\n<h3><\/h3>\n<h3 class=\"m_-1052209069496398974x_ydpc8b6c2edyiv0715209628m_-7053284676139993387m_4254001155987676180p1\"><span style=\"color: #993300;\"><b><u>Outros hot\u00e9is na regi\u00e3o do evento<\/u><\/b><\/span><\/h3>\n<p class=\"m_-1052209069496398974x_ydpc8b6c2edyiv0715209628m_-7053284676139993387m_4254001155987676180p1\"><strong><span class=\"m_-1052209069496398974x_ydpc8b6c2edyiv0715209628m_-7053284676139993387m_4254001155987676180s1\">Ibis\u00a0<a id=\"m_-1052209069496398974LPlnk302719\" class=\"m_-1052209069496398974OWAAutoLink\" href=\"https:\/\/maps.google.com\/?q=S%C3%A3o+Paulo+Paulista+%0D%0A+Av.+Paulista,+2355+-+Bela+Vista&amp;entry=gmail&amp;source=g\" target=\"_blank\" rel=\"nofollow noopener noreferrer\" data-saferedirecturl=\"https:\/\/www.google.com\/url?q=https:\/\/maps.google.com\/?q%3DS%25C3%25A3o%2BPaulo%2BPaulista%2B%250D%250A%2BAv.%2BPaulista,%2B2355%2B-%2BBela%2BVista%26entry%3Dgmail%26source%3Dg&amp;source=gmail&amp;ust=1536668336642000&amp;usg=AFQjCNGZ6-Ued6p2rOp6Zz1vEJCr4-m_eg\">S\u00e3o Paulo Paulista<\/a><\/span><\/strong><\/p>\n<p class=\"m_-1052209069496398974x_ydpc8b6c2edyiv0715209628m_-7053284676139993387m_4254001155987676180p2\"><span class=\"m_-1052209069496398974x_ydpc8b6c2edyiv0715209628m_-7053284676139993387m_4254001155987676180s1\">Av. Paulista, 2355 &#8211; Bela Vista<\/span><span class=\"m_-1052209069496398974x_ydpc8b6c2edyiv0715209628m_-7053284676139993387m_4254001155987676180s2\">\u00a0&#8211; Fone:<span class=\"m_-1052209069496398974x_ydpc8b6c2edyiv0715209628m_-7053284676139993387m_4254001155987676180s3\">4700-3733<\/span><\/span><\/p>\n<p class=\"m_-1052209069496398974x_ydpc8b6c2edyiv0715209628m_-7053284676139993387m_4254001155987676180p1\"><span class=\"m_-1052209069496398974x_ydpc8b6c2edyiv0715209628m_-7053284676139993387m_4254001155987676180s1\">528,00<\/span><\/p>\n<hr \/>\n<p class=\"m_-1052209069496398974x_ydpc8b6c2edyiv0715209628m_-7053284676139993387m_4254001155987676180p1\"><span class=\"m_-1052209069496398974x_ydpc8b6c2edyiv0715209628m_-7053284676139993387m_4254001155987676180s1\">Q <strong>atelier<\/strong><\/span><\/p>\n<p class=\"m_-1052209069496398974x_ydpc8b6c2edyiv0715209628m_-7053284676139993387m_4254001155987676180p1\"><span class=\"m_-1052209069496398974x_ydpc8b6c2edyiv0715209628m_-7053284676139993387m_4254001155987676180s1\">Rua bela Cintra,\u00a0<span class=\"m_-1052209069496398974x_ydpc8b6c2edyiv0715209628m_-7053284676139993387m_4254001155987676180s3\">Alameda It\u00fa, 1400<\/span>\u00a0&#8211; Fone:\u00a0<span class=\"m_-1052209069496398974x_ydpc8b6c2edyiv0715209628m_-7053284676139993387m_4254001155987676180s3\">4700-1921<\/span><\/span><\/p>\n<p class=\"m_-1052209069496398974x_ydpc8b6c2edyiv0715209628m_-7053284676139993387m_4254001155987676180p1\"><span class=\"m_-1052209069496398974x_ydpc8b6c2edyiv0715209628m_-7053284676139993387m_4254001155987676180s1\">Valor para duas di\u00e1rias 720,00<\/span><\/p>\n<hr \/>\n<p class=\"m_-1052209069496398974x_ydpc8b6c2edyiv0715209628m_-7053284676139993387m_4254001155987676180p1\"><strong><span class=\"m_-1052209069496398974x_ydpc8b6c2edyiv0715209628m_-7053284676139993387m_4254001155987676180s1\">Ibis Budget\u00a0<a id=\"m_-1052209069496398974LPlnk866646\" class=\"m_-1052209069496398974OWAAutoLink\" href=\"https:\/\/maps.google.com\/?q=S%C3%A3o+Paulo+%0D%0A+Rua+Consola%C3%A7%C3%A3o,+2303+-+Consola%C3%A7%C3%A3o&amp;entry=gmail&amp;source=g\" target=\"_blank\" rel=\"nofollow noopener noreferrer\" data-saferedirecturl=\"https:\/\/www.google.com\/url?q=https:\/\/maps.google.com\/?q%3DS%25C3%25A3o%2BPaulo%2B%250D%250A%2BRua%2BConsola%25C3%25A7%25C3%25A3o,%2B2303%2B-%2BConsola%25C3%25A7%25C3%25A3o%26entry%3Dgmail%26source%3Dg&amp;source=gmail&amp;ust=1536668336642000&amp;usg=AFQjCNHltarLicPW6xUTR3VbOG60r0Ss6Q\">S\u00e3o Paulo<\/a><\/span><\/strong><\/p>\n<p class=\"m_-1052209069496398974x_ydpc8b6c2edyiv0715209628m_-7053284676139993387m_4254001155987676180p1\"><span class=\"m_-1052209069496398974x_ydpc8b6c2edyiv0715209628m_-7053284676139993387m_4254001155987676180s3\">Rua Consola\u00e7\u00e3o, 2303<\/span><span class=\"m_-1052209069496398974x_ydpc8b6c2edyiv0715209628m_-7053284676139993387m_4254001155987676180s1\"><a id=\"m_-1052209069496398974LPlnk78635\" class=\"m_-1052209069496398974OWAAutoLink\" href=\"https:\/\/maps.google.com\/?q=S%C3%A3o+Paulo+%0D%0A+Rua+Consola%C3%A7%C3%A3o,+2303+-+Consola%C3%A7%C3%A3o&amp;entry=gmail&amp;source=g\" target=\"_blank\" rel=\"nofollow noopener noreferrer\" data-saferedirecturl=\"https:\/\/www.google.com\/url?q=https:\/\/maps.google.com\/?q%3DS%25C3%25A3o%2BPaulo%2B%250D%250A%2BRua%2BConsola%25C3%25A7%25C3%25A3o,%2B2303%2B-%2BConsola%25C3%25A7%25C3%25A3o%26entry%3Dgmail%26source%3Dg&amp;source=gmail&amp;ust=1536668336642000&amp;usg=AFQjCNHltarLicPW6xUTR3VbOG60r0Ss6Q\">&#8211; Consola\u00e7\u00e3o<\/a>\u00a0&#8211; Fone:<span class=\"m_-1052209069496398974x_ydpc8b6c2edyiv0715209628m_-7053284676139993387m_4254001155987676180s3\">3123-7755<\/span><\/span><\/p>\n<p class=\"m_-1052209069496398974x_ydpc8b6c2edyiv0715209628m_-7053284676139993387m_4254001155987676180p1\"><span class=\"m_-1052209069496398974x_ydpc8b6c2edyiv0715209628m_-7053284676139993387m_4254001155987676180s1\">Valor para duas di\u00e1rias 439,00<\/span><\/p>\n<hr \/>\n<p class=\"m_-1052209069496398974x_ydpc8b6c2edyiv0715209628m_-7053284676139993387m_4254001155987676180p1\"><strong><span class=\"m_-1052209069496398974x_ydpc8b6c2edyiv0715209628m_-7053284676139993387m_4254001155987676180s1\">Tryp S\u00e3o Paulo<\/span><\/strong><\/p>\n<p class=\"m_-1052209069496398974x_ydpc8b6c2edyiv0715209628m_-7053284676139993387m_4254001155987676180p2\"><span class=\"m_-1052209069496398974x_ydpc8b6c2edyiv0715209628m_-7053284676139993387m_4254001155987676180s1\">Rua Haddok Lobo, 294<\/span><span class=\"m_-1052209069496398974x_ydpc8b6c2edyiv0715209628m_-7053284676139993387m_4254001155987676180s2\">\u00a0&#8211; Fone :\u00a0<span class=\"m_-1052209069496398974x_ydpc8b6c2edyiv0715209628m_-7053284676139993387m_4254001155987676180s3\">3123-6200<\/span><\/span><\/p>\n<p class=\"m_-1052209069496398974x_ydpc8b6c2edyiv0715209628m_-7053284676139993387m_4254001155987676180p1\"><span class=\"m_-1052209069496398974x_ydpc8b6c2edyiv0715209628m_-7053284676139993387m_4254001155987676180s1\">Valor para duas di\u00e1rias 586,00<\/span><\/p>\n<hr \/>\n<p class=\"m_-1052209069496398974x_ydpc8b6c2edyiv0715209628m_-7053284676139993387m_4254001155987676180p1\"><strong><span class=\"m_-1052209069496398974x_ydpc8b6c2edyiv0715209628m_-7053284676139993387m_4254001155987676180s1\">Belas Artes\u00a0<a id=\"m_-1052209069496398974LPlnk468152\" class=\"m_-1052209069496398974OWAAutoLink\" href=\"https:\/\/maps.google.com\/?q=S%C3%A3o+Paulo+Rua+Consola%C3%A7%C3%A3o,+2303+-+Consola%C3%A7%C3%A3o&amp;entry=gmail&amp;source=g\" target=\"_blank\" rel=\"nofollow noopener noreferrer\" data-saferedirecturl=\"https:\/\/www.google.com\/url?q=https:\/\/maps.google.com\/?q%3DS%25C3%25A3o%2BPaulo%2BRua%2BConsola%25C3%25A7%25C3%25A3o,%2B2303%2B-%2BConsola%25C3%25A7%25C3%25A3o%26entry%3Dgmail%26source%3Dg&amp;source=gmail&amp;ust=1536668336642000&amp;usg=AFQjCNEVhTTQI3r3dqviRhYDoC7diuzP6Q\">S\u00e3o Paulo<\/a>\u00a0Paulista Maraged Br Accorhotelis<\/span><\/strong><\/p>\n<p class=\"m_-1052209069496398974x_ydpc8b6c2edyiv0715209628m_-7053284676139993387m_4254001155987676180p1\"><span class=\"m_-1052209069496398974x_ydpc8b6c2edyiv0715209628m_-7053284676139993387m_4254001155987676180s3\">Rua Frei Caneca, 1199<\/span><span class=\"m_-1052209069496398974x_ydpc8b6c2edyiv0715209628m_-7053284676139993387m_4254001155987676180s1\"><a id=\"m_-1052209069496398974LPlnk758357\" class=\"m_-1052209069496398974OWAAutoLink\" href=\"https:\/\/maps.google.com\/?q=S%C3%A3o+Paulo+Rua+Consola%C3%A7%C3%A3o,+2303+-+Consola%C3%A7%C3%A3o&amp;entry=gmail&amp;source=g\" target=\"_blank\" rel=\"nofollow noopener noreferrer\" data-saferedirecturl=\"https:\/\/www.google.com\/url?q=https:\/\/maps.google.com\/?q%3DS%25C3%25A3o%2BPaulo%2BRua%2BConsola%25C3%25A7%25C3%25A3o,%2B2303%2B-%2BConsola%25C3%25A7%25C3%25A3o%26entry%3Dgmail%26source%3Dg&amp;source=gmail&amp;ust=1536668336642000&amp;usg=AFQjCNEVhTTQI3r3dqviRhYDoC7diuzP6Q\">&#8211; Consola\u00e7\u00e3o<\/a>\u00a0&#8211; Fone:.<span class=\"m_-1052209069496398974x_ydpc8b6c2edyiv0715209628m_-7053284676139993387m_4254001155987676180s3\">2627-6300<\/span><\/span><\/p>\n<p class=\"m_-1052209069496398974x_ydpc8b6c2edyiv0715209628m_-7053284676139993387m_4254001155987676180p1\"><span class=\"m_-1052209069496398974x_ydpc8b6c2edyiv0715209628m_-7053284676139993387m_4254001155987676180s1\">Valor para duas di\u00e1rias 746,00<\/span><\/p>\n<hr \/>\n<p class=\"m_-1052209069496398974x_ydpc8b6c2edyiv0715209628m_-7053284676139993387m_4254001155987676180p1\"><strong><span class=\"m_-1052209069496398974x_ydpc8b6c2edyiv0715209628m_-7053284676139993387m_4254001155987676180s1\">Mercure S\u00e3o Paulo Alameda<\/span><\/strong><\/p>\n<p class=\"m_-1052209069496398974x_ydpc8b6c2edyiv0715209628m_-7053284676139993387m_4254001155987676180p2\"><span class=\"m_-1052209069496398974x_ydpc8b6c2edyiv0715209628m_-7053284676139993387m_4254001155987676180s1\">Rua Padre Jo\u00e3o Manuel, 202<\/span><span class=\"m_-1052209069496398974x_ydpc8b6c2edyiv0715209628m_-7053284676139993387m_4254001155987676180s2\">\u00a0&#8211; Fone:\u00a0<span class=\"m_-1052209069496398974x_ydpc8b6c2edyiv0715209628m_-7053284676139993387m_4254001155987676180s3\">3069-1600<\/span><\/span><\/p>\n<p class=\"m_-1052209069496398974x_ydpc8b6c2edyiv0715209628m_-7053284676139993387m_4254001155987676180p1\"><span class=\"m_-1052209069496398974x_ydpc8b6c2edyiv0715209628m_-7053284676139993387m_4254001155987676180s1\">Valor para duas di\u00e1rias 590,00<\/span><\/p>\n<hr \/>\n<p class=\"m_-1052209069496398974x_ydpc8b6c2edyiv0715209628m_-7053284676139993387m_4254001155987676180p1\"><strong><span class=\"m_-1052209069496398974x_ydpc8b6c2edyiv0715209628m_-7053284676139993387m_4254001155987676180s1\">Mercure\u00a0<a id=\"m_-1052209069496398974LPlnk907067\" class=\"m_-1052209069496398974OWAAutoLink\" href=\"https:\/\/maps.google.com\/?q=S%C3%A3o+Paulo+%0D%0A+Alameda+It%C3%BA,+1151&amp;entry=gmail&amp;source=g\" target=\"_blank\" rel=\"nofollow noopener noreferrer\" data-saferedirecturl=\"https:\/\/www.google.com\/url?q=https:\/\/maps.google.com\/?q%3DS%25C3%25A3o%2BPaulo%2B%250D%250A%2BAlameda%2BIt%25C3%25BA,%2B1151%26entry%3Dgmail%26source%3Dg&amp;source=gmail&amp;ust=1536668336642000&amp;usg=AFQjCNH9s8uxapuYyhOhyQcF6WEpnMO2cQ\">S\u00e3o Paulo<\/a><\/span><\/strong><\/p>\n<p class=\"m_-1052209069496398974x_ydpc8b6c2edyiv0715209628m_-7053284676139993387m_4254001155987676180p2\"><span class=\"m_-1052209069496398974x_ydpc8b6c2edyiv0715209628m_-7053284676139993387m_4254001155987676180s1\">Alameda It\u00fa, 1151<\/span><span class=\"m_-1052209069496398974x_ydpc8b6c2edyiv0715209628m_-7053284676139993387m_4254001155987676180s2\">\u00a0&#8211; Fone:\u00a0<span class=\"m_-1052209069496398974x_ydpc8b6c2edyiv0715209628m_-7053284676139993387m_4254001155987676180s3\">3089-7555<\/span><\/span><\/p>\n<p class=\"m_-1052209069496398974x_ydpc8b6c2edyiv0715209628m_-7053284676139993387m_4254001155987676180p1\"><span class=\"m_-1052209069496398974x_ydpc8b6c2edyiv0715209628m_-7053284676139993387m_4254001155987676180s1\">Valor para duas di\u00e1rias653,00<\/span><\/p>\n<h3 class=\"m_-1052209069496398974x_ydpc8b6c2edyiv0715209628m_-7053284676139993387m_4254001155987676180p1\"><span class=\"m_-1052209069496398974x_ydpc8b6c2edyiv0715209628m_-7053284676139993387m_4254001155987676180s1\" style=\"color: #993300;\">HOSTEL<\/span><\/h3>\n<p class=\"m_-1052209069496398974x_ydpc8b6c2edyiv0715209628m_-7053284676139993387m_4254001155987676180p1\"><strong><span class=\"m_-1052209069496398974x_ydpc8b6c2edyiv0715209628m_-7053284676139993387m_4254001155987676180s1\">Okupe Hostel\u00a0<a id=\"m_-1052209069496398974LPlnk738605\" class=\"m_-1052209069496398974OWAAutoLink\" href=\"https:\/\/maps.google.com\/?q=Jardins+%0D%0A+Av+Rebou%C3%A7as,+990&amp;entry=gmail&amp;source=g\" target=\"_blank\" rel=\"nofollow noopener noreferrer\" data-saferedirecturl=\"https:\/\/www.google.com\/url?q=https:\/\/maps.google.com\/?q%3DJardins%2B%250D%250A%2BAv%2BRebou%25C3%25A7as,%2B990%26entry%3Dgmail%26source%3Dg&amp;source=gmail&amp;ust=1536668336642000&amp;usg=AFQjCNHI2nKDTwK43pySBc--izMWCEbh8Q\">Jardins<\/a><\/span><\/strong><\/p>\n<p class=\"m_-1052209069496398974x_ydpc8b6c2edyiv0715209628m_-7053284676139993387m_4254001155987676180p1\"><span class=\"m_-1052209069496398974x_ydpc8b6c2edyiv0715209628m_-7053284676139993387m_4254001155987676180s1\"><a id=\"m_-1052209069496398974LPlnk631278\" class=\"m_-1052209069496398974OWAAutoLink\" href=\"https:\/\/maps.google.com\/?q=Jardins+%0D%0A+Av+Rebou%C3%A7as,+990&amp;entry=gmail&amp;source=g\" target=\"_blank\" rel=\"nofollow noopener noreferrer\" data-saferedirecturl=\"https:\/\/www.google.com\/url?q=https:\/\/maps.google.com\/?q%3DJardins%2B%250D%250A%2BAv%2BRebou%25C3%25A7as,%2B990%26entry%3Dgmail%26source%3Dg&amp;source=gmail&amp;ust=1536668336642000&amp;usg=AFQjCNHI2nKDTwK43pySBc--izMWCEbh8Q\">Av Rebou\u00e7as, 990<\/a>\u00a0&#8211; Pr\u00f3ximo ao metr\u00f4 Oscar Freire &#8211; Fone:\u00a0<span class=\"m_-1052209069496398974x_ydpc8b6c2edyiv0715209628m_-7053284676139993387m_4254001155987676180s3\">4304-0663<\/span><\/span><\/p>\n<p class=\"m_-1052209069496398974x_ydpc8b6c2edyiv0715209628m_-7053284676139993387m_4254001155987676180p1\"><span class=\"m_-1052209069496398974x_ydpc8b6c2edyiv0715209628m_-7053284676139993387m_4254001155987676180s1\">Valor para duas di\u00e1rias58,00<\/span><\/p>\n<hr \/>\n<p class=\"m_-1052209069496398974x_ydpc8b6c2edyiv0715209628m_-7053284676139993387m_4254001155987676180p1\"><strong><span class=\"m_-1052209069496398974x_ydpc8b6c2edyiv0715209628m_-7053284676139993387m_4254001155987676180s1\">S\u00e3o Paulo Hostel Club<\/span><\/strong><\/p>\n<p class=\"m_-1052209069496398974x_ydpc8b6c2edyiv0715209628m_-7053284676139993387m_4254001155987676180p2\"><span class=\"m_-1052209069496398974x_ydpc8b6c2edyiv0715209628m_-7053284676139993387m_4254001155987676180s1\">Av. Rebol\u00e7as, 239<\/span><span class=\"m_-1052209069496398974x_ydpc8b6c2edyiv0715209628m_-7053284676139993387m_4254001155987676180s2\">\u00a0&#8211; Fone:\u00a0<span class=\"m_-1052209069496398974x_ydpc8b6c2edyiv0715209628m_-7053284676139993387m_4254001155987676180s3\">2366-4245<\/span><\/span><\/p>\n<p class=\"m_-1052209069496398974x_ydpc8b6c2edyiv0715209628m_-7053284676139993387m_4254001155987676180p1\"><span class=\"m_-1052209069496398974x_ydpc8b6c2edyiv0715209628m_-7053284676139993387m_4254001155987676180s1\">Valor para duas di\u00e1rias 110,00<\/span><\/p>\n<hr \/>\n<p class=\"m_-1052209069496398974x_ydpc8b6c2edyiv0715209628m_-7053284676139993387m_4254001155987676180p1\"><strong><span class=\"m_-1052209069496398974x_ydpc8b6c2edyiv0715209628m_-7053284676139993387m_4254001155987676180s1\">The Hostel Paulista<\/span><\/strong><\/p>\n<p class=\"m_-1052209069496398974x_ydpc8b6c2edyiv0715209628m_-7053284676139993387m_4254001155987676180p2\"><span class=\"m_-1052209069496398974x_ydpc8b6c2edyiv0715209628m_-7053284676139993387m_4254001155987676180s1\">Rua Pamplona,795 &#8211; Jardim Paulista<\/span><span class=\"m_-1052209069496398974x_ydpc8b6c2edyiv0715209628m_-7053284676139993387m_4254001155987676180s2\">\u00a0&#8211; Fone :<span class=\"m_-1052209069496398974x_ydpc8b6c2edyiv0715209628m_-7053284676139993387m_4254001155987676180s3\">4327-2753<\/span><\/span><\/p>\n<p class=\"m_-1052209069496398974x_ydpc8b6c2edyiv0715209628m_-7053284676139993387m_4254001155987676180p1\"><span class=\"m_-1052209069496398974x_ydpc8b6c2edyiv0715209628m_-7053284676139993387m_4254001155987676180s1\">Valor para duas di\u00e1rias97,00<\/span><\/p>\n<hr \/>\n<p class=\"m_-1052209069496398974x_ydpc8b6c2edyiv0715209628m_-7053284676139993387m_4254001155987676180p1\"><strong><span class=\"m_-1052209069496398974x_ydpc8b6c2edyiv0715209628m_-7053284676139993387m_4254001155987676180s1\">Bee W<\/span><\/strong><\/p>\n<p class=\"m_-1052209069496398974x_ydpc8b6c2edyiv0715209628m_-7053284676139993387m_4254001155987676180p1\"><span class=\"m_-1052209069496398974x_ydpc8b6c2edyiv0715209628m_-7053284676139993387m_4254001155987676180s3\">Rua Haddock Lobo, 167<\/span><span class=\"m_-1052209069496398974x_ydpc8b6c2edyiv0715209628m_-7053284676139993387m_4254001155987676180s1\"><a id=\"m_-1052209069496398974LPlnk243062\" class=\"m_-1052209069496398974OWAAutoLink\" href=\"https:\/\/maps.google.com\/?q=Rua+Haddock+Lobo,+167+-+Consola%C3%A7%C3%A3o&amp;entry=gmail&amp;source=g\" target=\"_blank\" rel=\"nofollow noopener noreferrer\" data-saferedirecturl=\"https:\/\/www.google.com\/url?q=https:\/\/maps.google.com\/?q%3DRua%2BHaddock%2BLobo,%2B167%2B-%2BConsola%25C3%25A7%25C3%25A3o%26entry%3Dgmail%26source%3Dg&amp;source=gmail&amp;ust=1536668336642000&amp;usg=AFQjCNHqjTxHSVfvRMsjVEgmar_Hj6Vdrw\">&#8211; Consola\u00e7\u00e3o<\/a>\u00a0&#8211; Fone :\u00a0<span class=\"m_-1052209069496398974x_ydpc8b6c2edyiv0715209628m_-7053284676139993387m_4254001155987676180s3\">4328-6222<\/span><\/span><\/p>\n<p class=\"m_-1052209069496398974x_ydpc8b6c2edyiv0715209628m_-7053284676139993387m_4254001155987676180p1\"><span class=\"m_-1052209069496398974x_ydpc8b6c2edyiv0715209628m_-7053284676139993387m_4254001155987676180s1\">Valor para duas di\u00e1rias150,00<\/span><\/p>\n<hr \/>\n<p class=\"m_-1052209069496398974x_ydpc8b6c2edyiv0715209628m_-7053284676139993387m_4254001155987676180p1\"><strong><span class=\"m_-1052209069496398974x_ydpc8b6c2edyiv0715209628m_-7053284676139993387m_4254001155987676180s1\">Lobo Uban Stay<\/span><\/strong><\/p>\n<p class=\"m_-1052209069496398974x_ydpc8b6c2edyiv0715209628m_-7053284676139993387m_4254001155987676180p2\"><span class=\"m_-1052209069496398974x_ydpc8b6c2edyiv0715209628m_-7053284676139993387m_4254001155987676180s1\">Rua Haddock Lobo, 893<\/span><span class=\"m_-1052209069496398974x_ydpc8b6c2edyiv0715209628m_-7053284676139993387m_4254001155987676180s2\">\u00a0&#8211; Fone:\u00a0<span class=\"m_-1052209069496398974x_ydpc8b6c2edyiv0715209628m_-7053284676139993387m_4254001155987676180s3\">3085-9888<\/span><\/span><\/p>\n<\/div>\n<\/div>\n<\/div>\n<\/div>\n<\/div>\n<\/div>\n<div>\n<div>\n<div id=\"m_-1052209069496398974x_ydpc8b6c2edyahoo_quoted_7267506289\" class=\"m_-1052209069496398974x_ydpc8b6c2edyahoo_quoted\">\n<div>\n<div>\n<div id=\"m_-1052209069496398974x_ydpc8b6c2edyiv0715209628\">\n<div>\n<div class=\"m_-1052209069496398974x_ydpc8b6c2edyiv0715209628gmail_quote\">\n<div>\n<div>\n<div>\n<div>\n<div class=\"m_-1052209069496398974x_ydpc8b6c2edyiv0715209628gmail_quote\">\n<div>\n<p class=\"m_-1052209069496398974x_ydpc8b6c2edyiv0715209628m_-7053284676139993387m_4254001155987676180p1\"><span class=\"m_-1052209069496398974x_ydpc8b6c2edyiv0715209628m_-7053284676139993387m_4254001155987676180s1\">Valor para duas di\u00e1rias 124,00<\/span><\/p>\n<\/div>\n<\/div>\n<\/div>\n<\/div>\n<\/div>\n<\/div>\n<\/div>\n<\/div>\n<\/div>\n<\/div>\n<\/div>\n<\/div>\n<\/div>\n<\/div>\n[\/vc_column_text][\/vc_column][\/vc_row]\n<\/section>","protected":false},"excerpt":{"rendered":"<p>[vc_row][vc_column][eikra-vc-text-title style=&#8221;style2&#8243; title=&#8221;Dicas de Hospedagem&#8221;][\/eikra-vc-text-title][vc_column_text] No local do evento: \u00a0Meli\u00e1 Paulista Os inscritos nas Jornadas podem fazer reserva de hospedagem no local do evento com desconto, basta entrar no site do hotelhttps:\/\/www.melia.com\/\u00a0e utilizar o c\u00f3digo\u00a0EBP\/SP 2018. Per\u00edodo Categoria Di\u00e1ria SGL (uma pessoa) Di\u00e1ria DBL (duas pessoas) 25 a 28 de Outubro de 2018 Classic Twin&hellip;<\/p>\n","protected":false},"author":1,"featured_media":0,"parent":1194,"menu_order":0,"comment_status":"closed","ping_status":"closed","template":"","meta":{"footnotes":""},"class_list":["post-3310","page","type-page","status-publish","hentry","entry","no-media"],"aioseo_notices":[],"_links":{"self":[{"href":"https:\/\/ebp.org.br\/sp\/wp-json\/wp\/v2\/pages\/3310","targetHints":{"allow":["GET"]}}],"collection":[{"href":"https:\/\/ebp.org.br\/sp\/wp-json\/wp\/v2\/pages"}],"about":[{"href":"https:\/\/ebp.org.br\/sp\/wp-json\/wp\/v2\/types\/page"}],"author":[{"embeddable":true,"href":"https:\/\/ebp.org.br\/sp\/wp-json\/wp\/v2\/users\/1"}],"replies":[{"embeddable":true,"href":"https:\/\/ebp.org.br\/sp\/wp-json\/wp\/v2\/comments?post=3310"}],"version-history":[{"count":0,"href":"https:\/\/ebp.org.br\/sp\/wp-json\/wp\/v2\/pages\/3310\/revisions"}],"up":[{"embeddable":true,"href":"https:\/\/ebp.org.br\/sp\/wp-json\/wp\/v2\/pages\/1194"}],"wp:attachment":[{"href":"https:\/\/ebp.org.br\/sp\/wp-json\/wp\/v2\/media?parent=3310"}],"curies":[{"name":"wp","href":"https:\/\/api.w.org\/{rel}","templated":true}]}}