{"id":3252,"date":"2018-08-11T03:39:18","date_gmt":"2018-08-11T06:39:18","guid":{"rendered":"http:\/\/ebp.org.br\/sp\/?page_id=3252"},"modified":"2018-08-11T03:39:18","modified_gmt":"2018-08-11T06:39:18","slug":"cupid-04","status":"publish","type":"page","link":"https:\/\/ebp.org.br\/sp\/jornadas\/viii-jornadas\/boletim-viii-jornadas\/cupid-04\/","title":{"rendered":"#Cupid 04"},"content":{"rendered":"<section class=\"wpb-content-wrapper\">[vc_row][vc_column][vc_single_image image=&#8221;3253&#8243; img_size=&#8221;full&#8221; alignment=&#8221;center&#8221;][\/vc_column][\/vc_row][vc_row][vc_column][vc_row_inner][vc_column_inner width=&#8221;1\/2&#8243;][vc_column_text]\n<p style=\"text-align: right;\"><strong>As sem-raz\u00f5es do amor<\/strong><\/p>\n<p style=\"text-align: right;\">Eu te amo porque te amo,<br \/>\nN\u00e3o precisas ser amante,<br \/>\ne nem sempre sabes s\u00ea-lo.<br \/>\nEu te amo porque te amo.<br \/>\nAmor \u00e9 estado de gra\u00e7a<br \/>\ne com amor n\u00e3o se paga.<\/p>\n<p style=\"text-align: right;\">Amor \u00e9 dado de gra\u00e7a,<br \/>\n\u00e9 semeado no vento,<br \/>\nna cachoeira, no eclipse.<br \/>\nAmor foge a dicion\u00e1rios<br \/>\ne a regulamentos v\u00e1rios.<\/p>\n<p style=\"text-align: right;\">Eu te amo porque n\u00e3o amo<br \/>\nbastante ou demais a mim.<br \/>\nPorque amor n\u00e3o se troca,<br \/>\nn\u00e3o se conjuga nem se ama.<br \/>\nPorque amor \u00e9 amor a nada,<br \/>\nfeliz e forte em si mesmo.<\/p>\n<p style=\"text-align: right;\">Amor \u00e9 primo da morte,<br \/>\ne da morte vencedor,<br \/>\npor mais que o matem (e matam)<br \/>\na cada instante de amor.<\/p>\n<h6 style=\"text-align: right;\">Carlos Drummond de Andrade , &#8220;Amar se aprende amando&#8221;. Rio de Janeiro: Record. 1985<\/h6>\n[\/vc_column_text][\/vc_column_inner][vc_column_inner width=&#8221;1\/2&#8243;][vc_column_text]\n<figure id=\"attachment_3223\" aria-describedby=\"caption-attachment-3223\" style=\"width: 174px\" class=\"wp-caption alignleft\"><img loading=\"lazy\" decoding=\"async\" class=\"size-full wp-image-3223\" src=\"http:\/\/ebp.org.br\/sp\/wp-content\/uploads\/2018\/08\/cupid04_002.png\" alt=\"\" width=\"174\" height=\"216\" \/><figcaption id=\"caption-attachment-3223\" class=\"wp-caption-text\">Instala\u00e7\u00e3o : Chiharu Shiota ; Foto : Instagram @photocriticgallery<\/figcaption><\/figure>\n[\/vc_column_text][\/vc_column_inner][\/vc_row_inner][vc_column_text]\n<figure id=\"attachment_3222\" aria-describedby=\"caption-attachment-3222\" style=\"width: 209px\" class=\"wp-caption alignright\"><img loading=\"lazy\" decoding=\"async\" class=\"size-full wp-image-3222\" src=\"https:\/\/ebp.org.br\/new\/sp\/wp-content\/uploads\/2018\/08\/cupid04_001-1.png\" alt=\"\" width=\"209\" height=\"244\" \/><figcaption id=\"caption-attachment-3222\" class=\"wp-caption-text\">Instala\u00e7\u00e3o: Chiharu Shiota; Foto: Instagram @loveartinternational<\/figcaption><\/figure>\n<h3><span style=\"color: #993300;\">#Editorial<\/span><\/h3>\n<h6>Por Alessandra Sartorello Pecego<\/h6>\n<p>\u00c9 com especial olhar e aten\u00e7\u00e3o que os convido a se embrenharem na leitura de #Cupid \u2013 n\u00famero 4. Penso que contamos aqui com textos precisos, que podem produzir inquieta\u00e7\u00f5es para as discuss\u00f5es que vir\u00e3o nas VIII Jornadas da EBP-SP- Amor e sexo em tempos de (des)conex\u00f5es.<\/p>\n<p>Drummond, o poeta, nos interpreta. Eu gostaria de pin\u00e7ar os versos abaixo como b\u00fassola de leitura para os textos deste boletim, uma marcada (des)conex\u00e3o e uma poss\u00edvel supl\u00eancia \u00e0 n\u00e3o rela\u00e7\u00e3o sexual:<br \/>\n\u201cPorque amor \u00e9 amor a nada,<br \/>\nfeliz e forte em si mesmo.\u201d[\/vc_column_text][vc_btn title=&#8221;Leia mais&#8221; color=&#8221;juicy-pink&#8221; link=&#8221;url:http%3A%2F%2Febp.org.br%2Fsp%2Feditorial-boletim-cupid-04%2F|||&#8221;][vc_separator][vc_column_text]\n<figure id=\"attachment_3224\" aria-describedby=\"caption-attachment-3224\" style=\"width: 227px\" class=\"wp-caption alignright\"><img loading=\"lazy\" decoding=\"async\" class=\"size-full wp-image-3224\" src=\"https:\/\/ebp.org.br\/new\/sp\/wp-content\/uploads\/2018\/08\/cupid04_003-1.png\" alt=\"\" width=\"227\" height=\"178\" \/><figcaption id=\"caption-attachment-3224\" class=\"wp-caption-text\">Escultura: Tunga; Foto: Instagram @luhringaugustine<\/figcaption><\/figure>\n<h3><span style=\"color: #993300;\">#Orienta\u00e7\u00e3o<\/span><\/h3>\n<p><strong>Desencanto da sexualidade<\/strong><\/p>\n<h6>Por Maria Josefina Sota Fuentes<\/h6>\n<p>Mais do que uma leitura de Freud, o ensino de Lacan \u00e9 sua resposta singular ao que foi o acontecimento Freud na cultura, ou, como diz Miller, ao \u201ctraumatismo Freud\u201d, j\u00e1 que Lacan a ele reage sintomaticamente, em traumatismo, procurando com seu ensino transmitir a radicalidade da descoberta freudiana que esburaca o discurso universal desvelando o furo da estrutura.<\/p>\n<p>Mal compreendido, foi um esc\u00e2ndalo Freud afirmar que o inconsciente s\u00f3 reconhece a inscri\u00e7\u00e3o do falo para diferenciar os dois sexos em termos de castra\u00e7\u00e3o. A puls\u00e3o genital \u2013 aquela que conduziria&#8230;[\/vc_column_text][vc_btn title=&#8221;Leia mais&#8221; color=&#8221;juicy-pink&#8221; link=&#8221;url:http%3A%2F%2Febp.org.br%2Fsp%2Forientacao-desencanto-da-sexualidade%2F|||&#8221;][vc_separator][vc_column_text]\n<figure id=\"attachment_3245\" aria-describedby=\"caption-attachment-3245\" style=\"width: 200px\" class=\"wp-caption alignright\"><img loading=\"lazy\" decoding=\"async\" class=\"size-full wp-image-3245\" src=\"https:\/\/ebp.org.br\/new\/sp\/wp-content\/uploads\/2018\/08\/cupid04_0031-1.png\" alt=\"\" width=\"200\" height=\"267\" \/><figcaption id=\"caption-attachment-3245\" class=\"wp-caption-text\">Psiche sorprende Amore, dipinto di Giovanni Francesco Zucchi conservato alla Galleria Borghese di Roma &#8211; Credito fotografico: Archivi Alinari, Firenze<\/figcaption><\/figure>\n<p><strong>Amor e Verdade Mentirosa,<\/strong><br \/>\n<strong>Uma conjectura sobre Eros e Psiqu\u00ea<\/strong><\/p>\n<h6>Por Maria do Carmo Dias Batista<\/h6>\n<p>A verdade mentirosa foi formulada por Lacan no Pref\u00e1cio \u00e0 Edi\u00e7\u00e3o Inglesa do Semin\u00e1rio 11. Ele come\u00e7a seu escrito enfatizando a rela\u00e7\u00e3o entre verdade e mentira, \u201cn\u00e3o h\u00e1 verdade que, ao passar pela aten\u00e7\u00e3o, n\u00e3o minta\u201d, para depois discorrer sobre analisantes e analistas desde Freud, colocar nisso sua \u201cpitada de sal\u201d, a histoeria (hist\u00f3ria\/histeria) e, sobretudo, falar do passe como estando \u00e0 disposi\u00e7\u00e3o \u201cdaqueles que se arriscam a testemunhar da melhor maneira poss\u00edvel sobre a verdade mentirosa.\u201d Ou seja, chegar ao final da an\u00e1lise e ser capaz de historisterizar a si mesmo, substituindo a cren\u00e7a na verdade de sua hist\u00f3ria pela constata\u00e7\u00e3o de que se trata de uma verdade mentirosa.[\/vc_column_text][vc_btn title=&#8221;Leia mais&#8221; color=&#8221;juicy-pink&#8221; link=&#8221;url:http%3A%2F%2Febp.org.br%2Fsp%2Forientacao-amor-e-verdade-mentirosa-uma-conjectura-sobre-eros-e-psique%2F|||&#8221;][vc_separator][vc_column_text]\n<h3><span style=\"color: #993300;\">#Ecos de Quarta<\/span><\/h3>\n<figure id=\"attachment_3225\" aria-describedby=\"caption-attachment-3225\" style=\"width: 173px\" class=\"wp-caption alignright\"><img loading=\"lazy\" decoding=\"async\" class=\"size-full wp-image-3225\" src=\"https:\/\/ebp.org.br\/new\/sp\/wp-content\/uploads\/2018\/08\/cupid04_004-1.png\" alt=\"\" width=\"173\" height=\"171\" \/><figcaption id=\"caption-attachment-3225\" class=\"wp-caption-text\">Grafiti: Osgemeos (detalhe); Foto: Instagram @quelig<\/figcaption><\/figure>\n<p><strong>Pontua\u00e7\u00f5es preparat\u00f3rias para VIII Jornadas da EBP-SP- Amor e sexo em tempos de (des)conex\u00f5es<\/strong><\/p>\n<h6>Por Paola Salinas<\/h6>\n<p>Segundo Stevens a adolesc\u00eancia \u00e9 um sintoma, tentativa de subjetivar o real expresso nas transforma\u00e7\u00f5es do corpo na puberdade. Este se apresenta como estranho, pulsional, exigindo uma satisfa\u00e7\u00e3o frente \u00e0 qual o adolescente n\u00e3o tem nem um saber, nem um saber-fazer a respeito. A mudan\u00e7a, em termos da puls\u00e3o sexual, at\u00e9 ent\u00e3o expressa na satisfa\u00e7\u00e3o perverso polimorfa, aponta para uma satisfa\u00e7\u00e3o de cunho genital\/sexual, um novo modo de gozo que pode incluir um parceiro sexual.[\/vc_column_text][vc_btn title=&#8221;Leia mais&#8221; color=&#8221;juicy-pink&#8221; link=&#8221;url:http%3A%2F%2Febp.org.br%2Fsp%2Fecos-de-quarta-a-disjuncao-entre-o-sexo-e-o-saber-nos-adolescentes%2F|||&#8221;][vc_separator][vc_column_text]\n<h3><span style=\"color: #993300;\">#Ecos do Trabalho em Cartel<\/span><\/h3>\n<figure id=\"attachment_3226\" aria-describedby=\"caption-attachment-3226\" style=\"width: 176px\" class=\"wp-caption alignright\"><img loading=\"lazy\" decoding=\"async\" class=\"size-full wp-image-3226\" src=\"https:\/\/ebp.org.br\/new\/sp\/wp-content\/uploads\/2018\/08\/cupid04_005-1.png\" alt=\"\" width=\"176\" height=\"130\" \/><figcaption id=\"caption-attachment-3226\" class=\"wp-caption-text\">Instala\u00e7\u00e3o MAM-SP; Foto: Instagram @vanderem<\/figcaption><\/figure>\n<p><strong>(Des)Conex\u00e3o e desenlace: considera\u00e7\u00e3o sobre a pr\u00e1tica cl\u00ednica com adolescentes<\/strong><\/p>\n<h6>Por Emelice Prado Bagnola<\/h6>\n<p>O sonho \u00e9 a Via R\u00e9gia para o Inconsciente, como nos ensina Freud. Dessa forma, tomo a adolesc\u00eancia como a estrada que me permite abrir quest\u00f5es sobre o trabalho da psican\u00e1lise em nossa \u00e9poca. \u00c9 ao lado das novidades que se apresentam nesta cl\u00ednica que compartilho algumas quest\u00f5es que penso sobre o enigma que enla\u00e7a corpo e sintoma, na perspectiva de articular como participa a palavra na dire\u00e7\u00e3o de um tratamento. O que faz marca na subjetividade dos jovens hoje?[\/vc_column_text][vc_btn title=&#8221;Leia mais&#8221; color=&#8221;juicy-pink&#8221; link=&#8221;url:http%3A%2F%2Febp.org.br%2Fsp%2Fecos-do-trabalho-no-cartel-desconexao-e-desenlace-consideracao-sobre-a-pratica-clinica-com-adolescentes%2F|||&#8221;][vc_separator][vc_column_text]\n<figure id=\"attachment_3227\" aria-describedby=\"caption-attachment-3227\" style=\"width: 200px\" class=\"wp-caption alignright\"><img loading=\"lazy\" decoding=\"async\" class=\"size-full wp-image-3227\" src=\"https:\/\/ebp.org.br\/new\/sp\/wp-content\/uploads\/2018\/08\/cupid04_006-1.png\" alt=\"\" width=\"200\" height=\"198\" srcset=\"https:\/\/ebp.org.br\/sp\/wp-content\/uploads\/2018\/08\/cupid04_006-1.png 200w, https:\/\/ebp.org.br\/sp\/wp-content\/uploads\/2018\/08\/cupid04_006-1-150x150.png 150w\" sizes=\"auto, (max-width: 200px) 100vw, 200px\" \/><figcaption id=\"caption-attachment-3227\" class=\"wp-caption-text\">Instala\u00e7\u00e3o: Chiharu Shiota; Foto: Instagram @thats.ok.i.suppose<\/figcaption><\/figure>\n<h3><span style=\"color: #993300;\">#Algumas Palavras<\/span><\/h3>\n<p><strong>O novo amor como resposta ao mal-estar contempor\u00e2neo. Uma resenha de \u201cLos decires del amor\u201d, de Oscar Zack.<\/strong><\/p>\n<h6>Por Antonio Alberto Peixoto de Almeida<\/h6>\n<p>O cap\u00edtulo \u201cLos decires del amor\u201d faz parte do livro de mesmo nome de Oscar Zack. Trata-se de uma colet\u00e2nea de publica\u00e7\u00f5es e de aulas ministradas por ele em semin\u00e1rio realizado na EOL, em 2010\/2011. Para nomea\u00e7\u00e3o, o autor partiu da frase de Lacan: \u201c(&#8230;) \u00c9 surpreendente que esse sentido se reduza ao n\u00e3o-sentido: ao n\u00e3o-sentido da rela\u00e7\u00e3o sexual que \u00e9 patente desde sempre nos ditos amorosos\u201d.[\/vc_column_text][vc_btn title=&#8221;Leia mais&#8221; color=&#8221;juicy-pink&#8221; link=&#8221;url:http%3A%2F%2Febp.org.br%2Fsp%2Falgumas-palavras-o-novo-amor-como-resposta-ao-mal-estar-contemporaneo-uma-resenha-de-los-decires-del-amor-de-oscar-zack%2F|||&#8221;][vc_separator][vc_column_text]\n<figure id=\"attachment_3230\" aria-describedby=\"caption-attachment-3230\" style=\"width: 300px\" class=\"wp-caption alignright\"><img loading=\"lazy\" decoding=\"async\" class=\"wp-image-3230 size-full\" src=\"http:\/\/ebp.org.br\/sp\/wp-content\/uploads\/2018\/08\/cupid04_0071.jpg\" alt=\"\" width=\"300\" height=\"175\" \/><figcaption id=\"caption-attachment-3230\" class=\"wp-caption-text\">Adoniran em 1967, tempo em que exercia tanto a atividade de ator quanto a de m\u00fasico<\/figcaption><\/figure>\n<h3><span style=\"color: #993300;\">#Match4<\/span><\/h3>\n<h6>Por Comiss\u00e3o de Acolhimento<\/h6>\n<p>\u201c Com a corda mi do meu cavaquinho fiz uma alian\u00e7a pra ela prova de carinho!\u201d<\/p>\n<p>Jo\u00e3o Rubinato (1910 a 1982) transformou o seu nome de batismo para compor, como Adoniram Barbosa, as can\u00e7\u00f5es que em todos os acordes demonstram a rela\u00e7\u00e3o do artista multim\u00eddia com a cidade de S\u00e3o Paulo atrav\u00e9s dos seus sambas.[\/vc_column_text][vc_btn title=&#8221;Leia mais&#8221; color=&#8221;juicy-pink&#8221; link=&#8221;url:http%3A%2F%2Febp.org.br%2Fsp%2Fmatch-exposicao-a-letra-e-a-traca-da-letra%2F|||&#8221;][\/vc_column][\/vc_row][vc_row css=&#8221;.vc_custom_1528402509152{background-color: #f4f4f4 !important;}&#8221;][vc_column width=&#8221;1\/2&#8243;][vc_column_text]\n<h3 style=\"text-align: center;\"><span style=\"color: #800000;\">Refer\u00eancias bibliogr\u00e1ficas<\/span><\/h3>\n<h6 style=\"text-align: center;\">Por Daniela de Barros Affonso\u00a0e Comiss\u00e3o<\/h6>\n<p><img loading=\"lazy\" decoding=\"async\" class=\"size-full wp-image-3018 aligncenter\" src=\"http:\/\/ebp.org.br\/sp\/wp-content\/uploads\/2018\/06\/cupid002_mini_biblio.png\" alt=\"\" width=\"340\" height=\"170\" \/>[\/vc_column_text][vc_btn title=&#8221;Leia mais&#8221; color=&#8221;juicy-pink&#8221; align=&#8221;center&#8221; link=&#8221;url:http%3A%2F%2Febp.org.br%2Fsp%2Fjornadas%2Fviii-jornadas%2Fbibliografia-viii-jornadas%2F|||&#8221;][\/vc_column][vc_column width=&#8221;1\/2&#8243;][vc_column_text]\n<h3 style=\"text-align: center;\"><span style=\"color: #800000;\">Inscri\u00e7\u00f5es<\/span><\/h3>\n<h6 style=\"text-align: center;\">Clique para maiores informa\u00e7\u00f5es<\/h6>\n<p style=\"text-align: center;\"><img loading=\"lazy\" decoding=\"async\" class=\"size-full wp-image-3019 aligncenter\" src=\"http:\/\/ebp.org.br\/sp\/wp-content\/uploads\/2018\/06\/inscricoes.png\" alt=\"\" width=\"340\" height=\"170\" \/><\/p>\n[\/vc_column_text][vc_btn title=&#8221;Leia mais&#8221; color=&#8221;juicy-pink&#8221; align=&#8221;center&#8221; link=&#8221;url:http%3A%2F%2Febp.org.br%2Fsp%2Fjornadas%2Fviii-jornadas%2Finscricoes-viii-jornadas%2F|||&#8221;][\/vc_column][\/vc_row][vc_row css=&#8221;.vc_custom_1533969855508{background-color: #d1d1d1 !important;}&#8221;][vc_column][vc_column_text]\n<figure id=\"attachment_3228\" aria-describedby=\"caption-attachment-3228\" style=\"width: 191px\" class=\"wp-caption alignright\"><img loading=\"lazy\" decoding=\"async\" class=\"wp-image-3228 size-full\" src=\"http:\/\/ebp.org.br\/sp\/wp-content\/uploads\/2018\/08\/cupid04_007.png\" alt=\"\" width=\"191\" height=\"189\" \/><figcaption id=\"caption-attachment-3228\" class=\"wp-caption-text\">Foto: Metr\u00f4 Bresser; Instagram @offduds<\/figcaption><\/figure>\n<h3><span style=\"color: #993300;\">N\u00e3o perca o timing!<\/span><\/h3>\n<p>Para participar das Jornadas da EBP-SP de 2018 \u00e9 preciso, em primeiro lugar, que voc\u00ea esteja inscrito. Certifique-se disto e depois escreva um texto com at\u00e9 6000 caracteres (com espa\u00e7os) na fonte Times New Roman 12, e envie-o a <a href=\"mailto:mcferretti@uol.com.br\">mcferretti@uol.com.br<\/a> e <a href=\"mailto:verimarucio@gmail.com\">verimarucio@gmail.com<\/a> at\u00e9 o dia 17\/09. Fique atento tamb\u00e9m \u00e0s cita\u00e7\u00f5es, cujas refer\u00eancias bibliogr\u00e1ficas devem vir na forma de nota de final de texto, e n\u00e3o de rodap\u00e9! As orienta\u00e7\u00f5es para cita\u00e7\u00e3o podem ser encontradas <a href=\"http:\/\/ebp.org.br\/sp\/jornadas\/viii-jornadas\/envio-de-trabalhos-viii-jornadas\/\">aqui<\/a>.[\/vc_column_text][\/vc_column][\/vc_row][vc_row][vc_column][vc_column_text]\n<p style=\"text-align: center;\"><img loading=\"lazy\" decoding=\"async\" class=\"size-full wp-image-2867 aligncenter\" src=\"http:\/\/ebp.org.br\/sp\/wp-content\/uploads\/2018\/05\/logo_rodape.jpg\" alt=\"\" width=\"187\" height=\"72\" \/><\/p>\n<p style=\"text-align: center;\"><strong>Equipe do Boletim #Cupid<\/strong><\/p>\n<p style=\"text-align: center;\">Milena Vicari Crastelo &#8211; Paula Caio &#8211; Eliana Figueiredo\u00a0 &#8211; Alessandra Pecego<br \/>\nMarcelo Augusto Fabri de Carvalho\u00a0 &#8211; Fabiola Ramon\u00a0 &#8211; Felipe Bier<\/p>\n[\/vc_column_text][\/vc_column][\/vc_row][vc_row][vc_column][vc_single_image image=&#8221;2866&#8243; img_size=&#8221;full&#8221; alignment=&#8221;center&#8221;][\/vc_column][\/vc_row]\n<\/section>","protected":false},"excerpt":{"rendered":"<p>[vc_row][vc_column][vc_single_image image=&#8221;3253&#8243; img_size=&#8221;full&#8221; alignment=&#8221;center&#8221;][\/vc_column][\/vc_row][vc_row][vc_column][vc_row_inner][vc_column_inner width=&#8221;1\/2&#8243;][vc_column_text] As sem-raz\u00f5es do amor Eu te amo porque te amo, N\u00e3o precisas ser amante, e nem sempre sabes s\u00ea-lo. Eu te amo porque te amo. Amor \u00e9 estado de gra\u00e7a e com amor n\u00e3o se paga. Amor \u00e9 dado de gra\u00e7a, \u00e9 semeado no vento, na cachoeira, no eclipse. Amor&hellip;<\/p>\n","protected":false},"author":1,"featured_media":0,"parent":2816,"menu_order":0,"comment_status":"closed","ping_status":"closed","template":"","meta":{"footnotes":""},"class_list":["post-3252","page","type-page","status-publish","hentry","entry","no-media"],"aioseo_notices":[],"_links":{"self":[{"href":"https:\/\/ebp.org.br\/sp\/wp-json\/wp\/v2\/pages\/3252","targetHints":{"allow":["GET"]}}],"collection":[{"href":"https:\/\/ebp.org.br\/sp\/wp-json\/wp\/v2\/pages"}],"about":[{"href":"https:\/\/ebp.org.br\/sp\/wp-json\/wp\/v2\/types\/page"}],"author":[{"embeddable":true,"href":"https:\/\/ebp.org.br\/sp\/wp-json\/wp\/v2\/users\/1"}],"replies":[{"embeddable":true,"href":"https:\/\/ebp.org.br\/sp\/wp-json\/wp\/v2\/comments?post=3252"}],"version-history":[{"count":0,"href":"https:\/\/ebp.org.br\/sp\/wp-json\/wp\/v2\/pages\/3252\/revisions"}],"up":[{"embeddable":true,"href":"https:\/\/ebp.org.br\/sp\/wp-json\/wp\/v2\/pages\/2816"}],"wp:attachment":[{"href":"https:\/\/ebp.org.br\/sp\/wp-json\/wp\/v2\/media?parent=3252"}],"curies":[{"name":"wp","href":"https:\/\/api.w.org\/{rel}","templated":true}]}}