{"id":3160,"date":"2018-07-22T06:26:09","date_gmt":"2018-07-22T09:26:09","guid":{"rendered":"http:\/\/ebp.org.br\/sp\/?page_id=3160"},"modified":"2018-07-22T06:26:09","modified_gmt":"2018-07-22T09:26:09","slug":"cupid-03","status":"publish","type":"page","link":"https:\/\/ebp.org.br\/sp\/jornadas\/viii-jornadas\/boletim-viii-jornadas\/cupid-03\/","title":{"rendered":"#Cupid 03"},"content":{"rendered":"<section class=\"wpb-content-wrapper\">[vc_row][vc_column][vc_single_image image=&#8221;3168&#8243; img_size=&#8221;full&#8221; alignment=&#8221;center&#8221;][\/vc_column][\/vc_row][vc_row][vc_column][vc_column_text]\n<figure id=\"attachment_3161\" aria-describedby=\"caption-attachment-3161\" style=\"width: 192px\" class=\"wp-caption alignright\"><img loading=\"lazy\" decoding=\"async\" class=\"size-full wp-image-3161\" src=\"https:\/\/ebp.org.br\/new\/sp\/wp-content\/uploads\/2018\/07\/boletim3_001-1.png\" alt=\"\" width=\"192\" height=\"193\" srcset=\"https:\/\/ebp.org.br\/sp\/wp-content\/uploads\/2018\/07\/boletim3_001-1.png 192w, https:\/\/ebp.org.br\/sp\/wp-content\/uploads\/2018\/07\/boletim3_001-1-150x150.png 150w\" sizes=\"auto, (max-width: 192px) 100vw, 192px\" \/><figcaption id=\"caption-attachment-3161\" class=\"wp-caption-text\">(Foto: Instagram @cimkedi)<\/figcaption><\/figure>\n<p>\u201cQualquer coisa<br \/>\npergunta-me qualquer coisa<br \/>\numa tolice<br \/>\num mist\u00e9rio indecifr\u00e1vel<br \/>\nsimplesmente<br \/>\npara que eu saiba<br \/>\nque queres ainda saber<br \/>\npara que mesmo sem te responder<br \/>\nsaibas o que te quero dizer\u201d<\/p>\n<h6>Excerto do poema \u201cPergunta-me\u201d, in Raiz de orvalho e outros poemas. Mia Couto \u2013<\/h6>\n[\/vc_column_text][vc_column_text]\n<figure id=\"attachment_3162\" aria-describedby=\"caption-attachment-3162\" style=\"width: 192px\" class=\"wp-caption alignright\"><img loading=\"lazy\" decoding=\"async\" class=\"size-full wp-image-3162\" src=\"https:\/\/ebp.org.br\/new\/sp\/wp-content\/uploads\/2018\/07\/boletim3_002-1.png\" alt=\"\" width=\"192\" height=\"192\" srcset=\"https:\/\/ebp.org.br\/sp\/wp-content\/uploads\/2018\/07\/boletim3_002-1.png 192w, https:\/\/ebp.org.br\/sp\/wp-content\/uploads\/2018\/07\/boletim3_002-1-150x150.png 150w\" sizes=\"auto, (max-width: 192px) 100vw, 192px\" \/><figcaption id=\"caption-attachment-3162\" class=\"wp-caption-text\">(Foto: Instagram @estelionathalia)<\/figcaption><\/figure>\n<h3><span style=\"color: #800000;\">#Editorial<\/span><\/h3>\n<h6>Por Milena Vicari Crastelo<\/h6>\n<p>Em nosso #Cupid, terceiro n\u00famero, voc\u00eas encontrar\u00e3o contribui\u00e7\u00f5es valiosas para a VIII Jornadas da Escola Brasileira de Psican\u00e1lise Se\u00e7\u00e3o S\u00e3o Paulo \u2013 Amor e sexo em tempos de (des)conex\u00f5es.<\/p>\n<p>A rubrica #orienta\u00e7\u00e3o, traz dois textos, um de nossa convidada Christiane Alberti: Mais longe que o amor, publicado na revista La Cause du D\u00e9sir n\u00b0 92, texto escrito para 45\u00b0 Journ\u00e9es de l\u00b4\u00c9cole da la Cause Freudienne&#8230;[\/vc_column_text][vc_btn title=&#8221;Leia mais&#8221; color=&#8221;juicy-pink&#8221; link=&#8221;url:http%3A%2F%2Febp.org.br%2Fsp%2Feditorial-boletim-cupid-03%2F|||&#8221;][vc_separator][vc_column_text]\n<div class=\"mceTemp\">\n<h3><span style=\"color: #993300;\">#Orienta\u00e7\u00e3o<\/span><\/h3>\n<h3><span style=\"color: #993300;\">Mais longe que o amor<\/span><\/h3>\n<h6>Por Christiane Alberti<\/h6>\n<\/div>\n<figure id=\"attachment_3163\" aria-describedby=\"caption-attachment-3163\" style=\"width: 169px\" class=\"wp-caption alignright\"><img loading=\"lazy\" decoding=\"async\" class=\"size-full wp-image-3163\" src=\"https:\/\/ebp.org.br\/new\/sp\/wp-content\/uploads\/2018\/07\/boletim3_003-1.png\" alt=\"\" width=\"169\" height=\"169\" srcset=\"https:\/\/ebp.org.br\/sp\/wp-content\/uploads\/2018\/07\/boletim3_003-1.png 169w, https:\/\/ebp.org.br\/sp\/wp-content\/uploads\/2018\/07\/boletim3_003-1-150x150.png 150w\" sizes=\"auto, (max-width: 169px) 100vw, 169px\" \/><figcaption id=\"caption-attachment-3163\" class=\"wp-caption-text\">(Foto: Instagram sp_arte)<\/figcaption><\/figure>\n<p>Um nada enigm\u00e1tico, a express\u00e3o de Lacan \u201cfazer par\u201d logo nos arrastou, em um ritmo vertiginoso, a um trabalho de estudo com os m\u00faltiplos recursos da doutrina e uma explora\u00e7\u00e3o nos quatro cantos dos discursos contempor\u00e2neos.<\/p>\n<p>O par empurra cada um a saber. Sabemos verdadeiramente por que escolhemos tal parceiro? Por qual alquimia nos unimos para animar nossa exist\u00eancia? N\u00e3o sem ele, n\u00e3o sem ela&#8230; por que permanecer com este quando \u00e9 insuport\u00e1vel para mim? E por que abandonar aquele, se o amo? Por qual bizarrice meu irm\u00e3o \u00e9 t\u00e3o presente nos meus amores? Por que constru\u00ed esse la\u00e7o t\u00e3o doloroso, ou t\u00e3o aditivo ou ainda t\u00e3o inc\u00f4modo com meu parceiro?[\/vc_column_text][vc_btn title=&#8221;Leia mais&#8221; color=&#8221;juicy-pink&#8221; link=&#8221;url:http%3A%2F%2Febp.org.br%2Fsp%2Forientacao-mais-longe-que-o-amor-christiane-alberti%2F|||&#8221;][vc_separator][vc_column_text]\n<figure id=\"attachment_3164\" aria-describedby=\"caption-attachment-3164\" style=\"width: 180px\" class=\"wp-caption alignright\"><img loading=\"lazy\" decoding=\"async\" class=\"size-full wp-image-3164\" src=\"https:\/\/ebp.org.br\/new\/sp\/wp-content\/uploads\/2018\/07\/boletim3_004-1.png\" alt=\"\" width=\"180\" height=\"180\" srcset=\"https:\/\/ebp.org.br\/sp\/wp-content\/uploads\/2018\/07\/boletim3_004-1.png 180w, https:\/\/ebp.org.br\/sp\/wp-content\/uploads\/2018\/07\/boletim3_004-1-150x150.png 150w\" sizes=\"auto, (max-width: 180px) 100vw, 180px\" \/><figcaption id=\"caption-attachment-3164\" class=\"wp-caption-text\">(Escultura \u201cBeam drop\u201d, Chris Burden. Foto: Instagram @marcosvicari)<\/figcaption><\/figure>\n<h3><span style=\"color: #993300;\">Que o real esteja ancorado!<\/span><\/h3>\n<h6>Por Carmen Silvia Cervelatti<\/h6>\n<p>Esta interjei\u00e7\u00e3o de Lacan expressa um apelo em rela\u00e7\u00e3o ao real. Para entend\u00ea-la \u00e9 preciso retomar o ponto central que Lacan est\u00e1 articulando no cap\u00edtulo XIII: Na base da diferen\u00e7a dos sexos no Semin\u00e1rio 19. No que diz respeito \u00e0s rela\u00e7\u00f5es sexuais, ele prop\u00f4s a fun\u00e7\u00e3o \u03c6x como um modelo que permite fundamentar algo diferente do semblante, pois o gozo sexual n\u00e3o \u00e9 semblante do sexual. O semblante permite o la\u00e7o social e um discurso que n\u00e3o fosse semblante acabaria mal, n\u00e3o seria la\u00e7o social. Fora do semblante estar\u00edamos, ent\u00e3o, num campo em que o Outro n\u00e3o existe, n\u00e3o que ele n\u00e3o possa vir a consistir de alguma maneira, artif\u00edcios podem ser inventados para fazer supl\u00eancia \u00e0 n\u00e3o rela\u00e7\u00e3o sexual.[\/vc_column_text][vc_btn title=&#8221;Leia mais&#8221; color=&#8221;juicy-pink&#8221; link=&#8221;url:http%3A%2F%2Febp.org.br%2Fsp%2Forientacao-que-o-real-esteja-ancorado1-carmen-silvia-cervelatti%2F|||&#8221;][vc_separator][vc_column_text]\n<figure id=\"attachment_3165\" aria-describedby=\"caption-attachment-3165\" style=\"width: 149px\" class=\"wp-caption alignright\"><img loading=\"lazy\" decoding=\"async\" class=\"size-full wp-image-3165\" src=\"https:\/\/ebp.org.br\/new\/sp\/wp-content\/uploads\/2018\/07\/boletim3_005-1.png\" alt=\"\" width=\"149\" height=\"186\" \/><figcaption id=\"caption-attachment-3165\" class=\"wp-caption-text\">(Foto: Instagram @arts_gate)<\/figcaption><\/figure>\n<h3><span style=\"color: #993300;\">#Ecos de Quarta<\/span><\/h3>\n<h3><span style=\"color: #993300;\">\u201cA nossa onda de amor n\u00e3o h\u00e1 quem corte\u201d!<\/span><\/h3>\n<h6>Por Veridiana Marucio<\/h6>\n<p>Freud comparava o analista ao qu\u00edmico e n\u00e3o hesitava em equiparar o dispositivo anal\u00edtico a uma esp\u00e9cie de laborat\u00f3rio, onde se produziria um sintoma artificial \u2013 um sintoma sint\u00e9tico &#8211; para estar \u00e0 altura da \u00e9poca, como apresenta Naparstek, ao qual se agregaria \u00e0 sua natureza autoer\u00f3tica, o la\u00e7o com o Outro. Seguindo seu racioc\u00ednio, pode-se dizer que existe uma qu\u00edmica da psican\u00e1lise: um processo de transforma\u00e7\u00e3o dos sintomas em sintoma anal\u00edticos.[\/vc_column_text][vc_btn title=&#8221;Leia mais&#8221; color=&#8221;juicy-pink&#8221; link=&#8221;url:http%3A%2F%2Febp.org.br%2Fsp%2Fecos-de-quarta-a-nossa-onda-de-amor-nao-ha-quem-corte-veridiana-marucio%2F|||&#8221;][vc_separator][vc_column_text]\n<figure id=\"attachment_3166\" aria-describedby=\"caption-attachment-3166\" style=\"width: 216px\" class=\"wp-caption alignright\"><img loading=\"lazy\" decoding=\"async\" class=\"size-full wp-image-3166\" src=\"https:\/\/ebp.org.br\/new\/sp\/wp-content\/uploads\/2018\/07\/boletim3_006-1.png\" alt=\"\" width=\"216\" height=\"216\" srcset=\"https:\/\/ebp.org.br\/sp\/wp-content\/uploads\/2018\/07\/boletim3_006-1.png 216w, https:\/\/ebp.org.br\/sp\/wp-content\/uploads\/2018\/07\/boletim3_006-1-150x150.png 150w\" sizes=\"auto, (max-width: 216px) 100vw, 216px\" \/><figcaption id=\"caption-attachment-3166\" class=\"wp-caption-text\">(Foto: Instagram @vivillanova)<\/figcaption><\/figure>\n<h3><span style=\"color: #993300;\">#Tempos Modernos<\/span><\/h3>\n<h3><span style=\"color: #993300;\">Rumo a uma quest\u00e3o sobre o Supereu em tempos de (des)conex\u00e3o<\/span><\/h3>\n<h6>Por Fl\u00e1via Machado Seidinger Leibovitz<\/h6>\n<p>O argumento das VIII Jornadas da EBP- Se\u00e7\u00e3o S\u00e3o Paulo nos convida a abordar as consequ\u00eancias cl\u00ednicas da express\u00e3o do desejo e do gozo nos tempos atuais e p\u00f5e na mira desenvolver o que os termos conex\u00e3o e (des)conex\u00e3o nos convidam a aprender sobre o sujeito e o inconsciente nos tempos atuais.<\/p>\n<p>A n\u00f3s, analistas, sempre nos coube e caber\u00e1 a inesgot\u00e1vel tarefa de alcan\u00e7ar no horizonte a subjetividade da \u00e9poca, tal qual proposto por Lacan desde 1953. Assim, nos vemos novamente com a pergunta que nunca cessa de n\u00e3o querer calar-se: que tempos, afinal, s\u00e3o os atuais? Poder\u00edamos resumi-los, por exemplo, ao condensar&#8230;[\/vc_column_text][vc_btn title=&#8221;Leia mais&#8221; color=&#8221;juicy-pink&#8221; link=&#8221;url:http%3A%2F%2Febp.org.br%2Fsp%2Ftempos-modernos-rumo-a-uma-questao-sobre-o-supereu-em-tempos-de-desconexao-flavia-machado-seidinger-leibovitz%2F|||&#8221;][vc_separator][vc_column_text]\n<figure id=\"attachment_3167\" aria-describedby=\"caption-attachment-3167\" style=\"width: 202px\" class=\"wp-caption alignright\"><img loading=\"lazy\" decoding=\"async\" class=\"size-full wp-image-3167\" src=\"https:\/\/ebp.org.br\/new\/sp\/wp-content\/uploads\/2018\/07\/boletim3_007-1.png\" alt=\"\" width=\"202\" height=\"202\" srcset=\"https:\/\/ebp.org.br\/sp\/wp-content\/uploads\/2018\/07\/boletim3_007-1.png 202w, https:\/\/ebp.org.br\/sp\/wp-content\/uploads\/2018\/07\/boletim3_007-1-150x150.png 150w\" sizes=\"auto, (max-width: 202px) 100vw, 202px\" \/><figcaption id=\"caption-attachment-3167\" class=\"wp-caption-text\">(Foto: Instagram @cappuccino_um_10)<\/figcaption><\/figure>\n<h3><span style=\"color: #993300;\">#Algumas Palavras<\/span><\/h3>\n<h3><span style=\"color: #993300;\">Resenha: Amor e Sexo<\/span><\/h3>\n<h6>Por Camila Popadiuk<\/h6>\n<p>A primazia do falo na organiza\u00e7\u00e3o da sexualidade humana produz como efeito a n\u00e3o inscri\u00e7\u00e3o da rela\u00e7\u00e3o sexual, naquilo que concerne \u00e0 proporcionalidade entre os sexos. Na experi\u00eancia anal\u00edtica s\u00e3o as incid\u00eancias do significante no corpo e suas consequ\u00eancias na vida ps\u00edquica do sujeito que ser\u00e3o atualizadas.<br \/>\nO amor, enquanto forma de la\u00e7o prim\u00e1rio entre os seres falantes, comporta um car\u00e1ter narc\u00edsico, na medida em que ele mant\u00e9m \u00e0 dist\u00e2ncia aquilo que h\u00e1 de mais estrangeiro ao sujeito. Ao obedecer \u00e0s exig\u00eancias do eu, ele visa a totalidade da imagem. Por\u00e9m, ao mesmo tempo em que ele \u00e9 uma resposta ao que n\u00e3o se inscreve no real da sexualidade, ele revela paradoxalmente esta n\u00e3o rela\u00e7\u00e3o entre os sexos.[\/vc_column_text][vc_btn title=&#8221;Leia mais&#8221; color=&#8221;juicy-pink&#8221; link=&#8221;url:http%3A%2F%2Febp.org.br%2Fsp%2Falgumas-palavras-resenha-amor-e-sexo-camila-popadiuk%2F|||&#8221;][vc_separator][vc_column_text]\n<figure id=\"attachment_3186\" aria-describedby=\"caption-attachment-3186\" style=\"width: 300px\" class=\"wp-caption alignright\"><img loading=\"lazy\" decoding=\"async\" class=\"wp-image-3186 size-full\" src=\"http:\/\/ebp.org.br\/sp\/wp-content\/uploads\/2018\/07\/mini_boletim3_008.jpg\" alt=\"\" width=\"300\" height=\"141\" \/><figcaption id=\"caption-attachment-3186\" class=\"wp-caption-text\">(Foto: Website Instituto Tomie Ohtake)<\/figcaption><\/figure>\n<h3><span style=\"color: #993300;\">#Match<\/span><\/h3>\n<h3><span style=\"color: #993300;\">Exposi\u00e7\u00e3o &#8220;A letra \u00e9 a tra\u00e7a da letra&#8221;<\/span><\/h3>\n<h6>Por Comiss\u00e3o de Acolhimento<\/h6>\n<p>O Instituto Tomie Ohtake traz a exposi\u00e7\u00e3o &#8220;A letra \u00e9 a tra\u00e7a da letra&#8221;, de Helena Trindade, a curadoria \u00e9 de Gl\u00f3ria Ferreira. Nas instala\u00e7\u00f5es, compostas por esculturas, v\u00eddeos, fotografias, objetos e performance, a artista organiza um conjunto po\u00e9tico a partir da letra. Na abertura da exposi\u00e7\u00e3o, em (a) MURO, dois muros s\u00e3o (des) constru\u00eddos a partir de est\u00eanceis de letras, que abordam, segundo a artista, aspectos do funcionamento da linguagem e evocam Lacan, quando refere ao &#8220;muro de linguagem\u00a0 que se op\u00f5e \u00e0 fala&#8221;, remetendo ainda ao neologismo lacaniano (a) mur, que conjuga as palavras &#8220;amor&#8221; e &#8220;muro&#8221;.[\/vc_column_text][vc_btn title=&#8221;Leia mais&#8221; color=&#8221;juicy-pink&#8221; link=&#8221;url:http%3A%2F%2Febp.org.br%2Fsp%2Fmatch-exposicao-a-letra-e-a-traca-da-letra%2F|||&#8221;][\/vc_column][\/vc_row][vc_row css=&#8221;.vc_custom_1528402509152{background-color: #f4f4f4 !important;}&#8221;][vc_column width=&#8221;1\/2&#8243;][vc_column_text]\n<h3 style=\"text-align: center;\"><span style=\"color: #800000;\">Refer\u00eancias bibliogr\u00e1ficas<\/span><\/h3>\n<h6 style=\"text-align: center;\">Por Daniela de Barros Affonso\u00a0e Comiss\u00e3o<\/h6>\n<p><img loading=\"lazy\" decoding=\"async\" class=\"size-full wp-image-3018 aligncenter\" src=\"http:\/\/ebp.org.br\/sp\/wp-content\/uploads\/2018\/06\/cupid002_mini_biblio.png\" alt=\"\" width=\"340\" height=\"170\" \/>[\/vc_column_text][vc_btn title=&#8221;Leia mais&#8221; color=&#8221;juicy-pink&#8221; align=&#8221;center&#8221; link=&#8221;url:http%3A%2F%2Febp.org.br%2Fsp%2Fjornadas%2Fviii-jornadas%2Fbibliografia-viii-jornadas%2F|||&#8221;][\/vc_column][vc_column width=&#8221;1\/2&#8243;][vc_column_text]\n<h3 style=\"text-align: center;\"><span style=\"color: #800000;\">Inscri\u00e7\u00f5es<\/span><\/h3>\n<h6 style=\"text-align: center;\">Clique para maiores informa\u00e7\u00f5es<\/h6>\n<p style=\"text-align: center;\"><img loading=\"lazy\" decoding=\"async\" class=\"size-full wp-image-3019 aligncenter\" src=\"http:\/\/ebp.org.br\/sp\/wp-content\/uploads\/2018\/06\/inscricoes.png\" alt=\"\" width=\"340\" height=\"170\" \/><\/p>\n[\/vc_column_text][vc_btn title=&#8221;Leia mais&#8221; color=&#8221;juicy-pink&#8221; align=&#8221;center&#8221; link=&#8221;url:http%3A%2F%2Febp.org.br%2Fsp%2Fjornadas%2Fviii-jornadas%2Finscricoes-viii-jornadas%2F|||&#8221;][\/vc_column][\/vc_row][vc_row][vc_column][vc_column_text]\n<p style=\"text-align: center;\"><img loading=\"lazy\" decoding=\"async\" class=\"size-full wp-image-2867 aligncenter\" src=\"http:\/\/ebp.org.br\/sp\/wp-content\/uploads\/2018\/05\/logo_rodape.jpg\" alt=\"\" width=\"187\" height=\"72\" \/><\/p>\n<p style=\"text-align: center;\"><strong>Equipe do Boletim #Cupid<\/strong><\/p>\n<p style=\"text-align: center;\">Milena Vicari Crastelo &#8211; Paula Caio &#8211; Eliana Figueiredo\u00a0 &#8211; Alessandra Pecego<br \/>\nMarcelo Augusto Fabri de Carvalho\u00a0 &#8211; Fabiola Ramon\u00a0 &#8211; Felipe Bier<\/p>\n[\/vc_column_text][\/vc_column][\/vc_row][vc_row][vc_column][vc_single_image image=&#8221;2866&#8243; img_size=&#8221;full&#8221; alignment=&#8221;center&#8221;][\/vc_column][\/vc_row]\n<\/section>","protected":false},"excerpt":{"rendered":"<p>[vc_row][vc_column][vc_single_image image=&#8221;3168&#8243; img_size=&#8221;full&#8221; alignment=&#8221;center&#8221;][\/vc_column][\/vc_row][vc_row][vc_column][vc_column_text] \u201cQualquer coisa pergunta-me qualquer coisa uma tolice um mist\u00e9rio indecifr\u00e1vel simplesmente para que eu saiba que queres ainda saber para que mesmo sem te responder saibas o que te quero dizer\u201d Excerto do poema \u201cPergunta-me\u201d, in Raiz de orvalho e outros poemas. Mia Couto \u2013 [\/vc_column_text][vc_column_text] #Editorial Por Milena Vicari Crastelo&hellip;<\/p>\n","protected":false},"author":1,"featured_media":0,"parent":2816,"menu_order":0,"comment_status":"closed","ping_status":"closed","template":"","meta":{"footnotes":""},"class_list":["post-3160","page","type-page","status-publish","hentry","entry","no-media"],"aioseo_notices":[],"_links":{"self":[{"href":"https:\/\/ebp.org.br\/sp\/wp-json\/wp\/v2\/pages\/3160","targetHints":{"allow":["GET"]}}],"collection":[{"href":"https:\/\/ebp.org.br\/sp\/wp-json\/wp\/v2\/pages"}],"about":[{"href":"https:\/\/ebp.org.br\/sp\/wp-json\/wp\/v2\/types\/page"}],"author":[{"embeddable":true,"href":"https:\/\/ebp.org.br\/sp\/wp-json\/wp\/v2\/users\/1"}],"replies":[{"embeddable":true,"href":"https:\/\/ebp.org.br\/sp\/wp-json\/wp\/v2\/comments?post=3160"}],"version-history":[{"count":0,"href":"https:\/\/ebp.org.br\/sp\/wp-json\/wp\/v2\/pages\/3160\/revisions"}],"up":[{"embeddable":true,"href":"https:\/\/ebp.org.br\/sp\/wp-json\/wp\/v2\/pages\/2816"}],"wp:attachment":[{"href":"https:\/\/ebp.org.br\/sp\/wp-json\/wp\/v2\/media?parent=3160"}],"curies":[{"name":"wp","href":"https:\/\/api.w.org\/{rel}","templated":true}]}}