{"id":3031,"date":"2018-06-07T16:59:11","date_gmt":"2018-06-07T19:59:11","guid":{"rendered":"http:\/\/ebp.org.br\/sp\/?page_id=3031"},"modified":"2018-06-07T16:59:11","modified_gmt":"2018-06-07T19:59:11","slug":"cupid-01","status":"publish","type":"page","link":"https:\/\/ebp.org.br\/sp\/jornadas\/viii-jornadas\/boletim-viii-jornadas\/cupid-01\/","title":{"rendered":"#Cupid 01"},"content":{"rendered":"<section class=\"wpb-content-wrapper\">[vc_row][vc_column][vc_single_image image=&#8221;2978&#8243; img_size=&#8221;full&#8221; alignment=&#8221;center&#8221;][\/vc_column][\/vc_row][vc_row][vc_column][vc_column_text]\n<h3><span style=\"color: #800000;\">#Editorial<\/span><\/h3>\n<h6>Por Milena Vicari Crastelo<\/h6>\n<p>#Cupid inaugura nossa comunica\u00e7\u00e3o com a comunidade anal\u00edtica: membros da escola, n\u00e3o membros da escola, alunos dos institutos e todos os que de alguma forma tem um amor e um la\u00e7o com a psican\u00e1lise.<\/p>\n<p>A VIII Jornadas da Escola Brasileira de Psican\u00e1lise Se\u00e7\u00e3o S\u00e3o Paulo \u2013 Amor e sexo em tempos de (des)conex\u00f5es, est\u00e1 em \u201cconex\u00e3o\u201d com o tema do la\u00e7o social que ser\u00e1 o orientador para as atividades da Se\u00e7\u00e3o S\u00e3o Paulo este ano.<\/p>\n<p>Voc\u00eas poder\u00e3o saber mais a respeito na rubrica #ecos das quartas onde Carmen Silvia Cervelatti, diretora da Se\u00e7\u00e3o-SP, nos apresenta como a tem\u00e1tica da VIII Jornadas foi concebida, nos falando a partir de seu amor pela psican\u00e1lise.<\/p>\n<p>Na rubrica #orienta\u00e7\u00e3o Veridiana Marucio, coordenadora geral e Maria Cec\u00edlia Galletti Ferretti, coordenadora da comiss\u00e3o de orienta\u00e7\u00e3o nos apresentam o argumento da VIII Jornadas e os eixos de trabalho respectivamente.<\/p>\n<p>Para iniciarem suas pesquisas para as Jornadas, a cada n\u00famero do boletim, teremos a rubrica #refer\u00eancias bibliogr\u00e1ficas, preparadas por Daniela de Barros Affonso e sua comiss\u00e3o.<\/p>\n<p>Desejo a voc\u00eas uma \u00f3tima leitura![\/vc_column_text][vc_separator][vc_column_text]\n<h3><span style=\"color: #800000;\">#Ecos de quarta<\/span><\/h3>\n<h6>Por Carmen Silvia Cervelatti<\/h6>\n<p>\u00c9 com satisfa\u00e7\u00e3o que lan\u00e7amos as VIII Jornadas \u2013\u00a0Amor e sexo em tempos de (des)conex\u00f5es. Quero inicialmente contar-lhes como sua tem\u00e1tica foi concebida.<\/p>\n<p>Especialmente neste ano, a Diretoria da Se\u00e7\u00e3o promove v\u00e1rias atividades articuladas ao tema geral do la\u00e7o social, que funcionar\u00e1 como orientador de nossos trabalhos: nas conversa\u00e7\u00f5es da orienta\u00e7\u00e3o lacaniana, nas atividades na Se\u00e7\u00e3o, nas leituras na biblioteca, nas VIII Jornadas, nas Jornadas de cart\u00e9is e outras. Mas este movimento n\u00e3o se circunscreve somente \u00e0s atividades; trata-se de uma pol\u00edtica para a Se\u00e7\u00e3o S\u00e3o Paulo. Queremos cuidar de nossos la\u00e7os: entre n\u00f3s (tanto entre os Membros da EBP em S\u00e3o Paulo como entre todos os participantes das atividades), com a Escola, com os Institutos, com a cidade, cuidando da transfer\u00eancia de trabalho, privilegiando-a.<\/p>\n<p>As Jornadas est\u00e3o no centro desta proposta. Ningu\u00e9m melhor que Christiane Alberti para falar de la\u00e7o social, ela que tanto trabalha esta tem\u00e1tica.<\/p>\n<p>Ano passado trabalhamos as Pai-vers\u00f5es, com o objetivo de discutir a cl\u00ednica atual a partir das leituras de Lacan sobre o tema. Em 2018, continuamos com a atualidade, com a cl\u00ednica, mas com uma pegada mais aberta, mais\u00a0light, talvez. \u201cAmor e sexo em tempos de (des)conex\u00f5es\u201d guardam uma conex\u00e3o com as pai-vers\u00f5es.[\/vc_column_text][vc_btn title=&#8221;Leia mais&#8221; color=&#8221;juicy-pink&#8221; link=&#8221;url:http%3A%2F%2Febp.org.br%2Fsp%2Fjornadas%2Fviii-jornadas%2Fapresentacao-viii-jornadas%2F|||&#8221;][vc_separator][vc_column_text]\n<h3><span style=\"color: #800000;\"><img loading=\"lazy\" decoding=\"async\" class=\"alignright size-full wp-image-2870\" src=\"http:\/\/ebp.org.br\/sp\/wp-content\/uploads\/2018\/05\/imagem.jpg\" alt=\"\" width=\"225\" height=\"300\" \/>#Orienta\u00e7\u00e3o<\/span><\/h3>\n<h3>Argumento<\/h3>\n<h6>Por Veridiana Marucio<\/h6>\n<p>Sobre o imposs\u00edvel, o falasser escreve em seu corpo por suas vias de gozo, vias pelas quais transita uma satisfa\u00e7\u00e3o repetitiva, desde sempre. Em tempos de (des)conex\u00e3o o imposs\u00edvel de ser escrito, ou seja, a inexist\u00eancia da rela\u00e7\u00e3o sexual, n\u00e3o apenas se mostra mas tamb\u00e9m se coloca como mat\u00e9ria e objeto de fetiche e de consumo.<\/p>\n<p>O presente argumento \u00e9 fruto de interlocu\u00e7\u00f5es com as diferentes comiss\u00f5es organizadoras e pretende lan\u00e7ar quest\u00f5es que iniciem a constru\u00e7\u00e3o de nossas VIII Jornadas de estudos. Tais quest\u00f5es visam despertar o interesse de nossa comunidade em produzir contribui\u00e7\u00f5es sobre o tema, a partir do vivo da cl\u00ednica psicanal\u00edtica.<\/p>\n<p>Partimos de uma constata\u00e7\u00e3o: as muta\u00e7\u00f5es dos tempos atuais ecoam nas rela\u00e7\u00f5es amorosas e sexuais, sens\u00edveis \u00e0s formas que o mal-estar na civiliza\u00e7\u00e3o assume. Em nossos tempos o objeto a, e n\u00e3o mais o amor ao Pai, comanda a cena conectando-se sempre ao \u201cmais ainda\u201d![\/vc_column_text][vc_btn title=&#8221;Leia mais&#8221; color=&#8221;juicy-pink&#8221; link=&#8221;url:http%3A%2F%2Febp.org.br%2Fsp%2Fjornadas%2Fviii-jornadas%2Fargumento-viii-jornadas%2F|||&#8221;][vc_separator][vc_column_text]\n<h3><span style=\"color: #800000;\">Refer\u00eancias bibliogr\u00e1ficas<\/span><\/h3>\n<h6>Por Daniela de Barros Affonso\u00a0e Comiss\u00e3o<\/h6>\n[\/vc_column_text][vc_btn title=&#8221;Leia mais&#8221; color=&#8221;juicy-pink&#8221; link=&#8221;url:http%3A%2F%2Febp.org.br%2Fsp%2Fjornadas%2Fviii-jornadas%2Fbibliografia-viii-jornadas%2F|||&#8221;][vc_separator][vc_column_text]\n<h3 style=\"text-align: center;\"><span style=\"color: #800000;\">Teaser Amor e sexo em tempos de (des)conex\u00f5es<\/span><\/h3>\n<p><a href=\"https:\/\/www.facebook.com\/EscolaBrasileiraPsicanaliseEbpSp\/videos\/1627639653978333\/\"><img loading=\"lazy\" decoding=\"async\" class=\"size-full wp-image-2888 aligncenter\" src=\"http:\/\/ebp.org.br\/sp\/wp-content\/uploads\/2018\/05\/teaser.png\" alt=\"\" width=\"550\" height=\"302\" \/><\/a>[\/vc_column_text][\/vc_column][\/vc_row][vc_row][vc_column][vc_column_text]\n<p style=\"text-align: center;\"><img loading=\"lazy\" decoding=\"async\" class=\"size-full wp-image-2867 aligncenter\" src=\"http:\/\/ebp.org.br\/sp\/wp-content\/uploads\/2018\/05\/logo_rodape.jpg\" alt=\"\" width=\"187\" height=\"72\" \/><\/p>\n<p style=\"text-align: center;\"><strong>Equipe do Boletim #Cupid<\/strong><\/p>\n<p style=\"text-align: center;\">Milena Vicari Crastelo &#8211; Paula Caio &#8211; Eliana Figueiredo\u00a0 &#8211; Alessandra Pecego<br \/>\nMarcelo Augusto Fabri de Carvalho\u00a0 &#8211; Fabiola Ramon\u00a0 &#8211; Felipe Bier<\/p>\n[\/vc_column_text][\/vc_column][\/vc_row][vc_row][vc_column][vc_single_image image=&#8221;2866&#8243; img_size=&#8221;full&#8221; alignment=&#8221;center&#8221;][\/vc_column][\/vc_row]\n<\/section>","protected":false},"excerpt":{"rendered":"<p>[vc_row][vc_column][vc_single_image image=&#8221;2978&#8243; img_size=&#8221;full&#8221; alignment=&#8221;center&#8221;][\/vc_column][\/vc_row][vc_row][vc_column][vc_column_text] #Editorial Por Milena Vicari Crastelo #Cupid inaugura nossa comunica\u00e7\u00e3o com a comunidade anal\u00edtica: membros da escola, n\u00e3o membros da escola, alunos dos institutos e todos os que de alguma forma tem um amor e um la\u00e7o com a psican\u00e1lise. A VIII Jornadas da Escola Brasileira de Psican\u00e1lise Se\u00e7\u00e3o S\u00e3o Paulo \u2013&hellip;<\/p>\n","protected":false},"author":1,"featured_media":0,"parent":2816,"menu_order":0,"comment_status":"closed","ping_status":"closed","template":"","meta":{"footnotes":""},"class_list":["post-3031","page","type-page","status-publish","hentry","entry","no-media"],"aioseo_notices":[],"_links":{"self":[{"href":"https:\/\/ebp.org.br\/sp\/wp-json\/wp\/v2\/pages\/3031","targetHints":{"allow":["GET"]}}],"collection":[{"href":"https:\/\/ebp.org.br\/sp\/wp-json\/wp\/v2\/pages"}],"about":[{"href":"https:\/\/ebp.org.br\/sp\/wp-json\/wp\/v2\/types\/page"}],"author":[{"embeddable":true,"href":"https:\/\/ebp.org.br\/sp\/wp-json\/wp\/v2\/users\/1"}],"replies":[{"embeddable":true,"href":"https:\/\/ebp.org.br\/sp\/wp-json\/wp\/v2\/comments?post=3031"}],"version-history":[{"count":0,"href":"https:\/\/ebp.org.br\/sp\/wp-json\/wp\/v2\/pages\/3031\/revisions"}],"up":[{"embeddable":true,"href":"https:\/\/ebp.org.br\/sp\/wp-json\/wp\/v2\/pages\/2816"}],"wp:attachment":[{"href":"https:\/\/ebp.org.br\/sp\/wp-json\/wp\/v2\/media?parent=3031"}],"curies":[{"name":"wp","href":"https:\/\/api.w.org\/{rel}","templated":true}]}}