{"id":2807,"date":"2018-04-26T07:15:44","date_gmt":"2018-04-26T10:15:44","guid":{"rendered":"http:\/\/ebp.org.br\/sp\/?page_id=2807"},"modified":"2018-04-26T07:15:44","modified_gmt":"2018-04-26T10:15:44","slug":"envio-de-trabalhos-viii-jornadas","status":"publish","type":"page","link":"https:\/\/ebp.org.br\/sp\/jornadas\/viii-jornadas\/envio-de-trabalhos-viii-jornadas\/","title":{"rendered":"Envio de trabalhos &#8211; VIII Jornadas"},"content":{"rendered":"<section class=\"wpb-content-wrapper\">[vc_row][vc_column][vc_column_text]<span style=\"color: #993300;\">NORMAS PARA O ENVIO DE TRABALHOS<\/span><\/p>\n<h6>(Data limite para o envio: 17\/09)<\/h6>\n<hr \/>\n<ul>\n<li>Os textos devem ter no m\u00e1ximo 6000 caracteres (com espa\u00e7os) e escritos em letra tipo Times New Roman 12<\/li>\n<li>Os textos devem ser enviados por e-mail em formato Word, colocando-se como assunto: Jornadas EBP-SP 2018. Eixo. Nome do autor. Enviar para:\u00a0e\u00a0<a href=\"mailto:+mariahelenabarbosa@uol.com.b\" target=\"_blank\" rel=\"nofollow noopener noreferrer\">m<\/a><a href=\"mailto:cferretti@uol.com.br\" target=\"_blank\" rel=\"nofollow noopener noreferrer\">cferretti@uol.com.br<\/a>\u00a0e\u00a0<a href=\"mailto:verimarucio@gmail.com\" target=\"_blank\" rel=\"nofollow noopener noreferrer\">verimarucio@gmail.com<\/a><\/li>\n<li>O trabalho s\u00f3 ser\u00e1 aceito se o autor estiver devidamente inscrito no momento do envio do trabalho.<\/li>\n<\/ul>\n<p><span style=\"color: #993300;\">APRESENTA\u00c7\u00c3O DAS NOTAS BIBLIOGR\u00c1FICAS<\/span><\/p>\n<ul>\n<li>As\u00a0<em><strong>notas<\/strong><\/em>\u00a0devem ser inseridas como\u00a0<em><strong>notas no final do texto<\/strong><\/em>\u00a0(e n\u00e3o no rodap\u00e9).<\/li>\n<li>No texto, elas devem vir<strong>\u00a0logo depois das aspas que fecham a cita\u00e7\u00e3o<\/strong>\u00a0(utiliza-se a numera\u00e7\u00e3o autom\u00e1tica do Word).<\/li>\n<li>As refer\u00eancias bibliogr\u00e1ficas devem ser inseridas da seguinte maneira:<\/li>\n<li><strong>Livro publicado:<\/strong><br \/>\nNome do autor &#8211; Sobrenome(s) do autor, em seguida a(s) inicial(s) do nome, seguido(s) de um ponto e de uma v\u00edrgula,\u00a0<em>T\u00edtulo do livro. Subt\u00edtulo<\/em>\u00a0(caso haja), t. I, Cidade, Editora, ano de publica\u00e7\u00e3o, pagina\u00e7\u00e3o.Ex. : Cf. Freud S.,<em>\u00a0Cinco li\u00e7\u00f5es de Psican\u00e1lise, Leonardo da Vinci e outros trabalhos<\/em>\u00a0(1919 [1909]), Rio de Janeiro, ESB, vol. XI, 1969, p. 37.<\/li>\n<li><strong>Artigo publicado em uma revista:<\/strong><br \/>\nNome do autor &#8211; Sobrenome(s) do autor, em seguida a(s) inicial(s) do nome, seguido(s) de um ponto e de uma v\u00edrgula,\u00a0<em>\u201cT\u00edtulo do artigo\u201d, T\u00edtulo da revista ou do livro<\/em>, vol. &amp; n\u00b0 da revista, m\u00eas e ano de publica\u00e7\u00e3o, p\u00e1gina da cita\u00e7\u00e3o.<br \/>\nEx. : Miller J.-A., \u201cProgressos em psican\u00e1lise bastante lentos\u201d,<em>\u00a0Op\u00e7\u00e3o Lacaniana. Revista Brasileira Internacional de Psican\u00e1lise<\/em>, n\u00b0 64, dezembro de 2009, p. 15.<\/li>\n<\/ul>\n[\/vc_column_text][\/vc_column][\/vc_row]\n<\/section>","protected":false},"excerpt":{"rendered":"<p>[vc_row][vc_column][vc_column_text]NORMAS PARA O ENVIO DE TRABALHOS (Data limite para o envio: 17\/09) Os textos devem ter no m\u00e1ximo 6000 caracteres (com espa\u00e7os) e escritos em letra tipo Times New Roman 12 Os textos devem ser enviados por e-mail em formato Word, colocando-se como assunto: Jornadas EBP-SP 2018. Eixo. Nome do autor. Enviar para:\u00a0e\u00a0mcferretti@uol.com.br\u00a0e\u00a0verimarucio@gmail.com O trabalho&hellip;<\/p>\n","protected":false},"author":1,"featured_media":0,"parent":2793,"menu_order":0,"comment_status":"closed","ping_status":"closed","template":"","meta":{"footnotes":""},"class_list":["post-2807","page","type-page","status-publish","hentry","entry","no-media"],"aioseo_notices":[],"_links":{"self":[{"href":"https:\/\/ebp.org.br\/sp\/wp-json\/wp\/v2\/pages\/2807","targetHints":{"allow":["GET"]}}],"collection":[{"href":"https:\/\/ebp.org.br\/sp\/wp-json\/wp\/v2\/pages"}],"about":[{"href":"https:\/\/ebp.org.br\/sp\/wp-json\/wp\/v2\/types\/page"}],"author":[{"embeddable":true,"href":"https:\/\/ebp.org.br\/sp\/wp-json\/wp\/v2\/users\/1"}],"replies":[{"embeddable":true,"href":"https:\/\/ebp.org.br\/sp\/wp-json\/wp\/v2\/comments?post=2807"}],"version-history":[{"count":0,"href":"https:\/\/ebp.org.br\/sp\/wp-json\/wp\/v2\/pages\/2807\/revisions"}],"up":[{"embeddable":true,"href":"https:\/\/ebp.org.br\/sp\/wp-json\/wp\/v2\/pages\/2793"}],"wp:attachment":[{"href":"https:\/\/ebp.org.br\/sp\/wp-json\/wp\/v2\/media?parent=2807"}],"curies":[{"name":"wp","href":"https:\/\/api.w.org\/{rel}","templated":true}]}}