{"id":2804,"date":"2018-04-26T07:12:43","date_gmt":"2018-04-26T10:12:43","guid":{"rendered":"http:\/\/ebp.org.br\/sp\/?page_id=2804"},"modified":"2018-04-26T07:12:43","modified_gmt":"2018-04-26T10:12:43","slug":"bibliografia-viii-jornadas","status":"publish","type":"page","link":"https:\/\/ebp.org.br\/sp\/jornadas\/viii-jornadas\/bibliografia-viii-jornadas\/","title":{"rendered":"Bibliografia &#8211; VIII Jornadas"},"content":{"rendered":"<section class=\"wpb-content-wrapper\">[vc_row][vc_column][eikra-vc-text-title style=&#8221;style2&#8243; title=&#8221;Refer\u00eancias Bibliogr\u00e1ficas&#8221;][\/eikra-vc-text-title][vc_column_text]\n<figure id=\"attachment_3004\" aria-describedby=\"caption-attachment-3004\" style=\"width: 144px\" class=\"wp-caption alignright\"><img loading=\"lazy\" decoding=\"async\" class=\"size-full wp-image-3004\" src=\"https:\/\/ebp.org.br\/new\/sp\/wp-content\/uploads\/2018\/06\/cupid002_004-1.png\" alt=\"\" width=\"144\" height=\"212\" \/><figcaption id=\"caption-attachment-3004\" class=\"wp-caption-text\">(Foto: Pinterest.com)<\/figcaption><\/figure>\n<p><span style=\"color: #993300;\"><strong>SIGMUND FREUD<\/strong><\/span><\/p>\n<p>1) &#8220;Um tipo especial de escolha de objeto feita pelos homens (Contribui\u00e7\u00f5es \u00e0 Psicologia do Amor I) (1910)&#8221;<\/p>\n<p>2) &#8220;Sobre a tend\u00eancia universal \u00e0 deprecia\u00e7\u00e3o na esfera do amor (Contribui\u00e7\u00f5es \u00e0 Psicologia do Amor II) (1912)&#8221;<\/p>\n<p>3) &#8220;O tabu da virgindade (Contribui\u00e7\u00f5es \u00e0 Psicologia do Amor III) (1917)&#8221;<\/p>\n<p>(Estes tr\u00eas textos encontram-se na Edi\u00e7\u00e3o <em>Standard<\/em> Brasileira das Obras Completas de Sigmund Freud. Rio de Janeiro: Imago Editora, vol. XI.)<\/p>\n<p>4) &#8220;Psicologia de grupo e an\u00e1lise do ego (1921)&#8221;.<\/p>\n<p>(Edi\u00e7\u00e3o <em>Standard<\/em> Brasileira das Obras Completas de Sigmund Freud. Rio de Janeiro: Imago Editora, vol. XVIII.)<\/p>\n<p>5) &#8220;O Mal-estar da civiliza\u00e7\u00e3o (1930)&#8221;<\/p>\n<p>(Edi\u00e7\u00e3o <em>Standard<\/em> Brasileira das Obras Completas de Sigmund Freud. Rio de Janeiro: Imago Editora, vol. XXI.)<\/p>\n<p>\u201cIntrodu\u00e7\u00e3o ao narcisismo\u201d (1914);<\/p>\n<p>\u201cOs instintos e seus destinos\u201d (1915);<\/p>\n<p>\u201cLuto e melancolia\u201d (1917).<\/p>\n<p>In: <em>Obras completas<\/em>, v. 12. S\u00e3o Paulo: Companhia das Letras, 2010.<\/p>\n<p>\u201cAl\u00e9m do princ\u00edpio do prazer\u201d (1920).<\/p>\n<p>In: <em>Obras Completas<\/em>, v. 14. S\u00e3o Paulo: Companhia das Letras, 2010.[\/vc_column_text][vc_separator color=&#8221;juicy_pink&#8221;][vc_column_text]<span style=\"color: #993300;\"><strong>JACQUES LACAN<\/strong><\/span><\/p>\n<p>1) <em>O Semin\u00e1rio livro 8: A transfer\u00eancia<\/em><\/p>\n<p>A mola do amor \u2013 Um coment\u00e1rio sobre o Banquete de Plat\u00e3o (p\u00e1g.27 a 165).<\/p>\n<p>Rio de Janeiro: Jorge Zahar Editor, 1992.<\/p>\n<p>2) <em>O Semin\u00e1rio livro 11: Os quatro conceitos fundamentais da psican\u00e1lise<\/em><\/p>\n<p>Cap\u00edtulo XV: Do Amor \u00e0 Libido<\/p>\n<p>Rio de Janeiro: Jorge Zahar Editor, 1973.<\/p>\n<p>3) <em>O Semin\u00e1rio livro 17: O avesso da psican\u00e1lise<\/em><\/p>\n<p>Rio de Janeiro: Jorge Zahar Editor, 1992<\/p>\n<p>4) \u00abLe r\u00eave d\u2019Aristote. Conf\u00e9rence \u00e0 l\u2019unesco, Jacques Lacan\u00bb<\/p>\n<p>Internet avec Lacan \u2013 <em>La cause du d\u00e9sir<\/em>, 97 \u2013 novembro de 2017<\/p>\n<p>5) \u201cTelevis\u00e3o\u201d<\/p>\n<p><em>Outros escritos<\/em>. Rio de Janeiro: Jorge Zahar editor. 2003.<\/p>\n<p><em>O Semin\u00e1rio, livro 2: o eu na teoria de Freud e na t\u00e9cnica da psican\u00e1lise<\/em> &#8211; cap. XXI S\u00f3sia<\/p>\n<p>Rio de Janeiro: Jorge Zahar Editor, 1985.<\/p>\n<p>&nbsp;<\/p>\n<p><em>O Semin\u00e1rio, livro 3: as psicoses<\/em> &#8211; cap. XIII A quest\u00e3o hist\u00e9rica (II): \u201cO que \u00e9 uma mulher?\u201d<\/p>\n<p>Rio de Janeiro: Jorge Zahar Editor, 2002.<\/p>\n<p>&nbsp;<\/p>\n<p><em>O Semin\u00e1rio, livro 4: a rela\u00e7\u00e3o de objeto<\/em> &#8211; cap. VIII Dora e a jovem homossexual; cap. IX A fun\u00e7\u00e3o do v\u00e9u; cap. X A identifica\u00e7\u00e3o ao falo; cap. XI O falo e a m\u00e3e insaci\u00e1vel; cap. XII Sobre o complexo de \u00c9dipo; cap. XVI Como se analisa o mito.<\/p>\n<p>Rio de Janeiro: Jorge Zahar Editor, 1995.<\/p>\n<p>&nbsp;<\/p>\n<p><em>O Semin\u00e1rio, livro 5: as forma\u00e7\u00f5es do inconsciente<\/em> &#8211; cap. XVIII As m\u00e1scaras do sintoma; cap. XIX O significante, a barra e o falo; cap. XXI Os sonhos da \u201c\u00e1gua parada\u201d; cap. XXIII O obsessivo e seu desejo.<\/p>\n<p>Rio de Janeiro: Jorge Zahar Editor, 1999.<\/p>\n<p>&nbsp;<\/p>\n<p><em>O Semin\u00e1rio, livro 6: o desejo e sua interpreta\u00e7\u00e3o<\/em> &#8211; cap. VII A media\u00e7\u00e3o f\u00e1lica do desejo.<\/p>\n<p>Rio de Janeiro: Jorge Zahar Editor, 2016.<\/p>\n<p>&nbsp;<\/p>\n<p><em>O Semin\u00e1rio, livro 8: a transfer\u00eancia <\/em>(todo)<\/p>\n<p>Rio de Janeiro: Jorge Zahar Editor, 1992.<\/p>\n<p>&nbsp;<\/p>\n<p><em>O Semin\u00e1rio, livro 10: a ang\u00fastia<\/em> &#8211; cap. IX Passagem ao ato e <em>acting out<\/em>; cap. X De uma falta irredut\u00edvel ao significante; cap. XV Coisa de macho.<\/p>\n<p>Rio de Janeiro: Jorge Zahar Editor, 2005.<\/p>\n<p>&nbsp;<\/p>\n<p><em>O Semin\u00e1rio, livro 11: os quatro conceitos fundamentais da psican\u00e1lise<\/em> &#8211; cap. XIV A puls\u00e3o parcial e seu circuito; XV Do amor \u00e0 libido; XVIII Do Sujeito Suposto Saber, da d\u00edade primeira e do bem; XIX Da interpreta\u00e7\u00e3o \u00e0 transfer\u00eancia; XX Em ti mais que tu.<\/p>\n<p>Rio de Janeiro: Jorge Zahar Editor<\/p>\n<p>&nbsp;<\/p>\n<p><em>O Semin\u00e1rio, livro 19: &#8230;ou pior<\/em> &#8211; cap. II A fun\u00e7\u00e3o \u03a6<em>x<\/em><\/p>\n<p>Rio de Janeiro: Jorge Zahar Editor, 2012,<\/p>\n<p>Este semin\u00e1rio pode ser complementado com livro <em>Estou falando com as paredes: conversas na Capela de Sainte-Anne <\/em><\/p>\n<p>Rio de Janeiro: Zahar, 2011.<\/p>\n<p>&nbsp;<\/p>\n<p><em>O Semin\u00e1rio, livro 20: mais, ainda<\/em> &#8211; cap. I Do gozo; II A Jakobson; IV O amor e o significante; VI Deus e o gozo d\u2019A\/ Mulher; VII Letra de uma carta de amor.<\/p>\n<p>Rio de Janeiro: Jorge Zahar Editor<\/p>\n<p>&nbsp;<\/p>\n<p><em>O Semin\u00e1rio, livro 23: o sinthoma<\/em> &#8211; cap. IV Joyce e o enigma da raposa; VIII Do sentido, do sexo e do real; X A escrita do ego.<\/p>\n<p>Rio de Janeiro: Jorge Zahar Editor[\/vc_column_text][vc_separator color=&#8221;juicy_pink&#8221;][vc_column_text]<span style=\"color: #993300;\"><strong>JACQUES-ALAIN MILLER<\/strong><\/span><\/p>\n<p>1) <em>Los divinos detalles<\/em><\/p>\n<p>Buenos Aires: Paid\u00f3s, 2010<\/p>\n<p>Cap\u00edtulos:<\/p>\n<p>IV &#8211; Degradaci\u00f3n de la vida amorosa, p. 77<\/p>\n<p>V &#8211; El tab\u00fa de un goce, p. 101<\/p>\n<p>VI &#8211; Del mito de Edipo al objeto a, p. 121<\/p>\n<p>VII &#8211; Deseo, amor Y pulsi\u00f3n, p. 143<\/p>\n<p>2) <em>El amor en la psicosis<\/em><\/p>\n<p>Buenos Aires: Paid\u00f3s, 2006<\/p>\n<p>3) <em>El partenaire-s\u00edntoma<\/em> \u2013 Cap\u00edtulo VII Revalorizaci\u00f3n del amor<\/p>\n<p>Buenos Aires: Paid\u00f3s, 2016<\/p>\n<p>4) <em>El otro que no existe y sus comit\u00e9 de \u00e9tica<\/em><\/p>\n<p>Buenos Aires: Paid\u00f3s, 2005<\/p>\n<p>5) Uma conversa sobre o amor<\/p>\n<p><em>Op\u00e7\u00e3o Lacaniana Online<\/em> &#8211; Nova s\u00e9rie, ano 1, julho de 2010<\/p>\n<p>(http:\/\/www.opcaolacaniana.com.br\/nranterior\/numero2\/texto1.html)<\/p>\n<p><strong>Transfer\u00eancia: (des)conex\u00e3o?<\/strong><\/p>\n<p>&nbsp;<\/p>\n<p>MILLER, J-A. Como algu\u00e9m se torna psicanalista na orla do s\u00e9culo XXI. <em>Op\u00e7\u00e3o Lacaniana<\/em>. S\u00e3o Paulo, n. 55, p. 15-21, nov. 2009.<\/p>\n<p>&nbsp;<\/p>\n<p>MILLER, J-A. A psican\u00e1lise, seu lugar entre as ci\u00eancias. <em>Correio: Revista da Escola Brasileira de Psican\u00e1lise<\/em>, S\u00e3o Paulo, n. 69, p. 15-30, set. 2011.<\/p>\n<p>&nbsp;<\/p>\n<p><strong>Tempos de (des)conex\u00e3o<\/strong><\/p>\n<p>&nbsp;<\/p>\n<p>MILLER, Jacques-Alain. D\u00e9cima sexta li\u00e7\u00e3o. In: <em>Perspectivas dos Escritos e Outros escritos de Lacan.<\/em> Rio de Janeiro: Jorge Zahar, 2011.<\/p>\n<p>MILLER J.-A. Uma conversa sobre o amor. In: <em>Op\u00e7\u00e3o Lacaniana online.<\/em> Nova s\u00e9rie. Ano I, julho de 2010, n. 2. <u>www.opcaolacaniana.com.br<\/u>.[\/vc_column_text][vc_separator color=&#8221;juicy_pink&#8221;][vc_column_text]<span style=\"color: #993300;\">REFER\u00caNCIAS BIBLIOGR\u00c1FICAS DE AUTORES DA ECF<\/span><\/p>\n<p>Naveau, Pierre. &#8220;La com\u00e9die du phallus&#8221;<\/p>\n<p><em>La cause du d\u00e9sir, 95: Virilit\u00e9s<\/em><\/p>\n<p>Briole, Guy. &#8220;Clairs-obscurs: amour, virilit\u00e9 et jalousies&#8221;<\/p>\n<p><em>La cause du desir, 95: Virilit\u00e9s<\/em><\/p>\n<p>La Sagna, Philippe. &#8220;Pense avec son \u00e2me ou parler avec son corps&#8221;<\/p>\n<p><em>La cause du d\u00e9sir, 93<\/em><em>: Affects et Passions<\/em><\/p>\n<p>Naveau, Pierre. &#8220;L&#8217;Amour entre \u00e9motion et angoisse&#8221;<\/p>\n<p><em>La cause du d\u00e9sir, 93<\/em><em>: Affects et Passions<\/em><\/p>\n<p>&nbsp;<\/p>\n<p><span style=\"color: #993300;\">REFER\u00caNCIAS BIBLIOGR\u00c1FICAS DE CHRISTIANE ALBERTI<\/span><\/p>\n<p>Christiane Alberti et Herv\u00e9 Castanet. <em>Parler(s) d&#8217;enfance (s): Que dit aujourd&#8217;hui la psychanalyse de l&#8217;enfance?\u00a0<\/em>Pleins Feux, 2008.<\/p>\n<p>Christiane Alberti avec Marie-Jean. <em>La Psychanalyse<\/em><\/p>\n<p>Sauret, Milan, 1996.<\/p>\n<p>&nbsp;<\/p>\n<p><span style=\"color: #993300;\">Artigos:<\/span><\/p>\n<p>Homme ou homard? <em>La Cause Du D\u00e9sir <\/em>2017\/1 (n\u00b0 95)<\/p>\n<p>Que rest-t-il de nos fantasmes? <em>La Cause Du D\u00e9sir <\/em>2016\/3 (n\u00b0 94)<\/p>\n<p>L&#8217;avenir du transfert. <em>La Cause Du D\u00e9sir <\/em>2016\/1 (n\u00b0 92)<\/p>\n<p>Plus loan que l&#8217;amour. <em>La Cause Du D\u00e9sir <\/em>2016\/1 (n\u00b0 92)<\/p>\n<p>Une psychanalyse a structure de fiction. Avec Jacques-Alain Miller et Philippe Hellebois. Dans <em>La Cause Du D\u00e9sir <\/em>2014\/2 (no.87)[\/vc_column_text][vc_separator][vc_column_text]\n<h3><span style=\"color: #993300;\">Publica\u00e7\u00f5es do Campo Freudiano.<\/span><\/h3>\n<ul>\n<li><strong>Revista Virtualia<\/strong><strong>\u00a0<\/strong><\/li>\n<\/ul>\n<p>Gerardo Battista (EOL) (Una vuelta al amor cort\u00e9s- Revista Virtualia N\u00ba 31) <a href=\"http:\/\/www.revistavirtualia.com\/articulos\/60\/soledades\/una-vuelta-al-amor-cortes\">http:\/\/www.revistavirtualia.com\/articulos\/60\/soledades\/una-vuelta-al-amor-cortes<\/a><\/p>\n<p>Ernesto Anzalone (Uruguai) (<a href=\"http:\/\/www.revistavirtualia.com\/articulos\/111\/dossier-enapol-el-imperio-de-las-imagenes\/el-amor-en-los-tiempos-del-whatsapp\">El amor en los tiempos del WhatsApp &#8211; Revista Virtualia N\u00ba 30<\/a>) <a href=\"http:\/\/www.revistavirtualia.com\/articulos\/111\/dossier-enapol-el-imperio-de-las-imagenes\/el-amor-en-los-tiempos-del-whatsapp\">http:\/\/www.revistavirtualia.com\/articulos\/111\/dossier-enapol-el-imperio-de-las-imagenes\/el-amor-en-los-tiempos-del-whatsapp<\/a><\/p>\n<p>Claudio Spivak (EOL) (El amor electr\u00f3nico y su droga- Revista Virtualia N\u00ba 34 ) http:\/\/www.revistavirtualia.com\/articulos\/799\/malestar-en-la-civilizacion\/el-amor-electronico-y-su-droga<\/p>\n<p>Fran\u00e7ois Ansermet (ECF\/NLS) (Elegir el propio sexo: Usos contempor\u00e1neos de la diferencia sexual &#8211; Revista Virtualia N\u00ba 29) <a href=\"http:\/\/revistavirtualia.com\/articulos\/137\/lo-femenino-y-la-sexualidad\/elegir-el-propio-sexo-usos-contemporaneos-de-la-diferencia-sexual\">http:\/\/revistavirtualia.com\/articulos\/137\/lo-femenino-y-la-sexualidad\/elegir-el-propio-sexo-usos-contemporaneos-de-la-diferencia-sexual<\/a><\/p>\n<ul>\n<li><strong>XXV Jornada Anual da EOL: Hipeconectados 2016.<\/strong><\/li>\n<\/ul>\n<p>XXV Jornada Anual da EOL: Hipeconectados 2016. (<a href=\"http:\/\/www.jornadaseol.com\/025\/index.php\">http:\/\/www.jornadaseol.com\/025\/index.php<\/a>)<\/p>\n<p>(<a href=\"http:\/\/www.radiolacan.com\/pt\/topic\/862\/3\">http:\/\/www.radiolacan.com\/pt\/topic\/862\/3<\/a>)<\/p>\n<p>(Dossier Virtualia N\u00ba 32 &#8211; <a href=\"http:\/\/www.revistavirtualia.com\/static\/static\/ediciones\/32\/dossier\">http:\/\/www.revistavirtualia.com\/static\/static\/ediciones\/32\/dossier<\/a>)<\/p>\n<ul>\n<li><strong>Publica\u00e7\u00f5es relacionadas a NEL<\/strong><\/li>\n<\/ul>\n<p>Gustavo Dessal\u00a0(ELP) (<a href=\"http:\/\/nel-medellin.org\/bloglo-virtual-y-lo-real-seguiran-siendo-diferentes\/\">http:\/\/nel-medellin.org\/bloglo-virtual-y-lo-real-seguiran-siendo-diferentes\/<\/a>)<\/p>\n<p>Lorena Gre\u00f1as Contreras (NEL\/Guatemala) ( <a href=\"http:\/\/nel-medellin.org\/la-prueba-de-amor-en-la-epoca-virtual\/\">http:\/\/nel-medellin.org\/la-prueba-de-amor-en-la-epoca-virtual\/<\/a>)<\/p>\n<p>Gabriela Med\u00edn (ELP) \u2013 Los tempos que corren adolescente y videojuegos (<a href=\"http:\/\/nel-medellin.org\/bloglos-tiempos-que-corren-adolescentes-y-videojuegos\/\">http:\/\/nel-medellin.org\/bloglos-tiempos-que-corren-adolescentes-y-videojuegos\/<\/a><\/p>\n<ul>\n<li><strong>Publica\u00e7\u00f5es do ENAPOL.<\/strong><\/li>\n<\/ul>\n<p>Gloria Askman (EOL) <a href=\"http:\/\/oimperiodasimagens.com.br\/pt\/faq-items\/a-sexualidade-virtual-homens-e-mulheres-gloria-askman\/\">http:\/\/oimperiodasimagens.com.br\/pt\/faq-items\/a-sexualidade-virtual-homens-e-mulheres-gloria-askman\/<\/a><\/p>\n<p>Mar\u00eda Elena Lora (NEL-La Paz) <a href=\"http:\/\/oimperiodasimagens.com.br\/es\/faq-items\/enjambre-digital-y-el-auge-de-la-transparencia-maria-elena-lora\/\">http:\/\/oimperiodasimagens.com.br\/es\/faq-items\/enjambre-digital-y-el-auge-de-la-transparencia-maria-elena-lora\/<\/a><\/p>\n<p>Beatriz Udenio (EOL) <a href=\"http:\/\/oimperiodasimagens.com.br\/es\/faq-items\/cuando-la-palabra-no-es-performativa-la-imagen-reina-beatriz-udenio\/\">http:\/\/oimperiodasimagens.com.br\/es\/faq-items\/cuando-la-palabra-no-es-performativa-la-imagen-reina-beatriz-udenio\/<\/a><\/p>\n<ul>\n<li><strong>Publica\u00e7\u00f5es de revistas brasileiras.<\/strong><\/li>\n<\/ul>\n<p>Ana Lydia Santiago (EBP\/MG) (Amores n\u00f4mades na sociedade do individualismo de massa &#8211; Op\u00e7\u00e3o Lacaniana N\u00ba 48.)<\/p>\n<p>Ondina Machado (EBP\/RJ) (Sexualidade Virtual \u2013 Op\u00e7\u00e3o Lacaniana Online N\u00ba 18.) <a href=\"http:\/\/www.opcaolacaniana.com.br\/nranterior\/numero18\/texto3.html\">http:\/\/www.opcaolacaniana.com.br\/nranterior\/numero18\/texto3.html<\/a>)<\/p>\n<p>Romildo do R\u00eago Barros (EBP\/RJ) (O que a psican\u00e1lise tem a ver com o amor? &#8211; Revista Letra Cl\u00ednica N\u00ba 2)<\/p>\n<ul>\n<li><strong>Publica\u00e7\u00f5es da Revista \u201cEl Psicoanalisis\u201d<\/strong><\/li>\n<\/ul>\n<p>Miquel Bassols (ELP) (La transferencia, entre el goce y el amor) El Psicoanalisis N\u00ba 32) <a href=\"http:\/\/elpsicoanalisis.elp.org.es\/uncategorized\/la-transferencia-%E2%80%A8entre-el-goce-y-el-amor\/\">http:\/\/elpsicoanalisis.elp.org.es\/uncategorized\/la-transferencia-%E2%80%A8entre-el-goce-y-el-amor\/<\/a>)<\/p>\n<p>Enric Berenguer (ELP) (\u00bfDe que\u0301 (real) hablamos cuando hablamos de amor?) El Psicoanalisis N\u00ba 23) <a href=\"http:\/\/elpsicoanalisis.elp.org.es\/numero-23\/de-que-real-hablamos-cuando-hablamos-de-amor\/\">http:\/\/elpsicoanalisis.elp.org.es\/numero-23\/de-que-real-hablamos-cuando-hablamos-de-amor\/<\/a><\/p>\n<p>Jos\u00e9 Ramon Ubieto (ELP) (La crisis de lo mismo) El Psicoanalisis N\u00ba 27 ( <a href=\"http:\/\/elpsicoanalisis.elp.org.es\/numero-27\/la-crisis-de-lo-mismo\/\">http:\/\/elpsicoanalisis.elp.org.es\/numero-27\/la-crisis-de-lo-mismo\/<\/a>)<\/p>\n<p><a href=\"http:\/\/elpsicoanalisis.elp.org.es\/author\/santiago-castellanos\/\">Santiago Castellanos<\/a>\u00a0(ELP) (Crisis \u00bfqu\u00e9 dicen los psicoanalistas?) El Psicoanalisis N\u00ba 27 ( <a href=\"http:\/\/elpsicoanalisis.elp.org.es\/numero-27\/crisis-que-dicen-los-psicoanalistas\/\">http:\/\/elpsicoanalisis.elp.org.es\/numero-27\/crisis-que-dicen-los-psicoanalistas\/<\/a>)<\/p>\n<ul>\n<li><strong>Revistas e livros.<\/strong><\/li>\n<\/ul>\n<p>Marcus Andr\u00e9 Vieira <em>A<\/em> <em>\u00e9tica da paix\u00e3o: uma teoria psicanal\u00edtica dos afetos<\/em> Rio de Janeiro, Jorge Zahar, 2001<\/p>\n<p>Aleph N\u00ba 1 &#8211; As rela\u00e7\u00f5es amorosas no s\u00e9culo XXI (<a href=\"http:\/\/www.ebp.org.br\/publicacoes\/aleph-1\/\">http:\/\/www.ebp.org.br\/publicacoes\/aleph-1\/<\/a>)<\/p>\n<p>Revista Curinga N\u00ba 11 &#8211; Formas de desencontro, segrega\u00e7\u00e3o e solid\u00e3o. (<a href=\"http:\/\/www.ebp.org.br\/publicacoes\/curinga-11\/\">http:\/\/www.ebp.org.br\/publicacoes\/curinga-11\/<\/a>)<\/p>\n<p>Op\u00e7\u00e3o Lacaniana 70 \u2013 Ler um sintoma. (<a href=\"http:\/\/www.ebp.org.br\/publicacoes\/opc%CC%A7a%CC%83o-lacaniana-70\/\">http:\/\/www.ebp.org.br\/publicacoes\/opc%CC%A7a%CC%83o-lacaniana-70\/<\/a>)<\/p>\n<p>Revista Colof\u00f3n 36 Amor y sacrificio (<a href=\"http:\/\/www.ebp.org.br\/colofon\/colofon-36\/\">http:\/\/www.ebp.org.br\/colofon\/colofon-36\/<\/a>)<\/p>\n<p>Mutaciones del sujeto contempor\u00e1neo (<a href=\"http:\/\/www.eol.org.ar\/template.asp?Sec=publicaciones&amp;SubSec=impresas&amp;File=impresas\/col\/Mutaciones-del-sujeto-contemporaneo.html\">http:\/\/www.eol.org.ar\/template.asp?Sec=publicaciones&amp;SubSec=impresas&amp;File=impresas\/col\/Mutaciones-del-sujeto-contemporaneo.html<\/a>)<\/p>\n<p>La mirada de las im\u00e1genes &#8211; Textos psicoanal\u00edticos &#8211; Mauricio Tarrab) (<a href=\"http:\/\/www.gramaediciones.com.ar\/serie-tri\/la-mirada-de-las-imagenes-textos-psicoanaliticos-mauricio-tarrab\/\">http:\/\/www.gramaediciones.com.ar\/serie-tri\/la-mirada-de-las-imagenes-textos-psicoanaliticos-mauricio-tarrab\/<\/a>)<\/p>\n<p>Los decires del amor \u2013 Oscar Zack (<a href=\"http:\/\/www.gramaediciones.com.ar\/serie-tri\/los-decires-del-amor-oscar-zack\/\">http:\/\/www.gramaediciones.com.ar\/serie-tri\/los-decires-del-amor-oscar-zack\/<\/a>)<\/p>\n<p>Un amor menos tonto. Una lectura del Seminario XXI de Lacan &#8211; Carmen Gonz\u00e1lez T\u00e1boas. (<a href=\"http:\/\/www.gramaediciones.com.ar\/otras-publicaciones\/un-amor-menos-tonto-una-lectura-del-seminario-xxi-de-lacan-carmen-gonzalez-taboas\/\">http:\/\/www.gramaediciones.com.ar\/otras-publicaciones\/un-amor-menos-tonto-una-lectura-del-seminario-xxi-de-lacan-carmen-gonzalez-taboas\/<\/a>)<\/p>\n[\/vc_column_text][\/vc_column][\/vc_row]\n<\/section>","protected":false},"excerpt":{"rendered":"<p>[vc_row][vc_column][eikra-vc-text-title style=&#8221;style2&#8243; title=&#8221;Refer\u00eancias Bibliogr\u00e1ficas&#8221;][\/eikra-vc-text-title][vc_column_text] SIGMUND FREUD 1) &#8220;Um tipo especial de escolha de objeto feita pelos homens (Contribui\u00e7\u00f5es \u00e0 Psicologia do Amor I) (1910)&#8221; 2) &#8220;Sobre a tend\u00eancia universal \u00e0 deprecia\u00e7\u00e3o na esfera do amor (Contribui\u00e7\u00f5es \u00e0 Psicologia do Amor II) (1912)&#8221; 3) &#8220;O tabu da virgindade (Contribui\u00e7\u00f5es \u00e0 Psicologia do Amor III) (1917)&#8221; (Estes&hellip;<\/p>\n","protected":false},"author":1,"featured_media":0,"parent":2793,"menu_order":0,"comment_status":"closed","ping_status":"closed","template":"","meta":{"footnotes":""},"class_list":["post-2804","page","type-page","status-publish","hentry","entry","no-media"],"aioseo_notices":[],"_links":{"self":[{"href":"https:\/\/ebp.org.br\/sp\/wp-json\/wp\/v2\/pages\/2804","targetHints":{"allow":["GET"]}}],"collection":[{"href":"https:\/\/ebp.org.br\/sp\/wp-json\/wp\/v2\/pages"}],"about":[{"href":"https:\/\/ebp.org.br\/sp\/wp-json\/wp\/v2\/types\/page"}],"author":[{"embeddable":true,"href":"https:\/\/ebp.org.br\/sp\/wp-json\/wp\/v2\/users\/1"}],"replies":[{"embeddable":true,"href":"https:\/\/ebp.org.br\/sp\/wp-json\/wp\/v2\/comments?post=2804"}],"version-history":[{"count":0,"href":"https:\/\/ebp.org.br\/sp\/wp-json\/wp\/v2\/pages\/2804\/revisions"}],"up":[{"embeddable":true,"href":"https:\/\/ebp.org.br\/sp\/wp-json\/wp\/v2\/pages\/2793"}],"wp:attachment":[{"href":"https:\/\/ebp.org.br\/sp\/wp-json\/wp\/v2\/media?parent=2804"}],"curies":[{"name":"wp","href":"https:\/\/api.w.org\/{rel}","templated":true}]}}