{"id":2800,"date":"2018-04-26T07:12:29","date_gmt":"2018-04-26T10:12:29","guid":{"rendered":"http:\/\/ebp.org.br\/sp\/?page_id=2800"},"modified":"2018-04-26T07:12:29","modified_gmt":"2018-04-26T10:12:29","slug":"convidada-viii-jornadas","status":"publish","type":"page","link":"https:\/\/ebp.org.br\/sp\/jornadas\/viii-jornadas\/convidada-viii-jornadas\/","title":{"rendered":"Convidada &#8211; VIII Jornadas"},"content":{"rendered":"<section class=\"wpb-content-wrapper\">[vc_row][vc_column][eikra-vc-text-title style=&#8221;style2&#8243; title=&#8221;Convidada&#8221;][\/eikra-vc-text-title][vc_column_text]\n<h3><span style=\"color: #993300;\"><img loading=\"lazy\" decoding=\"async\" class=\"size-full wp-image-2794 alignright\" src=\"http:\/\/ebp.org.br\/sp\/wp-content\/uploads\/2018\/04\/alberti.jpg\" alt=\"\" width=\"150\" height=\"200\" \/>Christiane Alberti<\/span><\/h3>\n<p>Psicanalista, Analista Membro da Escola (AME) do Campo Freudiano e da Associa\u00e7\u00e3o Mundial de Psican\u00e1lise. Conferencista na Paris 8 e coordenadora do Col\u00e9gio Cl\u00ednico de Toulouse.[\/vc_column_text][\/vc_column][\/vc_row]\n<\/section>","protected":false},"excerpt":{"rendered":"<p>[vc_row][vc_column][eikra-vc-text-title style=&#8221;style2&#8243; title=&#8221;Convidada&#8221;][\/eikra-vc-text-title][vc_column_text] Christiane Alberti Psicanalista, Analista Membro da Escola (AME) do Campo Freudiano e da Associa\u00e7\u00e3o Mundial de Psican\u00e1lise. Conferencista na Paris 8 e coordenadora do Col\u00e9gio Cl\u00ednico de Toulouse.[\/vc_column_text][\/vc_column][\/vc_row]<\/p>\n","protected":false},"author":1,"featured_media":0,"parent":2793,"menu_order":0,"comment_status":"closed","ping_status":"closed","template":"","meta":{"footnotes":""},"class_list":["post-2800","page","type-page","status-publish","hentry","entry","no-media"],"aioseo_notices":[],"_links":{"self":[{"href":"https:\/\/ebp.org.br\/sp\/wp-json\/wp\/v2\/pages\/2800","targetHints":{"allow":["GET"]}}],"collection":[{"href":"https:\/\/ebp.org.br\/sp\/wp-json\/wp\/v2\/pages"}],"about":[{"href":"https:\/\/ebp.org.br\/sp\/wp-json\/wp\/v2\/types\/page"}],"author":[{"embeddable":true,"href":"https:\/\/ebp.org.br\/sp\/wp-json\/wp\/v2\/users\/1"}],"replies":[{"embeddable":true,"href":"https:\/\/ebp.org.br\/sp\/wp-json\/wp\/v2\/comments?post=2800"}],"version-history":[{"count":0,"href":"https:\/\/ebp.org.br\/sp\/wp-json\/wp\/v2\/pages\/2800\/revisions"}],"up":[{"embeddable":true,"href":"https:\/\/ebp.org.br\/sp\/wp-json\/wp\/v2\/pages\/2793"}],"wp:attachment":[{"href":"https:\/\/ebp.org.br\/sp\/wp-json\/wp\/v2\/media?parent=2800"}],"curies":[{"name":"wp","href":"https:\/\/api.w.org\/{rel}","templated":true}]}}