{"id":2661,"date":"2018-03-23T17:09:05","date_gmt":"2018-03-23T20:09:05","guid":{"rendered":"http:\/\/ebp.org.br\/sp\/?page_id=2661"},"modified":"2018-03-23T17:09:05","modified_gmt":"2018-03-23T20:09:05","slug":"carta-de-sao-paulo-online-20-nova-serie-2","status":"publish","type":"page","link":"https:\/\/ebp.org.br\/sp\/biblioteca\/publicacoes\/carta-sp-online\/carta-de-sao-paulo-online-20-nova-serie-2\/","title":{"rendered":"Carta de S\u00e3o Paulo Online &#8211; #20 &#8211; Nova s\u00e9rie"},"content":{"rendered":"<section class=\"wpb-content-wrapper\">[vc_row][vc_column][vc_single_image image=&#8221;2723&#8243; img_size=&#8221;full&#8221; alignment=&#8221;center&#8221;][\/vc_column][\/vc_row][vc_row][vc_column][vc_single_image image=&#8221;2677&#8243; img_size=&#8221;600&#215;1000&#8243; alignment=&#8221;center&#8221;][\/vc_column][\/vc_row][vc_row full_width=&#8221;stretch_row&#8221; css=&#8221;.vc_custom_1435233845530{padding-top: 50px !important;padding-bottom: 50px !important;background-color: #f7f7f7 !important;}&#8221;][vc_column css=&#8221;.vc_custom_1521845468593{border-radius: 2px !important;}&#8221;][vc_custom_heading text=&#8221;Editorial&#8221; use_theme_fonts=&#8221;yes&#8221;][vc_column_text css=&#8221;.vc_custom_1521970237212{border-radius: 2px !important;}&#8221;]\n<p style=\"text-align: right;\"><img loading=\"lazy\" decoding=\"async\" class=\"alignleft wp-image-2662 size-full\" src=\"http:\/\/ebp.org.br\/sp\/wp-content\/uploads\/2018\/03\/Val\u00e9ria.jpg\" alt=\"\" width=\"150\" height=\"148\" \/>V<strong>al\u00e9ria Ferranti <\/strong><\/p>\n<p style=\"text-align: right;\"><strong>(EBP\/AMP)<\/strong><\/p>\n<p><strong>\u00a0<\/strong><\/p>\n<p>Dias sombrios estes que antecedem a escrita deste editorial. A viol\u00eancia que faz calar \u2013 pois leva ao limite da morte \u2013 tamb\u00e9m faz falar e convoca cada um a tomar uma posi\u00e7\u00e3o. N\u00e3o h\u00e1 como ficar indiferente.<\/p>\n<p>Este n\u00famero da Carta de S\u00e3o Paulo online \u00e9 pol\u00edtico. Pol\u00edtico pelos acontecimentos que antecedem a sua publica\u00e7\u00e3o, bem como por tomar a aula de Jacques-Alain Miller de 24 de junho de 2017 para ser comentada pelo Conselho da Se\u00e7\u00e3o S\u00e3o Paulo, que encerrou sua gest\u00e3o em fevereiro deste ano.<\/p>\n<p>Cada Conselheira p\u00f4de colocar sua lupa em um aspecto da aula, naquilo que mais lhe toca, e o leitor poder\u00e1 acompanhar as articula\u00e7\u00f5es produzidas, de onde extraio alguns pontos.<\/p>\n<p>&#8220;Conv\u00e9m ao analista tomar partido, mas n\u00e3o lhe conv\u00e9m ser partid\u00e1rio\u201d, articula\u00e7\u00e3o precisa frente \u00e0 convocat\u00f3ria feita por Miller de que o analista lacaniano deveria &#8220;irromper em pra\u00e7a p\u00fablica, tomar partido.\u201d Esclarecendo que o \u00fanico partido poss\u00edvel \u00e9 o do Real em jogo, seja na cl\u00ednica ou na pol\u00edtica.<\/p>\n<p>E como sustent\u00e1-lo? Pelo desejo do analista.<\/p>\n<p>Analista, sua pr\u00e1tica e sua \u00e9poca, postos em quest\u00e3o. \u201c(\u2026) n\u00e3o deixar dissolver-se o sentido comum do praticante, n\u00e3o deixar esse sentido comum enrijecer em dogmatismo e, para tanto, continuar deixando-se interrogar pela pr\u00e1tica anal\u00edtica.\u201d<\/p>\n<p>&#8220;O analista n\u00e3o \u00e9 indiferente, nem \u00e9 aquele que n\u00e3o elege porque tem uma \u00e9tica. Lacan desenvolveu uma \u00e9tica da psican\u00e1lise que admite que na posi\u00e7\u00e3o mesma do analista h\u00e1 uma elei\u00e7\u00e3o. Assinalemos que o termo \u00e9tica n\u00e3o \u00e9 uma moral e inclui a pol\u00edtica.\u201d<\/p>\n<p>Por um lado, a cena pol\u00edtica \u2013 que poderia chamar de interna \u2013 n\u00e3o \u00e9 tomada pelo narcisismo, pela l\u00f3gica dos grupos e pela cola imagin\u00e1ria, mas sim \u201cpela suposi\u00e7\u00e3o de saber e pelos la\u00e7os agalm\u00e1ticos como condi\u00e7\u00e3o para a exist\u00eancia mesma da Escola.\u201d E por outro \u2013 na cena pol\u00edtica social \u2013, \u201ccabe ao analista interpretar o discurso do mestre a partir do que lhe faz furo e devolver ao sujeito a escolha, a escolha decidida dessa rela\u00e7\u00e3o com o significante que o discurso do mestre institui\u201d.<\/p>\n<p>Escolha, desejo, fala, Escola\u2026 que estejamos \u00e0 altura da subjetividade da nossa \u00e9poca para fazer frente a qualquer tentativa de fazer calar.<\/p>\n<p>Boa leitura.[\/vc_column_text][\/vc_column][\/vc_row][vc_row][vc_column][vc_custom_heading text=&#8221;&#8220;Ano Zero&#8220;&#8221; font_container=&#8221;tag:h2|text_align:center|color:%231e73be&#8221; use_theme_fonts=&#8221;yes&#8221;][\/vc_column][\/vc_row][vc_row][vc_column width=&#8221;1\/3&#8243;][vc_single_image image=&#8221;1892&#8243; img_size=&#8221;200&#215;200&#8243; alignment=&#8221;center&#8221;][vc_column_text]\n<h4><strong>A diferen\u00e7a do psicanalista da Escola<\/strong><\/h4>\n<p><strong>Carmen Silvia Cervelatti (EBP\/AMP)\u00a0<\/strong><\/p>\n<p><em>\u201cEm uma Escola, tudo \u00e9 da ordem do anal\u00edtico. \u00c9 um axioma, a condi\u00e7\u00e3o para que uma Escola seja interessante.\u201d<a href=\"#_ftn1\" name=\"_ftnref1\"><strong>[1]<\/strong><\/a> <\/em><\/p>\n<p><em>\u00a0<\/em>Uma pequena articula\u00e7\u00e3o entre dois momentos da enuncia\u00e7\u00e3o de Miller: 2000 \u2013 Teoria de Turim, quando articulou a Escola \u00e9 um sujeito e o Semin\u00e1rio de 24 de junho de 2017, nomeado como passe da Escola, ap\u00f3s pontuar as repeti\u00e7\u00f5es do mesmo nos diversos momentos da espiral da hist\u00f3ria do Campo freudiano, desde a funda\u00e7\u00e3o da Escola freudiana de Paris em 1964, passando pela ECF em 1980. Tr\u00eas momentos \u201cano zero\u201d.<\/p>\n<p>&nbsp;<\/p>\n<p><a href=\"#_ftnref1\" name=\"_ftn1\"><\/a>[\/vc_column_text][vc_btn title=&#8221;Leia Mais&#8221; color=&#8221;chino&#8221; align=&#8221;center&#8221; link=&#8221;url:http%3A%2F%2Febp.org.br%2Fsp%2Fa-diferenca-do-psicanalista-da-escola%2F||target:%20_blank|&#8221;][\/vc_column][vc_column width=&#8221;1\/3&#8243;][vc_single_image image=&#8221;2350&#8243; img_size=&#8221;200&#215;200&#8243; alignment=&#8221;center&#8221;][vc_column_text]\n<h4><strong>O amor \u00e0 verdade e o desejo do analista<\/strong><\/h4>\n<p><strong>Maria Cec\u00edlia Galletti Ferretti (EBP\/AMP)<\/strong><\/p>\n<p><strong>\u00a0<\/strong>Dentre os temas tratados por Jacques- Alain Miller em sua primeira aula do <em>Curso de psican\u00e1lise <\/em>de 24 de junho de 2017, saliento aquele referente \u00e0 quest\u00e3o da verdade em sua articula\u00e7\u00e3o com o desejo do analista.<\/p>\n<p>Gostaria de iniciar este pequeno coment\u00e1rio com uma refer\u00eancia ao <em>Semin\u00e1rio 17 \u2013 O avesso da psican\u00e1lise<\/em>, e mais especificamente aos cap\u00edtulos intitulados \u201cA impot\u00eancia da verdade\u201d e \u201c O poder dos imposs\u00edveis\u201d.<\/p>\n<p>Lacan cita a\u00ed o texto de Freud, <em>Analise termin\u00e1vel e intermin\u00e1vel<\/em>, afirmando que para Freud, neste momento, caberia ao analista n\u00e3o esquecer que \u201ca rela\u00e7\u00e3o anal\u00edtica (&#8230;) est\u00e1 fundada no amor \u00e0 verdade (&#8230;)\u201d<a href=\"#_ftn1\" name=\"_ftnref1\">[1]<\/a>.<\/p>\n<p>&nbsp;<\/p>\n<p>&nbsp;<\/p>\n<p><a href=\"#_ftnref1\" name=\"_ftn1\"><\/a>[\/vc_column_text][vc_btn title=&#8221;Leia Mais&#8221; color=&#8221;chino&#8221; align=&#8221;center&#8221; link=&#8221;url:http%3A%2F%2Febp.org.br%2Fsp%2Fo-amor-a-verdade-e-o-desejo-do-analista%2F||target:%20_blank|&#8221;][\/vc_column][vc_column width=&#8221;1\/3&#8243;][vc_single_image image=&#8221;2295&#8243; img_size=&#8221;200&#215;200&#8243; alignment=&#8221;center&#8221;][vc_column_text]\n<h4><strong>Escola-Sujeito \u201cAno Zero\u201d<\/strong><\/h4>\n<p><strong>Maria Bernadette Soares de Sant\u00b4Ana Pitteri (EBP\/AMP)<\/strong><\/p>\n<p>No dia 24 de junho de 2017, Miller surpreende ao dizer que \u201ctudo come\u00e7a sem ser destru\u00eddo para ser levado a um n\u00edvel superior\u201d, \u201cAno Zero\u201d, novo come\u00e7o para o Campo Freudiano, <em>aufhebung<\/em> hegeliana que levaria \u00e0 \u201cEscola-Sujeito\u201d.<\/p>\n<p>A dial\u00e9tica hegeliana pressup\u00f5e conservar o que existe para super\u00e1-lo, num movimento de espiral ascendente. Quando determinado, o momento do Esp\u00edrito Universal gera contradi\u00e7\u00f5es e a dial\u00e9tica as absorve, o que possibilita o advento de um novo momento. O esp\u00edrito de nosso tempo est\u00e1 prenhe de contradi\u00e7\u00f5es e Miller prop\u00f5e um movimento dial\u00e9tico na Escola de Lacan, conservando o que existe para elevar a um n\u00edvel superior: o \u201cAno Zero\u201d da Psican\u00e1lise que inclua a \u201cEscola-Sujeito\u201d.[\/vc_column_text][vc_btn title=&#8221;Leia Mais&#8221; color=&#8221;chino&#8221; align=&#8221;center&#8221; link=&#8221;url:http%3A%2F%2Febp.org.br%2Fsp%2Fescola-sujeito-ano-zero%2F||target:%20_blank|&#8221;][\/vc_column][\/vc_row][vc_row][vc_column width=&#8221;1\/3&#8243;][vc_single_image image=&#8221;2650&#8243; img_size=&#8221;200&#215;200&#8243; alignment=&#8221;center&#8221;][vc_column_text css=&#8221;.vc_custom_1521970186286{border-radius: 2px !important;}&#8221;]\n<h4><strong>Ano Zero \u2013 Desejo do analista X<\/strong><\/h4>\n<p><strong>Cynthia N. de Freitas Farias (EBP\/AMP)<\/strong><\/p>\n<p>Um novo come\u00e7o, uma mudan\u00e7a, uma transfigura\u00e7\u00e3o, uma<em> aufhebung<\/em> segundo o termo de Hegel\u201d [&#8230;] \u201ctudo come\u00e7a sem ser destru\u00eddo para ser levado a um n\u00edvel superior\u201d. Este ponto de <em>capiton<\/em> do qual parte Miller para interpretar os acontecimentos pol\u00edticos de mar\u00e7o de 2017 que balan\u00e7aram o Campo Freudiano recai, a meu ver, sobre cada termo e conceito que ele recupera tanto em Freud quanto em Lacan para dar consequ\u00eancias ao movimento iniciado pelos analistas lacanianos: \u201cirromper em pra\u00e7a p\u00fablica, tomar partido\u201d<a href=\"#_ftn1\" name=\"_ftnref1\">[1]<\/a>.[\/vc_column_text][vc_btn title=&#8221;Leia Mais&#8221; color=&#8221;chino&#8221; align=&#8221;center&#8221; link=&#8221;url:http%3A%2F%2Febp.org.br%2Fsp%2Fano-zero-desejo-do-analista-x%2F||target:%20_blank|&#8221;][\/vc_column][vc_column width=&#8221;1\/3&#8243;][vc_single_image image=&#8221;2358&#8243; img_size=&#8221;200&#215;200&#8243; alignment=&#8221;center&#8221;][vc_column_text]\n<h4><strong>\u00c9 poss\u00edvel ser her\u00e9tico da boa maneira?<\/strong><\/h4>\n<p><strong>Paola Salinas (EBP\/AMP)<\/strong><\/p>\n<p><strong>\u00a0<\/strong>A proposta de Miller denominada Ano Zero toca o fundamento do discurso anal\u00edtico, no campo \u201csocial\u201d, e no que concerne \u00e0 posi\u00e7\u00e3o do analista, enfatizando o compromisso com o campo aberto por Freud.<\/p>\n<p>Interessou-se por apontar que tal rela\u00e7\u00e3o com o social perpassa a posi\u00e7\u00e3o do analista e sua rela\u00e7\u00e3o com o narcisismo. Assim, tratar-se-ia de abandonar o narcisismo das pequenas diferen\u00e7as e colocar em jogo, na aposta da psican\u00e1lise na <em>polis<\/em> e na Escola, um outro uso do narcisismo a servi\u00e7o de um estilo, satisfa\u00e7\u00e3o inclu\u00edda na escolha, que implica um ato e uma posi\u00e7\u00e3o.[\/vc_column_text][vc_btn title=&#8221;Leia Mais&#8221; color=&#8221;chino&#8221; align=&#8221;center&#8221; link=&#8221;url:http%3A%2F%2Febp.org.br%2Fsp%2Fe-possivel-ser-heretico-da-boa-maneira%2F||target:%20_blank|&#8221;][\/vc_column][vc_column width=&#8221;1\/3&#8243;][vc_single_image image=&#8221;2340&#8243; img_size=&#8221;200&#215;200&#8243; alignment=&#8221;center&#8221;][vc_column_text]\n<h4><strong>O analista, sua pr\u00e1tica e sua \u00e9poca<\/strong><\/h4>\n<p><strong>Patricia Badari (EBP\/AMP)<\/strong><\/p>\n<p>&nbsp;<\/p>\n<p>O significante \u201cAno Zero\u201d \u00e9 uma interpreta\u00e7\u00e3o. Uma interpreta\u00e7\u00e3o de J.\u2013A. Miller sobre o que se passou em 2017 no Campo Freudiano, mas tamb\u00e9m em seus \u00faltimos anos. E esta interpreta\u00e7\u00e3o tem efeitos na Escola Una e no discurso anal\u00edtico. Pois, \u201calgo foi questionado no fundamento mesmo do discurso anal\u00edtico\u201d<a href=\"#_ftn1\" name=\"_ftnref1\">[1]<\/a>.<\/p>\n<p>E se uma interpreta\u00e7\u00e3o, em um segundo tempo, \u201ctem o efeito de significa\u00e7\u00e3o para esclarecer um enunciado, um texto a desenvolver\u201d<a href=\"#_ftn1\" name=\"_ftnref1\">[1]<\/a>, &#8230;<\/p>\n<p><a href=\"#_ftnref1\" name=\"_ftn1\"><\/a><\/p>\n<p><a href=\"#_ftnref1\" name=\"_ftn1\"><\/a>[\/vc_column_text][vc_btn title=&#8221;Leia Mais&#8221; color=&#8221;chino&#8221; align=&#8221;center&#8221; link=&#8221;url:http%3A%2F%2Febp.org.br%2Fsp%2Fo-analista-sua-pratica-e-sua-epoca%2F||target:%20_blank|&#8221;][\/vc_column][\/vc_row][vc_row][vc_column][vc_single_image image=&#8221;2728&#8243; img_size=&#8221;900&#215;825&#8243; alignment=&#8221;center&#8221;][\/vc_column][\/vc_row][vc_row][vc_column][vc_single_image image=&#8221;2733&#8243; img_size=&#8221;1000&#215;825&#8243; alignment=&#8221;center&#8221;][vc_column_text]\n<div id=\"channel-header-container\" class=\"style-scope ytd-c4-tabbed-header-renderer\">\u00a0<img loading=\"lazy\" decoding=\"async\" id=\"img\" class=\"style-scope yt-img-shadow aligncenter\" src=\"https:\/\/yt3.ggpht.com\/-fkPOfR9OFBs\/AAAAAAAAAAI\/AAAAAAAAAAA\/MJLghk430kw\/s288-mo-c-c0xffffffff-rj-k-no\/photo.jpg\" alt=\"\" width=\"80\" height=\"288\" \/><\/div>\n<div class=\"style-scope ytd-c4-tabbed-header-renderer\">\n<h3 id=\"inner-header-container\" class=\"style-scope ytd-c4-tabbed-header-renderer\" style=\"text-align: center;\">\u00a0CANAL YouTube<\/h3>\n<h3 style=\"text-align: center;\">\u00a0 \u00a0 <strong>Acesse:<\/strong>\u00a0https:\/\/www.youtube.com\/channel\/UCqdceAOWKhdPXWox1qXo6mg\/videos<\/h3>\n<div><\/div>\n<div id=\"sponsor-button\" class=\"style-scope ytd-c4-tabbed-header-renderer\"><\/div>\n<div id=\"edit-buttons\" class=\"style-scope ytd-c4-tabbed-header-renderer\"><\/div>\n<div id=\"other-buttons\" class=\"style-scope ytd-c4-tabbed-header-renderer\"><\/div>\n<\/div>\n<div id=\"links-holder\" class=\"style-scope ytd-c4-tabbed-header-renderer\">\n<div id=\"primary-links\" class=\"style-scope ytd-c4-tabbed-header-renderer\">\n<div class=\"icon-container style-scope ytd-c4-tabbed-header-renderer\"><\/div>\n<\/div>\n<\/div>\n[\/vc_column_text][\/vc_column][\/vc_row][vc_row][vc_column][vc_custom_heading text=&#8221;Comiss\u00e3o de Acolhimento&#8221; font_container=&#8221;tag:h3|text_align:center|color:%231e73be&#8221; use_theme_fonts=&#8221;yes&#8221;][\/vc_column][\/vc_row][vc_row][vc_column][vc_column_text]\n<h4>\u201cAntes de mais nada, um princ\u00edpio: o psicanalista s\u00f3 se autoriza de si mesmo. (&#8230;) Isso n\u00e3o impede que a Escola garanta que um analista depende de sua forma\u00e7\u00e3o\u201d. Cinquenta anos depois, esta frase de Lacan na Proposi\u00e7\u00e3o de 9 de outubro de 1967 sobre o psicanalista da Escola, segue desafiando e colocando a trabalho aqueles que t\u00eam seu desejo causado pela psican\u00e1lise. Um enunciado que nos toca pelo que entrela\u00e7a de duas proposi\u00e7\u00f5es aparentemente contradit\u00f3rias. Se o caminho de cada analista \u00e9 o caminho solit\u00e1rio da singularidade, sua forma\u00e7\u00e3o n\u00e3o se faz sem partilhar os princ\u00edpios e as orienta\u00e7\u00f5es que sustentam a psican\u00e1lise e sua pr\u00e1xis. A Escola \u00e9, como quis Lacan, o suporte desse desejo vivo e decidido. O que \u00e9 a Escola Brasileira de Psican\u00e1lise? Qual sua rela\u00e7\u00e3o com a Escola fundada por Lacan? Qual ensino ela dispensa? O que \u00e9 ser membro de Escola e quais as formas de admiss\u00e3o? O que \u00e9 o passe? O que a Se\u00e7\u00e3o S\u00e3o Paulo representa no \u00e2mbito da Escola? A comiss\u00e3o de acolhimento da Se\u00e7\u00e3o S\u00e3o Paulo pode ser um primeiro contato para esclarecer essas e tantas outras quest\u00f5es que possam surgir a partir da transfer\u00eancia com a psican\u00e1lise e com o ensino de Lacan no Brasil. Se voc\u00ea deseja saber mais, entre em contato para agendar um encontro com um dos membros da Comiss\u00e3o.<\/h4>\n<h4 style=\"text-align: center;\">Comiss\u00e3o de Acolhimento da EBP-Se\u00e7\u00e3o S\u00e3o Paulo:<\/h4>\n<h4 style=\"text-align: center;\">Cynthia Nunes de Freitas Farias<\/h4>\n<h4 style=\"text-align: center;\">Tel: 11 30856415\/ 11 981494376<\/h4>\n<h4 style=\"text-align: center;\">email: <span style=\"color: #333399;\">cynthianffarias@gmail.com <\/span><\/h4>\n<h4 style=\"text-align: center;\">Eliane Costa Dias<\/h4>\n<h4 style=\"text-align: center;\">Tel:(11) 3081.7428 \/ 99178.6359<\/h4>\n<h4 style=\"text-align: center;\">email: <span style=\"color: #333399;\">delreycosta@uol.com.br <\/span><\/h4>\n<h4 style=\"text-align: center;\">Paola Salinas<\/h4>\n<h4 style=\"text-align: center;\">Tel: (16) 997948200<\/h4>\n<h4 style=\"text-align: center;\">Email: <span style=\"color: #333399;\">paolasalinas11@yahoo.com.br<\/span><\/h4>\n[\/vc_column_text][vc_column_text]<img loading=\"lazy\" decoding=\"async\" class=\"aligncenter wp-image-2726 size-full\" src=\"http:\/\/ebp.org.br\/sp\/wp-content\/uploads\/2018\/03\/Rodap\u00e9-CSP-1.jpg\" alt=\"\" width=\"939\" height=\"367\" \/>[\/vc_column_text][\/vc_column][\/vc_row]\n<\/section>","protected":false},"excerpt":{"rendered":"<p>[vc_row][vc_column][vc_single_image image=&#8221;2723&#8243; img_size=&#8221;full&#8221; alignment=&#8221;center&#8221;][\/vc_column][\/vc_row][vc_row][vc_column][vc_single_image image=&#8221;2677&#8243; img_size=&#8221;600&#215;1000&#8243; alignment=&#8221;center&#8221;][\/vc_column][\/vc_row][vc_row full_width=&#8221;stretch_row&#8221; css=&#8221;.vc_custom_1435233845530{padding-top: 50px !important;padding-bottom: 50px !important;background-color: #f7f7f7 !important;}&#8221;][vc_column css=&#8221;.vc_custom_1521845468593{border-radius: 2px !important;}&#8221;][vc_custom_heading text=&#8221;Editorial&#8221; use_theme_fonts=&#8221;yes&#8221;][vc_column_text css=&#8221;.vc_custom_1521970237212{border-radius: 2px !important;}&#8221;] Val\u00e9ria Ferranti (EBP\/AMP) \u00a0 Dias sombrios estes que antecedem a escrita deste editorial. A viol\u00eancia que faz calar \u2013 pois leva ao limite da morte \u2013 tamb\u00e9m faz falar e convoca cada&hellip;<\/p>\n","protected":false},"author":2,"featured_media":0,"parent":1231,"menu_order":0,"comment_status":"closed","ping_status":"closed","template":"","meta":{"footnotes":""},"class_list":["post-2661","page","type-page","status-publish","hentry","entry","no-media"],"aioseo_notices":[],"_links":{"self":[{"href":"https:\/\/ebp.org.br\/sp\/wp-json\/wp\/v2\/pages\/2661","targetHints":{"allow":["GET"]}}],"collection":[{"href":"https:\/\/ebp.org.br\/sp\/wp-json\/wp\/v2\/pages"}],"about":[{"href":"https:\/\/ebp.org.br\/sp\/wp-json\/wp\/v2\/types\/page"}],"author":[{"embeddable":true,"href":"https:\/\/ebp.org.br\/sp\/wp-json\/wp\/v2\/users\/2"}],"replies":[{"embeddable":true,"href":"https:\/\/ebp.org.br\/sp\/wp-json\/wp\/v2\/comments?post=2661"}],"version-history":[{"count":0,"href":"https:\/\/ebp.org.br\/sp\/wp-json\/wp\/v2\/pages\/2661\/revisions"}],"up":[{"embeddable":true,"href":"https:\/\/ebp.org.br\/sp\/wp-json\/wp\/v2\/pages\/1231"}],"wp:attachment":[{"href":"https:\/\/ebp.org.br\/sp\/wp-json\/wp\/v2\/media?parent=2661"}],"curies":[{"name":"wp","href":"https:\/\/api.w.org\/{rel}","templated":true}]}}