{"id":1797,"date":"2017-06-11T20:56:55","date_gmt":"2017-06-11T23:56:55","guid":{"rendered":"http:\/\/ebpsp.org.br\/institucional\/?page_id=1797"},"modified":"2017-06-11T20:56:55","modified_gmt":"2017-06-11T23:56:55","slug":"carta-de-sao-paulo-online-15-nova-serie-2","status":"publish","type":"page","link":"https:\/\/ebp.org.br\/sp\/biblioteca\/publicacoes\/carta-sp-online\/carta-de-sao-paulo-online-15-nova-serie-2\/","title":{"rendered":"Carta de S\u00e3o Paulo Online &#8211; #15 &#8211; Nova s\u00e9rie"},"content":{"rendered":"<section class=\"wpb-content-wrapper\">[vc_row][vc_column][vc_single_image image=&#8221;1214&#8243; img_size=&#8221;full&#8221; alignment=&#8221;center&#8221;][\/vc_column][\/vc_row][vc_row][vc_column][vc_single_image image=&#8221;1905&#8243; img_size=&#8221;890&#215;890&#8243; alignment=&#8221;center&#8221;][\/vc_column][\/vc_row][vc_row full_width=&#8221;stretch_row&#8221; css=&#8221;.vc_custom_1435233845530{padding-top: 50px !important;padding-bottom: 50px !important;background-color: #f7f7f7 !important;}&#8221;][vc_column][vc_custom_heading text=&#8221;Editorial&#8221; use_theme_fonts=&#8221;yes&#8221;][vc_column_text css=&#8221;.vc_custom_1497378959400{border-radius: 2px !important;}&#8221;]\n<p style=\"text-align: right;\"><em><img loading=\"lazy\" decoding=\"async\" class=\"alignleft wp-image-1892 \" src=\"http:\/\/ebpsp.org.br\/institucional\/wp-content\/uploads\/2017\/06\/Carmem-1.jpg\" alt=\"\" width=\"277\" height=\"297\" \/>Carmen Silvia Cervelatti\u00a0<\/em><\/p>\n<p style=\"text-align: right;\"><em>(EBP\/AMP e Diretora Geral da EBP-SP)<\/em><\/p>\n<p>Caro leitor,<\/p>\n<p>A gest\u00e3o da Diretoria da EBP-SP mudou. A permuta\u00e7\u00e3o de cargos institucionais \u00e9 um dos princ\u00edpios que fundamentam a pr\u00e1tica da Escola de Lacan e \u00e9 parte da forma\u00e7\u00e3o do analista quando cada um se responsabiliza por sua posi\u00e7\u00e3o de sujeito e pela transfer\u00eancia de trabalho. Patricia Badari est\u00e1 no comando da <em>Carta de S\u00e3o Paulo online<\/em>, seja bem-vinda.<\/p>\n<p>Nesta 1\u00aa edi\u00e7\u00e3o sob nova dire\u00e7\u00e3o, o t\u00edtulo \u201cServir-nos da Pai-vers\u00e3o\u201d faz refer\u00eancia a uma cita\u00e7\u00e3o de Lacan no <em>Semin\u00e1rio 23, o sinthoma<\/em>, que se encontra no texto; tamb\u00e9m \u00e9 um convite para que participem e se sirvam das atividades preparat\u00f3rias que desenvolvemos nas reuni\u00f5es das quartas-feiras em nossa sede. Este \u00e9 um resumo do texto discutido na atividade de <em>Apresenta\u00e7\u00e3o das VII Jornadas da EBP-SP<\/em>. Este Semin\u00e1rio de Lacan originou a inspira\u00e7\u00e3o do tema destas Jornadas.<\/p>\n<p>Tamb\u00e9m nos preparamos para o VIII ENAPOL<em> Assuntos de fam\u00edlia, seus enredos na pr\u00e1tica<\/em>, cujos coment\u00e1rios est\u00e3o nos textos \u201cFam\u00edlia?\u201d e \u201cAssunto de fam\u00edlia\u201d. O primeiro enfatiza especialmente os enredos, a novela familiar que cada analisante tece em sua an\u00e1lise buscando interpretar o segredo inomin\u00e1vel do gozo do casal parental, que tamb\u00e9m guarda uma rela\u00e7\u00e3o com a \u00e9poca em que vivemos. A cada dia vemos as tecnoci\u00eancias inventando maneiras de filhos existirem de forma n\u00e3o tradicional, al\u00e9m do ato sexual. Reprodu\u00e7\u00e3o e filia\u00e7\u00e3o n\u00e3o se recobrem, leiam no segundo texto. Para a psican\u00e1lise a fam\u00edlia existe enquanto tradu\u00e7\u00e3o de um desejo, desde que n\u00e3o seja an\u00f4nimo, como disse Lacan. Sexua\u00e7\u00e3o e parentaliza\u00e7\u00e3o s\u00e3o duas elabora\u00e7\u00f5es de cada sujeito, um a um.[\/vc_column_text][vc_btn title=&#8221;Leia Mais&#8221; color=&#8221;chino&#8221; align=&#8221;center&#8221; link=&#8221;url:http%3A%2F%2Febp.org.br%2Fsp%2Fantigo-site%2Feditorial-csp-15%2F|||&#8221;][\/vc_column][\/vc_row][vc_row][vc_column][vc_custom_heading text=&#8221;Acontece na EBP-SP&#8221; font_container=&#8221;tag:h2|text_align:center|color:%231e73be&#8221; use_theme_fonts=&#8221;yes&#8221;][\/vc_column][\/vc_row][vc_row][vc_column width=&#8221;1\/2&#8243;][vc_single_image image=&#8221;1799&#8243; img_size=&#8221;220&#215;250&#8243; alignment=&#8221;center&#8221;][vc_column_text css=&#8221;.vc_custom_1497380348245{border-radius: 2px !important;}&#8221;]\n<h2 style=\"text-align: center;\"><strong>Servir-nos da Pai-vers\u00e3o<\/strong><\/h2>\n<p style=\"text-align: right;\"><em>Carmen Silvia Cervelatti (EBP\/AMP)<\/em><\/p>\n<p>&nbsp;<\/p>\n<p><em>Pai-vers\u00f5es<\/em> contempla os trabalhos preparat\u00f3rios para o VIII Enapol <em>Assuntos de fam\u00edlia, seus enredos na pr\u00e1tica<\/em> e para o XI Congresso da AMP <em>As psicoses ordin\u00e1rias e as outras, sob transfer\u00eancia<\/em>. Em parceria com a EBP-MG, temos Pierre Naveau como conferencista internacional. Sandra Grostein \u00e9 a coordenadora geral e R\u00f4mulo Ferreira da Silva da comiss\u00e3o cient\u00edfica. No boletim <em>Di#versos<\/em> est\u00e3o as comiss\u00f5es. As atividades preparat\u00f3rias est\u00e3o sendo desenvolvidas em parceria do Conselho e da Diretoria da Se\u00e7\u00e3o.<\/p>\n[\/vc_column_text][vc_btn title=&#8221;LEIA MAIS&#8221; link=&#8221;url:http%3A%2F%2Febp.org.br%2Fsp%2Fantigo-site%2F1835-2%2F|||&#8221;][vc_single_image image=&#8221;1862&#8243; img_size=&#8221;200&#215;200&#8243; alignment=&#8221;center&#8221;][vc_column_text]\n<h2 style=\"text-align: center;\"><strong>Assunto de fam\u00edlia<\/strong><\/h2>\n<p style=\"text-align: right;\"><em>Cynthia Farias (EBP\/AMP)<\/em><\/p>\n<p>As an\u00e1lises se iniciam e prosseguem imersas nos romances familiares, fic\u00e7\u00f5es que tentam explicar o que est\u00e1 em jogo entre um pai e uma m\u00e3e no que concerne \u00e0 posi\u00e7\u00e3o de homem e mulher. A fam\u00edlia \u00e9 um \u201csistema simb\u00f3lico e um aparato de gozo\u201d<sup>1 <\/sup>que visa regular o desencontro que deu origem a um sujeito e funciona para velar a inexist\u00eancia da rela\u00e7\u00e3o sexual<sup>2<\/sup>. Por isso, numa an\u00e1lise, trata-se de localizar o sujeito nessa fic\u00e7\u00e3o para isolar sua forma singular de gozo. Miquel Bassols afirma que \u201c\u00e9 o gozo feminino, o gozo do Outro, [impl\u00edcito no desejo da m\u00e3e] que habita em toda unidade familiar\u201d.[\/vc_column_text][vc_btn title=&#8221;Leia Mais&#8221; color=&#8221;chino&#8221; align=&#8221;center&#8221; link=&#8221;url:http%3A%2F%2Febp.org.br%2Fsp%2Fantigo-site%2Fnovos-assuntos-de-familia%2F||target:%20_blank|&#8221;][\/vc_column][vc_column width=&#8221;1\/2&#8243;][vc_single_image image=&#8221;1823&#8243; img_size=&#8221;200&#215;250&#8243; alignment=&#8221;center&#8221;][vc_column_text]\n<h2 style=\"text-align: center;\"><strong>O pai nas novas configura\u00e7\u00f5es familiares<\/strong><\/h2>\n<p style=\"text-align: right;\">Daniela de Camargo Barros Affonso (EBP\/AMP)<\/p>\n<p>&nbsp;<\/p>\n<p>Como anda o pai nas novas configura\u00e7\u00f5es familiares em que os casais s\u00e3o, por exemplo, homossexuais ou transexuais? Se \u00e9 na fam\u00edlia que se elaboram as condi\u00e7\u00f5es determinantes da escolha de objeto, o que o pai nas m\u00faltiplas formas familiares da atualidade, transmite?<\/p>\n<p>\u00c9 preciso pensar a no\u00e7\u00e3o de pai n\u00e3o a partir do parentesco, mas da rela\u00e7\u00e3o homem e mulher no casal parental.[\/vc_column_text][vc_btn title=&#8221;LEIA MAIS&#8221; link=&#8221;url:http%3A%2F%2Febp.org.br%2Fsp%2Fantigo-site%2F1840-2%2F|||&#8221;][vc_single_image image=&#8221;1861&#8243; img_size=&#8221;200&#215;200&#8243; alignment=&#8221;center&#8221;][vc_column_text]\n<h2 style=\"text-align: center;\"><strong>Fam\u00edlia?<\/strong><\/h2>\n<p style=\"text-align: right;\"><em>Teresinha N. Meirelles do Prado (EBP\/AMP)<\/em><\/p>\n<p>A partir da discuss\u00e3o da atividade preparat\u00f3ria<a href=\"#_edn1\" name=\"_ednref1\">[i]<\/a> do dia 24 de maio, destaco alguns pontos do argumento dispon\u00edvel no site do VIII ENAPOL que me serviram de orientadores, bem como alguns trechos pontuais extra\u00eddos de textos preparat\u00f3rios para o pr\u00f3ximo Encontro, associados a alguns elementos discutidos nesse dia, e outras refer\u00eancias.<\/p>\n<p>A primeira quest\u00e3o que ficou da discuss\u00e3o refere-se \u00e0 pergunta: o que \u00e9 uma fam\u00edlia na atualidade, e sob qual perspectiva isto tem lugar na psican\u00e1lise de orienta\u00e7\u00e3o lacaniana?<\/p>\n<p>&nbsp;<\/p>\n<p><a href=\"#_ednref1\" name=\"_edn1\"><\/a>[\/vc_column_text][vc_btn title=&#8221;Leia Mais&#8221; color=&#8221;chino&#8221; align=&#8221;center&#8221; link=&#8221;url:http%3A%2F%2Febp.org.br%2Fsp%2Fantigo-site%2Ffamilia%2F|||&#8221;][\/vc_column][\/vc_row][vc_row][vc_column][vc_custom_heading text=&#8221;Gabinete de Leitura Lacaniana&#8221; font_container=&#8221;tag:h2|text_align:center|color:%231e73be&#8221; use_theme_fonts=&#8221;yes&#8221;][\/vc_column][\/vc_row][vc_row][vc_column width=&#8221;1\/2&#8243;][vc_single_image image=&#8221;1875&#8243; img_size=&#8221;200&#215;200&#8243; alignment=&#8221;center&#8221;][vc_column_text]\n<h2 style=\"text-align: center;\"><strong>Cracol\u00e2ndia: para al\u00e9m da Toxicomania<\/strong><\/h2>\n<p style=\"text-align: right;\"><strong>Mirmila Musse<\/strong><\/p>\n<p><strong>\u00a0<\/strong><strong>Toxicomania<\/strong><\/p>\n<p>A toxicomania \u00e9 um dos novos sintomas que se apresentam na contemporaneidade. Quando n\u00e3o h\u00e1 limites \u00e0s exig\u00eancias pulsionais de prazer, qualquer coisa pode ocupar o lugar da satisfa\u00e7\u00e3o imediata de gozo<a href=\"#_ftn1\" name=\"_ftnref1\">[1]<\/a>, como o uso abusivo de drogas, por exemplo.<\/p>\n<p>&nbsp;<\/p>\n<p><a href=\"#_ftnref1\" name=\"_ftn1\"><\/a>[\/vc_column_text][vc_btn title=&#8221;Leia Mais&#8221; color=&#8221;chino&#8221; align=&#8221;center&#8221; link=&#8221;url:http%3A%2F%2Febp.org.br%2Fsp%2Fantigo-site%2Fcracolandia-para-alem-da-toxicomania%2F|||&#8221;][\/vc_column][vc_column width=&#8221;1\/2&#8243;][vc_single_image image=&#8221;1876&#8243; img_size=&#8221;200&#215;200&#8243; alignment=&#8221;center&#8221;][vc_column_text]\n<h2 style=\"text-align: center;\"><strong>Paterson e a anota\u00e7\u00e3o dos dias<\/strong><\/h2>\n<p style=\"text-align: right;\"><em>Janaina Costa Ver\u00edssimo<\/em><\/p>\n<p>No longa de Jim Jarmusch<a href=\"#_edn1\" name=\"_ednref1\">[i]<\/a>, Paterson (Adam Driver) \u00e9 um pacato motorista de \u00f4nibus da cidade de Paterson, Nova Jersey. Um motorista que l\u00ea e escreve poemas sem rimas, os seus preferidos, sem qualquer pretens\u00e3o de um grande acontecimento.<\/p>\n<p>Paterson se recusa a portar um <em>smartphone<\/em>, ele \u00e9 o cidad\u00e3o que, diante de um problema el\u00e9trico do ve\u00edculo, ainda procura por um orelh\u00e3o.[\/vc_column_text][vc_btn title=&#8221;Leia Mais&#8221; color=&#8221;chino&#8221; align=&#8221;center&#8221; link=&#8221;url:http%3A%2F%2Febp.org.br%2Fsp%2Fantigo-site%2Fpaterson-e-a-anotacao-dos-dias%2F|||&#8221;][\/vc_column][\/vc_row][vc_row][vc_column css=&#8221;.vc_custom_1485904100339{padding: 0px !important;}&#8221;][vc_custom_heading text=&#8221;<br \/>\n&#8221; font_container=&#8221;tag:h2|text_align:center|color:%231e73be&#8221; use_theme_fonts=&#8221;yes&#8221;][vc_column_text]\n<h2><img loading=\"lazy\" decoding=\"async\" class=\"alignleft wp-image-1846 \" src=\"http:\/\/ebpsp.org.br\/institucional\/wp-content\/uploads\/2017\/06\/Jornadas-CSP.png\" alt=\"\" width=\"256\" height=\"362\" \/><\/h2>\n<h2><\/h2>\n<h2 style=\"text-align: center;\">VII Jornadas da EBP-SP<\/h2>\n<p style=\"text-align: center;\">Boletim#1 &#8211;<\/p>\n<h4 style=\"text-align: center;\"><a href=\"http:\/\/www.ebpsp.org.br\/institucional\/boletim_jornadas\/vii_jornadas\/index.html\">Boletim di#versos \u2013 ANO I \u2013 N\u00daMERO I \u2013 EDI\u00c7\u00c3O ABRIL\/2017<\/a><\/h4>\n<p style=\"text-align: center;\">Boletim#2<\/p>\n<h4 style=\"text-align: center;\"><a href=\"http:\/\/ebpsp.org.br\/institucional\/boletim_jornadas\/vii_jornadas\/boletim2\/index.html\">Boletim di#versos \u2013 ANO I \u2013 N\u00daMERO 2 \u2013 EDI\u00c7\u00c3O MAIO\/2017<\/a><\/h4>\n<h2 style=\"text-align: center;\"><\/h2>\n[\/vc_column_text][\/vc_column][\/vc_row][vc_row][vc_column][vc_custom_heading text=&#8221;&#8221; font_container=&#8221;tag:h2|text_align:center|color:%231e73be&#8221; use_theme_fonts=&#8221;yes&#8221;][vc_column_text]\n<h2 style=\"text-align: center;\"><img loading=\"lazy\" decoding=\"async\" class=\"alignleft wp-image-1750\" src=\"http:\/\/ebpsp.org.br\/institucional\/wp-content\/uploads\/2015\/08\/banner_enapol.jpg\" alt=\"\" width=\"307\" height=\"187\" \/>VIII Enapol &#8211; Assuntos de fam\u00edlia e seus enredos na pr\u00e1tica.<\/h2>\n<h3 style=\"text-align: center;\">http:\/\/asuntosdefamilia.com.ar\/pt\/index.php<\/h3>\n[\/vc_column_text][\/vc_column][\/vc_row][vc_row][vc_column][vc_custom_heading text=&#8221;Jornada de Cart\u00e9is&#8221; font_container=&#8221;tag:h2|text_align:center|color:%231e73be&#8221; use_theme_fonts=&#8221;yes&#8221;][\/vc_column][vc_column][vc_column_text]\n<h2 style=\"text-align: center;\">Prorroga\u00e7\u00e3o do prazo de entrega dos trabalhos<\/h2>\n<h2 style=\"text-align: center;\">16\/06 &#8211;<span style=\"color: #0000ff;\"> arielb@uol.com.br<\/span><\/h2>\n<p><img loading=\"lazy\" decoding=\"async\" class=\"wp-image-1872 aligncenter\" src=\"http:\/\/ebpsp.org.br\/institucional\/wp-content\/uploads\/2017\/06\/Jornada-de-Carteis-12-prorroga\u00e7\u00e3o.jpg\" alt=\"\" width=\"558\" height=\"518\" \/>[\/vc_column_text][\/vc_column][\/vc_row][vc_row][vc_column][vc_custom_heading text=&#8221;Semin\u00e1rios declarados da EBP-SP&#8221; font_container=&#8221;tag:h2|text_align:center|color:%231e73be&#8221; use_theme_fonts=&#8221;yes&#8221;][\/vc_column][vc_column][vc_column_text]\n<h2 style=\"text-align: center;\"><strong>A CRISE DO SIMB\u00d3LICO NA CL\u00cdNICA PSICANAL\u00cdTICA<\/strong><u><\/u><u><\/u><\/h2>\n<p style=\"text-align: center;\">Coordena\u00e7\u00e3o: Silvia Sato (EBP\/SP)<u><\/u><u><\/u><\/p>\n<p style=\"text-align: center;\">Datas: 24\/03; 07\/04; 26\/05 e 09\/06<u><\/u><u><\/u><\/p>\n<p style=\"text-align: center;\">Hor\u00e1rio: 19h30<u><\/u><u><\/u><\/p>\n<p style=\"text-align: center;\">Local: Rua Adolfo Serra, 364, Ribeir\u00e3o Preto<u><\/u><u><\/u><\/p>\n<p style=\"text-align: center;\">Informa\u00e7\u00f5es e contato: 16 981565607<u><\/u><u><\/u><\/p>\n<p style=\"text-align: center;\">Atividade aberta e isenta de taxa<u><\/u><u><\/u><\/p>\n<h2 style=\"text-align: center;\"><strong>O DESEJO E SUA INTERPRETA\u00c7\u00c3O<\/strong><u><\/u><u><\/u><\/h2>\n<p style=\"text-align: center;\">Coordena\u00e7\u00e3o: Maria Bernadette Soares de Sant\u00b4Ana Pitteri(EBP-SP\/ AMP)<u><\/u><u><\/u><\/p>\n<p style=\"text-align: center;\">Datas: quinzenal<u><\/u><u><\/u><\/p>\n<p style=\"text-align: center;\">In\u00edcio: 11\/4\/2017<u><\/u><u><\/u><\/p>\n<p style=\"text-align: center;\">Hor\u00e1rio: das 12h00 \u00e0s 13h30<u><\/u><u><\/u><\/p>\n<p style=\"text-align: center;\">Local: Rua Cardoso de Almeida, 60 \u2013 conjunto 113, Perdizes, S\u00e3o Paulo.<u><\/u><u><\/u><\/p>\n<p style=\"text-align: center;\">Informa\u00e7\u00f5es e contato: (011) 38610013<u><\/u><u><\/u><\/p>\n<p style=\"text-align: center;\">Atividade aberta e isenta de taxa<u><\/u><u><\/u><\/p>\n[\/vc_column_text][vc_custom_heading text=&#8221;Comiss\u00e3o de Acolhimento&#8221; font_container=&#8221;tag:h2|text_align:center|color:%231e73be&#8221; use_theme_fonts=&#8221;yes&#8221;][\/vc_column][\/vc_row][vc_row][vc_column][vc_column_text]\n<h3>\u201cAntes de mais nada, um princ\u00edpio: o psicanalista s\u00f3 se autoriza de si mesmo. (&#8230;) Isso n\u00e3o impede que a Escola garanta que um analista depende de sua forma\u00e7\u00e3o\u201d. Cinquenta anos depois, esta frase de Lacan na Proposi\u00e7\u00e3o de 9 de outubro de 1967 sobre o psicanalista da Escola, segue desafiando e colocando a trabalho aqueles que t\u00eam seu desejo causado pela psican\u00e1lise. Um enunciado que nos toca pelo que entrela\u00e7a de duas proposi\u00e7\u00f5es aparentemente contradit\u00f3rias. Se o caminho de cada analista \u00e9 o caminho solit\u00e1rio da singularidade, sua forma\u00e7\u00e3o n\u00e3o se faz sem partilhar os princ\u00edpios e as orienta\u00e7\u00f5es que sustentam a psican\u00e1lise e sua pr\u00e1xis. A Escola \u00e9, como quis Lacan, o suporte desse desejo vivo e decidido. O que \u00e9 a Escola Brasileira de Psican\u00e1lise? Qual sua rela\u00e7\u00e3o com a Escola fundada por Lacan? Qual ensino ela dispensa? O que \u00e9 ser membro de Escola e quais as formas de admiss\u00e3o? O que \u00e9 o passe? O que a Se\u00e7\u00e3o S\u00e3o Paulo representa no \u00e2mbito da Escola? A comiss\u00e3o de acolhimento da Se\u00e7\u00e3o S\u00e3o Paulo pode ser um primeiro contato para esclarecer essas e tantas outras quest\u00f5es que possam surgir a partir da transfer\u00eancia com a psican\u00e1lise e com o ensino de Lacan no Brasil. Se voc\u00ea deseja saber mais, entre em contato para agendar um encontro com um dos membros da Comiss\u00e3o.<\/h3>\n<h3 style=\"text-align: center;\">Comiss\u00e3o de Acolhimento da EBP-SP:<\/h3>\n<h3 style=\"text-align: center;\">Cynthia Nunes de Freitas Farias<\/h3>\n<h3 style=\"text-align: center;\">Tel: 11 30856415\/ 11 981494376<\/h3>\n<h3 style=\"text-align: center;\">email: <span style=\"color: #333399;\">cynthianffarias@gmail.com <\/span><\/h3>\n<h3 style=\"text-align: center;\">Eliane Costa Dias<\/h3>\n<h3 style=\"text-align: center;\">Tel:(11) 3081.7428 \/ 99178.6359<\/h3>\n<h3 style=\"text-align: center;\">email: <span style=\"color: #333399;\">delreycosta@uol.com.br <\/span><\/h3>\n<h3 style=\"text-align: center;\">Paola Salinas<\/h3>\n<h3 style=\"text-align: center;\">Tel: (16) 997948200<\/h3>\n<h3 style=\"text-align: center;\">Email: <span style=\"color: #333399;\">paolasalinas11@yahoo.com.br<\/span><\/h3>\n[\/vc_column_text][vc_column_text]\n<p style=\"text-align: center;\"><strong>Dire\u00e7\u00e3o Geral: Patr\u00edcia Badari<\/strong><\/p>\n<p style=\"text-align: center;\"><strong>Revis\u00e3o Cr\u00edtica:<\/strong>\u00a0Daniela Affonso &#8211;\u00a0<strong>Edi\u00e7\u00e3o:<\/strong><strong>\u00a0<\/strong>Maria Marta Rodrigues Ferreira<\/p>\n<p style=\"text-align: center;\">Diretoria da EBP- SP<br \/>\n<em>Diretora Geral: Carmen Silvia Cervelatti<\/em>, \u00a0<em>Diretora Secret\u00e1ria- Tesoureira: Paola Salinas<\/em>, \u00a0<em>Diretor de Interc\u00e2mbio e Cart\u00e9is: Ariel Bogochovol<\/em>, \u00a0<em>Diretora de Biblioteca: Perp\u00e9tua Medrado Gon\u00e7alves<\/em><\/p>\n<p style=\"text-align: center;\"><strong>Escola Brasileira de Psican\u00e1lise &#8211; EBP-SP<\/strong><br \/>\nRua Jo\u00e3o Moura, 627 cj. 193 &#8211;\u00a0CEP 05412-001 &#8211; S\u00e3o Paulo &#8211; SP &#8211;\u00a0Telefone: 11 3081 8947 &#8211;\u00a0Fax: 11 3063 1626<br \/>\nE-mail:\u00a0<span style=\"color: #0000ff;\"><a style=\"color: #0000ff;\" href=\"mailto:ebpsp@uol.com.br\" target=\"_blank\" rel=\"noopener noreferrer\">ebpsp@uol.com.br<\/a><\/span>\u00a0 . \u00a0Site:\u00a0<span style=\"color: #0000ff;\"><a style=\"color: #0000ff;\" href=\"http:\/\/www.ebpsp.org.br\/\" target=\"_blank\" rel=\"noopener noreferrer\">www.ebpsp.org.br<\/a><\/span>\u00a0 . \u00a0Blog:\u00a0<span style=\"color: #0000ff;\"><a style=\"color: #0000ff;\" href=\"https:\/\/ebpsp.wordpress.com\/\" target=\"_blank\" rel=\"noopener noreferrer\">ebpsp.wordpress.com\/<\/a>\u00a0<\/span><\/p>\n[\/vc_column_text][\/vc_column][\/vc_row]\n<\/section>","protected":false},"excerpt":{"rendered":"<p>[vc_row][vc_column][vc_single_image image=&#8221;1214&#8243; img_size=&#8221;full&#8221; alignment=&#8221;center&#8221;][\/vc_column][\/vc_row][vc_row][vc_column][vc_single_image image=&#8221;1905&#8243; img_size=&#8221;890&#215;890&#8243; alignment=&#8221;center&#8221;][\/vc_column][\/vc_row][vc_row full_width=&#8221;stretch_row&#8221; css=&#8221;.vc_custom_1435233845530{padding-top: 50px !important;padding-bottom: 50px !important;background-color: #f7f7f7 !important;}&#8221;][vc_column][vc_custom_heading text=&#8221;Editorial&#8221; use_theme_fonts=&#8221;yes&#8221;][vc_column_text css=&#8221;.vc_custom_1497378959400{border-radius: 2px !important;}&#8221;] Carmen Silvia Cervelatti\u00a0 (EBP\/AMP e Diretora Geral da EBP-SP) Caro leitor, A gest\u00e3o da Diretoria da EBP-SP mudou. A permuta\u00e7\u00e3o de cargos institucionais \u00e9 um dos princ\u00edpios que fundamentam a pr\u00e1tica da Escola de Lacan&hellip;<\/p>\n","protected":false},"author":1,"featured_media":0,"parent":1231,"menu_order":0,"comment_status":"closed","ping_status":"closed","template":"","meta":{"footnotes":""},"class_list":["post-1797","page","type-page","status-publish","hentry","entry","no-media"],"aioseo_notices":[],"_links":{"self":[{"href":"https:\/\/ebp.org.br\/sp\/wp-json\/wp\/v2\/pages\/1797","targetHints":{"allow":["GET"]}}],"collection":[{"href":"https:\/\/ebp.org.br\/sp\/wp-json\/wp\/v2\/pages"}],"about":[{"href":"https:\/\/ebp.org.br\/sp\/wp-json\/wp\/v2\/types\/page"}],"author":[{"embeddable":true,"href":"https:\/\/ebp.org.br\/sp\/wp-json\/wp\/v2\/users\/1"}],"replies":[{"embeddable":true,"href":"https:\/\/ebp.org.br\/sp\/wp-json\/wp\/v2\/comments?post=1797"}],"version-history":[{"count":0,"href":"https:\/\/ebp.org.br\/sp\/wp-json\/wp\/v2\/pages\/1797\/revisions"}],"up":[{"embeddable":true,"href":"https:\/\/ebp.org.br\/sp\/wp-json\/wp\/v2\/pages\/1231"}],"wp:attachment":[{"href":"https:\/\/ebp.org.br\/sp\/wp-json\/wp\/v2\/media?parent=1797"}],"curies":[{"name":"wp","href":"https:\/\/api.w.org\/{rel}","templated":true}]}}