{"id":1519,"date":"2018-02-01T11:53:25","date_gmt":"2018-02-01T13:53:25","guid":{"rendered":"http:\/\/ebp.org.br\/sp\/?page_id=1519"},"modified":"2025-07-18T05:08:06","modified_gmt":"2025-07-18T08:08:06","slug":"aderentes","status":"publish","type":"page","link":"https:\/\/ebp.org.br\/sp\/sobre\/aderentes\/","title":{"rendered":"Aderentes"},"content":{"rendered":"<section class=\"wpb-content-wrapper\">[vc_row][vc_column][vc_column_text]<strong>Carlos Eduardo de Almeida Leite<\/strong><br \/>\nPsic\u00f3logo<br \/>\nMestrado em Semi\u00f3tica\/PUC-SP<br \/>\nRua Cardoso de Almeida N\u00ba 1.005 Casa 6<br \/>\nCEP 05013-001 Perdizes S\u00e3o Paulo<br \/>\nTel: 11 3672 3067 (fax)<\/p>\n<hr \/>\n<p><strong>Durval Mazzei Nogueira Filho<br \/>\n<\/strong>M\u00e9dico Psiquiatra<br \/>\nMestre em Psiquiatria<br \/>\nRua Almirante Pereira Guimar\u00e3es, 298, Pacaembu<br \/>\nCep: 01250-000 S\u00e3o Paulo\/SP<br \/>\nTel: 11 3862 5716 \/ 9904 8095<br \/>\nEmail:\u00a0<a href=\"mailto:dr.durval@uol.com.br\">dr.durval@uol.com.br<\/a><\/p>\n<hr \/>\n<p><strong>Maria da Gl\u00f3ria Vianna Amorim Silva<\/strong><br \/>\nPsic\u00f3loga<br \/>\nRua Canad\u00e1, 818, Jardim Am\u00e9rica<br \/>\nCep: 01436-000 S\u00e3o Paulo\/SP<br \/>\nTel: 11 3081 1471 \/ 3083 3659 (fax)<br \/>\nEmail:\u00a0<a href=\"mailto:gloriavianna@terra.com.br\">gloriavianna@terra.com.br<\/a>[\/vc_column_text][\/vc_column][\/vc_row]\n<\/section>","protected":false},"excerpt":{"rendered":"<p>[vc_row][vc_column][vc_column_text]Carlos Eduardo de Almeida Leite Psic\u00f3logo Mestrado em Semi\u00f3tica\/PUC-SP Rua Cardoso de Almeida N\u00ba 1.005 Casa 6 CEP 05013-001 Perdizes S\u00e3o Paulo Tel: 11 3672 3067 (fax) Durval Mazzei Nogueira Filho M\u00e9dico Psiquiatra Mestre em Psiquiatria Rua Almirante Pereira Guimar\u00e3es, 298, Pacaembu Cep: 01250-000 S\u00e3o Paulo\/SP Tel: 11 3862 5716 \/ 9904 8095 Email:\u00a0dr.durval@uol.com.br Maria&hellip;<\/p>\n","protected":false},"author":1,"featured_media":0,"parent":1178,"menu_order":0,"comment_status":"closed","ping_status":"closed","template":"","meta":{"footnotes":""},"class_list":["post-1519","page","type-page","status-publish","hentry","entry","no-media"],"aioseo_notices":[],"_links":{"self":[{"href":"https:\/\/ebp.org.br\/sp\/wp-json\/wp\/v2\/pages\/1519","targetHints":{"allow":["GET"]}}],"collection":[{"href":"https:\/\/ebp.org.br\/sp\/wp-json\/wp\/v2\/pages"}],"about":[{"href":"https:\/\/ebp.org.br\/sp\/wp-json\/wp\/v2\/types\/page"}],"author":[{"embeddable":true,"href":"https:\/\/ebp.org.br\/sp\/wp-json\/wp\/v2\/users\/1"}],"replies":[{"embeddable":true,"href":"https:\/\/ebp.org.br\/sp\/wp-json\/wp\/v2\/comments?post=1519"}],"version-history":[{"count":2,"href":"https:\/\/ebp.org.br\/sp\/wp-json\/wp\/v2\/pages\/1519\/revisions"}],"predecessor-version":[{"id":9779,"href":"https:\/\/ebp.org.br\/sp\/wp-json\/wp\/v2\/pages\/1519\/revisions\/9779"}],"up":[{"embeddable":true,"href":"https:\/\/ebp.org.br\/sp\/wp-json\/wp\/v2\/pages\/1178"}],"wp:attachment":[{"href":"https:\/\/ebp.org.br\/sp\/wp-json\/wp\/v2\/media?parent=1519"}],"curies":[{"name":"wp","href":"https:\/\/api.w.org\/{rel}","templated":true}]}}