{"id":1505,"date":"2017-09-05T13:20:59","date_gmt":"2017-09-05T16:20:59","guid":{"rendered":"http:\/\/ebp.org.br\/sp\/?page_id=1505"},"modified":"2017-09-05T13:20:59","modified_gmt":"2017-09-05T16:20:59","slug":"seminario","status":"publish","type":"page","link":"https:\/\/ebp.org.br\/sp\/ensino\/seminario\/","title":{"rendered":"Semin\u00e1rio"},"content":{"rendered":"<h1><span style=\"color: #993300;\">Semin\u00e1rios EBP Se\u00e7\u00e3o S\u00e3o Paulo<\/span><\/h1>\n<hr \/>\n<p>Em breve!<\/p>\n","protected":false},"excerpt":{"rendered":"<p>Semin\u00e1rios EBP Se\u00e7\u00e3o S\u00e3o Paulo Em breve!<\/p>\n","protected":false},"author":1,"featured_media":0,"parent":1539,"menu_order":0,"comment_status":"closed","ping_status":"closed","template":"","meta":{"footnotes":""},"class_list":["post-1505","page","type-page","status-publish","hentry","entry","no-media"],"aioseo_notices":[],"_links":{"self":[{"href":"https:\/\/ebp.org.br\/sp\/wp-json\/wp\/v2\/pages\/1505","targetHints":{"allow":["GET"]}}],"collection":[{"href":"https:\/\/ebp.org.br\/sp\/wp-json\/wp\/v2\/pages"}],"about":[{"href":"https:\/\/ebp.org.br\/sp\/wp-json\/wp\/v2\/types\/page"}],"author":[{"embeddable":true,"href":"https:\/\/ebp.org.br\/sp\/wp-json\/wp\/v2\/users\/1"}],"replies":[{"embeddable":true,"href":"https:\/\/ebp.org.br\/sp\/wp-json\/wp\/v2\/comments?post=1505"}],"version-history":[{"count":0,"href":"https:\/\/ebp.org.br\/sp\/wp-json\/wp\/v2\/pages\/1505\/revisions"}],"up":[{"embeddable":true,"href":"https:\/\/ebp.org.br\/sp\/wp-json\/wp\/v2\/pages\/1539"}],"wp:attachment":[{"href":"https:\/\/ebp.org.br\/sp\/wp-json\/wp\/v2\/media?parent=1505"}],"curies":[{"name":"wp","href":"https:\/\/api.w.org\/{rel}","templated":true}]}}