{"id":1481,"date":"2017-09-04T12:24:15","date_gmt":"2017-09-04T15:24:15","guid":{"rendered":"http:\/\/ebp.org.br\/sp\/?page_id=1481"},"modified":"2026-03-25T17:55:59","modified_gmt":"2026-03-25T20:55:59","slug":"biblioteca","status":"publish","type":"page","link":"https:\/\/ebp.org.br\/sp\/biblioteca\/","title":{"rendered":"Biblioteca"},"content":{"rendered":"<section class=\"wpb-content-wrapper\">[vc_row][vc_column][vc_column_text]<span style=\"font-size: 13px;\"><b>Diretora de Biblioteca<\/b>: Camila Col\u00e1s <b>&#8211;<\/b> Membro da EBP\/AMP<\/span><\/p>\n<p><span style=\"font-size: 13px;\"><b>Comiss\u00e3o:<\/b> Ana Sofia Guerra, Andressa Cont\u00f3 Luz, Ana Maria de Almeida Guerra, Aparecida Santa Clara Berlitz, Bianca Wierman, Cl\u00e1udia Regina Santa Silva, Fernanda C. Gomes de Carvalho, Felipe Salles Silva (bibliotec\u00e1rio), Francisco Durante, Jo\u00e3o Paulo Desconci, Luciana Ernanny Legey, Priscila Tavares Viviani e Rodrigo Camargo.<br \/>\n<b>Respons\u00e1vel pelo site:<\/b> Ruth Galv\u00e3o<br \/>\n<\/span><span style=\"font-size: 13px;\"><strong>Revista Carta de S\u00e3o Paulo 2025-2027<\/strong><\/span><\/p>\n<ul>\n<li><span style=\"font-size: 13px;\"><strong>Editor:<\/strong> Gustavo Oliveira Menezes<\/span><\/li>\n<li><span style=\"font-size: 13px;\"><strong>Consultora:\u00a0<\/strong>Sandra Grostein\u00a0<\/span><\/li>\n<li><strong><span style=\"font-size: 13px;\">Conselho Editorial:<\/span><\/strong>\n<ul>\n<li><span style=\"font-size: 13px;\">Camila Col\u00e1s<\/span><\/li>\n<li><span style=\"font-size: 13px;\">Paola Salinas<\/span><\/li>\n<li><span style=\"font-size: 13px;\">Silvia Sato\u00a0<\/span><\/li>\n<li><span style=\"font-size: 13px;\">Tatiana Vidotti<\/span><\/li>\n<\/ul>\n<\/li>\n<\/ul>\n<hr \/>\n<blockquote>\n<div><em>\u201cPara que uma biblioteca? Isso poderia ser perguntado para todo trabalhador decidido do Campo Freudiano\u201d<a href=\"https:\/\/ebp.org.br\/sp\/sobre\/diretoria-bienio-2025-2027\/#_ftn1\" target=\"_blank\" rel=\"noopener\" name=\"m_-1731288178625152229__ftnref1\" data-saferedirecturl=\"https:\/\/www.google.com\/url?q=https:\/\/ebp.org.br\/sp\/sobre\/diretoria-bienio-2025-2027\/%23_ftn1&amp;source=gmail&amp;ust=1752941258800000&amp;usg=AOvVaw3Tg96ZEulX2JFag4898wdi\"><sup><strong>[1]<\/strong><\/sup><\/a><\/em><em>\u00a0\u00a0\u00a0\u00a0\u00a0<\/em><\/div>\n<\/blockquote>\n<div><\/div>\n<p>A Biblioteca da Se\u00e7\u00e3o S\u00e3o Paulo \u00e9 inscrita na FIBOL\u00a0(Federa\u00e7\u00e3o Internacional de Bibliotecas de Orienta\u00e7\u00e3o Lacaniana do Campo Freudiano), fundada por Judith Miller, em 1990. Atualmente temos um acervo de 3160 itens entre livros, revistas e fitas. Temos como pol\u00edtica \u201co retorno a Freud\u201d e, como refer\u00eancia, o ensino de Lacan, por meio do trabalho com o acervo (f\u00edsico e digital), seu arquivamento, cataloga\u00e7\u00e3o, atualiza\u00e7\u00e3o e preserva\u00e7\u00e3o da mem\u00f3ria e do trabalho de transmiss\u00e3o e aprofundamento da rela\u00e7\u00e3o com o escrito e com a leitura, a partir da transfer\u00eancia decidida com o texto de Lacan e com a letra lacaniana como suporte de transmiss\u00e3o da psican\u00e1lise.<\/p>\n<p>A Biblioteca \u00e9 um lugar de la\u00e7o social, tem como fun\u00e7\u00e3o promover a rela\u00e7\u00e3o com a letra e o escrito, com a produ\u00e7\u00e3o epist\u00eamica no campo da psican\u00e1lise e \u00e1reas afins e a articula\u00e7\u00e3o e inser\u00e7\u00e3o da Escola na cidade. \u00c9 um espa\u00e7o de produ\u00e7\u00e3o, de permuta\u00e7\u00e3o e interc\u00e2mbio onde \u201cdeve realizar-se um trabalho \u2013 que, no campo aberto por Freud, restaure a sega cortante de sua verdade; que reconduza a pr\u00e1xis original que ele instituiu sob o nome de psican\u00e1lise ao dever que lhe compete em nosso mundo (\u2026)<a href=\"#_ftn4\" name=\"_ftnref4\">[2]<\/a>.<\/p>\n<p>Contato e informa\u00e7\u00f5es: <a href=\"mailto:ebpsaopaulo@gmail.com\">ebpsaopaulo@gmail.com<\/a><\/p>\n<hr \/>\n<p><span style=\"font-size: 13px;\"><a href=\"#_ftnref1\">[1]<\/a> MILLER, J. Editorial, Colofon, n.1. primavera de 1991, p.3.<br \/>\n<\/span><span style=\"font-size: 13px;\"><a href=\"#_ftnref4\" name=\"_ftn4\">[2]<\/a> LACAN, J. \u201cAto de funda\u00e7\u00e3o\u201d. In:\u00a0Outros Escritos. Rio de Janeiro: Jorge Zahar. 2003.p.. 235.<\/span>[\/vc_column_text][vc_empty_space]<div class=\"vcex-module vcex-divider vcex-divider-solid vcex-divider-center wpex-mx-auto wpex-block wpex-h-0 wpex-border-b wpex-border-solid wpex-border-main\" style=\"margin-top:10px;margin-bottom:10px;border-color:var(--wpex-accent);\"><\/div>[vc_empty_space][vc_column_text]\n<h3><span style=\"color: #993300;\">1\u00ba semestre de 2026<\/span><\/h3>\n<h3><strong>LEITURAS DA BIBLIOTECA <\/strong><\/h3>\n<p><strong>Ler Freud com Lacan<\/strong><br \/>\n<strong>INIBI\u00c7\u00c3O, SINTOMA E ANG\u00daSTIA<\/strong><br \/>\n\u201ca ang\u00fastia entre o gozo e o desejo\u201d<\/p>\n<h6>LACAN, J. O semin\u00e1rio, livro 10 a ang\u00fastia, p.192<\/h6>\n<p>Lacan fala da diferen\u00e7a que existe entre os tr\u00eas termos: inibi\u00e7\u00e3o, sintoma e ang\u00fastia, termos heterog\u00eaneos. Mas qual a diferen\u00e7a entre eles? Se a ang\u00fastia \u00e9 o \u00fanico afeto que n\u00e3o engana, como nos orientar na cl\u00ednica a partir desta afirma\u00e7\u00e3o de Lacan? Freud, em 1926, se preocupa em investigar a rela\u00e7\u00e3o da forma\u00e7\u00e3o dos sintomas com o ponto que gera a ang\u00fastia e, Lacan dedica-se a estudar a ang\u00fastia entre o desejo e o gozo.<\/p>\n<p>\u00c9 poss\u00edvel falar da ang\u00fastia? O que n\u00e3o se consegue falar dela? A atividade <strong>Leituras de Biblioteca \u201cLer Freud com Lacan\u201d <\/strong>abordar\u00e1 o texto \u201cInibi\u00e7\u00e3o, Sintoma e Ang\u00fastia\u201d (1926) de Freud e O Semin\u00e1rio, livro 10: a ang\u00fastia, de Lacan, para discutirmos a diferen\u00e7a dos tr\u00eas termos e o que a ang\u00fastia, diferente de todos os outros afetos, pode revelar sobre o mais \u00edntimo do sujeito.<\/p>\n<p>Coordena\u00e7\u00e3o: <strong>Camila Col\u00e1s<\/strong> (Diretora de Biblioteca\u00a0 EBP-SP)<\/p>\n<h6><strong>Refer\u00eancias Bibliogr\u00e1ficas:<br \/>\n<\/strong>LACAN, J. O semin\u00e1rio, livro 10 a ang\u00fastia<br \/>\nFREUD, S. Os caminhos das forma\u00e7\u00f5es de sintomas. In: Obras Completas, Volume 13: Inibi\u00e7\u00e3o, sintoma e ang\u00fastia\u00a0 (1926-1929). S\u00e3o Paulo: Companhia das Letras, 2014, p.13-123.<\/h6>\n<ul>\n<li><strong>DATAS:<\/strong>\n<ul>\n<li><strong>Maio: 29<\/strong><\/li>\n<li><strong>Junho: 26<\/strong><\/li>\n<li><strong>Agosto: 28<\/strong><\/li>\n<li><strong>Setembro: 25<\/strong><\/li>\n<\/ul>\n<\/li>\n<li><strong>Hor\u00e1rio: das 18h \u00e0s 19h30<\/strong><\/li>\n<li><strong>Local: sede da EBP \u2013 Se\u00e7\u00e3o SP e online (Zoom)<\/strong><\/li>\n<li><strong>Atividade gratuita<\/strong><\/li>\n<li><strong>Presencial n\u00e3o requer inscri\u00e7\u00e3o pr\u00e9via<\/strong><\/li>\n<\/ul>\n<hr \/>\n<h3><strong>NOITE DA BIBLIOTECA<\/strong><\/h3>\n<p>Ler Lacan, 60 anos dos Escritos<\/p>\n<ul>\n<li>Data:\u00a0 10 de junho<\/li>\n<li>Hor\u00e1rio:\u00a0 \u00e0s 20h30<\/li>\n<li>Convidada: Angelina Harari &#8211; AME da EBP\/AMP<\/li>\n<li>Coordena\u00e7\u00e3o: Camila Col\u00e1s &#8211; Membro da EBP\/AMP<\/li>\n<li><strong>Local: sede da EBP \u2013 Se\u00e7\u00e3o SP e online (Zoom)<\/strong><\/li>\n<li><strong>Atividade gratuita<\/strong><\/li>\n<li><strong>Presencial n\u00e3o requer inscri\u00e7\u00e3o pr\u00e9via<\/strong><\/li>\n<\/ul>\n<hr \/>\n<p><strong>BIBLIOTECA<\/strong><\/p>\n<ul>\n<li><strong>Hor\u00e1rio de atendimento na Biblioteca: quartas-feiras das 8h \u00e0s 12h<\/strong><\/li>\n<li><strong>Bibliotec\u00e1ria: Camila Queiroz<\/strong><\/li>\n<li><strong>Contato e solicita\u00e7\u00e3o do acervo: <\/strong><a href=\"mailto:ebpsaopaulo@gmail.com\"><strong>ebpsaopaulo@gmail.com<\/strong><\/a><strong> telefone\/Whatsapp: 11 3081-8947<\/strong><\/li>\n<\/ul>\n<p><strong>CAT\u00c1LOGO ONLINE BIBLIOTECA UNA<br \/>\n<\/strong><strong>Fa\u00e7a sua consulta no link abaixo:<br \/>\n<\/strong><a href=\"https:\/\/ebp.org.br\/biblioteca-apresentacao\/catalogo-on-line-biblioteca-ebp\/\"><strong>https:\/\/ebp.org.br\/biblioteca-apresentacao\/catalogo-on-line-biblioteca-ebp\/<\/strong><\/a><\/p>\n[\/vc_column_text][\/vc_column][\/vc_row]\n<\/section>","protected":false},"excerpt":{"rendered":"<p>[vc_row][vc_column][vc_column_text]Diretora de Biblioteca: Camila Col\u00e1s &#8211; Membro da EBP\/AMP Comiss\u00e3o: Ana Sofia Guerra, Andressa Cont\u00f3 Luz, Ana Maria de Almeida Guerra, Aparecida Santa Clara Berlitz, Bianca Wierman, Cl\u00e1udia Regina Santa Silva, Fernanda C. Gomes de Carvalho, Felipe Salles Silva (bibliotec\u00e1rio), Francisco Durante, Jo\u00e3o Paulo Desconci, Luciana Ernanny Legey, Priscila Tavares Viviani e Rodrigo Camargo. Respons\u00e1vel&hellip;<\/p>\n","protected":false},"author":1,"featured_media":0,"parent":0,"menu_order":0,"comment_status":"closed","ping_status":"closed","template":"","meta":{"footnotes":""},"class_list":["post-1481","page","type-page","status-publish","hentry","entry","no-media"],"aioseo_notices":[],"_links":{"self":[{"href":"https:\/\/ebp.org.br\/sp\/wp-json\/wp\/v2\/pages\/1481","targetHints":{"allow":["GET"]}}],"collection":[{"href":"https:\/\/ebp.org.br\/sp\/wp-json\/wp\/v2\/pages"}],"about":[{"href":"https:\/\/ebp.org.br\/sp\/wp-json\/wp\/v2\/types\/page"}],"author":[{"embeddable":true,"href":"https:\/\/ebp.org.br\/sp\/wp-json\/wp\/v2\/users\/1"}],"replies":[{"embeddable":true,"href":"https:\/\/ebp.org.br\/sp\/wp-json\/wp\/v2\/comments?post=1481"}],"version-history":[{"count":14,"href":"https:\/\/ebp.org.br\/sp\/wp-json\/wp\/v2\/pages\/1481\/revisions"}],"predecessor-version":[{"id":10068,"href":"https:\/\/ebp.org.br\/sp\/wp-json\/wp\/v2\/pages\/1481\/revisions\/10068"}],"wp:attachment":[{"href":"https:\/\/ebp.org.br\/sp\/wp-json\/wp\/v2\/media?parent=1481"}],"curies":[{"name":"wp","href":"https:\/\/api.w.org\/{rel}","templated":true}]}}