{"id":1188,"date":"2017-07-20T17:50:25","date_gmt":"2017-07-20T20:50:25","guid":{"rendered":"http:\/\/www.ebp.org.br\/ba\/?page_id=1188"},"modified":"2025-08-18T16:49:23","modified_gmt":"2025-08-18T19:49:23","slug":"carteis","status":"publish","type":"page","link":"https:\/\/ebp.org.br\/sp\/carteis\/","title":{"rendered":"Cart\u00e9is"},"content":{"rendered":"<section class=\"wpb-content-wrapper\">[vc_row][vc_column][vc_column_text]<span style=\"font-size: 13px;\"><b>Diretora de Cartel e Interc\u00e2mbio<\/b>: Mirmila Musse <b>&#8211;<\/b> Membro da EBP\/AMP<\/span><\/p>\n<p><span style=\"font-size: 13px;\"><b>Comiss\u00e3o:<\/b> Eliane Costa Dias, Emelice Prado, Francine Negr\u00e3o, Jefferson Nascimento, Licene Garcia, Maria Veridiana Paes de Barros, Patr\u00edcia Bichara, Romulo Ferreira, Ros\u00e2ngela Turim, Rubens Berliz e S\u00edglia Le\u00e3o.<\/span><\/p>\n<hr \/>\n<p><strong>O que \u00e9 um cartel?<\/strong><\/p>\n<p>Em 1964 Lacan funda a Escola e designa o Cartel como ferramenta para execu\u00e7\u00e3o desse trabalho. Trata-se de um \u201c\u00f3rg\u00e3o de base\u201d e um dos fundamentos da forma\u00e7\u00e3o em psican\u00e1lise. Essa orienta\u00e7\u00e3o foi proposta por Lacan no texto intitulado <em>Ato de funda\u00e7\u00e3o<\/em>: \u201cPara execu\u00e7\u00e3o desse trabalho, adotaremos o princ\u00edpio da elabora\u00e7\u00e3o sustentada em um pequeno grupo de no \u201cm\u00ednimo tr\u00eas pessoa e no m\u00e1ximo cinco, sendo quatro a justa medida\u201d<a href=\"#_ftn1\" name=\"_ftnref1\">[1]<\/a>.<\/p>\n<p>O Cartel \u00e9 uma ferramenta para viabilizar o estudo da psican\u00e1lise lacaniana articulado ao desejo de saber de cada cartelizante. Um pequeno grupo que se organiza em torno de um tema comum, sustentada a partir de uma quest\u00e3o individual. Cada integrante, a partir do seu pr\u00f3prio desejo de saber, explora o tema em quest\u00e3o. Trata-se de uma experi\u00eancia coletiva de transfer\u00eancia de trabalho, mas que se formaliza em um produto individual, pr\u00f3prio a cada um, e n\u00e3o coletivo.<\/p>\n<p><strong>\u00a0<\/strong><strong>Um desejo de saber<\/strong><\/p>\n<p>O Cartel tem por objetivo criar condi\u00e7\u00f5es para provocar o desejo de saber. Dois momentos podem ser destacados em um trabalho de cartel. Em um primeiro, cada membro do Cartel formula uma quest\u00e3o pr\u00f3pria em torno de um tema comum de trabalho, decidido em conjunto com os outros integrantes. Em um segundo momento, a escrita de um texto que visa materializar a produ\u00e7\u00e3o do trabalho desenvolvido a partir de uma quest\u00e3o inicial: um avan\u00e7o te\u00f3rico, um empasse cl\u00ednico, um efeito de forma\u00e7\u00e3o e porque n\u00e3o, um obst\u00e1culo e um impasse que relan\u00e7ar o trabalho de um novo Cartel. Esses dois momentos s\u00e3o fundamentais para reenviar cada um \u00e0 transfer\u00eancia de trabalho com a Escola, e a forma\u00e7\u00e3o de cada um.<\/p>\n<p><strong>Participantes<\/strong><\/p>\n<p>Qualquer um pode propor ou participar de um Cartel. N\u00e3o \u00e9 preciso ter um saber pr\u00e9vio nem sobre o tema e nem sobre psican\u00e1lise. A \u00fanica condi\u00e7\u00e3o para fazer um cartel \u00e9 o desejo de querer saber sobre a psican\u00e1lise.<\/p>\n<p><strong>\u00a0<\/strong><strong>Tema comum<\/strong><\/p>\n<p>O tema de investiga\u00e7\u00e3o de um Cartel pode ser qualquer assunto vinculado \u00e0 psican\u00e1lise \u2013 conceitos, pr\u00e1xis, cl\u00ednica, textos de refer\u00eancia, conex\u00f5es e etc. A partir de um tema comum, cada um define o objeto de sua pesquisa pessoal.<\/p>\n<p><strong>\u00a0<\/strong><strong>O mais-um<\/strong><\/p>\n<p>O mais-um \u00e9 o quinto integrante desse pequeno grupo escolhido pelos outros quatro integrantes a partir da transfer\u00eancia de trabalho: \u201cA conjun\u00e7\u00e3o dos quatro se faz em torno de um mais-um, que, sendo qualquer um, deve ser algu\u00e9m\u201d. Ele ocupa uma fun\u00e7\u00e3o de movimentar o trabalho, despertando e provocando o desejo e a elabora\u00e7\u00e3o em torno de um querer saber: \u201cCabe a ele zelar pelos efeitos internos da iniciativa e provocar a elabora\u00e7\u00e3o\u201d<a href=\"#_ftn2\" name=\"_ftnref2\">[2]<\/a>. Nenhum dos integrantes ocupam o lugar de um mestre detentor de um saber pr\u00e9-adquirido porque todos al\u00ed est\u00e3o movidos por um desejo de um novo saber. O mais-um ocupa um lugar diferente do l\u00edder tradicional, sem encarnar a maestria ou um suposto saber. Ele tamb\u00e9m tem uma quest\u00e3o e pode produz seu pr\u00f3prio produto<\/p>\n<p><strong>\u00a0<\/strong><strong>Como se trabalha em um cartel?<\/strong><\/p>\n<p>Qualquer um pode propor a forma\u00e7\u00e3o de um Cartel, a frequ\u00eancia dos encontros e a forma de trabalho. \u00c9 necess\u00e1rio apenas encontrar mais tr\u00eas integrantes que tenham interesse na investiga\u00e7\u00e3o sobre o tema comum.<\/p>\n<p>No texto D\u2019\u00c9colage<a href=\"#_ftn3\" name=\"_ftnref3\">[3]<\/a> Lacan prop\u00f5e a dissolu\u00e7\u00e3o do Cartel para evitar \u201co efeito de cola\u201d e a forma\u00e7\u00e3o de grupo. O t\u00e9rmino do Cartel deve se fazer em um ou dois anos no m\u00e1ximo.<\/p>\n<p>E-mail para contato:\u00a0<a href=\"mailto:cartelebpsp@gmail.com\">cartelebpsp@gmail.com<\/a><\/p>\n<hr \/>\n<p><span style=\"font-size: 13px;\"><a href=\"#_ftnref1\" name=\"_ftn1\">[1]<\/a> Lacan. J &#8211;<em>Ato de Funda\u00e7\u00e3o<\/em>. (1964). In: Outros escritos. Rio de Janeiro. Jorge Zahar. Ed. 2003. p. 235-236<\/span><br \/>\n<span style=\"font-size: 13px;\"><a href=\"#_ftnref2\" name=\"_ftn2\">[2]<\/a> Ibid<\/span><br \/>\n<span style=\"font-size: 13px;\"><a href=\"#_ftnref3\" name=\"_ftn3\">[3]<\/a> LACAN, J. \u2013 D\u2019\u00e9colage dispon\u00edvel em:\u00a0<a href=\"https:\/\/www.ebp.org.br\/wp-content\/uploads\/2020\/02\/22DE%CC%81colage22-Jacques-Lacan.pdf\">https:\/\/www.ebp.org.br\/wp-content\/uploads\/2020\/02\/22DE%CC%81colage22-Jacques-Lacan.pdf<\/a><\/span>[\/vc_column_text]<div class=\"vcex-spacing wpex-w-100 wpex-clear\"><\/div><div class=\"vcex-module vcex-divider vcex-divider-solid vcex-divider-center wpex-mx-auto wpex-block wpex-h-0 wpex-border-b wpex-border-solid wpex-border-main\" style=\"border-color:var(--wpex-accent);\"><\/div><div class=\"vcex-spacing wpex-w-100 wpex-clear\"><\/div>[vc_column_text]\n<h3><span style=\"color: #993300;\">2\u00ba semestre de 2025<\/span><\/h3>\n<p><strong><span style=\"color: #993300;\">Manh\u00e3 de Cartel e Procura-se Cartel:<\/span> <\/strong><\/p>\n<ul>\n<li><strong>Data: <\/strong>30 de agosto<\/li>\n<li><strong>Hor\u00e1rio: <\/strong>Das 9h \u00e0s 11h<\/li>\n<li><strong>Local:<\/strong> sede da EBP \u2013 Se\u00e7\u00e3o SP e online (Zoom)<\/li>\n<li>Atividade gratuita<\/li>\n<\/ul>\n<p><span style=\"color: #993300;\"><strong>\u00a0<\/strong><strong>Noite de Cart\u00e9is e Interc\u00e2mbio<\/strong><\/span><\/p>\n<ul>\n<li><strong>Data:\u00a0<\/strong>17 de setembro<\/li>\n<li><strong>Hor\u00e1rio:<\/strong>\u00e0s 20h30<\/li>\n<li><strong>Local:<\/strong> sede da EBP \u2013 Se\u00e7\u00e3o SP e online (Zoom)<\/li>\n<li>Atividade gratuita<\/li>\n<\/ul>\n<p><strong><span style=\"color: #993300;\">Jornada de Cart\u00e9is:<\/span> <\/strong><\/p>\n<ul>\n<li><strong>Data:\u00a0<\/strong>06 de dezembro<\/li>\n<li><strong>Hor\u00e1rio:<\/strong>A definir<\/li>\n<li><strong>Local:<\/strong>\u00a0sede da EBP \u2013 SP<\/li>\n<\/ul>\n[\/vc_column_text][\/vc_column][\/vc_row]\n<\/section>","protected":false},"excerpt":{"rendered":"<p>[vc_row][vc_column][vc_column_text]Diretora de Cartel e Interc\u00e2mbio: Mirmila Musse &#8211; Membro da EBP\/AMP Comiss\u00e3o: Eliane Costa Dias, Emelice Prado, Francine Negr\u00e3o, Jefferson Nascimento, Licene Garcia, Maria Veridiana Paes de Barros, Patr\u00edcia Bichara, Romulo Ferreira, Ros\u00e2ngela Turim, Rubens Berliz e S\u00edglia Le\u00e3o. O que \u00e9 um cartel? Em 1964 Lacan funda a Escola e designa o Cartel como&hellip;<\/p>\n","protected":false},"author":1,"featured_media":0,"parent":0,"menu_order":0,"comment_status":"closed","ping_status":"closed","template":"","meta":{"footnotes":""},"class_list":["post-1188","page","type-page","status-publish","hentry","entry","no-media"],"aioseo_notices":[],"_links":{"self":[{"href":"https:\/\/ebp.org.br\/sp\/wp-json\/wp\/v2\/pages\/1188","targetHints":{"allow":["GET"]}}],"collection":[{"href":"https:\/\/ebp.org.br\/sp\/wp-json\/wp\/v2\/pages"}],"about":[{"href":"https:\/\/ebp.org.br\/sp\/wp-json\/wp\/v2\/types\/page"}],"author":[{"embeddable":true,"href":"https:\/\/ebp.org.br\/sp\/wp-json\/wp\/v2\/users\/1"}],"replies":[{"embeddable":true,"href":"https:\/\/ebp.org.br\/sp\/wp-json\/wp\/v2\/comments?post=1188"}],"version-history":[{"count":6,"href":"https:\/\/ebp.org.br\/sp\/wp-json\/wp\/v2\/pages\/1188\/revisions"}],"predecessor-version":[{"id":9874,"href":"https:\/\/ebp.org.br\/sp\/wp-json\/wp\/v2\/pages\/1188\/revisions\/9874"}],"wp:attachment":[{"href":"https:\/\/ebp.org.br\/sp\/wp-json\/wp\/v2\/media?parent=1188"}],"curies":[{"name":"wp","href":"https:\/\/api.w.org\/{rel}","templated":true}]}}