{"id":1180,"date":"2017-07-20T17:46:21","date_gmt":"2017-07-20T20:46:21","guid":{"rendered":"http:\/\/www.ebp.org.br\/ba\/?page_id=1180"},"modified":"2023-09-27T16:47:01","modified_gmt":"2023-09-27T19:47:01","slug":"membros-de-honra","status":"publish","type":"page","link":"https:\/\/ebp.org.br\/sp\/sobre\/membros-de-honra\/","title":{"rendered":"Membros de Honra"},"content":{"rendered":"<section class=\"wpb-content-wrapper\">[vc_row][vc_column][vc_column_text]<strong>Luiz de Souza Dantas Forbes (In memoriam)<\/strong><br \/>\nM\u00e9dico Neurologista<br \/>\nPsiquiatra<\/p>\n<hr \/>\n<p><strong>M\u00e1rcio Peter de Souza Leite (In memoriam)<\/strong><br \/>\nA.P.<br \/>\nM\u00e9dico Psiquiatra[\/vc_column_text][\/vc_column][\/vc_row]\n<\/section>","protected":false},"excerpt":{"rendered":"<p>[vc_row][vc_column][vc_column_text]Luiz de Souza Dantas Forbes (In memoriam) M\u00e9dico Neurologista Psiquiatra M\u00e1rcio Peter de Souza Leite (In memoriam) A.P. M\u00e9dico Psiquiatra[\/vc_column_text][\/vc_column][\/vc_row]<\/p>\n","protected":false},"author":1,"featured_media":0,"parent":1178,"menu_order":0,"comment_status":"closed","ping_status":"closed","template":"","meta":{"footnotes":""},"class_list":["post-1180","page","type-page","status-publish","hentry","entry","no-media"],"aioseo_notices":[],"_links":{"self":[{"href":"https:\/\/ebp.org.br\/sp\/wp-json\/wp\/v2\/pages\/1180","targetHints":{"allow":["GET"]}}],"collection":[{"href":"https:\/\/ebp.org.br\/sp\/wp-json\/wp\/v2\/pages"}],"about":[{"href":"https:\/\/ebp.org.br\/sp\/wp-json\/wp\/v2\/types\/page"}],"author":[{"embeddable":true,"href":"https:\/\/ebp.org.br\/sp\/wp-json\/wp\/v2\/users\/1"}],"replies":[{"embeddable":true,"href":"https:\/\/ebp.org.br\/sp\/wp-json\/wp\/v2\/comments?post=1180"}],"version-history":[{"count":1,"href":"https:\/\/ebp.org.br\/sp\/wp-json\/wp\/v2\/pages\/1180\/revisions"}],"predecessor-version":[{"id":9191,"href":"https:\/\/ebp.org.br\/sp\/wp-json\/wp\/v2\/pages\/1180\/revisions\/9191"}],"up":[{"embeddable":true,"href":"https:\/\/ebp.org.br\/sp\/wp-json\/wp\/v2\/pages\/1178"}],"wp:attachment":[{"href":"https:\/\/ebp.org.br\/sp\/wp-json\/wp\/v2\/media?parent=1180"}],"curies":[{"name":"wp","href":"https:\/\/api.w.org\/{rel}","templated":true}]}}