{"id":1178,"date":"2017-07-20T17:45:51","date_gmt":"2017-07-20T20:45:51","guid":{"rendered":"http:\/\/www.ebp.org.br\/ba\/?page_id=1178"},"modified":"2026-03-26T15:41:15","modified_gmt":"2026-03-26T18:41:15","slug":"sobre","status":"publish","type":"page","link":"https:\/\/ebp.org.br\/sp\/sobre\/","title":{"rendered":"Sobre a EBP SP"},"content":{"rendered":"<section class=\"wpb-content-wrapper\">[vc_row][vc_column][vc_column_text]A EBP-S\u00e3o Paulo \u00e9 uma das sete Se\u00e7\u00f5es da\u00a0<strong>ESCOLA BRASILEIRA DE PSICAN\u00c1LISE (EBP)<\/strong>, filiada \u00e0\u00a0<strong>Associa\u00e7\u00e3o Mundial de Psican\u00e1lise (AMP)<\/strong>, que congrega v\u00e1rias Escolas pelo mundo. Fundada em 1995, a EBP faz parte da rede da Funda\u00e7\u00e3o do Campo Freudiano.<\/p>\n<p>A Escola tem por objetivo estudar, difundir e desenvolver a teoria e a pr\u00e1tica da psican\u00e1lise a partir do ensino de Lacan e da transfer\u00eancia com Freud, enfatizando a forma\u00e7\u00e3o permanente de seus membros e propiciando o debate constante sobre os impasses dos tempos atuais.<\/p>\n<p>Jacques Lacan fundou em 21 de junho de 1964 a\u00a0<em>Escola Freudiana de Paris<\/em>\u00a0tomando como base sua pr\u00f3pria rela\u00e7\u00e3o \u00e0 causa anal\u00edtica. A Escola proposta por Lacan \u00e9 formada por um conjunto de psicanalistas que se re\u00fanem em torno do ensino e da transmiss\u00e3o da psican\u00e1lise lacaniana, compartilhando os referentes te\u00f3ricos, o cuidado pela forma\u00e7\u00e3o do analista, o estilo na pr\u00e1tica da psican\u00e1lise e a doutrina do final de an\u00e1lise. Todos se referem \u00e0 Orienta\u00e7\u00e3o Lacaniana, fornecida pela leitura e transmiss\u00e3o do ensino de Lacan por Jacques-Alain Miller.<\/p>\n<p>Dentre as atividades da Se\u00e7\u00e3o S\u00e3o Paulo abertas ao p\u00fablico est\u00e3o Semin\u00e1rios oferecidos por membros, atividades da Diretoria, al\u00e9m da Orienta\u00e7\u00e3o Lacaniana e o Ensino do Passe.<\/p>\n<p>Contamos com pequenos grupos de trabalhos, denominados de cart\u00e9is, que servem de porta de entrada na Escola. Anualmente promovemos uma Jornada de Cart\u00e9is.<\/p>\n<p>Mantemos uma Biblioteca especializada em psican\u00e1lise e campos afins integrada \u00e0 Federa\u00e7\u00e3o Internacional de Bibliotecas de Orienta\u00e7\u00e3o Lacaniana do Campo Freudiano (FIBOL), tamb\u00e9m contamos com a publica\u00e7\u00e3o de uma Revista da Se\u00e7\u00e3o S\u00e3o Paulo, a Carta de S\u00e3o Paulo.<\/p>\n<p>Todos os anos nos reunimos em torno das Jornadas da Se\u00e7\u00e3o S\u00e3o Paulo, que aposta na causa anal\u00edtica e na transfer\u00eancia de trabalho, com temas conectados \u00e0 atualidade do sintoma de nossa \u00e9poca e \u00e0 pol\u00edtica da psican\u00e1lise.<\/p>\n<p>Aqui voc\u00eas encontrar\u00e3o todas as informa\u00e7\u00f5es sobre o funcionamento, as atividades, seus membros, textos, bibliografias, biblioteca, cart\u00e9is, etc.<\/p>\n<p>A EBP-SP se organiza em duas inst\u00e2ncias: Diretoria e Conselho Deliberativo.<\/p>\n<hr \/>\n<p><span style=\"color: #993300;\"><strong>Diretoria 2025-2027:<\/strong><\/span><\/p>\n<ul>\n<li><strong>Diretoria Geral:<\/strong>\u00a0Veridiana Marucio<\/li>\n<li><strong>Diretora de Secretaria e Tesouraria:<\/strong>\u00a0Jovita Carneiro de Lima<\/li>\n<li><strong>Diretora de Cart\u00e9is e Interc\u00e2mbios:<\/strong>\u00a0Mirmila Musse<\/li>\n<li><strong>Diretora de Biblioteca:<\/strong>\u00a0Camila Col\u00e1s<\/li>\n<\/ul>\n<hr \/>\n<p><span style=\"color: #993300;\"><strong>Conselho Deliberativo:<\/strong><\/span><\/p>\n<ul>\n<li>\u00a0Daniela de Camargo Barros Affonso (Presidente)<\/li>\n<li>Alessandra Sartorello Pecego (Secret\u00e1ria)<\/li>\n<li>Camila Popadiuk<\/li>\n<li>Cristiana Chacon Gallo<\/li>\n<li>Niraldo de Oliveira Santos<\/li>\n<li>Paola Salinas<\/li>\n<\/ul>\n<hr \/>\n<p><span style=\"color: #993300;\"><strong>Conselho Fiscal:<\/strong><\/span><\/p>\n<ul>\n<li>Marilsa Basso<\/li>\n<li>Maria Bernadette Soares Sant\u2019Ana Pitteri<\/li>\n<li>Tatiana Cristina Vidotti<\/li>\n<\/ul>\n<hr \/>\n<p><strong><span style=\"color: #993300;\">Comiss\u00e3o de Divulga\u00e7\u00e3o e M\u00eddias:<\/span><\/strong><\/p>\n<ul>\n<li>Jovita Carneiro de Lima (Coordenadora)<\/li>\n<li>Edgley Duarte de Lima<\/li>\n<li>Felipe Bier Nogueira<\/li>\n<li>Maria J\u00falia Swenson Meireles Vieira<\/li>\n<\/ul>\n<hr \/>\n<p><strong><span style=\"color: #993300;\">Secret\u00e1rio:<\/span><\/strong><\/p>\n<ul>\n<li>Anselmo Nunes<\/li>\n<\/ul>\n[\/vc_column_text][\/vc_column][\/vc_row]\n<\/section>","protected":false},"excerpt":{"rendered":"<p>[vc_row][vc_column][vc_column_text]A EBP-S\u00e3o Paulo \u00e9 uma das sete Se\u00e7\u00f5es da\u00a0ESCOLA BRASILEIRA DE PSICAN\u00c1LISE (EBP), filiada \u00e0\u00a0Associa\u00e7\u00e3o Mundial de Psican\u00e1lise (AMP), que congrega v\u00e1rias Escolas pelo mundo. Fundada em 1995, a EBP faz parte da rede da Funda\u00e7\u00e3o do Campo Freudiano. A Escola tem por objetivo estudar, difundir e desenvolver a teoria e a pr\u00e1tica da psican\u00e1lise&hellip;<\/p>\n","protected":false},"author":1,"featured_media":0,"parent":0,"menu_order":0,"comment_status":"closed","ping_status":"closed","template":"","meta":{"footnotes":""},"class_list":["post-1178","page","type-page","status-publish","hentry","entry","no-media"],"aioseo_notices":[],"_links":{"self":[{"href":"https:\/\/ebp.org.br\/sp\/wp-json\/wp\/v2\/pages\/1178","targetHints":{"allow":["GET"]}}],"collection":[{"href":"https:\/\/ebp.org.br\/sp\/wp-json\/wp\/v2\/pages"}],"about":[{"href":"https:\/\/ebp.org.br\/sp\/wp-json\/wp\/v2\/types\/page"}],"author":[{"embeddable":true,"href":"https:\/\/ebp.org.br\/sp\/wp-json\/wp\/v2\/users\/1"}],"replies":[{"embeddable":true,"href":"https:\/\/ebp.org.br\/sp\/wp-json\/wp\/v2\/comments?post=1178"}],"version-history":[{"count":4,"href":"https:\/\/ebp.org.br\/sp\/wp-json\/wp\/v2\/pages\/1178\/revisions"}],"predecessor-version":[{"id":10069,"href":"https:\/\/ebp.org.br\/sp\/wp-json\/wp\/v2\/pages\/1178\/revisions\/10069"}],"wp:attachment":[{"href":"https:\/\/ebp.org.br\/sp\/wp-json\/wp\/v2\/media?parent=1178"}],"curies":[{"name":"wp","href":"https:\/\/api.w.org\/{rel}","templated":true}]}}