{"id":10131,"date":"2026-04-15T07:52:52","date_gmt":"2026-04-15T10:52:52","guid":{"rendered":"https:\/\/ebp.org.br\/sp\/?page_id=10131"},"modified":"2026-04-15T07:52:52","modified_gmt":"2026-04-15T10:52:52","slug":"xiv-jornadas-comissoes-organizadoras","status":"publish","type":"page","link":"https:\/\/ebp.org.br\/sp\/jornadas\/xiv-jornadas-bem-feito-supereu\/xiv-jornadas-comissoes-organizadoras\/","title":{"rendered":"XIV JORNADAS &#8211; Comiss\u00f5es Organizadoras"},"content":{"rendered":"<section class=\"wpb-content-wrapper\">[vc_row][vc_column][vc_single_image image=&#8221;10108&#8243;][vc_empty_space][vc_column_text]\n<p><strong><span style=\"color: #ff9900;\">Diretoria da EBP- Se\u00e7\u00e3o S\u00e3o Paulo- 2025-2027<\/span><\/strong><\/p>\n<ul>\n<li>Diretora Geral: Veridiana Marucio<\/li>\n<li>Diretora de Secretaria e Tesouraria: Jovita Carneiro de Lima<\/li>\n<li>Diretora de Cart\u00e9is e Interc\u00e2mbio: Mirmila Musse<\/li>\n<li>Diretora de Biblioteca: Camila Col\u00e1s<\/li>\n<\/ul>\n<p><strong><span style=\"color: #ff9900;\">Coordena\u00e7\u00e3o Geral<\/span><\/strong><\/p>\n<ul>\n<li>Camila Popadiuk<\/li>\n<\/ul>\n<p><strong><span style=\"color: #ff9900;\">Comiss\u00e3o de Orienta\u00e7\u00e3o<\/span><\/strong><\/p>\n<ul>\n<li>Maria do Carmo Dias Batista (coordena\u00e7\u00e3o)<\/li>\n<li>Eliane Costa Dias<\/li>\n<li>Helo\u00edsa Prado da Silva Telles<\/li>\n<li>Marilsa Basso<\/li>\n<li>Niraldo de Oliveira Santos<\/li>\n<li>Patr\u00edcia Bichara<\/li>\n<li>R\u00f4mulo Ferreira da Silva<\/li>\n<li>Silvia Sato<\/li>\n<li>Comiss\u00e3o de Divulga\u00e7\u00e3o<\/li>\n<li>Maria Julia Swenson (coordena\u00e7\u00e3o)<\/li>\n<li>Ana Stela Sande Segue<\/li>\n<li>Clara Ottoni<\/li>\n<li>F\u00e1bio Saad<\/li>\n<li>Felipe Bier<\/li>\n<li>Helena Daquanno Testi<\/li>\n<li>Luisa Fromer<\/li>\n<li>Mariana Amado<\/li>\n<\/ul>\n<p><strong><span style=\"color: #ff9900;\">Comiss\u00e3o de Secretaria e Tesouraria<\/span><\/strong><\/p>\n<ul>\n<li>Paula C. V. Caio de Carvalho (coordena\u00e7\u00e3o)<\/li>\n<li>Francisco Lemes<\/li>\n<li>Renata Alves Fornaciari<\/li>\n<li>Renata Duarte<\/li>\n<li>Jana\u00edna de Paula Costa Ver\u00edssimo<\/li>\n<li>Bianca Wierman<\/li>\n<li>Katia Ribeiro Nadeau<\/li>\n<li>Hector Trinca Espagnoli<\/li>\n<\/ul>\n<p><strong><span style=\"color: #ff9900;\">Comiss\u00e3o de Infraestrutura<\/span><\/strong><\/p>\n<ul>\n<li>Andressa Cont\u00f3 Luz (coordena\u00e7\u00e3o)<\/li>\n<li>Alan Seabra<\/li>\n<li>Fernanda Gelesko<\/li>\n<li>Layla Thamm<\/li>\n<li>Leandro Verzignassi Nunes<\/li>\n<li>Lilian Beiguelman<\/li>\n<li>Ma\u00edra Tumbiolo Tosi<\/li>\n<li>Priscila Tavares Viviani<\/li>\n<li>Renata Perche<\/li>\n<li>Ruth Galv\u00e3o de Barros<\/li>\n<li>Sara Castro<\/li>\n<\/ul>\n<p><span style=\"color: #ff9900;\"><strong>Comiss\u00e3o de Refer\u00eancias Bibliogr\u00e1ficas<\/strong><\/span><\/p>\n<ul>\n<li>Carmen Silvia Cervelatti (coordena\u00e7\u00e3o)<\/li>\n<li>Eduardo Vallejos da Rocha<\/li>\n<li>Gabriela Ponte Rodrigues<\/li>\n<li>Izabel Abreu<\/li>\n<li>Jo\u00e3o Paulo Desconci<\/li>\n<li>Luciana Ernanny Legey<\/li>\n<li>Perp\u00e9tua Medrado Gon\u00e7alves<\/li>\n<li>Siglia Cruz de S\u00e1 Le\u00e3o<\/li>\n<\/ul>\n<p><strong><span style=\"color: #ff9900;\">Comiss\u00e3o de Boletim<\/span><\/strong><\/p>\n<ul>\n<li>Alessandra Sartorello Pecego (coordena\u00e7\u00e3o)<\/li>\n<li>Clarissa Carvalho<\/li>\n<li>Emmanuel Nunes de Melo<\/li>\n<li>Francisco Durante<\/li>\n<li>Gustavo Menezes<\/li>\n<li>Maria Veridiana Sampaio Paes de Barros<\/li>\n<li>Patricia Badari<\/li>\n<li>Paula Maia<\/li>\n<li>Comiss\u00e3o de Livraria<\/li>\n<li>Tatiana Vidotti (coordena\u00e7\u00e3o)<\/li>\n<li>Camila Morelli<\/li>\n<li>Camilla Baratto<\/li>\n<li>Caroline Silva<\/li>\n<li>Flaviana Pires Oliveira<\/li>\n<li>Lorrany Corr\u00eaa<\/li>\n<li>Nat\u00e1lia Cassim<\/li>\n<li>Rosangela Turim<\/li>\n<li>Vin\u00edcius Tiola<\/li>\n<\/ul>\n<p><strong><span style=\"color: #ff9900;\">Comiss\u00e3o de Acolhimento e Festa<\/span><\/strong><\/p>\n<ul>\n<li>\u00c9lida Biasoli Lenci (coordena\u00e7\u00e3o)<\/li>\n<li>Eduardo Caliendo Marchesan<\/li>\n<li>Jefferson Nascimento<\/li>\n<li>Helena Andrade<\/li>\n<li>Fernanda Cristina Gomes de Carvalho<\/li>\n<li>Teresinha Prado<\/li>\n<li>D\u00e9bora Garcia<\/li>\n<\/ul>\n<p><strong><span style=\"color: #ff9900;\">Comiss\u00e3o de Arte<\/span><\/strong><\/p>\n<ul>\n<li>Licene Garcia (coordena\u00e7\u00e3o)<\/li>\n<li>Ana Maria Almeida Guerra<\/li>\n<li>Ana Sofia Guerra<\/li>\n<li>Carolline Rangel<\/li>\n<li>Cynthia Gindro<\/li>\n<li>Edgley Duarte de Lima<\/li>\n<li>James Valeriano<\/li>\n<li>Milena Vicari Crastelo[\/vc_column_text][\/vc_column][\/vc_row]<\/li>\n<\/ul>\n<\/section>","protected":false},"excerpt":{"rendered":"<p>[vc_row][vc_column][vc_single_image image=&#8221;10108&#8243;][vc_empty_space][vc_column_text] Diretoria da EBP- Se\u00e7\u00e3o S\u00e3o Paulo- 2025-2027 Diretora Geral: Veridiana Marucio Diretora de Secretaria e Tesouraria: Jovita Carneiro de Lima Diretora de Cart\u00e9is e Interc\u00e2mbio: Mirmila Musse Diretora de Biblioteca: Camila Col\u00e1s Coordena\u00e7\u00e3o Geral Camila Popadiuk Comiss\u00e3o de Orienta\u00e7\u00e3o Maria do Carmo Dias Batista (coordena\u00e7\u00e3o) Eliane Costa Dias Helo\u00edsa Prado da Silva Telles&hellip;<\/p>\n","protected":false},"author":1,"featured_media":0,"parent":10104,"menu_order":0,"comment_status":"closed","ping_status":"closed","template":"","meta":{"footnotes":""},"class_list":["post-10131","page","type-page","status-publish","hentry","entry","no-media"],"aioseo_notices":[],"_links":{"self":[{"href":"https:\/\/ebp.org.br\/sp\/wp-json\/wp\/v2\/pages\/10131","targetHints":{"allow":["GET"]}}],"collection":[{"href":"https:\/\/ebp.org.br\/sp\/wp-json\/wp\/v2\/pages"}],"about":[{"href":"https:\/\/ebp.org.br\/sp\/wp-json\/wp\/v2\/types\/page"}],"author":[{"embeddable":true,"href":"https:\/\/ebp.org.br\/sp\/wp-json\/wp\/v2\/users\/1"}],"replies":[{"embeddable":true,"href":"https:\/\/ebp.org.br\/sp\/wp-json\/wp\/v2\/comments?post=10131"}],"version-history":[{"count":1,"href":"https:\/\/ebp.org.br\/sp\/wp-json\/wp\/v2\/pages\/10131\/revisions"}],"predecessor-version":[{"id":10132,"href":"https:\/\/ebp.org.br\/sp\/wp-json\/wp\/v2\/pages\/10131\/revisions\/10132"}],"up":[{"embeddable":true,"href":"https:\/\/ebp.org.br\/sp\/wp-json\/wp\/v2\/pages\/10104"}],"wp:attachment":[{"href":"https:\/\/ebp.org.br\/sp\/wp-json\/wp\/v2\/media?parent=10131"}],"curies":[{"name":"wp","href":"https:\/\/api.w.org\/{rel}","templated":true}]}}