{"id":10121,"date":"2026-04-15T07:34:43","date_gmt":"2026-04-15T10:34:43","guid":{"rendered":"https:\/\/ebp.org.br\/sp\/?page_id=10121"},"modified":"2026-04-15T07:47:40","modified_gmt":"2026-04-15T10:47:40","slug":"xiv-jornadas-inscricoes","status":"publish","type":"page","link":"https:\/\/ebp.org.br\/sp\/jornadas\/xiv-jornadas-bem-feito-supereu\/xiv-jornadas-inscricoes\/","title":{"rendered":"XIV JORNADAS &#8211; Inscri\u00e7\u00f5es"},"content":{"rendered":"<section class=\"wpb-content-wrapper\">[vc_row][vc_column][vc_single_image image=&#8221;10108&#8243;][vc_empty_space][vc_column_text]\n<p>Convidamos todos a se inscreverem nas XIV Jornadas da EBP-SP: <strong>Bem-feito, supereu!<\/strong><\/p>\n<p>Para d\u00favidas e informa\u00e7\u00f5es adicionais, entre em contato pelo e-mail <a href=\"mailto:jornadas.ebpsp@gmail.com\">jornadas.ebpsp@gmail.com<\/a><\/p>\n<p style=\"text-align: justify;\">[\/vc_column_text][vc_empty_space height=&#8221;10px&#8221;]<a href=\"https:\/\/forms.gle\/CfD239rTmwBtg5Y3A\" class=\"vcex-button theme-button inline\" style=\"padding-right:10px;padding-left:10px;\"><span class=\"vcex-button-inner theme-button-inner\"><span class=\"vcex-button-icon vcex-icon-wrap theme-button-icon-left\"><span class=\"ticon ticon-pencil-square-o\" aria-hidden=\"true\"><\/span><\/span>INSCRI\u00c7\u00d5ES<\/span><\/a> [\/vc_column][\/vc_row][vc_row][vc_column][vc_raw_html]JTNDdGFibGUlMjB3aWR0aCUzRCUyMjEwMCUyNSUyMiUyMGJvcmRlciUzRCUyMjAlMjIlMjBjZWxsc3BhY2luZyUzRCUyMjUlMjIlMjBjZWxscGFkZGluZyUzRCUyMjUlMjIlM0UlMEElMjAlMjAlM0N0Ym9keSUzRSUwQSUyMCUyMCUyMCUyMCUzQ3RyJTIwYmdjb2xvciUzRCUyMiUyM0U1RTVFNSUyMiUzRSUwQSUyMCUyMCUyMCUyMCUyMCUyMCUzQ3RkJTIwd2lkdGglM0QlMjIzMyUyNSUyMiUzRSUyNm5ic3AlM0IlM0MlMkZ0ZCUzRSUwQSUyMCUyMCUyMCUyMCUyMCUyMCUzQ3RkJTIwd2lkdGglM0QlMjIzMyUyNSUyMiUyMGFsaWduJTNEJTIyY2VudGVyJTIyJTIwdmFsaWduJTNEJTIybWlkZGxlJTIyJTIwc3R5bGUlM0QlMjJ0ZXh0LWFsaWduJTNBJTIwY2VudGVyJTNCJTIwY29sb3IlM0ElMjAlMjNmZjk5MDAlM0IlMjIlM0UlM0NzdHJvbmclM0VBdCVDMyVBOSUyMDA1JTJGMDklM0MlMkZzdHJvbmclM0UlM0MlMkZ0ZCUzRSUwQSUyMCUyMCUyMCUyMCUyMCUyMCUzQ3RkJTIwd2lkdGglM0QlMjIzMyUyNSUyMiUyMGFsaWduJTNEJTIyY2VudGVyJTIyJTIwdmFsaWduJTNEJTIybWlkZGxlJTIyJTIwc3R5bGUlM0QlMjJ0ZXh0LWFsaWduJTNBJTIwY2VudGVyJTNCJTIwY29sb3IlM0ElMjAlMjNmZjk5MDAlM0IlMjIlM0UlM0NzdHJvbmclM0VBJTIwcGFydGlyJTIwZGUlMjAwNSUyRjA5JTNDJTJGc3Ryb25nJTNFJTNDJTJGdGQlM0UlMEElMjAlMjAlMjAlMjAlM0MlMkZ0ciUzRSUwQSUyMCUyMCUyMCUyMCUzQ3RyJTIwYmdjb2xvciUzRCUyMiUyM0YxRjFGMSUyMiUzRSUwQSUyMCUyMCUyMCUyMCUyMCUyMCUzQ3RkJTIwd2lkdGglM0QlMjIzMyUyNSUyMiUzRU1lbWJyb3MlMjBkYSUyMEVCUCUyRkFNUCUzQ2JyJTNFJTBBJTIwJTIwJTIwJTIwJTIwJTIwZSUyMHByb2Zpc3Npb25haXMlM0MlMkZ0ZCUzRSUwQSUyMCUyMCUyMCUyMCUyMCUyMCUzQ3RkJTIwd2lkdGglM0QlMjIzMyUyNSUyMiUyMGFsaWduJTNEJTIyY2VudGVyJTIyJTIwdmFsaWduJTNEJTIybWlkZGxlJTIyJTIwc3R5bGUlM0QlMjJ0ZXh0LWFsaWduJTNBJTIwY2VudGVyJTIyJTNFJTNDc3Ryb25nJTNFUiUyNCUyMDYyMCUyQzAwJTNDJTJGc3Ryb25nJTNFJTNDJTJGdGQlM0UlMEElMjAlMjAlMjAlMjAlMjAlMjAlM0N0ZCUyMHdpZHRoJTNEJTIyMzMlMjUlMjIlMjBhbGlnbiUzRCUyMmNlbnRlciUyMiUyMHZhbGlnbiUzRCUyMm1pZGRsZSUyMiUyMHN0eWxlJTNEJTIydGV4dC1hbGlnbiUzQSUyMGNlbnRlciUyMiUzRSUzQ3N0cm9uZyUzRVIlMjQlMjA2NzAlMkMwMCUzQyUyRnN0cm9uZyUzRSUzQyUyRnRkJTNFJTBBJTIwJTIwJTIwJTIwJTNDJTJGdHIlM0UlMEElMjAlMjAlMjAlMjAlM0N0ciUyMGJnY29sb3IlM0QlMjIlMjNFNUU1RTUlMjIlM0UlMEElMjAlMjAlMjAlMjAlMjAlMjAlM0N0ZCUyMHdpZHRoJTNEJTIyMzMlMjUlMjIlM0VBbHVub3MlMjBkb3MlMjBJbnN0aXR1dG9zJTNDYnIlM0UlMEElMjAlMjAlMjAlMjAlMjAlMjBkbyUyMENhbXBvJTIwRnJldWRpYW5vJTNDc3BhbiUyMHN0eWxlJTNEJTIyY29sb3IlM0ElMjAlMjNmZjk5MDAlMjIlM0UlMkElM0MlMkZzcGFuJTNFJTNDJTJGdGQlM0UlMEElMjAlMjAlMjAlMjAlMjAlMjAlM0N0ZCUyMHdpZHRoJTNEJTIyMzMlMjUlMjIlMjBhbGlnbiUzRCUyMmNlbnRlciUyMiUyMHZhbGlnbiUzRCUyMm1pZGRsZSUyMiUyMHN0eWxlJTNEJTIydGV4dC1hbGlnbiUzQSUyMGNlbnRlciUyMiUzRSUzQ3N0cm9uZyUzRVIlMjQlMjA1MTclMkMwMCUzQyUyRnN0cm9uZyUzRSUzQyUyRnRkJTNFJTBBJTIwJTIwJTIwJTIwJTIwJTIwJTNDdGQlMjB3aWR0aCUzRCUyMjMzJTI1JTIyJTIwYWxpZ24lM0QlMjJjZW50ZXIlMjIlMjB2YWxpZ24lM0QlMjJtaWRkbGUlMjIlMjBzdHlsZSUzRCUyMnRleHQtYWxpZ24lM0ElMjBjZW50ZXIlMjIlM0UlM0NzdHJvbmclM0VSJTI0JTIwNTcwJTJDMDAlM0MlMkZzdHJvbmclM0UlM0MlMkZ0ZCUzRSUwQSUyMCUyMCUyMCUyMCUzQyUyRnRyJTNFJTBBJTIwJTIwJTIwJTIwJTNDdHIlMjBiZ2NvbG9yJTNEJTIyJTIzRjFGMUYxJTIyJTNFJTBBJTIwJTIwJTIwJTIwJTIwJTIwJTNDdGQlM0VFc3R1ZGFudGVzJTIwZGUlMjBncmFkdWElQzMlQTclQzMlQTNvJTNDYnIlM0UlMEElMjAlMjAlMjAlMjAlMjAlMjBlJTIwc2Vydmlkb3JlcyUyMHAlQzMlQkFibGljb3MlM0ElM0MlMkZ0ZCUzRSUwQSUyMCUyMCUyMCUyMCUyMCUyMCUzQ3RkJTIwYWxpZ24lM0QlMjJjZW50ZXIlMjIlMjB2YWxpZ24lM0QlMjJtaWRkbGUlMjIlMjBzdHlsZSUzRCUyMnRleHQtYWxpZ24lM0ElMjBjZW50ZXIlMjIlM0UlM0NzdHJvbmclM0VSJTI0JTIwMzEwJTJDMDAlM0MlMkZzdHJvbmclM0UlM0MlMkZ0ZCUzRSUwQSUyMCUyMCUyMCUyMCUyMCUyMCUzQ3RkJTIwYWxpZ24lM0QlMjJjZW50ZXIlMjIlMjB2YWxpZ24lM0QlMjJtaWRkbGUlMjIlMjBzdHlsZSUzRCUyMnRleHQtYWxpZ24lM0ElMjBjZW50ZXIlMjIlM0UlM0NzdHJvbmclM0VSJTI0JTIwMzQwJTJDMDAlM0MlMkZzdHJvbmclM0UlM0MlMkZ0ZCUzRSUwQSUyMCUyMCUyMCUyMCUzQyUyRnRyJTNFJTBBJTIwJTIwJTNDJTJGdGJvZHklM0UlMEElM0MlMkZ0YWJsZSUzRQ==[\/vc_raw_html][\/vc_column][\/vc_row][vc_row][vc_column][vc_column_text]<span style=\"color: #ff6600;\"><strong>*<\/strong> <\/span>S\u00e3o considerados alunos dos Institutos apenas os matriculados nos cursos regulares. Associados e participantes de n\u00facleos n\u00e3o entram nesta categoria.<\/p>\n<p><span style=\"color: #ff9900;\"><strong>Formas de pagamento:<\/strong><\/span><\/p>\n<ul>\n<li>At\u00e9 dia 04\/09: \u00e0 vista ou em at\u00e9 2 parcelas via PIX ou transfer\u00eancia banc\u00e1ria (segunda parcela dever\u00e1 ser quitada em at\u00e9 30 dias ap\u00f3s o pagamento inicial)<\/li>\n<li>A partir de 05\/09: somente \u00e0 vista.<\/li>\n<\/ul>\n[\/vc_column_text][\/vc_column][\/vc_row]\n<\/section>","protected":false},"excerpt":{"rendered":"<p>[vc_row][vc_column][vc_single_image image=&#8221;10108&#8243;][vc_empty_space][vc_column_text] Convidamos todos a se inscreverem nas XIV Jornadas da EBP-SP: Bem-feito, supereu! Para d\u00favidas e informa\u00e7\u00f5es adicionais, entre em contato pelo e-mail jornadas.ebpsp@gmail.com [\/vc_column_text][vc_empty_space height=&#8221;10px&#8221;][\/vc_column][\/vc_row][vc_row][vc_column][vc_raw_html]JTNDdGFibGUlMjB3aWR0aCUzRCUyMjEwMCUyNSUyMiUyMGJvcmRlciUzRCUyMjAlMjIlMjBjZWxsc3BhY2luZyUzRCUyMjUlMjIlMjBjZWxscGFkZGluZyUzRCUyMjUlMjIlM0UlMEElMjAlMjAlM0N0Ym9keSUzRSUwQSUyMCUyMCUyMCUyMCUzQ3RyJTIwYmdjb2xvciUzRCUyMiUyM0U1RTVFNSUyMiUzRSUwQSUyMCUyMCUyMCUyMCUyMCUyMCUzQ3RkJTIwd2lkdGglM0QlMjIzMyUyNSUyMiUzRSUyNm5ic3AlM0IlM0MlMkZ0ZCUzRSUwQSUyMCUyMCUyMCUyMCUyMCUyMCUzQ3RkJTIwd2lkdGglM0QlMjIzMyUyNSUyMiUyMGFsaWduJTNEJTIyY2VudGVyJTIyJTIwdmFsaWduJTNEJTIybWlkZGxlJTIyJTIwc3R5bGUlM0QlMjJ0ZXh0LWFsaWduJTNBJTIwY2VudGVyJTNCJTIwY29sb3IlM0ElMjAlMjNmZjk5MDAlM0IlMjIlM0UlM0NzdHJvbmclM0VBdCVDMyVBOSUyMDA1JTJGMDklM0MlMkZzdHJvbmclM0UlM0MlMkZ0ZCUzRSUwQSUyMCUyMCUyMCUyMCUyMCUyMCUzQ3RkJTIwd2lkdGglM0QlMjIzMyUyNSUyMiUyMGFsaWduJTNEJTIyY2VudGVyJTIyJTIwdmFsaWduJTNEJTIybWlkZGxlJTIyJTIwc3R5bGUlM0QlMjJ0ZXh0LWFsaWduJTNBJTIwY2VudGVyJTNCJTIwY29sb3IlM0ElMjAlMjNmZjk5MDAlM0IlMjIlM0UlM0NzdHJvbmclM0VBJTIwcGFydGlyJTIwZGUlMjAwNSUyRjA5JTNDJTJGc3Ryb25nJTNFJTNDJTJGdGQlM0UlMEElMjAlMjAlMjAlMjAlM0MlMkZ0ciUzRSUwQSUyMCUyMCUyMCUyMCUzQ3RyJTIwYmdjb2xvciUzRCUyMiUyM0YxRjFGMSUyMiUzRSUwQSUyMCUyMCUyMCUyMCUyMCUyMCUzQ3RkJTIwd2lkdGglM0QlMjIzMyUyNSUyMiUzRU1lbWJyb3MlMjBkYSUyMEVCUCUyRkFNUCUzQ2JyJTNFJTBBJTIwJTIwJTIwJTIwJTIwJTIwZSUyMHByb2Zpc3Npb25haXMlM0MlMkZ0ZCUzRSUwQSUyMCUyMCUyMCUyMCUyMCUyMCUzQ3RkJTIwd2lkdGglM0QlMjIzMyUyNSUyMiUyMGFsaWduJTNEJTIyY2VudGVyJTIyJTIwdmFsaWduJTNEJTIybWlkZGxlJTIyJTIwc3R5bGUlM0QlMjJ0ZXh0LWFsaWduJTNBJTIwY2VudGVyJTIyJTNFJTNDc3Ryb25nJTNFUiUyNCUyMDYyMCUyQzAwJTNDJTJGc3Ryb25nJTNFJTNDJTJGdGQlM0UlMEElMjAlMjAlMjAlMjAlMjAlMjAlM0N0ZCUyMHdpZHRoJTNEJTIyMzMlMjUlMjIlMjBhbGlnbiUzRCUyMmNlbnRlciUyMiUyMHZhbGlnbiUzRCUyMm1pZGRsZSUyMiUyMHN0eWxlJTNEJTIydGV4dC1hbGlnbiUzQSUyMGNlbnRlciUyMiUzRSUzQ3N0cm9uZyUzRVIlMjQlMjA2NzAlMkMwMCUzQyUyRnN0cm9uZyUzRSUzQyUyRnRkJTNFJTBBJTIwJTIwJTIwJTIwJTNDJTJGdHIlM0UlMEElMjAlMjAlMjAlMjAlM0N0ciUyMGJnY29sb3IlM0QlMjIlMjNFNUU1RTUlMjIlM0UlMEElMjAlMjAlMjAlMjAlMjAlMjAlM0N0ZCUyMHdpZHRoJTNEJTIyMzMlMjUlMjIlM0VBbHVub3MlMjBkb3MlMjBJbnN0aXR1dG9zJTNDYnIlM0UlMEElMjAlMjAlMjAlMjAlMjAlMjBkbyUyMENhbXBvJTIwRnJldWRpYW5vJTNDc3BhbiUyMHN0eWxlJTNEJTIyY29sb3IlM0ElMjAlMjNmZjk5MDAlMjIlM0UlMkElM0MlMkZzcGFuJTNFJTNDJTJGdGQlM0UlMEElMjAlMjAlMjAlMjAlMjAlMjAlM0N0ZCUyMHdpZHRoJTNEJTIyMzMlMjUlMjIlMjBhbGlnbiUzRCUyMmNlbnRlciUyMiUyMHZhbGlnbiUzRCUyMm1pZGRsZSUyMiUyMHN0eWxlJTNEJTIydGV4dC1hbGlnbiUzQSUyMGNlbnRlciUyMiUzRSUzQ3N0cm9uZyUzRVIlMjQlMjA1MTclMkMwMCUzQyUyRnN0cm9uZyUzRSUzQyUyRnRkJTNFJTBBJTIwJTIwJTIwJTIwJTIwJTIwJTNDdGQlMjB3aWR0aCUzRCUyMjMzJTI1JTIyJTIwYWxpZ24lM0QlMjJjZW50ZXIlMjIlMjB2YWxpZ24lM0QlMjJtaWRkbGUlMjIlMjBzdHlsZSUzRCUyMnRleHQtYWxpZ24lM0ElMjBjZW50ZXIlMjIlM0UlM0NzdHJvbmclM0VSJTI0JTIwNTcwJTJDMDAlM0MlMkZzdHJvbmclM0UlM0MlMkZ0ZCUzRSUwQSUyMCUyMCUyMCUyMCUzQyUyRnRyJTNFJTBBJTIwJTIwJTIwJTIwJTNDdHIlMjBiZ2NvbG9yJTNEJTIyJTIzRjFGMUYxJTIyJTNFJTBBJTIwJTIwJTIwJTIwJTIwJTIwJTNDdGQlM0VFc3R1ZGFudGVzJTIwZGUlMjBncmFkdWElQzMlQTclQzMlQTNvJTNDYnIlM0UlMEElMjAlMjAlMjAlMjAlMjAlMjBlJTIwc2Vydmlkb3JlcyUyMHAlQzMlQkFibGljb3MlM0ElM0MlMkZ0ZCUzRSUwQSUyMCUyMCUyMCUyMCUyMCUyMCUzQ3RkJTIwYWxpZ24lM0QlMjJjZW50ZXIlMjIlMjB2YWxpZ24lM0QlMjJtaWRkbGUlMjIlMjBzdHlsZSUzRCUyMnRleHQtYWxpZ24lM0ElMjBjZW50ZXIlMjIlM0UlM0NzdHJvbmclM0VSJTI0JTIwMzEwJTJDMDAlM0MlMkZzdHJvbmclM0UlM0MlMkZ0ZCUzRSUwQSUyMCUyMCUyMCUyMCUyMCUyMCUzQ3RkJTIwYWxpZ24lM0QlMjJjZW50ZXIlMjIlMjB2YWxpZ24lM0QlMjJtaWRkbGUlMjIlMjBzdHlsZSUzRCUyMnRleHQtYWxpZ24lM0ElMjBjZW50ZXIlMjIlM0UlM0NzdHJvbmclM0VSJTI0JTIwMzQwJTJDMDAlM0MlMkZzdHJvbmclM0UlM0MlMkZ0ZCUzRSUwQSUyMCUyMCUyMCUyMCUzQyUyRnRyJTNFJTBBJTIwJTIwJTNDJTJGdGJvZHklM0UlMEElM0MlMkZ0YWJsZSUzRQ==[\/vc_raw_html][\/vc_column][\/vc_row][vc_row][vc_column][vc_column_text]* S\u00e3o considerados alunos dos Institutos apenas os matriculados nos cursos regulares. Associados e participantes de n\u00facleos n\u00e3o entram nesta categoria. Formas de pagamento: At\u00e9 dia 04\/09: \u00e0 vista&hellip;<\/p>\n","protected":false},"author":1,"featured_media":0,"parent":10104,"menu_order":0,"comment_status":"closed","ping_status":"closed","template":"","meta":{"footnotes":""},"class_list":["post-10121","page","type-page","status-publish","hentry","entry","no-media"],"aioseo_notices":[],"_links":{"self":[{"href":"https:\/\/ebp.org.br\/sp\/wp-json\/wp\/v2\/pages\/10121","targetHints":{"allow":["GET"]}}],"collection":[{"href":"https:\/\/ebp.org.br\/sp\/wp-json\/wp\/v2\/pages"}],"about":[{"href":"https:\/\/ebp.org.br\/sp\/wp-json\/wp\/v2\/types\/page"}],"author":[{"embeddable":true,"href":"https:\/\/ebp.org.br\/sp\/wp-json\/wp\/v2\/users\/1"}],"replies":[{"embeddable":true,"href":"https:\/\/ebp.org.br\/sp\/wp-json\/wp\/v2\/comments?post=10121"}],"version-history":[{"count":8,"href":"https:\/\/ebp.org.br\/sp\/wp-json\/wp\/v2\/pages\/10121\/revisions"}],"predecessor-version":[{"id":10129,"href":"https:\/\/ebp.org.br\/sp\/wp-json\/wp\/v2\/pages\/10121\/revisions\/10129"}],"up":[{"embeddable":true,"href":"https:\/\/ebp.org.br\/sp\/wp-json\/wp\/v2\/pages\/10104"}],"wp:attachment":[{"href":"https:\/\/ebp.org.br\/sp\/wp-json\/wp\/v2\/media?parent=10121"}],"curies":[{"name":"wp","href":"https:\/\/api.w.org\/{rel}","templated":true}]}}