{"id":10119,"date":"2026-04-15T07:32:12","date_gmt":"2026-04-15T10:32:12","guid":{"rendered":"https:\/\/ebp.org.br\/sp\/?page_id=10119"},"modified":"2026-04-15T16:02:52","modified_gmt":"2026-04-15T19:02:52","slug":"xiv-jornadas-envio-de-trabalhos","status":"publish","type":"page","link":"https:\/\/ebp.org.br\/sp\/jornadas\/xiv-jornadas-bem-feito-supereu\/xiv-jornadas-envio-de-trabalhos\/","title":{"rendered":"XIV JORNADAS &#8211; Envio de Trabalhos"},"content":{"rendered":"<section class=\"wpb-content-wrapper\"><p style=\"text-align: justify;\">[vc_row][vc_column][vc_single_image image=&#8221;10108&#8243;][vc_empty_space][vc_column_text]\n<h3><span style=\"color: #ff9900;\">Orienta\u00e7\u00f5es para o envio de trabalhos:<\/span><\/h3>\n<p>1. Os textos devem ter, no m\u00e1ximo, 5.000 caracteres (com espa\u00e7os), escritos em<\/p>\n<ul>\n<li>Times New Roman 12, justificados, espa\u00e7amento simples, com notas (refer\u00eancias) no fim de p\u00e1gina;<\/li>\n<\/ul>\n<p>2. Colocar no cabe\u00e7alho<\/p>\n<ul>\n<li>o t\u00edtulo do trabalho, o nome do(a) autor(a), endere\u00e7o de e- mail e o eixo tem\u00e1tico no qual o trabalho se insere;<\/li>\n<\/ul>\n<p>3. Os textos devem ser enviados<\/p>\n<ul>\n<li>em formato Word, anexado ao e-mail, colocando como assunto:\u00a0Bem-feito, supereu!\u00a0\u2013 envio de trabalhos;<\/li>\n<\/ul>\n<p>4. Enviar para: <a href=\"mailto:trabalhojornadasebpsp@gmail.com\">trabalhojornadasebpsp@gmail.com<\/a><\/p>\n<p>5. Para que o trabalho seja avaliado, \u00e9 necess\u00e1rio estar inscrito(a) nas Jornadas.<\/p>\n<ul>\n<li>N\u00e3o \u00e9 necess\u00e1rio ser membro da EBP ou associado de algum Instituto;<\/li>\n<\/ul>\n<p>6. Data limite para envio dos trabalhos: <strong>12\/09\/2026<\/strong>;<\/p>\n<h3><strong><span style=\"color: #ff9900;\">Eixos tem\u00e1ticos<\/span><\/strong><\/h3>\n<p>EIXO 1 \u2013 Manifesta\u00e7\u00f5es cl\u00ednicas paradigm\u00e1ticas do SUPEREU<\/p>\n<p>EIXO 2 \u2013 A ferocidade do supereu e o empuxo ao gozo<\/p>\n<p>EIXO 3 \u2013 Paradoxos do\u00a0Goze!\u00a0na cultura<\/p>\n<p style=\"text-align: justify;\">[\/vc_column_text][\/vc_column][\/vc_row]\n<\/section>","protected":false},"excerpt":{"rendered":"<p>[vc_row][vc_column][vc_single_image image=&#8221;10108&#8243;][vc_empty_space][vc_column_text] Orienta\u00e7\u00f5es para o envio de trabalhos: 1. Os textos devem ter, no m\u00e1ximo, 5.000 caracteres (com espa\u00e7os), escritos em Times New Roman 12, justificados, espa\u00e7amento simples, com notas (refer\u00eancias) no fim de p\u00e1gina; 2. Colocar no cabe\u00e7alho o t\u00edtulo do trabalho, o nome do(a) autor(a), endere\u00e7o de e- mail e o eixo tem\u00e1tico&hellip;<\/p>\n","protected":false},"author":1,"featured_media":0,"parent":10104,"menu_order":0,"comment_status":"closed","ping_status":"closed","template":"","meta":{"footnotes":""},"class_list":["post-10119","page","type-page","status-publish","hentry","entry","no-media"],"aioseo_notices":[],"_links":{"self":[{"href":"https:\/\/ebp.org.br\/sp\/wp-json\/wp\/v2\/pages\/10119","targetHints":{"allow":["GET"]}}],"collection":[{"href":"https:\/\/ebp.org.br\/sp\/wp-json\/wp\/v2\/pages"}],"about":[{"href":"https:\/\/ebp.org.br\/sp\/wp-json\/wp\/v2\/types\/page"}],"author":[{"embeddable":true,"href":"https:\/\/ebp.org.br\/sp\/wp-json\/wp\/v2\/users\/1"}],"replies":[{"embeddable":true,"href":"https:\/\/ebp.org.br\/sp\/wp-json\/wp\/v2\/comments?post=10119"}],"version-history":[{"count":2,"href":"https:\/\/ebp.org.br\/sp\/wp-json\/wp\/v2\/pages\/10119\/revisions"}],"predecessor-version":[{"id":10133,"href":"https:\/\/ebp.org.br\/sp\/wp-json\/wp\/v2\/pages\/10119\/revisions\/10133"}],"up":[{"embeddable":true,"href":"https:\/\/ebp.org.br\/sp\/wp-json\/wp\/v2\/pages\/10104"}],"wp:attachment":[{"href":"https:\/\/ebp.org.br\/sp\/wp-json\/wp\/v2\/media?parent=10119"}],"curies":[{"name":"wp","href":"https:\/\/api.w.org\/{rel}","templated":true}]}}