{"id":10071,"date":"2026-03-30T16:53:09","date_gmt":"2026-03-30T19:53:09","guid":{"rendered":"https:\/\/ebp.org.br\/sp\/?page_id=10071"},"modified":"2026-03-30T16:53:25","modified_gmt":"2026-03-30T19:53:25","slug":"novas-aquisicoes","status":"publish","type":"page","link":"https:\/\/ebp.org.br\/sp\/biblioteca\/novas-aquisicoes\/","title":{"rendered":"Novas Aquisi\u00e7\u00f5es"},"content":{"rendered":"<section class=\"wpb-content-wrapper\">[vc_row][vc_column width=&#8221;2\/3&#8243;][vc_column_text]\n<h3><span style=\"color: #993300;\"><strong>30: O Um e o M\u00faltiplo da EBP<\/strong><\/span><\/h3>\n<p><strong>Marcia M. Stival Onyszkiewicz (Org.)<\/strong><\/p>\n<p>O que sustenta uma Escola ao longo de 30 anos?<\/p>\n<p>Talvez seja exatamente essa tens\u00e3o que o livro 30: O Um e o M\u00faltiplo da EBP busca habitar: a unicidade da orienta\u00e7\u00e3o lacaniana que atravessa o Brasil \u2014 e a irredut\u00edvel diversidade de cada membro, cada delega\u00e7\u00e3o, cada percurso singular. Organizado por Marcia M. Stival Onyszkiewicz, o livro marca tr\u00eas d\u00e9cadas da Escola Brasileira de Psican\u00e1lise \u2014 e convida o leitor a pensar: como uma Escola se faz Una sem apagar o m\u00faltiplo que a constitui?<\/p>\n<p>O exemplar est\u00e1 dispon\u00edvel na Biblioteca da Se\u00e7\u00e3o S\u00e3o Paulo da EBP. Venha ler e se deixar afetar por esse percurso.<\/p>\n<p><span style=\"font-size: 13px;\"><em>Luciana Ernanny Legey<\/em><\/span><br \/>\n<span style=\"font-size: 13px;\"><em>Comiss\u00e3o de Biblioteca da EBP-SP<\/em><\/span>[\/vc_column_text][\/vc_column][vc_column width=&#8221;1\/3&#8243;][vc_single_image image=&#8221;10074&#8243; add_caption=&#8221;yes&#8221; alignment=&#8221;right&#8221;][\/vc_column][\/vc_row][vc_row][vc_column][vc_separator border_width=&#8221;3&#8243;][\/vc_column][\/vc_row][vc_row][vc_column width=&#8221;2\/3&#8243;][vc_column_text]\n<h3><span style=\"color: #993300;\"><strong>Cl\u00ednica do autismo e das psicoses na inf\u00e2ncia<\/strong><\/span><\/h3>\n<p><strong>Silvia Elena Tendlarz<\/strong><\/p>\n<p>Como pensar a especificidade da psicose na inf\u00e2ncia e sua rela\u00e7\u00e3o com o autismo? Que consequ\u00eancias te\u00f3ricas e cl\u00ednicas esta distin\u00e7\u00e3o entre autismo e psicose pode trazer a partir da orienta\u00e7\u00e3o lacaniana?<\/p>\n<p>Seguindo o fio proposto por quest\u00f5es como estas, o livro \u201cCl\u00ednica do autismo e psicoses na inf\u00e2ncia\u201d \u00e9 resultado de aulas ministradas na Faculdade de Psicologia da Universidade de Buenos Aires por sua autora Silvia Elena Tendlarz que, ao longo desta obra, re\u00fane importantes refer\u00eancias do Campo Freudiano (Lacan, Rosine e Robert Lefort, J-A Miller, E.Laurent, Jean-Claude Maleval) destacando as diferentes perspectivas e inven\u00e7\u00f5es que orientam nossa pr\u00e1tica cl\u00ednica. Um produto da cole\u00e7\u00e3o Pipa Traduz (um dos projetos da Associa\u00e7\u00e3o Pipa) que nos presenteia com tradu\u00e7\u00f5es esclarecedoras e instigantes e nos convoca, como bem convida Silvia, a refletir sobre o trabalho na comunidade anal\u00edtica.<\/p>\n<p><span style=\"font-size: 13px;\"><em>Bianca Wierman<\/em><\/span><br \/>\n<span style=\"font-size: 13px;\"><em>Comiss\u00e3o de Biblioteca da EBP-SP<\/em><\/span>[\/vc_column_text][\/vc_column][vc_column width=&#8221;1\/3&#8243;][vc_single_image image=&#8221;10075&#8243; add_caption=&#8221;yes&#8221; alignment=&#8221;right&#8221;][\/vc_column][\/vc_row][vc_row][vc_column][vc_separator border_width=&#8221;3&#8243;][\/vc_column][\/vc_row][vc_row][vc_column width=&#8221;2\/3&#8243;][vc_column_text]\n<h3><span style=\"color: #993300;\"><strong>Qu\u00e9 ense\u00f1a un docente del Instituto?<br \/>\n<\/strong><strong>Conversaciones sobre la ensenanza del psicoanalisis.<\/strong><\/span><\/h3>\n<p><strong>Graciela Brodsky, Francesca Biagi-Chai e Domenico Consenza<\/strong><\/p>\n<blockquote><p>\u201cO ensino em psican\u00e1lise vive neste paradoxo, nesta dupla tens\u00e3o: entre a impossibilidade, por um lado, porque n\u00e3o se transmite de uma maneira universal (&#8230;) e de outro lado a transmiss\u00e3o, o ensino, \u00e9 necess\u00e1rio para o processo de forma\u00e7\u00e3o\u201d Consenza p.61-62.<\/p>\n<p>\u201cPara ser professor em um Instituto tem que gostar disso, que \u00e9 um pouco ensinar e um pouco transmitir. Gosto de distinguir ensinar e transmitir.\u201d Graciela Brodsky, p. 21.<\/p><\/blockquote>\n<p>Qual a diferen\u00e7a entre o ensino universit\u00e1rio em uma disciplina de psican\u00e1lise e o ensino em um Instituto de psican\u00e1lise?Frases e quest\u00f5es como estas e outras tantas s\u00e3o temas de tr\u00eas conversa\u00e7\u00f5es proferidas por Graciela Brodsky, Francesca Biagi-Chai e Domenico Consenza, no Instituto Nueva Escola. O frescor do livro aparece na forma como foi escrito. O leitor, atrav\u00e9s das v\u00e1rias interven\u00e7\u00f5es dos participantes, tem a impress\u00e3o de participar da conversa. O pr\u00f3prio t\u00edtulo j\u00e1 abre reflex\u00f5es neste livro, que, em poucas p\u00e1ginas, consegue fazer o leitor refletir de maneira intensa, quest\u00f5es cruciais do ensino de psican\u00e1lise no mundo atual.<\/p>\n<p><span style=\"font-size: 13px;\"><em>Claudia Regina Santa Silva<\/em><\/span><br \/>\n<span style=\"font-size: 13px;\"><em>Comiss\u00e3o de Biblioteca EBP-SP<\/em><\/span>[\/vc_column_text][\/vc_column][vc_column width=&#8221;1\/3&#8243;][vc_single_image image=&#8221;10073&#8243; add_caption=&#8221;yes&#8221; alignment=&#8221;right&#8221;][\/vc_column][\/vc_row][vc_row][vc_column][vc_separator border_width=&#8221;3&#8243;][\/vc_column][\/vc_row][vc_row][vc_column width=&#8221;2\/3&#8243;][vc_column_text]\n<h3><span style=\"color: #993300;\"><strong>Soletra\u00e7\u00f5es do enigma<\/strong><\/span><\/h3>\n<p><strong>Rodrigo Camargo<\/strong><\/p>\n<p>O autor tem o interesse de expandir uma pesquisa sobre a psican\u00e1lise e a literatura. \u2028O livro nos instiga a querer saber mais: por que estudar Perec da literatura com Lacan da psican\u00e1lise? \u2028O que a literatura tem a ver com a psican\u00e1lise? \u2028O que o &#8220;W&#8221; de Perec tem a ver com o objeto a de Lacan? \u2028Onde se encontra a literatura com a escrita do significante na psican\u00e1lise? \u2028O leitor pode formular suas pr\u00f3prias perguntas viajando na leitura de &#8220;Soletra\u00e7\u00f5es do enigma&#8221;.<\/p>\n<p><span style=\"font-size: 13px;\"><em>Aparecida Santa Clara Berlitz<\/em><\/span><br \/>\n<span style=\"font-size: 13px;\"><em>Comiss\u00e3o da Diretoria de Biblioteca EBP-SP<\/em><\/span>[\/vc_column_text][\/vc_column][vc_column width=&#8221;1\/3&#8243;][vc_single_image image=&#8221;10072&#8243; add_caption=&#8221;yes&#8221; alignment=&#8221;right&#8221;][\/vc_column][\/vc_row]\n<\/section>","protected":false},"excerpt":{"rendered":"<p>[vc_row][vc_column width=&#8221;2\/3&#8243;][vc_column_text] 30: O Um e o M\u00faltiplo da EBP Marcia M. Stival Onyszkiewicz (Org.) O que sustenta uma Escola ao longo de 30 anos? Talvez seja exatamente essa tens\u00e3o que o livro 30: O Um e o M\u00faltiplo da EBP busca habitar: a unicidade da orienta\u00e7\u00e3o lacaniana que atravessa o Brasil \u2014 e a&hellip;<\/p>\n","protected":false},"author":1,"featured_media":0,"parent":1481,"menu_order":0,"comment_status":"closed","ping_status":"closed","template":"","meta":{"footnotes":""},"class_list":["post-10071","page","type-page","status-publish","hentry","entry","no-media"],"aioseo_notices":[],"_links":{"self":[{"href":"https:\/\/ebp.org.br\/sp\/wp-json\/wp\/v2\/pages\/10071","targetHints":{"allow":["GET"]}}],"collection":[{"href":"https:\/\/ebp.org.br\/sp\/wp-json\/wp\/v2\/pages"}],"about":[{"href":"https:\/\/ebp.org.br\/sp\/wp-json\/wp\/v2\/types\/page"}],"author":[{"embeddable":true,"href":"https:\/\/ebp.org.br\/sp\/wp-json\/wp\/v2\/users\/1"}],"replies":[{"embeddable":true,"href":"https:\/\/ebp.org.br\/sp\/wp-json\/wp\/v2\/comments?post=10071"}],"version-history":[{"count":2,"href":"https:\/\/ebp.org.br\/sp\/wp-json\/wp\/v2\/pages\/10071\/revisions"}],"predecessor-version":[{"id":10077,"href":"https:\/\/ebp.org.br\/sp\/wp-json\/wp\/v2\/pages\/10071\/revisions\/10077"}],"up":[{"embeddable":true,"href":"https:\/\/ebp.org.br\/sp\/wp-json\/wp\/v2\/pages\/1481"}],"wp:attachment":[{"href":"https:\/\/ebp.org.br\/sp\/wp-json\/wp\/v2\/media?parent=10071"}],"curies":[{"name":"wp","href":"https:\/\/api.w.org\/{rel}","templated":true}]}}