{"id":984,"date":"2014-06-17T04:38:17","date_gmt":"2014-06-17T04:38:17","guid":{"rendered":"http:\/\/dev.joomlaman.com\/wp-blank\/?page_id=22"},"modified":"2023-09-23T07:14:45","modified_gmt":"2023-09-23T10:14:45","slug":"home1","status":"publish","type":"page","link":"https:\/\/ebp.org.br\/slo\/","title":{"rendered":"Home"},"content":{"rendered":"<section class=\"wpb-content-wrapper\">[vc_row full_width=&#8221;stretch_row&#8221;][vc_column]\n\t\t\t<!-- START home REVOLUTION SLIDER 6.6.14 --><p class=\"rs-p-wp-fix\"><\/p>\n\t\t\t<rs-module-wrap id=\"rev_slider_1_1_wrapper\" data-source=\"gallery\" style=\"visibility:hidden;background:#ffffff;padding:0;margin:0px auto;margin-top:0;margin-bottom:0;\">\n\t\t\t\t<rs-module id=\"rev_slider_1_1\" style=\"\" data-version=\"6.6.14\">\n\t\t\t\t\t<rs-slides style=\"overflow: hidden; position: absolute;\">\n\t\t\t\t\t\t<rs-slide style=\"position: absolute;\" data-key=\"rs-2\" data-title=\"Revista Sabi\u00e1\" data-in=\"o:0;\" data-out=\"a:false;\">\n\t\t\t\t\t\t\t<img decoding=\"async\" src=\"\/\/ebp.org.br\/slo\/wp-content\/plugins\/revslider\/public\/assets\/assets\/dummy.png\" alt=\"\" title=\"fundo\" width=\"1920\" height=\"300\" class=\"rev-slidebg tp-rs-img rs-lazyload\" data-lazyload=\"\/\/ebp.org.br\/slo\/wp-content\/uploads\/2023\/05\/fundo.jpg\" data-no-retina>\n<!--\n\t\t\t\t\t\t\t--><rs-layer\n\t\t\t\t\t\t\t\tid=\"slider-1-slide-2-layer-0\" \n\t\t\t\t\t\t\t\tdata-type=\"image\"\n\t\t\t\t\t\t\t\tdata-rsp_ch=\"on\"\n\t\t\t\t\t\t\t\tdata-xy=\"xo:280px,231px,175px,107px;y:m;\"\n\t\t\t\t\t\t\t\tdata-text=\"w:normal;s:20,16,12,7;l:0,20,15,9;\"\n\t\t\t\t\t\t\t\tdata-dim=\"w:305px,251px,190px,117px;h:300px,247px,187px,115px;\"\n\t\t\t\t\t\t\t\tdata-frame_0=\"x:left;\"\n\t\t\t\t\t\t\t\tdata-frame_1=\"st:530;sp:1000;sR:530;\"\n\t\t\t\t\t\t\t\tdata-frame_999=\"o:0;st:w;sR:7470;\"\n\t\t\t\t\t\t\t\tstyle=\"z-index:5;\"\n\t\t\t\t\t\t\t><img decoding=\"async\" src=\"\/\/ebp.org.br\/slo\/wp-content\/plugins\/revslider\/public\/assets\/assets\/dummy.png\" alt=\"\" class=\"tp-rs-img rs-lazyload\" width=\"1024\" height=\"1006\" data-lazyload=\"\/\/ebp.org.br\/slo\/wp-content\/uploads\/2023\/05\/WhatsApp-Image-2023-05-26-at-14.17.12.jpeg\" data-no-retina> \n\t\t\t\t\t\t\t<\/rs-layer><!--\n\n\t\t\t\t\t\t\t--><rs-layer\n\t\t\t\t\t\t\t\tid=\"slider-1-slide-2-layer-5\" \n\t\t\t\t\t\t\t\tdata-type=\"image\"\n\t\t\t\t\t\t\t\tdata-rsp_ch=\"on\"\n\t\t\t\t\t\t\t\tdata-xy=\"xo:614px,507px,385px,237px;y:m;\"\n\t\t\t\t\t\t\t\tdata-text=\"w:normal;s:20,16,12,7;l:0,20,15,9;\"\n\t\t\t\t\t\t\t\tdata-dim=\"w:379px,312px,237px,146px;h:100px,82px,62px,38px;\"\n\t\t\t\t\t\t\t\tdata-frame_0=\"y:top;\"\n\t\t\t\t\t\t\t\tdata-frame_1=\"st:1080;sp:1000;sR:1080;\"\n\t\t\t\t\t\t\t\tdata-frame_999=\"o:0;st:w;sR:6920;\"\n\t\t\t\t\t\t\t\tstyle=\"z-index:6;\"\n\t\t\t\t\t\t\t><img decoding=\"async\" src=\"\/\/ebp.org.br\/slo\/wp-content\/plugins\/revslider\/public\/assets\/assets\/dummy.png\" alt=\"\" class=\"tp-rs-img rs-lazyload\" width=\"804\" height=\"212\" data-lazyload=\"\/\/ebp.org.br\/slo\/wp-content\/uploads\/2023\/05\/Sabia-Revista-01.png\" data-no-retina> \n\t\t\t\t\t\t\t<\/rs-layer><!--\n-->\t\t\t\t\t\t<\/rs-slide>\n\t\t\t\t\t<\/rs-slides>\n\t\t\t\t<\/rs-module>\n\t\t\t\t<script>\n\t\t\t\t\tsetREVStartSize({c: 'rev_slider_1_1',rl:[1240,1024,778,480],el:[300,768,300,300],gw:[1240,1024,778,480],gh:[300,768,300,300],type:'standard',justify:'',layout:'fullwidth',mh:\"0\"});if (window.RS_MODULES!==undefined && window.RS_MODULES.modules!==undefined && window.RS_MODULES.modules[\"revslider11\"]!==undefined) {window.RS_MODULES.modules[\"revslider11\"].once = false;window.revapi1 = undefined;if (window.RS_MODULES.checkMinimal!==undefined) window.RS_MODULES.checkMinimal()}\n\t\t\t\t<\/script>\n\t\t\t<\/rs-module-wrap>\n\t\t\t<!-- END REVOLUTION SLIDER -->\n[vc_empty_space height=&#8221;50px&#8221;][\/vc_column][\/vc_row][vc_row gmbt_prlx_bg_type=&#8221;parallax&#8221; gmbt_prlx_break_parents=&#8221;0&#8243; gmbt_prlx_smooth_scrolling=&#8221;&#8221; gmbt_prlx_video=&#8221;&#8221; gmbt_prlx_video_mute=&#8221;&#8221; gmbt_prlx_video_force_hd=&#8221;&#8221; gmbt_prlx_opacity=&#8221;100&#8243; gmbt_prlx_video_aspect_ratio=&#8221;16:9&#8243; gmbt_prlx_parallax=&#8221;none&#8221; gmbt_background_repeat=&#8221;&#8221; gmbt_background_position=&#8221;&#8221; gmbt_prlx_speed=&#8221;0.3&#8243; gmbt_prlx_enable_mobile=&#8221;&#8221;][vc_column width=&#8221;2\/3&#8243;][vc_column_text]<strong>Bem-vindos \u00e0 EBP-LO<\/strong><\/p>\n<p>A EBP Leste-Oeste \u00e9 uma das sete se\u00e7\u00f5es da\u00a0<strong>ESCOLA BRASILEIRA DE PSICAN\u00c1LISE <\/strong><strong>fundada por Jacques-Alain Miller em 1995, consolidando o enorme trabalho de \u201cIniciativa Escola\u201d no Brasil. Ela \u00e9 uma das Escolas <\/strong>da\u00a0<a href=\"http:\/\/www.wapol.org\/pt\/Template.asp\">Associa\u00e7\u00e3o Mundial de Psican\u00e1lise \u2013 AMP<\/a> e se inscreve <strong>\u201c<\/strong>no movimento de reconquista do Campo Freudiano lan\u00e7ado por Jacques Lacan no dia 21 de junho de 1964, ao fundar sua Escola\u201d.<\/p>\n<p>A Se\u00e7\u00e3o Leste-Oeste \u00e9 constitu\u00edda por membros e aderentes que habitam e praticam a psican\u00e1lise de Orienta\u00e7\u00e3o Lacaniana nos estados do Mato Grosso do Sul, Goi\u00e1s, Esp\u00edrito Santo e no Distrito Federal, a partir da proposta do Conselho da EBP de criar uma nova geografia.<\/p>\n<p>Bras\u00edlia foi o local escolhido para abrigar a sede dessa proposta.[\/vc_column_text][vc_btn title=&#8221;Leia mais&#8221; color=&#8221;juicy-pink&#8221; link=&#8221;url:https%3A%2F%2Fwww.ebp.org.br%2Fslo%2Findex.php%2Fsecao-leste-oeste%2Fquem-somos%2F|title:Se%C3%A7%C3%A3o%20Leste-Oeste&#8221;][\/vc_column][vc_column width=&#8221;1\/3&#8243;][vc_single_image image=&#8221;921&#8243;][\/vc_column][\/vc_row]\n<\/section>","protected":false},"excerpt":{"rendered":"<p>[vc_row full_width=&#8221;stretch_row&#8221;][vc_column][vc_empty_space height=&#8221;50px&#8221;][\/vc_column][\/vc_row][vc_row gmbt_prlx_bg_type=&#8221;parallax&#8221; gmbt_prlx_break_parents=&#8221;0&#8243; gmbt_prlx_smooth_scrolling=&#8221;&#8221; gmbt_prlx_video=&#8221;&#8221; gmbt_prlx_video_mute=&#8221;&#8221; gmbt_prlx_video_force_hd=&#8221;&#8221; gmbt_prlx_opacity=&#8221;100&#8243; gmbt_prlx_video_aspect_ratio=&#8221;16:9&#8243; gmbt_prlx_parallax=&#8221;none&#8221; gmbt_background_repeat=&#8221;&#8221; gmbt_background_position=&#8221;&#8221; gmbt_prlx_speed=&#8221;0.3&#8243; gmbt_prlx_enable_mobile=&#8221;&#8221;][vc_column width=&#8221;2\/3&#8243;][vc_column_text]Bem-vindos \u00e0 EBP-LO A EBP Leste-Oeste \u00e9 uma das sete se\u00e7\u00f5es da\u00a0ESCOLA BRASILEIRA DE PSICAN\u00c1LISE fundada por Jacques-Alain Miller em 1995, consolidando o enorme trabalho de \u201cIniciativa Escola\u201d no Brasil. Ela \u00e9 uma das Escolas da\u00a0Associa\u00e7\u00e3o Mundial de Psican\u00e1lise&hellip;<\/p>\n","protected":false},"author":1,"featured_media":0,"parent":0,"menu_order":0,"comment_status":"closed","ping_status":"closed","template":"","meta":{"footnotes":""},"class_list":["post-984","page","type-page","status-publish","hentry","entry","no-media"],"_links":{"self":[{"href":"https:\/\/ebp.org.br\/slo\/wp-json\/wp\/v2\/pages\/984","targetHints":{"allow":["GET"]}}],"collection":[{"href":"https:\/\/ebp.org.br\/slo\/wp-json\/wp\/v2\/pages"}],"about":[{"href":"https:\/\/ebp.org.br\/slo\/wp-json\/wp\/v2\/types\/page"}],"author":[{"embeddable":true,"href":"https:\/\/ebp.org.br\/slo\/wp-json\/wp\/v2\/users\/1"}],"replies":[{"embeddable":true,"href":"https:\/\/ebp.org.br\/slo\/wp-json\/wp\/v2\/comments?post=984"}],"version-history":[{"count":1,"href":"https:\/\/ebp.org.br\/slo\/wp-json\/wp\/v2\/pages\/984\/revisions"}],"predecessor-version":[{"id":12851,"href":"https:\/\/ebp.org.br\/slo\/wp-json\/wp\/v2\/pages\/984\/revisions\/12851"}],"wp:attachment":[{"href":"https:\/\/ebp.org.br\/slo\/wp-json\/wp\/v2\/media?parent=984"}],"curies":[{"name":"wp","href":"https:\/\/api.w.org\/{rel}","templated":true}]}}