{"id":14064,"date":"2026-05-13T16:08:26","date_gmt":"2026-05-13T19:08:26","guid":{"rendered":"https:\/\/ebp.org.br\/slo\/?page_id=14064"},"modified":"2026-05-13T16:08:26","modified_gmt":"2026-05-13T19:08:26","slug":"vii-jornadas-ebp-secao-lo-a-psicanalise-e-a-estetica-do-real-comissoes","status":"publish","type":"page","link":"https:\/\/ebp.org.br\/slo\/jornadas\/vii-jornadas-ebp-secao-lo-a-psicanalise-e-a-estetica-do-real\/vii-jornadas-ebp-secao-lo-a-psicanalise-e-a-estetica-do-real-comissoes\/","title":{"rendered":"VII Jornadas EBP Se\u00e7\u00e3o-LO \u2013 A psican\u00e1lise e a est\u00e9tica do real &#8211; Comiss\u00f5es"},"content":{"rendered":"<section class=\"wpb-content-wrapper\">[vc_row][vc_column][vc_empty_space height=&#8221;50px&#8221;][\/vc_column][\/vc_row][vc_row][vc_column][vc_single_image image=&#8221;14040&#8243;][\/vc_column][\/vc_row][vc_row][vc_column][vc_column_text]<strong>Comiss\u00f5es das VII Jornadas da EBP-LO<\/strong><\/p>\n<ul>\n<li><strong>Local:<\/strong> Campo Grande, MS &#8211; audit\u00f3rio INSTED<strong>;<\/strong><\/li>\n<li><strong>Data: <\/strong>09 e 10 de outubro de 2026<strong>;<\/strong><\/li>\n<li><strong>Convidado: <\/strong>J\u00e9sus Santiago (AME EBP\/AMP);<\/li>\n<li><strong>Modalidade: <\/strong>h\u00edbrida (presencial e via zoom);<\/li>\n<\/ul>\n<p>COORDENADOR GERAL:<\/p>\n<ul>\n<li><strong>Ary Farias (EBP\/AMP).<\/strong><\/li>\n<\/ul>\n<p><strong>\u00a0<\/strong>CIENT\u00cdFICA: <strong>Renato Vieira (EBP\/AMP)<\/strong>;<\/p>\n<ul>\n<li>Carla Serles (EBP\/AMP);<\/li>\n<li>Ruskaya Maia (EBP\/AMP);<\/li>\n<li>Virg\u00ednia Carvalho (EBP\/AMP);<\/li>\n<li>Gabriel Caixeta (MSC\/EBP).<\/li>\n<\/ul>\n<p>BOLETIM: <strong>F\u00e1bio Paes Barreto (EBP\/AMP)<\/strong>;<\/p>\n<ul>\n<li>Ord\u00e1lia Junqueira (EBP\/AMP);<\/li>\n<li>Caroline Quixabeira (MSC\/EBP);<\/li>\n<li>Cristina Alves (GO);<\/li>\n<li>Luana Silva (MS);<\/li>\n<li>Regina Cheli (MS);<\/li>\n<li>Daiane Ribeiro Ruiz (EBP\/AMP).<\/li>\n<\/ul>\n<p>TESOURARIA: <strong>Ord\u00e1lia Junqueira (EBP\/AMP)<\/strong>;<\/p>\n<ul>\n<li>Melissa Fukuchi (BSB).<\/li>\n<\/ul>\n<p>INFRAESTRUTURA: <strong>Daiane Ribeiro Ruiz (EBP\/AMP) e Isangela Lins (MS)<\/strong><\/p>\n<ul>\n<li>H\u00e9vila Ribeiro Ruiz (MS);<\/li>\n<li>M\u00e1rcia Cristina de Campos (MS);<\/li>\n<li>Kamila Souza (MS);<\/li>\n<li>Maria Eduarda Bravalhieri (MS);<\/li>\n<li>Fernando Reis (EBP\/AMP);<\/li>\n<li>Maila Rocha (GO);<\/li>\n<li>Henrique Lopes (GO);<\/li>\n<li>Juliana Melo (GO);<\/li>\n<li>Leonora Arruda Florencio (GO);<\/li>\n<li>Livia Loures (ES);<\/li>\n<li>Tiago Barbosa (BSB);<\/li>\n<li>Rozilene Martins Victor (BSB);<\/li>\n<li>Ang\u00e9lica Santini (BSB);<\/li>\n<li>Luisa Carvalho (TO).<\/li>\n<\/ul>\n<p>LIVRARIA E COLET\u00c2NEA: <strong>Luciana Pedron (EBP\/AMP)<\/strong>;<\/p>\n<ul>\n<li>Luana Silva (MS);<\/li>\n<li>Sheila Cordeio (MS);<\/li>\n<li>Gleice Taciana (MS);<\/li>\n<li>Katiuscia Kintschev (MS);<\/li>\n<li>Geanini Vieira (BSB);<\/li>\n<li>M\u00e1rio Neto (GO);<\/li>\n<li>Renata Pozzatto (ES).<\/li>\n<\/ul>\n<p>DIVULGA\u00c7\u00c3O E ARTE: <strong>Giovanna Quaglia (EBP\/AMP)<\/strong>;<\/p>\n<ul>\n<li>Fernanda Fernandes (EBP\/AMP);<\/li>\n<li>Fernando Reis (EBP\/AMP);<\/li>\n<li>Rafaella Cunha (EBP\/AMP);<\/li>\n<li>Randra Gondouin (ES);<\/li>\n<li>H\u00edtala Gomes (ES);<\/li>\n<li>Gabriel Caixeta (MSC\/EBP);<\/li>\n<li>Melissa Fukuchi (BSB);<\/li>\n<li>Munira Barreto (BSB);<\/li>\n<li>Leandro Borges (GO);<\/li>\n<li>Let\u00edcia Rosa (MS).<\/li>\n<\/ul>\n<p>ACOLHIMENTO: <strong>Helen da Costa Guerra (MS);<\/strong><\/p>\n<ul>\n<li>Gize de Bessa (MS);<\/li>\n<li>Vanessa Wagna (MS);<\/li>\n<li>Luciene Ferreira (MS);<\/li>\n<li>Ana Paula Carmo (MS);<\/li>\n<li>Yana Lissandretti (MS);[\/vc_column_text][\/vc_column][\/vc_row]<\/li>\n<\/ul>\n<\/section>","protected":false},"excerpt":{"rendered":"<p>[vc_row][vc_column][vc_empty_space height=&#8221;50px&#8221;][\/vc_column][\/vc_row][vc_row][vc_column][vc_single_image image=&#8221;14040&#8243;][\/vc_column][\/vc_row][vc_row][vc_column][vc_column_text]Comiss\u00f5es das VII Jornadas da EBP-LO Local: Campo Grande, MS &#8211; audit\u00f3rio INSTED; Data: 09 e 10 de outubro de 2026; Convidado: J\u00e9sus Santiago (AME EBP\/AMP); Modalidade: h\u00edbrida (presencial e via zoom); COORDENADOR GERAL: Ary Farias (EBP\/AMP). \u00a0CIENT\u00cdFICA: Renato Vieira (EBP\/AMP); Carla Serles (EBP\/AMP); Ruskaya Maia (EBP\/AMP); Virg\u00ednia Carvalho (EBP\/AMP); Gabriel Caixeta (MSC\/EBP).&hellip;<\/p>\n","protected":false},"author":1,"featured_media":0,"parent":14035,"menu_order":0,"comment_status":"closed","ping_status":"closed","template":"","meta":{"footnotes":""},"class_list":["post-14064","page","type-page","status-publish","hentry","entry","no-media"],"_links":{"self":[{"href":"https:\/\/ebp.org.br\/slo\/wp-json\/wp\/v2\/pages\/14064","targetHints":{"allow":["GET"]}}],"collection":[{"href":"https:\/\/ebp.org.br\/slo\/wp-json\/wp\/v2\/pages"}],"about":[{"href":"https:\/\/ebp.org.br\/slo\/wp-json\/wp\/v2\/types\/page"}],"author":[{"embeddable":true,"href":"https:\/\/ebp.org.br\/slo\/wp-json\/wp\/v2\/users\/1"}],"replies":[{"embeddable":true,"href":"https:\/\/ebp.org.br\/slo\/wp-json\/wp\/v2\/comments?post=14064"}],"version-history":[{"count":1,"href":"https:\/\/ebp.org.br\/slo\/wp-json\/wp\/v2\/pages\/14064\/revisions"}],"predecessor-version":[{"id":14065,"href":"https:\/\/ebp.org.br\/slo\/wp-json\/wp\/v2\/pages\/14064\/revisions\/14065"}],"up":[{"embeddable":true,"href":"https:\/\/ebp.org.br\/slo\/wp-json\/wp\/v2\/pages\/14035"}],"wp:attachment":[{"href":"https:\/\/ebp.org.br\/slo\/wp-json\/wp\/v2\/media?parent=14064"}],"curies":[{"name":"wp","href":"https:\/\/api.w.org\/{rel}","templated":true}]}}