{"id":14039,"date":"2026-05-09T08:29:10","date_gmt":"2026-05-09T11:29:10","guid":{"rendered":"https:\/\/ebp.org.br\/slo\/?page_id=14039"},"modified":"2026-05-11T15:02:20","modified_gmt":"2026-05-11T18:02:20","slug":"vii-jornadas-ebp-secao-lo-a-psicanalise-e-a-estetica-do-real-inscricoes","status":"publish","type":"page","link":"https:\/\/ebp.org.br\/slo\/jornadas\/vii-jornadas-ebp-secao-lo-a-psicanalise-e-a-estetica-do-real\/vii-jornadas-ebp-secao-lo-a-psicanalise-e-a-estetica-do-real-inscricoes\/","title":{"rendered":"VII Jornadas EBP Se\u00e7\u00e3o-LO \u2013 A psican\u00e1lise e a est\u00e9tica do real &#8211; Inscri\u00e7\u00f5es"},"content":{"rendered":"<section class=\"wpb-content-wrapper\">[vc_row][vc_column][vc_empty_space height=&#8221;50px&#8221;][\/vc_column][\/vc_row][vc_row][vc_column][vc_single_image image=&#8221;14040&#8243;][\/vc_column][\/vc_row][vc_row][vc_column]<div class=\"vcex-module vcex-divider vcex-divider-solid vcex-divider-center wpex-mx-auto wpex-block wpex-h-0 wpex-border-b wpex-border-solid wpex-border-main\" style=\"border-bottom-width:3px;border-color:var(--wpex-accent);\"><\/div>[\/vc_column][\/vc_row][vc_row][vc_column width=&#8221;1\/4&#8243;][vc_column_text]\n<p class=\"sc-a39b16ac-3 GKUUi\" style=\"text-align: center;\">Membro da EBP<\/p>\n<h4 class=\"sc-a39b16ac-3 GKUUi\" style=\"text-align: center;\"><span style=\"color: #ff0000;\">R$\u00a0410,00\u00a0<\/span><\/h4>\n[\/vc_column_text][\/vc_column][vc_column width=&#8221;1\/4&#8243;][vc_column_text]\n<p class=\"sc-a39b16ac-3 GKUUi\" style=\"text-align: center;\">Profissional<\/p>\n<h4 class=\"sc-a39b16ac-3 GKUUi\" style=\"text-align: center;\"><span style=\"color: #ff0000;\">R$ 350,00\u00a0<\/span><\/h4>\n[\/vc_column_text][\/vc_column][vc_column width=&#8221;1\/4&#8243;][vc_column_text]\n<p class=\"sc-a39b16ac-3 GKUUi\" style=\"text-align: center;\">Estudante de gradua\u00e7\u00e3o<\/p>\n<h4 class=\"sc-a39b16ac-3 GKUUi\" style=\"text-align: center;\"><span style=\"color: #ff0000;\">R$ 170,00\u00a0<\/span><\/h4>\n[\/vc_column_text][\/vc_column][vc_column width=&#8221;1\/4&#8243;][vc_column_text]\n<p class=\"sc-a39b16ac-3 GKUUi\" style=\"text-align: center;\">Aluno regular do IPLO<\/p>\n<h4 class=\"sc-a39b16ac-3 GKUUi\" style=\"text-align: center;\"><span style=\"color: #ff0000;\">R$ 240,00\u00a0<\/span><\/h4>\n[\/vc_column_text][\/vc_column][\/vc_row][vc_row][vc_column]<div class=\"vcex-module vcex-divider vcex-divider-solid vcex-divider-center wpex-mx-auto wpex-block wpex-h-0 wpex-border-b wpex-border-solid wpex-border-main\" style=\"border-bottom-width:3px;border-color:var(--wpex-accent);\"><\/div>[\/vc_column][\/vc_row][vc_row][vc_column]<div class=\"theme-button-wrap textcenter wpex-clr\"><a href=\"https:\/\/www.sympla.com.br\/evento\/vii-jornadas-da-secao-leste-oeste-da-ebp-a-psicanalise-e-a-estetica-do-real\/3385208?share_id=copiarlink\" class=\"vcex-button theme-button align-center inline\" style=\"background:var(--wpex-accent);padding-top:5px;padding-right:10px;padding-bottom:5px;padding-left:10px;color:var(--wpex-on-accent);\" data-wpex-hover='{&quot;background&quot;:&quot;var(--wpex-accent-alt)&quot;,&quot;color&quot;:&quot;var(--wpex-on-accent)&quot;}'><span class=\"vcex-button-inner theme-button-inner\">INSCREVA-SE!<\/span><\/a><\/div> [\/vc_column][\/vc_row]\n<\/section>","protected":false},"excerpt":{"rendered":"<p>[vc_row][vc_column][vc_empty_space height=&#8221;50px&#8221;][\/vc_column][\/vc_row][vc_row][vc_column][vc_single_image image=&#8221;14040&#8243;][\/vc_column][\/vc_row][vc_row][vc_column][\/vc_column][\/vc_row][vc_row][vc_column width=&#8221;1\/4&#8243;][vc_column_text] Membro da EBP R$\u00a0410,00\u00a0 [\/vc_column_text][\/vc_column][vc_column width=&#8221;1\/4&#8243;][vc_column_text] Profissional R$ 350,00\u00a0 [\/vc_column_text][\/vc_column][vc_column width=&#8221;1\/4&#8243;][vc_column_text] Estudante de gradua\u00e7\u00e3o R$ 170,00\u00a0 [\/vc_column_text][\/vc_column][vc_column width=&#8221;1\/4&#8243;][vc_column_text] Aluno regular do IPLO R$ 240,00\u00a0 [\/vc_column_text][\/vc_column][\/vc_row][vc_row][vc_column][\/vc_column][\/vc_row][vc_row][vc_column][\/vc_column][\/vc_row]<\/p>\n","protected":false},"author":1,"featured_media":0,"parent":14035,"menu_order":0,"comment_status":"closed","ping_status":"closed","template":"","meta":{"footnotes":""},"class_list":["post-14039","page","type-page","status-publish","hentry","entry","no-media"],"_links":{"self":[{"href":"https:\/\/ebp.org.br\/slo\/wp-json\/wp\/v2\/pages\/14039","targetHints":{"allow":["GET"]}}],"collection":[{"href":"https:\/\/ebp.org.br\/slo\/wp-json\/wp\/v2\/pages"}],"about":[{"href":"https:\/\/ebp.org.br\/slo\/wp-json\/wp\/v2\/types\/page"}],"author":[{"embeddable":true,"href":"https:\/\/ebp.org.br\/slo\/wp-json\/wp\/v2\/users\/1"}],"replies":[{"embeddable":true,"href":"https:\/\/ebp.org.br\/slo\/wp-json\/wp\/v2\/comments?post=14039"}],"version-history":[{"count":3,"href":"https:\/\/ebp.org.br\/slo\/wp-json\/wp\/v2\/pages\/14039\/revisions"}],"predecessor-version":[{"id":14058,"href":"https:\/\/ebp.org.br\/slo\/wp-json\/wp\/v2\/pages\/14039\/revisions\/14058"}],"up":[{"embeddable":true,"href":"https:\/\/ebp.org.br\/slo\/wp-json\/wp\/v2\/pages\/14035"}],"wp:attachment":[{"href":"https:\/\/ebp.org.br\/slo\/wp-json\/wp\/v2\/media?parent=14039"}],"curies":[{"name":"wp","href":"https:\/\/api.w.org\/{rel}","templated":true}]}}