{"id":13943,"date":"2025-10-07T09:31:05","date_gmt":"2025-10-07T12:31:05","guid":{"rendered":"https:\/\/ebp.org.br\/slo\/?page_id=13943"},"modified":"2025-10-07T10:31:04","modified_gmt":"2025-10-07T13:31:04","slug":"coletanea-no8","status":"publish","type":"page","link":"https:\/\/ebp.org.br\/slo\/jornadas\/coletanea-no8\/","title":{"rendered":"Colet\u00e2nea n\u00ba8"},"content":{"rendered":"<section class=\"wpb-content-wrapper\">[vc_row][vc_column width=&#8221;1\/2&#8243;][vc_column_text]A parceria mais esperada chegou:<\/p>\n<p>Est\u00e1 publicada a Colet\u00e2nea dos trabalhos selecionados para as VI Jornadas da EBP Se\u00e7\u00e3o Leste-Oeste Encontros e desencontros &#8211; parcerias sintom\u00e1ticas.<\/p>\n<p>Os anais dos trabalhos intitulado Colet\u00e2nea n.8 encontra-se no site<br \/>\n<a href=\"https:\/\/ebp.org.br\/slo\/jornadas\/coletanea\/\">https:\/\/ebp.org.br\/slo\/jornadas\/coletanea\/<\/a><\/p>\n<p>Convidamos \u00e0 leitura pr\u00e9via dos trabalhos que ser\u00e3o apresentados nas mesas simult\u00e2neas dos dias 10 e 11\/10\/2025, para animar a conversa\u00e7\u00e3o.<\/p>\n<p>Os trabalhos est\u00e3o ordenados pela sequ\u00eancia de apresenta\u00e7\u00e3o nas mesas simult\u00e2neas definida no Programa.<\/p>\n<p>Caso ainda encontre alguma necessidade de corre\u00e7\u00e3o, nos envie uma foto e o que deseja que seja alterado no per\u00edodo de 13 \u00e0 17\/10\/2025 pelo e-mail <a href=\"mailto:jornadasebplo.anais@gmail.com\">jornadasebplo.anais@gmail.com<\/a> que iremos avaliar.<br \/>\nComiss\u00e3o Editorial<\/p>\n<p>Boa leitura![\/vc_column_text][\/vc_column][vc_column width=&#8221;1\/2&#8243;][vc_single_image image=&#8221;13951&#8243; onclick=&#8221;custom_link&#8221; link=&#8221;https:\/\/ebp.org.br\/slo\/wp-content\/uploads\/2024\/09\/COLETANEA.pdf&#8221;][vc_empty_space]<div class=\"theme-button-wrap textcenter wpex-clr\"><a href=\"https:\/\/ebp.org.br\/slo\/wp-content\/uploads\/2025\/10\/COLETANEA-8.pdf\" class=\"vcex-button theme-button large align-center inline\" style=\"padding:5px;border-radius:var(--wpex-rounded-md);\" target=\"_blank\" rel=\"noopener noreferrer\"><span class=\"vcex-button-inner theme-button-inner\">DOWNLOAD<span class=\"vcex-button-icon vcex-icon-wrap theme-button-icon-right\"><span class=\"ticon ticon-file-pdf-o\" aria-hidden=\"true\"><\/span><\/span><\/span><\/a><\/div> [\/vc_column][\/vc_row]\n<\/section>","protected":false},"excerpt":{"rendered":"<p>[vc_row][vc_column width=&#8221;1\/2&#8243;][vc_column_text]A parceria mais esperada chegou: Est\u00e1 publicada a Colet\u00e2nea dos trabalhos selecionados para as VI Jornadas da EBP Se\u00e7\u00e3o Leste-Oeste Encontros e desencontros &#8211; parcerias sintom\u00e1ticas. Os anais dos trabalhos intitulado Colet\u00e2nea n.8 encontra-se no site https:\/\/ebp.org.br\/slo\/jornadas\/coletanea\/ Convidamos \u00e0 leitura pr\u00e9via dos trabalhos que ser\u00e3o apresentados nas mesas simult\u00e2neas dos dias 10 e 11\/10\/2025,&hellip;<\/p>\n","protected":false},"author":1,"featured_media":0,"parent":11376,"menu_order":0,"comment_status":"closed","ping_status":"closed","template":"","meta":{"footnotes":""},"class_list":["post-13943","page","type-page","status-publish","hentry","entry","no-media"],"_links":{"self":[{"href":"https:\/\/ebp.org.br\/slo\/wp-json\/wp\/v2\/pages\/13943","targetHints":{"allow":["GET"]}}],"collection":[{"href":"https:\/\/ebp.org.br\/slo\/wp-json\/wp\/v2\/pages"}],"about":[{"href":"https:\/\/ebp.org.br\/slo\/wp-json\/wp\/v2\/types\/page"}],"author":[{"embeddable":true,"href":"https:\/\/ebp.org.br\/slo\/wp-json\/wp\/v2\/users\/1"}],"replies":[{"embeddable":true,"href":"https:\/\/ebp.org.br\/slo\/wp-json\/wp\/v2\/comments?post=13943"}],"version-history":[{"count":2,"href":"https:\/\/ebp.org.br\/slo\/wp-json\/wp\/v2\/pages\/13943\/revisions"}],"predecessor-version":[{"id":13965,"href":"https:\/\/ebp.org.br\/slo\/wp-json\/wp\/v2\/pages\/13943\/revisions\/13965"}],"up":[{"embeddable":true,"href":"https:\/\/ebp.org.br\/slo\/wp-json\/wp\/v2\/pages\/11376"}],"wp:attachment":[{"href":"https:\/\/ebp.org.br\/slo\/wp-json\/wp\/v2\/media?parent=13943"}],"curies":[{"name":"wp","href":"https:\/\/api.w.org\/{rel}","templated":true}]}}