{"id":13853,"date":"2025-08-11T15:11:32","date_gmt":"2025-08-11T18:11:32","guid":{"rendered":"https:\/\/ebp.org.br\/slo\/?page_id=13853"},"modified":"2025-10-03T09:10:56","modified_gmt":"2025-10-03T12:10:56","slug":"vi-jornadas-ebp-secao-lo-encontros-e-desencontros-parcerias-sintomaticas-lista-de-comes-e-bebes-por-vibes","status":"publish","type":"page","link":"https:\/\/ebp.org.br\/slo\/vi-jornadas-ebp-secao-lo-encontros-e-desencontros-parcerias-sintomaticas-acolhimento\/vi-jornadas-ebp-secao-lo-encontros-e-desencontros-parcerias-sintomaticas-lista-de-comes-e-bebes-por-vibes\/","title":{"rendered":"VI Jornadas EBP Se\u00e7\u00e3o-LO \u2013 Encontros e desencontros &#8211; parcerias sintom\u00e1ticas &#8211; Lista de comes e bebes por vibes"},"content":{"rendered":"<section class=\"wpb-content-wrapper\">[vc_row][vc_column width=&#8221;1\/2&#8243;][vc_column_text]<b><i><br \/>\n<\/i><\/b><span style=\"font-weight: 400;\">R. 24, 418 &#8211; St. Central<br \/>\n<\/span><a href=\"https:\/\/www.instagram.com\/restsabordcasa\/?hl=pt\"><span style=\"font-weight: 400;\">https:\/\/www.instagram.com\/restsabordcasa\/?hl=pt<\/span><\/a><\/p>\n<p><b><i>Abruzzo (4 minutos)<br \/>\n<\/i><\/b><span style=\"font-weight: 400;\">5\u00aa Av., 397 &#8211; St. Leste Vila Nova<br \/>\n<\/span><a href=\"https:\/\/www.instagram.com\/abruzzorestaurante\/?hl=pt\"><span style=\"font-weight: 400;\">https:\/\/www.instagram.com\/abruzzorestaurante\/?hl=pt<\/span><\/a><\/p>\n<p><b><i>Galp\u00e3o (5 minutos)<br \/>\n<\/i><\/b>83, s\/n &#8211; Sala 2 &#8211; St. Sul<br \/>\n<a href=\"https:\/\/www.instagram.com\/galpao_\/\"><span style=\"font-weight: 400;\">https:\/\/www.instagram.com\/galpao_\/<\/span><\/a><\/p>\n<p><b><i>Natural Alimentos (6 minutos) <\/i><\/b><b>&#8211; VEGANO<br \/>\n<\/b><span style=\"font-weight: 400;\">Av. Tocantins, 683 &#8211; St. Central<br \/>\n<\/span><a href=\"https:\/\/www.instagram.com\/naturalalimentos\/\"><span style=\"font-weight: 400;\">https:\/\/www.instagram.com\/naturalalimentos\/<\/span><\/a><\/p>\n<p><b><i>Buritis (6 minutos) <\/i><\/b><b>[Comida por Kg]\n<\/b><span style=\"font-weight: 400;\">Alameda dos Buritis, 238 &#8211; St. Central<br \/>\n<\/span><a href=\"https:\/\/www.instagram.com\/buritisrestaurante\/\"><span style=\"font-weight: 400;\">https:\/\/www.instagram.com\/buritisrestaurante\/<\/span><\/a><\/p>\n<p><b><i>Be Green Vegan (9 minutos) &#8211; <\/i><\/b><b>VEGANO [Comida por Kg]\n<\/b>1130, 36 &#8211; St. Marista<br \/>\n<a href=\"https:\/\/www.instagram.com\/begreenvegan\/\"><span style=\"font-weight: 400;\">https:\/\/www.instagram.com\/begreenvegan\/<\/span><\/a><\/p>\n<p><b><i>Restaurante Popular (9 minutos) <\/i><\/b><b>[Comida por Kg]\n<\/b><span style=\"font-weight: 400;\">Rua 72, Quadra 128 524 &#8211; St. Central<\/span><span style=\"font-weight: 400;\"><br \/>\n<\/span><a href=\"https:\/\/www.instagram.com\/restaurantepopular72\/\"><span style=\"font-weight: 400;\">https:\/\/www.instagram.com\/restaurantepopular72\/<\/span><\/a><\/p>\n<p><b><i><\/i><\/b><b><i>Ch\u00e3o Nativo &#8211; Unidade Rep\u00fablica do L\u00edbano<\/i><\/b> <b>(10 minutos) [Comida por Kg]\n<\/b><span style=\"font-weight: 400;\">Av. Rep\u00fablica do L\u00edbano, 1823 &#8211; St. Oeste<br \/>\n<\/span><a href=\"https:\/\/www.instagram.com\/chaonativobueno\/\"><span style=\"font-weight: 400;\">https:\/\/www.instagram.com\/chaonativobueno\/<\/span><\/a><\/p>\n<p><b><i>Rosas Gastronomia (11 minutos) <\/i><\/b><b>[Comida por Kg]\n<\/b>2, 488 &#8211; St. Oeste<br \/>\n<a href=\"https:\/\/www.instagram.com\/rosas.gastronomia\/\"><span style=\"font-weight: 400;\">https:\/\/www.instagram.com\/rosas.gastronomia\/<\/span><\/a><\/p>\n<p><b><i>Caf\u00e9 Coreto (11 minutos)<br \/>\n<\/i><\/b>142, 221 &#8211; Qd 59 , Lote 05 &#8211; St. Marista<br \/>\n<a href=\"https:\/\/www.instagram.com\/cafecoreto\/\"><span style=\"font-weight: 400;\">https:\/\/www.instagram.com\/cafecoreto\/<\/span><\/a><\/p>\n<p><b><i>Carne de Sol Caic\u00f3 (12 minutos)<\/i><\/b><b> [Comida por Kg]\n<\/b>145, 337 &#8211; St. Marista<br \/>\n<a href=\"https:\/\/www.instagram.com\/restaurantecaico\/\"><span style=\"font-weight: 400;\">https:\/\/www.instagram.com\/restaurantecaico\/<\/span><\/a><\/p>\n<p><b><i>Panela M\u00e1gica (12 minutos) <\/i><\/b><b>[Buffet por pessoa]\n<\/b>13, 753 &#8211; St. Marista<br \/>\n<a href=\"https:\/\/www.instagram.com\/panelamagica\/?hl=pt\"><span style=\"font-weight: 400;\">https:\/\/www.instagram.com\/panelamagica\/?hl=pt<\/span><\/a><\/p>\n<p><b><i>Madalena GastroBar (12 minutos)<br \/>\n<\/i><\/b><span style=\"font-weight: 400;\">Rua 137, Q. 55 L. 4, N. 42 Esquina Rua 147 &#8211; St. Marista<br \/>\n<\/span><span style=\"font-weight: 400;\">https:\/\/www.instagram.com\/madalena.bar_\/<\/span><\/p>\n<h3><span style=\"color: #993300;\"><b>Um docin, un cafezin\u2026<\/b><\/span><\/h3>\n<p><span style=\"font-weight: 400;\">Preparamos algumas recomenda\u00e7\u00f5es fazendo coro com Gilberto Gil: \u201candar caf\u00e9 eu vou, caf\u00e9 n\u00e3o costuma fai\u00e1\u201d. Que pra qualquer hora do dia \u00e9 b\u00e3o demais tomar um cafezin pra ficar acordado, n\u00e9? Na nossa sele\u00e7\u00e3o voc\u00ea encontrar\u00e1 sugest\u00f5es tanto para tomar um cl\u00e1ssico caf\u00e9 da manh\u00e3 com ovos mexidos e suco de laranja at\u00e9 op\u00e7\u00f5es para lanches da tarde com op\u00e7\u00f5es salgadas e de confeitaria em geral. Tudo de primeira linha!<\/span><\/p>\n<p><b><i>Aravo<br \/>\n<\/i><\/b>C-224, 27 &#8211; Jardim Am\u00e9rica<br \/>\n<a href=\"https:\/\/www.instagram.com\/aravo.cafe\/\"><span style=\"font-weight: 400;\">https:\/\/www.instagram.com\/aravo.cafe\/<\/span><\/a><\/p>\n<p><b><i>Luiz Caf\u00e9 Conceito<br \/>\n<\/i><\/b>18, 480 &#8211; St. Oeste<br \/>\n<a href=\"https:\/\/www.instagram.com\/luizcafeconceito\/\"><span style=\"font-weight: 400;\">https:\/\/www.instagram.com\/luizcafeconceito\/<\/span><\/a><\/p>\n<p><b><i>Subverso Coffe Culture<br \/>\n<\/i><\/b><span style=\"font-weight: 400;\">Galeria Casablanca &#8211; Av. Mutir\u00e3o, 1932 &#8211; Bloco B, Sala 02 &#8211; St. Bueno<br \/>\n<\/span><a href=\"https:\/\/www.instagram.com\/subversocoffee\/\"><span style=\"font-weight: 400;\">https:\/\/www.instagram.com\/subversocoffee\/<\/span><\/a><\/p>\n<p><b><i>Biomas Caf\u00e9<br \/>\n<\/i><\/b>4, 122 &#8211; St. Central<br \/>\n<a href=\"https:\/\/www.instagram.com\/biomascafes\/\"><span style=\"font-weight: 400;\">https:\/\/www.instagram.com\/biomascafes\/<\/span><\/a><\/p>\n<p><b><i>King\u2019s Experience<br \/>\n<\/i><\/b>10, 342 &#8211; St. Sul<br \/>\n<a href=\"https:\/\/www.instagram.com\/kingxpbr\/\"><span style=\"font-weight: 400;\">https:\/\/www.instagram.com\/kingxpbr\/<\/span><\/a><\/p>\n<p><b><i>Rensga Caf\u00e9<br \/>\n<\/i><\/b>C-264, 300 &#8211; Nova Sui\u00e7a<br \/>\n<a href=\"https:\/\/www.instagram.com\/rensgacafe\/\"><span style=\"font-weight: 400;\">https:\/\/www.instagram.com\/rensgacafe\/<\/span><\/a><\/p>\n<p><b><i>Tia Nair Caf\u00e9<br \/>\n<\/i><\/b>4, 486 &#8211; St. Central<br \/>\n<a href=\"https:\/\/www.instagram.com\/tianaircafe\/\"><span style=\"font-weight: 400;\">https:\/\/www.instagram.com\/tianaircafe<\/span><\/a><\/p>\n<h3><span style=\"color: #993300;\"><b>Quero uma experi\u00eancia gastron\u00f4mica!<\/b><\/span><\/h3>\n<p><span style=\"font-weight: 400;\">Se voc\u00ea busca sofistica\u00e7\u00e3o e ter aquela experi\u00eancia gastron\u00f4mica, pode confiar que nossa capital n\u00e3o vai te decepcionar. Nossos chefes s\u00e3o ex\u00edmios em servirem-se de insumos cl\u00e1ssicos da nossa culin\u00e1ria tradicional e inovar com elementos das outras cozinhas ao redor do mundo. Tudo para encantar seu paladar.\u00a0<\/span><\/p>\n<p><b><i>Famu Restaurante<br \/>\n<\/i><\/b><span style=\"font-weight: 400;\">Av. D, Qd. D12, Lt. 8,9 &#8211; St. Marista<br \/>\n<\/span><span style=\"font-weight: 400;\">(cozinha norte-americana e asi\u00e1tica)<\/span><span style=\"font-weight: 400;\"><br \/>\n<\/span><a href=\"https:\/\/linktr.ee\/famurestaurante\"><span style=\"font-weight: 400;\">https:\/\/linktr.ee\/famurestaurante<\/span><\/a><\/p>\n<p><b><i>Enttres Cocina de Mezcla<br \/>\n<\/i><\/b><span style=\"font-weight: 400;\">Alameda Ricardo Paranhos, 1001 &#8211; St. Marista<br \/>\n<\/span><span style=\"font-weight: 400;\">(cozinha latino-americana criativa)<br \/>\n<\/span><a href=\"https:\/\/www.instagram.com\/enttrescocina\/reels\/\"><span style=\"font-weight: 400;\">https:\/\/www.instagram.com\/enttrescocina\/reels\/<\/span><\/a><\/p>\n<p><b><i>Verve Restaurante<br \/>\n<\/i><\/b><span style=\"font-weight: 400;\">Rua 26, 182 &#8211; St. Marista<br \/>\n<\/span><a href=\"https:\/\/www.instagram.com\/verve.restaurante\/\"><span style=\"font-weight: 400;\">https:\/\/www.instagram.com\/verve.restaurante\/<\/span><\/a><br \/>\n<span style=\"font-weight: 400;\">ATEN\u00c7\u00c3O: Recomenda-se reserva devido os poucos lugares na casa; Somente menu degusta\u00e7\u00e3o<\/span><\/p>\n<p><b><i>Gr\u00e1 Bistro<br \/>\n<\/i><\/b><span style=\"font-weight: 400;\">\u00d3rion Complex &#8211; Av. Portugal, 1148 &#8211; St. Marista<br \/>\n<\/span><a href=\"https:\/\/www.instagram.com\/grabistro\/?hl=pt\"><span style=\"font-weight: 400;\">https:\/\/www.instagram.com\/grabistro\/?hl=pt<\/span><\/a><\/p>\n<p><b><i>La Bottega De\u2019ll Arte <\/i><\/b><b>&#8211; VEGANO<br \/>\n<\/b>143, s\/n &#8211; St. Marista<br \/>\n<a href=\"https:\/\/www.instagram.com\/labottegagoiania\/\"><span style=\"font-weight: 400;\">https:\/\/www.instagram.com\/labottegagoiania\/<\/span><\/a><\/p>\n<p><b>Mamma mia!<br \/>\n<\/b><b><\/b><span style=\"font-weight: 400;\">Para os amantes de uma boa massa com um bom vinho para harmonizar, preparamos uma lista espec\u00edfica dos especializados em culin\u00e1ria italiana. Sendo que Ciao Ciao e Quattrocento Forneria contam com uma vista bem bonita que \u00e9 uma atra\u00e7\u00e3o \u00e0 parte.<\/span><\/p>\n<p><b><i>Ciao Ciao<br \/>\n<\/i><\/b><span style=\"font-weight: 400;\">\u00d3rion Complex &#8211; Av. Portugal, 1148 &#8211; 40\u00ba Andar &#8211; St. Marista<br \/>\n<\/span><a href=\"https:\/\/www.instagram.com\/ciaociaocucina\/?hl=pt\"><span style=\"font-weight: 400;\">https:\/\/www.instagram.com\/ciaociaocucina\/?hl=pt<\/span><\/a><\/p>\n<p><b><i>Quattrocento Forneria<br \/>\n<\/i><\/b><span style=\"font-weight: 400;\">\u00d3rion Complex &#8211; Av. Portugal, 1148 &#8211; 40\u00ba Andar &#8211; St. Marista<br \/>\n<\/span><a href=\"https:\/\/www.instagram.com\/quattrocentoforneria\/\"><span style=\"font-weight: 400;\">https:\/\/www.instagram.com\/quattrocentoforneria\/<\/span><\/a><\/p>\n<p><b><i>1929 Trattoria Moderna<br \/>\n<\/i><\/b><span style=\"font-weight: 400;\">Alameda Ricardo Paranhos, 955 &#8211; St. Marista<br \/>\n<\/span><a href=\"https:\/\/www.instagram.com\/1929trattoria\/?hl=pt\"><span style=\"font-weight: 400;\">https:\/\/www.instagram.com\/1929trattoria\/?hl=pt<\/span><\/a><\/p>\n<h3><span style=\"color: #993300;\"><b>Nem tudo acaba em pizza, mas\u2026<\/b><\/span><\/h3>\n<p><span style=\"font-weight: 400;\">Ainda no universo das massas e da culin\u00e1ria italiana preparamos uma sugest\u00e3o espec\u00edfica de pizzarias para aqueles que s\u00e3o apaixonados pelo prato. Neste segmento, al\u00e9m de algumas op\u00e7\u00f5es com massa de fabrica\u00e7\u00e3o pr\u00f3pria e fermenta\u00e7\u00e3o natural, cada um desses lugares tem um ambiente muito aconchegante e charmoso para deixar a sua noite ainda mais agrad\u00e1vel.\u00a0<\/span><\/p>\n<p><b><i>Artesano Pizza &amp; Pesto<br \/>\n<\/i><\/b><span style=\"font-weight: 400;\">Alameda Couto Magalh\u00e3es, 521 &#8211; Qd. S-29, Sala 1 &#8211; St. Bela Vista<br \/>\n<\/span><a href=\"https:\/\/www.instagram.com\/artesanopizzaepesto\/\"><span style=\"font-weight: 400;\">https:\/\/www.instagram.com\/artesanopizzaepesto\/<\/span><\/a><\/p>\n<p><b><i>Ateli\u00ea Pizza<br \/>\n<\/i><\/b>29, 186 &#8211; St. Central<br \/>\n<a href=\"https:\/\/www.instagram.com\/ateliepizzacafearte\/\"><span style=\"font-weight: 400;\">https:\/\/www.instagram.com\/ateliepizzacafearte\/<\/span><\/a><\/p>\n<p><b><i>Casa S\u00e3o Paulo<br \/>\n<\/i><\/b><span style=\"font-weight: 400;\">Alameda Dom Emanuel Gomes, 335 &#8211; St. Marista<br \/>\n<\/span><a href=\"https:\/\/www.instagram.com\/casasaopaulo\/\"><span style=\"font-weight: 400;\">https:\/\/www.instagram.com\/casasaopaulo\/<\/span><\/a><\/p>\n<p><b><i>La Tavola<br \/>\n<\/i><\/b><span style=\"font-weight: 400;\">Rua 19, qd. 42, lt. 52, n\u00ba 400 Centro<br \/>\n<\/span><a href=\"https:\/\/www.instagram.com\/latavola.pizzaepasta\/\"><span style=\"font-weight: 400;\">https:\/\/www.instagram.com\/latavola.pizzaepasta\/<\/span><\/a><\/p>\n<h3><span style=\"color: #993300;\"><b>Cad\u00ea o cl\u00e1ssico goiano?<\/b><\/span><\/h3>\n<p><span style=\"font-weight: 400;\">N\u00e3o poderia faltar aquele boteco pra tomar uma gelada e jogar conversa fora. <\/span><span style=\"font-weight: 400;\">Comer uma jantinha e conferir os drinks autorais, incrementados com elementos do cerrado.<\/span> <span style=\"font-weight: 400;\">Nossa comida de boteco certamente vai ganhar um espa\u00e7o no seu cora\u00e7\u00e3o.\u00a0\u00a0<\/span><\/p>\n<p><b><i>T\u00f4 Bar<br \/>\n<\/i><\/b>20, n.1078 &#8211; qd.56 lt.130 &#8211; St. Central<br \/>\n<a href=\"https:\/\/www.instagram.com\/tobargoiania\/\"><span style=\"font-weight: 400;\">https:\/\/www.instagram.com\/tobargoiania\/<\/span><\/a><\/p>\n<p><b><i>Gercina<br \/>\n<\/i><\/b>104, 239 &#8211; Quadra F-22, Lote 31 &#8211; St. Sul<br \/>\n<a href=\"https:\/\/www.instagram.com\/gercinabar\/\"><span style=\"font-weight: 400;\">https:\/\/www.instagram.com\/gercinabar\/<\/span><\/a><\/p>\n<p><b><i>Na Xinxa<br \/>\n<\/i><\/b><span style=\"font-weight: 400;\">Avenida T-2, R. T-50, 1051 &#8211; St. Bueno<br \/>\n<\/span><a href=\"https:\/\/www.instagram.com\/naxinxabar\/\"><span style=\"font-weight: 400;\">https:\/\/www.instagram.com\/naxinxabar\/<\/span><\/a><\/p>\n<p><b><i>Recanto Chopp<br \/>\n<\/i><\/b><span style=\"font-weight: 400;\">Av. Cear\u00e1, 470 &#8211; St. Campinas<br \/>\n<\/span><a href=\"https:\/\/www.instagram.com\/recanto.chopp\/\"><span style=\"font-weight: 400;\">https:\/\/www.instagram.com\/recanto.chopp\/<\/span><\/a><\/p>\n<p><b><i>Ara Bar<br \/>\n<\/i><\/b><span style=\"font-weight: 400;\">Av. Araguaia, 808 &#8211; St. Central<br \/>\n<\/span><a href=\"https:\/\/www.instagram.com\/ara.centro\/\"><span style=\"font-weight: 400;\">https:\/\/www.instagram.com\/ara.centro\/<\/span><\/a><\/p>\n<p><b>It\u2019s Burguer time!<\/b><\/p>\n<p><span style=\"font-weight: 400;\">O verdadeiro apreciador de hamb\u00fargueres sabe que a aparente simplicidade desse prato pode enganar e que, portanto, mesmo nesse segmento \u00e9 preciso capricho e tamb\u00e9m cabe inova\u00e7\u00e3o. Selecionamos duas das hamburguerias mais premiadas da cidade, uma op\u00e7\u00e3o vegana com op\u00e7\u00f5es saborosas e um ambiente muito acolhedor e uma sugest\u00e3o para nosso cl\u00e1ssico, o pit dog, um patrim\u00f4nio cultural e imaterial goiano.\u00a0<\/span><\/p>\n<p><b><i>Fogata<br \/>\n<\/i><\/b>S-3, 27 &#8211; St. Bela Vista<br \/>\n<a href=\"https:\/\/www.instagram.com\/fogata_bbqsteakburger\/\"><span style=\"font-weight: 400;\">https:\/\/www.instagram.com\/fogata_bbqsteakburger\/<\/span><\/a><\/p>\n<p><b>Dom Rapha<br \/>\n<\/b><span style=\"font-weight: 400;\">Conta com 3 unidade na capital, confira no instagram unidade mais perto de voc\u00ea<br \/>\n<\/span><a href=\"https:\/\/www.instagram.com\/domrapha\/\"><span style=\"font-weight: 400;\">https:\/\/www.instagram.com\/domrapha\/<\/span><\/a><\/p>\n<p><b><i>Vespa Veg &#8211; <\/i><\/b><b>VEGANO<br \/>\n<\/b>C-267, 164 &#8211; Quadra 606 Lotes 03\/04 &#8211; Nova Sui\u00e7a<br \/>\n<a href=\"https:\/\/www.instagram.com\/vespa.veg\/reels\/\"><span style=\"font-weight: 400;\">https:\/\/www.instagram.com\/vespa.veg\/<\/span><\/a><\/p>\n<p><b><i>Smiley Sanduicheria<\/i><\/b><b><i><br \/>\n<\/i><\/b><span style=\"font-weight: 400;\">R. 10, 220 &#8211; St. Sul<br \/>\n<\/span><a href=\"https:\/\/www.instagram.com\/sanduicheriasmiley10\/\"><span style=\"font-weight: 400;\">https:\/\/www.instagram.com\/sanduicheriasmiley10\/<\/span><\/a><\/p>\n<h3><span style=\"color: #993300;\"><b>\u00e9 dia de rock, beb\u00ea!<\/b><\/span><\/h3>\n<p><span style=\"font-weight: 400;\">Apesar de ser considerada a capital do agro e ber\u00e7o do sertanejo, Goi\u00e2nia tem uma cena musical diversa e tem forte participa\u00e7\u00e3o na cena de rock contempor\u00e2nea, como podemos ver nas bandas que sa\u00edram, cerrado afora, em dire\u00e7\u00e3o ao restante do pa\u00eds. Por isso, selecionamos alguns pubs para aqueles que estiverem a fim de uma baladinha.<\/span><\/p>\n<p><b><i>Bolshoi Pub<br \/>\n<\/i><\/b>T-53, 1140 &#8211; QD 90 LT 08 &#8211; St. Bueno<br \/>\n<a href=\"https:\/\/www.instagram.com\/bolshoipub\/\"><span style=\"font-weight: 400;\">https:\/\/www.instagram.com\/bolshoipub\/<\/span><\/a><\/p>\n<p><b><i>Canevas Pub<br \/>\n<\/i><\/b><span style=\"font-weight: 400;\">Alameda Ricardo Paranhos, 568 &#8211; Qd. 260 Lt. 17 &#8211; St. Marista<br \/>\n<\/span><a href=\"https:\/\/www.instagram.com\/canevaspub\/\"><span style=\"font-weight: 400;\">https:\/\/www.instagram.com\/canevaspub\/<\/span><\/a><\/p>\n<p><b><i>Vikings Garden &amp; Pub<br \/>\n<\/i><\/b><span style=\"font-weight: 400;\">Av. T-7, N\u00b0. 921 &#8211; St. Bueno, Goi\u00e2nia<br \/>\n<\/span><a href=\"https:\/\/www.instagram.com\/vikings_pub\/?hl=pt\"><span style=\"font-weight: 400;\">https:\/\/www.instagram.com\/vikings_pub\/?hl=pt<\/span><\/a><\/p>\n<p><b><i>Murdock Pub<br \/>\n<\/i><\/b><span style=\"font-weight: 400;\">Av. Industrial, n\u00b0 265 &#8211; Quadra J Lote 11-A &#8211; St. Leste Vila Nova<br \/>\n<\/span><a href=\"https:\/\/www.instagram.com\/murdockpub\/\"><span style=\"font-weight: 400;\">https:\/\/www.instagram.com\/murdockpub\/<\/span><\/a><\/p>\n<h3><span style=\"color: #993300;\"><b>Ajuda n\u00f3is com esse calor!<\/b><\/span><\/h3>\n<p><span style=\"font-weight: 400;\">Pensando no clima \u00e1rido e seco que predomina na nossa capital neste per\u00edodo do ano, n\u00e3o poderia faltar uma dica que pudesse ajudar nossos amigos e colegas a lidarem com o calor. E, para isso, n\u00e3o h\u00e1 nada melhor que um gelato para ado\u00e7ar e refrescar os paladares. Nesta lista, priorizamos os estabelecimentos que trabalham com fabrica\u00e7\u00e3o pr\u00f3pria e insumos mais naturais, o que culmina num sabor e qualidade muito maior para os sorvetes. Vale muito a pena conferir as op\u00e7\u00f5es autorais. Inclu\u00edmos tamb\u00e9m a Beijo Frio, que \u00e9 um point cl\u00e1ssico na cidade por funcionar 24 horas.\u00a0<\/span><\/p>\n<p><b><i>Nolla Sorvetes<br \/>\n<\/i><\/b>4, 420 &#8211; St. Oeste<br \/>\n<a href=\"https:\/\/www.instagram.com\/nolla.sorvetes\/\"><span style=\"font-weight: 400;\">https:\/\/www.instagram.com\/nolla.sorvetes\/<\/span><\/a><\/p>\n<p><b><i>Fava<br \/>\n<\/i><\/b><span style=\"font-weight: 400;\">Rua 26, 182 &#8211; St. Marista<br \/>\n<\/span><a href=\"https:\/\/www.instagram.com\/fava.sorvetes\/\"><span style=\"font-weight: 400;\">https:\/\/www.instagram.com\/fava.sorvetes\/<\/span><\/a><\/p>\n<p><b><i>Alata<br \/>\n<\/i><\/b><span style=\"font-weight: 400;\">Alameda Dom Emanuel Gomes, 214 &#8211; qd.236 lote16 &#8211; St. Marista<br \/>\n<\/span><a href=\"https:\/\/www.instagram.com\/alatasorvetes\/\"><span style=\"font-weight: 400;\">https:\/\/www.instagram.com\/alatasorvetes\/<\/span><\/a><\/p>\n<p><b><i>Beijo Frio (24 horas)<br \/>\n<\/i><\/b>84, 604 &#8211; St. Sul<br \/>\n<a href=\"https:\/\/www.instagram.com\/beijofrio_goiania\/\"><span style=\"font-weight: 400;\">https:\/\/www.instagram.com\/beijofrio_goiania\/<\/span><\/a><\/p>\n[\/vc_column_text][\/vc_column][vc_column width=&#8221;1\/2&#8243;][vc_single_image image=&#8221;13931&#8243;][vc_empty_space]<a href=\"https:\/\/ebp.org.br\/slo\/wp-content\/uploads\/2025\/10\/Lista-de-comes-e-bebes-por-vibes.pdf\" class=\"vcex-button theme-button inline\"><span class=\"vcex-button-inner theme-button-inner\">BAIXAR EM PDF<\/span><\/a> [\/vc_column][\/vc_row]\n<\/section>","protected":false},"excerpt":{"rendered":"<p>[vc_row][vc_column width=&#8221;1\/2&#8243;][vc_column_text] R. 24, 418 &#8211; St. Central https:\/\/www.instagram.com\/restsabordcasa\/?hl=pt Abruzzo (4 minutos) 5\u00aa Av., 397 &#8211; St. Leste Vila Nova https:\/\/www.instagram.com\/abruzzorestaurante\/?hl=pt Galp\u00e3o (5 minutos) 83, s\/n &#8211; Sala 2 &#8211; St. Sul https:\/\/www.instagram.com\/galpao_\/ Natural Alimentos (6 minutos) &#8211; VEGANO Av. Tocantins, 683 &#8211; St. Central https:\/\/www.instagram.com\/naturalalimentos\/ Buritis (6 minutos) [Comida por Kg] Alameda dos Buritis,&hellip;<\/p>\n","protected":false},"author":1,"featured_media":0,"parent":13538,"menu_order":0,"comment_status":"closed","ping_status":"closed","template":"","meta":{"footnotes":""},"class_list":["post-13853","page","type-page","status-publish","hentry","entry","no-media"],"_links":{"self":[{"href":"https:\/\/ebp.org.br\/slo\/wp-json\/wp\/v2\/pages\/13853","targetHints":{"allow":["GET"]}}],"collection":[{"href":"https:\/\/ebp.org.br\/slo\/wp-json\/wp\/v2\/pages"}],"about":[{"href":"https:\/\/ebp.org.br\/slo\/wp-json\/wp\/v2\/types\/page"}],"author":[{"embeddable":true,"href":"https:\/\/ebp.org.br\/slo\/wp-json\/wp\/v2\/users\/1"}],"replies":[{"embeddable":true,"href":"https:\/\/ebp.org.br\/slo\/wp-json\/wp\/v2\/comments?post=13853"}],"version-history":[{"count":12,"href":"https:\/\/ebp.org.br\/slo\/wp-json\/wp\/v2\/pages\/13853\/revisions"}],"predecessor-version":[{"id":13869,"href":"https:\/\/ebp.org.br\/slo\/wp-json\/wp\/v2\/pages\/13853\/revisions\/13869"}],"up":[{"embeddable":true,"href":"https:\/\/ebp.org.br\/slo\/wp-json\/wp\/v2\/pages\/13538"}],"wp:attachment":[{"href":"https:\/\/ebp.org.br\/slo\/wp-json\/wp\/v2\/media?parent=13853"}],"curies":[{"name":"wp","href":"https:\/\/api.w.org\/{rel}","templated":true}]}}