{"id":13848,"date":"2025-08-11T15:03:33","date_gmt":"2025-08-11T18:03:33","guid":{"rendered":"https:\/\/ebp.org.br\/slo\/?page_id=13848"},"modified":"2025-08-11T15:04:33","modified_gmt":"2025-08-11T18:04:33","slug":"vi-jornadas-ebp-secao-lo-encontros-e-desencontros-parcerias-sintomaticas-festa-2","status":"publish","type":"page","link":"https:\/\/ebp.org.br\/slo\/vi-jornadas-ebp-secao-lo-encontros-e-desencontros-parcerias-sintomaticas-festa-2\/","title":{"rendered":"VI Jornadas EBP Se\u00e7\u00e3o-LO \u2013 Encontros e desencontros &#8211; parcerias sintom\u00e1ticas &#8211; Festa"},"content":{"rendered":"<section class=\"wpb-content-wrapper\">[vc_row][vc_column][vc_single_image image=&#8221;13513&#8243;][\/vc_column][\/vc_row][vc_row][vc_column width=&#8221;1\/2&#8243;][vc_column_text]As nossas VI jornadas da EBP SLO convida voc\u00ea que nos acompanhou desde o in\u00edcio para participar da festa \u201cDeu Match!\u201d<\/p>\n<p>Uma festa preparada com muita alegria e anima\u00e7\u00e3o e que encerra dias de trabalhos realizados com muito afinco.<\/p>\n<p>Nos encontraremos!<\/p>\n<p>Dia 11\/10, \u00e0s 20hrs, com DJ e Drink de entrada, no melhor bar de Goi\u00e2nia: Zimbro Cocktails.<\/p>\n<p>Venha festejar conosco!<\/p>\n<p>Localiza\u00e7\u00e3o: Alameda Ricardo Paranhos, 59, Setor Marista, Goi\u00e2nia-Go.<\/p>\n<p>Reserve seu ingresso, as vagas s\u00e3o limitadas!<\/p>\n<p>Para isso, fa\u00e7a um pix para a chave : <strong>43.379.815\/0001-36<\/strong> no valor de <strong>90,00<\/strong>. Enviei o comprovante para o e-mail: <a href=\"mailto:ebpslo.info@gmail.com\">ebpslo.info@gmail.com<\/a><\/p>\n<p>Lembre-se de identificar no corpo do e-mail a quem se refere o (s) pagamento(s). Teremos uma lista dos nomes na recep\u00e7\u00e3o do Bar.<\/p>\n<p>Aproveitem !![\/vc_column_text][\/vc_column][vc_column width=&#8221;1\/2&#8243;][vc_single_image image=&#8221;13849&#8243;][\/vc_column][\/vc_row]\n<\/section>","protected":false},"excerpt":{"rendered":"<p>[vc_row][vc_column][vc_single_image image=&#8221;13513&#8243;][\/vc_column][\/vc_row][vc_row][vc_column width=&#8221;1\/2&#8243;][vc_column_text]As nossas VI jornadas da EBP SLO convida voc\u00ea que nos acompanhou desde o in\u00edcio para participar da festa \u201cDeu Match!\u201d Uma festa preparada com muita alegria e anima\u00e7\u00e3o e que encerra dias de trabalhos realizados com muito afinco. Nos encontraremos! Dia 11\/10, \u00e0s 20hrs, com DJ e Drink de entrada, no melhor&hellip;<\/p>\n","protected":false},"author":1,"featured_media":0,"parent":0,"menu_order":0,"comment_status":"closed","ping_status":"closed","template":"","meta":{"footnotes":""},"class_list":["post-13848","page","type-page","status-publish","hentry","entry","no-media"],"_links":{"self":[{"href":"https:\/\/ebp.org.br\/slo\/wp-json\/wp\/v2\/pages\/13848","targetHints":{"allow":["GET"]}}],"collection":[{"href":"https:\/\/ebp.org.br\/slo\/wp-json\/wp\/v2\/pages"}],"about":[{"href":"https:\/\/ebp.org.br\/slo\/wp-json\/wp\/v2\/types\/page"}],"author":[{"embeddable":true,"href":"https:\/\/ebp.org.br\/slo\/wp-json\/wp\/v2\/users\/1"}],"replies":[{"embeddable":true,"href":"https:\/\/ebp.org.br\/slo\/wp-json\/wp\/v2\/comments?post=13848"}],"version-history":[{"count":2,"href":"https:\/\/ebp.org.br\/slo\/wp-json\/wp\/v2\/pages\/13848\/revisions"}],"predecessor-version":[{"id":13851,"href":"https:\/\/ebp.org.br\/slo\/wp-json\/wp\/v2\/pages\/13848\/revisions\/13851"}],"wp:attachment":[{"href":"https:\/\/ebp.org.br\/slo\/wp-json\/wp\/v2\/media?parent=13848"}],"curies":[{"name":"wp","href":"https:\/\/api.w.org\/{rel}","templated":true}]}}