{"id":13810,"date":"2025-06-29T08:49:20","date_gmt":"2025-06-29T11:49:20","guid":{"rendered":"https:\/\/ebp.org.br\/slo\/?page_id=13810"},"modified":"2025-06-29T08:56:35","modified_gmt":"2025-06-29T11:56:35","slug":"vi-jornadas-ebp-secao-lo-encontros-e-desencontros-parcerias-sintomaticas-textos-de-orientacao","status":"publish","type":"page","link":"https:\/\/ebp.org.br\/slo\/vi-jornadas-ebp-secao-lo-encontros-e-desencontros-parcerias-sintomaticas-textos-de-orientacao\/","title":{"rendered":"VI Jornadas EBP Se\u00e7\u00e3o-LO \u2013 Encontros e desencontros &#8211; parcerias sintom\u00e1ticas &#8211; Textos de Orienta\u00e7\u00e3o"},"content":{"rendered":"<section class=\"wpb-content-wrapper\">[vc_row][vc_column][vc_single_image image=&#8221;13513&#8243;][\/vc_column][\/vc_row][vc_row][vc_column]<div class=\"vcex-spacing wpex-w-100 wpex-clear\"><\/div>[\/vc_column][\/vc_row][vc_row][vc_column][vc_column_text]\n<h3><strong><em>\u201cA solid\u00e3o do psic\u00f3tico\u201d<\/em><\/strong><\/h3>\n<p><span style=\"font-size: 13px;\"><strong>IORDAN GURGEL &#8211; (AME-EBP\/AMP)<\/strong><\/span><\/p>\n<p>Uma refer\u00eancia presente no argumento do Eixo I (O que dizer das parcerias nas psicoses e no autismo?) \u2013 <em>\u201cV\u00ea-se, em Joyce com Nora, um encontro contingente, que coloca em jogo tudo o que marca cada falasser: o tra\u00e7o de seu ex\u00edlio da rela\u00e7\u00e3o sexual, a solid\u00e3o, o real da rela\u00e7\u00e3o sexual que n\u00e3o existe\u201d<\/em> \u2013 deu-me o mote para trazer esta contribui\u00e7\u00e3o ao Boletim <em>Desequil\u00edbrio<\/em>.[\/vc_column_text]<div class=\"vcex-spacing wpex-w-100 wpex-clear\"><\/div><a href=\"https:\/\/ebp.org.br\/slo\/vi-jornadas-ebp-secao-lo-encontros-e-desencontros-parcerias-sintomaticas-textos-de-orientacao\/a-solidao-do-psicotico\/\" class=\"vcex-button theme-button inline\" style=\"background:#eeee22;color:#0a0a0a;\" data-wpex-hover='{&quot;background&quot;:&quot;#ced11d&quot;,&quot;color&quot;:&quot;#0a0a0a&quot;}'><span class=\"vcex-button-inner theme-button-inner\">Leia mais<\/span><\/a> <div class=\"vcex-spacing wpex-w-100 wpex-clear\"><\/div><div class=\"vcex-module vcex-divider vcex-divider-solid vcex-divider-center wpex-mx-auto wpex-block wpex-h-0 wpex-border-b wpex-border-solid wpex-border-main\" style=\"border-color:#eeee22;\"><\/div><div class=\"vcex-spacing wpex-w-100 wpex-clear\"><\/div>[vc_column_text]\n<h3><strong><em>\u201cO real \u00e9 nossa aspira\u00e7\u00e3o\u201d (Parte I)<\/em><\/strong><\/h3>\n<p><span style=\"font-size: 13px;\"><strong><em>PIERRE SIDON \u2013 (ECF\/AMP)<\/em><\/strong><\/span><\/p>\n<p>Dentre as defini\u00e7\u00f5es da toxicomania e das adic\u00e7\u00f5es, a famosa tese repercutida, por exemplo, no c\u00e9lebre Manual de Psiquiatria, de Henri Ey, comporta a ideia aparentemente psicanal\u00edtica de &#8220;regress\u00e3o a um prazer parcial&#8221;: &#8220;a conduta espec\u00edfica, do tipo perverso, que constitui uma regress\u00e3o instintivo-afetiva, um verdadeiro e profundo desequil\u00edbrio na integra\u00e7\u00e3o das puls\u00f5es.&#8221;&#8230;[\/vc_column_text]<div class=\"vcex-spacing wpex-w-100 wpex-clear\"><\/div><a href=\"https:\/\/ebp.org.br\/slo\/vi-jornadas-ebp-secao-lo-encontros-e-desencontros-parcerias-sintomaticas-textos-de-orientacao\/o-real-e-nossa-aspiracao-parte-i\/\" class=\"vcex-button theme-button inline\" style=\"background:#eeee22;color:#0a0a0a;\" data-wpex-hover='{&quot;background&quot;:&quot;#ced11d&quot;,&quot;color&quot;:&quot;#0a0a0a&quot;}'><span class=\"vcex-button-inner theme-button-inner\">Leia mais<\/span><\/a> <div class=\"vcex-spacing wpex-w-100 wpex-clear\"><\/div>[\/vc_column][\/vc_row]\n<\/section>","protected":false},"excerpt":{"rendered":"<p>[vc_row][vc_column][vc_single_image image=&#8221;13513&#8243;][\/vc_column][\/vc_row][vc_row][vc_column][\/vc_column][\/vc_row][vc_row][vc_column][vc_column_text] \u201cA solid\u00e3o do psic\u00f3tico\u201d IORDAN GURGEL &#8211; (AME-EBP\/AMP) Uma refer\u00eancia presente no argumento do Eixo I (O que dizer das parcerias nas psicoses e no autismo?) \u2013 \u201cV\u00ea-se, em Joyce com Nora, um encontro contingente, que coloca em jogo tudo o que marca cada falasser: o tra\u00e7o de seu ex\u00edlio da rela\u00e7\u00e3o sexual,&hellip;<\/p>\n","protected":false},"author":1,"featured_media":0,"parent":0,"menu_order":0,"comment_status":"closed","ping_status":"closed","template":"","meta":{"footnotes":""},"class_list":["post-13810","page","type-page","status-publish","hentry","entry","no-media"],"_links":{"self":[{"href":"https:\/\/ebp.org.br\/slo\/wp-json\/wp\/v2\/pages\/13810","targetHints":{"allow":["GET"]}}],"collection":[{"href":"https:\/\/ebp.org.br\/slo\/wp-json\/wp\/v2\/pages"}],"about":[{"href":"https:\/\/ebp.org.br\/slo\/wp-json\/wp\/v2\/types\/page"}],"author":[{"embeddable":true,"href":"https:\/\/ebp.org.br\/slo\/wp-json\/wp\/v2\/users\/1"}],"replies":[{"embeddable":true,"href":"https:\/\/ebp.org.br\/slo\/wp-json\/wp\/v2\/comments?post=13810"}],"version-history":[{"count":4,"href":"https:\/\/ebp.org.br\/slo\/wp-json\/wp\/v2\/pages\/13810\/revisions"}],"predecessor-version":[{"id":13818,"href":"https:\/\/ebp.org.br\/slo\/wp-json\/wp\/v2\/pages\/13810\/revisions\/13818"}],"wp:attachment":[{"href":"https:\/\/ebp.org.br\/slo\/wp-json\/wp\/v2\/media?parent=13810"}],"curies":[{"name":"wp","href":"https:\/\/api.w.org\/{rel}","templated":true}]}}