{"id":13783,"date":"2025-05-23T09:30:14","date_gmt":"2025-05-23T12:30:14","guid":{"rendered":"https:\/\/ebp.org.br\/slo\/?page_id=13783"},"modified":"2025-05-25T16:42:56","modified_gmt":"2025-05-25T19:42:56","slug":"vi-jornadas-ebp-secao-lo-encontros-e-desencontros-parcerias-sintomaticas-boletim-desequilibrio-01","status":"publish","type":"page","link":"https:\/\/ebp.org.br\/slo\/vi-jornadas-ebp-secao-lo-encontros-e-desencontros-parcerias-sintomaticas-boletim\/vi-jornadas-ebp-secao-lo-encontros-e-desencontros-parcerias-sintomaticas-boletim-desequilibrio-01\/","title":{"rendered":"VI Jornadas EBP Se\u00e7\u00e3o-LO \u2013 Encontros e desencontros &#8211; parcerias sintom\u00e1ticas &#8211; Boletim (DES)EQUIL\u00cdBRIO #01"},"content":{"rendered":"<section class=\"wpb-content-wrapper\">[vc_row][vc_column][\/vc_column][\/vc_row][vc_row][vc_column][vc_single_image image=&#8221;13647&#8243;][vc_column_text css=&#8221;.vc_custom_1748003039075{margin-top: -30px !important;padding-top: 10px !important;padding-bottom: 10px !important;background-color: #703914 !important;}&#8221;]\n<h3 style=\"text-align: center;\"><span style=\"color: #fcea0d;\"><strong>#01<\/strong><\/span><\/h3>\n[\/vc_column_text][\/vc_column][\/vc_row][vc_row css=&#8221;.vc_custom_1744201681801{background-color: #ffffff !important;}&#8221;][vc_column][vc_column_text]\n<h3><strong>Editorial<\/strong><\/h3>\n<p>Apresentamos uma converg\u00eancia de dois movimentos: um reencontro com os quatro eixos previamente apresentados \u2013 agora em suas vers\u00f5es decantadas, com perguntas convocadoras \u00e0 escrita \u2013 e dois encontros \u2013 com Camila Col\u00e1s ( EBP\/AMP) na rubrica \u201cCorda Bamba\u201d, respondendo a pergunta de Luisa Carvalho (NPJ\/EBP), e o primeiro Texto de Orienta\u00e7\u00e3o produzido por um membro convidado. Elisa Alvarenga (AME\/EBP\/AMP) inicia a s\u00e9rie com um caso retirado da fic\u00e7\u00e3o de Haruki Murakami, \u201cque contradiz a teoria psicanal\u00edtica\u201d. Um homem, Dr. Tokai, dizia que as mulheres t\u00eam \u201cum \u00f3rg\u00e3o independente\u201d para mentir e ele usou esse \u00f3rg\u00e3o para se apaixonar, lev\u00e1-lo \u00e0s alturas e ao abismo, encontrando com uma vers\u00e3o do amor \u201cfora da medida f\u00e1lica\u201d ao se deixar cair, ampliando a discuss\u00e3o sobre parceiro-sintoma e\/ou parceiro-devasta\u00e7\u00e3o para al\u00e9m dos confins das leituras\u00a0tradicionais.<\/p>\n<p>Por \u00faltimo, fechamos essa edi\u00e7\u00e3o com a lista de hot\u00e9is indicados pela Comiss\u00e3o de Acolhimento, al\u00e9m das informa\u00e7\u00f5es sobre inscri\u00e7\u00f5es e envios de trabalho.<\/p>\n<p><em><span style=\"font-size: 13px;\">Ord\u00e1lia Junqueira (EBP\/AMP)<\/span><\/em><br \/>\n<em><span style=\"font-size: 13px;\">Caroline Quixabeira (NPJ\/EBP)<\/span><\/em>[\/vc_column_text][vc_separator color=&#8221;orange&#8221; border_width=&#8221;2&#8243; css=&#8221;.vc_custom_1744202353604{padding-top: 40px !important;padding-bottom: 40px !important;}&#8221;][vc_single_image image=&#8221;13629&#8243;][vc_column_text]\n<h3><strong>ARGUMENTOS DOS EIXOS TEM\u00c1TICOS\u00a0<\/strong><\/h3>\n<p><strong>EIXO 1 \u2013 O QUE DIZER DAS PARCERIAS NAS PSICOSES E NO AUTISMO?<\/strong><\/p>\n<p><em><span style=\"font-size: 13px;\">Bartyra Ribeiro de Castro (EBP\/AMP)<\/span><\/em><br \/>\n<em><span style=\"font-size: 13px;\">Rosangela Ribeiro (EBP\/AMP)<\/span><\/em><\/p>\n<p>H\u00e1 parcerias na psicose? E no autismo, o que pensar em termos de sintoma e de parcerias?<\/p>\n<p><a href=\"https:\/\/ebp.org.br\/slo\/vi-jornadas-ebp-secao-lo-encontros-e-desencontros-parcerias-sintomaticas-eixos-tematicos\/o-que-dizer-das-parcerias-nas-psicoses-e-no-autismo\/\">LEIA +<\/a><\/p>\n<hr \/>\n<p><strong>EIXO 2 \u2013 PARCEIRO-FANTASMA E PARCEIRO-DEVASTA\u00c7\u00c3O<\/strong><\/p>\n<p><em><span style=\"font-size: 13px;\">Jaqueline Coelho (EBP\/AMP)<\/span><\/em><br \/>\n<em><span style=\"font-size: 13px;\">T\u00e2nia Regina A. Martins (EBP\/AMP)<\/span><\/em><\/p>\n<p>O parceiro-sinthoma \u00e9, em primeiro lugar, \u201cum modo de gozar [&#8230;] do inconsciente, do saber inconsciente, da articula\u00e7\u00e3o significante e do investimento libidinal do significante e do significado; [&#8230;] em segundo lugar, \u00e9 um modo de gozar do corpo do Outro.<\/p>\n<p><a href=\"https:\/\/ebp.org.br\/slo\/vi-jornadas-ebp-secao-lo-encontros-e-desencontros-parcerias-sintomaticas-eixos-tematicos\/parceiro-fantasma-e-parceiro-devastacao\/\">LEIA +<\/a><\/p>\n<hr \/>\n<p><strong>EIXO 3 \u2013 TOXICOMANIA: A DROGA COMO PARCEIRO DE GOZO<\/strong><\/p>\n<p><em><span style=\"font-size: 13px;\">Cristiano Alves Pimenta (EBP\/AMP)<\/span><\/em><\/p>\n<p>O uso da droga constitui, para o sujeito toxic\u00f4mano, uma aut\u00eantica experi\u00eancia de gozo, cuja origem, \u201ca primeira vez\u201d, produziu, em muitos casos, uma perturba\u00e7\u00e3o da ordem de um verdadeiro acontecimento de corpo.<\/p>\n<p><a href=\"https:\/\/ebp.org.br\/slo\/vi-jornadas-ebp-secao-lo-encontros-e-desencontros-parcerias-sintomaticas-eixos-tematicos\/toxicomania-a-dorga-como-parceiro-de-gozo\/\">LEIA +<\/a><\/p>\n<hr \/>\n<p><strong>EIXO 4 \u2013 ARTE, POL\u00cdTICA E SINTHOMA<\/strong><\/p>\n<p><span style=\"font-size: 13px;\"><em>Ary Farias (EBP-AMP)<\/em><\/span><\/p>\n<p>No que podemos alinhar esses tr\u00eas significantes, temos a arte como manufatura de gozo privilegiada, uma forma de leitura e interpreta\u00e7\u00e3o sofisticada sobre as quest\u00f5es que fazem voragem ao corpo vivo, suas ang\u00fastias, suas err\u00e2ncias e a constata\u00e7\u00e3o inevit\u00e1vel da solid\u00e3o do Um<\/p>\n<p><a href=\"https:\/\/ebp.org.br\/slo\/vi-jornadas-ebp-secao-lo-encontros-e-desencontros-parcerias-sintomaticas-eixos-tematicos\/vi-jornadas-ebp-secao-lo-encontros-e-desencontros-parcerias-sintomaticas-eixos-tematicos-arte-politica-e-sinthoma\/\">LEIA +<\/a>[\/vc_column_text][vc_empty_space height=&#8221;20px&#8221;][vc_separator color=&#8221;orange&#8221; border_width=&#8221;2&#8243; css=&#8221;.vc_custom_1744202353604{padding-top: 40px !important;padding-bottom: 40px !important;}&#8221;][vc_single_image image=&#8221;13630&#8243;][vc_column_text]\n<h3><strong>Corda Bamba<\/strong><\/h3>\n<p><strong>PERGUNTA: LUISA CARVALHO (NPJ\/EBP)<\/strong><br \/>\nMiller agrega o sintoma ao termo parceiro para destacar que se serve do Outro para o gozo do Um. A partir disso, voc\u00ea poderia dizer qual a diferen\u00e7a que ele estabelece entre saber hacer (savoir faire) e arreglarselas (savoir y faire)?<\/p>\n<p><strong>COMENT\u00c1RIO: CAMILA COL\u00c1S (EBP\/AMP)<\/strong><br \/>\nNa l\u00edngua francesa, o savoir-faire (saber-fazer) \u00e9 usado para algo aprendido, uma t\u00e9cnica adquirida, um saber pr\u00e1tico. \u00c9 como saber andar de bicicleta. O savoir y faire \u00e9 acompanhado do \u201ccom\u201d alguma coisa. O \u201cy\u201d inclui um a\u00ed, algo enigm\u00e1tico, que escapa da l\u00edngua comum. \u00c9 um saber n\u00e3o confi\u00e1vel e sem garantia para us\u00e1-lo de novo. Para a psican\u00e1lise, o saber est\u00e1 do lado das puls\u00f5es, nas satisfa\u00e7\u00f5es. O saber-fazer-a\u00ed inclui o real, na medida em que uma nova parceria com o sinthoma acontece. Com o saber, se inventa; por\u00e9m, \u00e9 a cada vez. Diante do incur\u00e1vel, \u00e9 preciso saber-fazer-a\u00ed com o sinthoma e n\u00e3o mais com o Outro e o fantasma que mant\u00eam o sujeito preso na fic\u00e7\u00e3o em que o saber-fazer lhe cai muito bem.[\/vc_column_text][vc_separator color=&#8221;orange&#8221; border_width=&#8221;2&#8243; css=&#8221;.vc_custom_1744202353604{padding-top: 40px !important;padding-bottom: 40px !important;}&#8221;][vc_single_image image=&#8221;13631&#8243;][vc_empty_space height=&#8221;20px&#8221;][vc_column_text]\n<h3><strong>TEXTO DE ORIENTA\u00c7\u00c3O<\/strong><\/h3>\n<p><span style=\"font-size: 13px;\"><em>Parceiro-sintoma ou parceiro-devasta\u00e7\u00e3o?<\/em><\/span><br \/>\n<span style=\"font-size: 13px;\"><em>Elisa Alvarenga (AME-EBP\/AMP)<\/em><\/span><\/p>\n<p>Temos o h\u00e1bito de pensar, a partir das contribui\u00e7\u00f5es de Freud \u00e0 psicologia do amor, assim como das t\u00e1buas da sexua\u00e7\u00e3o do Semin\u00e1rio 20, o parceiro sintoma do lado do homem, que faz de uma mulher a causa do seu desejo, buscando nela o objeto do seu fantasma ($&lt;&gt;a), assim como o parceiro-devasta\u00e7\u00e3o do lado da mulher, cujo gozo se divide entre o falo buscado no homem e o ilimitado de S(A\/). As figuras da mulher sintoma e do homem devasta\u00e7\u00e3o do Semin\u00e1rio 23, \u00e0s quais Jacques-Alain Miller d\u00e1 um novo colorido em O osso de uma an\u00e1lise, n\u00e3o deixam de confirmar essa leitura.<\/p>\n<p>Proponho-lhes, ent\u00e3o, o caso de um homem, fic\u00e7\u00e3o de Haruki Murakami no livro Homens sem mulheres1, que nos convida, \u00e0 maneira de Freud, a interrog\u00e1-lo como um caso em contradi\u00e7\u00e3o com a teoria anal\u00edtica. O conto \u201cUm \u00f3rg\u00e3o independente\u201d nos surpreende ao colocar em cena o n\u00e3o-todo do gozo feminino, n\u00e3o s\u00f3 do lado da mulher, mas do lado do pr\u00f3prio homem, devastado pelo amor a uma mulher que o deixa cair.<\/p>\n<p>Trata-se de um cirurgi\u00e3o pl\u00e1stico bem-sucedido, celibat\u00e1rio convicto, que s\u00f3 sai com mulheres comprometidas, colocando aparentemente em cena a condi\u00e7\u00e3o de amor relatada por Freud em seu texto \u201cUm tipo especial de escolha de objeto feita pelos homens\u201d. Durante 30 anos, o dr. Tokai sai com mulheres casadas, \u00e0s vezes mais de uma simultaneamente, e \u00e9 h\u00e1bil em desvencilhar-se se elas amea\u00e7am apaixonar-se. Mas logo nos perguntaremos se \u00e9 a condi\u00e7\u00e3o do terceiro prejudicado que move o dr. Tokai. Um dia, inesperadamente, ele se apaixona. Perde a vontade de sair com as outras, de comer, de trabalhar, de se vestir com apuro. Ele descobre seu \u00f3dio e sua vontade de destruir tudo. Essa mulher deixa o marido e o filho para ir embora com outro, mas n\u00e3o por ele. Ele dizia que as mulheres t\u00eam \u201cum \u00f3rg\u00e3o independente\u201d para mentir e ele usou esse \u00f3rg\u00e3o para se apaixonar, lev\u00e1-lo \u00e0s alturas e ao abismo. O gozo feminino, opaco, para al\u00e9m da medida f\u00e1lica que ele sabia usar t\u00e3o bem, \u00e9 encarnado em uma mulher e, logo, nele mesmo, e o leva ao pior.<\/p>\n<p>Se os 30 anos da vida do dr. Tokai, pautados pela regularidade das parcerias escolhidas pela condi\u00e7\u00e3o de estarem comprometidas com outro homem, nos fazem pensar em uma neurose regulada pelo falo que coloca em cena a monotonia do fantasma, o encontro devastador fez apelo a um outro gozo escondido sob a regularidade f\u00e1lica. Se Lacan diz que a libido \u00e9 um \u00f3rg\u00e3o, temos aqui um \u00f3rg\u00e3o independente, fora da medida f\u00e1lica, que este sujeito experimentou uma \u00fanica vez em sua juventude, ao apaixonar-se ao ponto de sentir dores no peito. Antes, por\u00e9m, do encontro com a mulher devastadora, o dr. Tokai confidencia ao autor o seu encontro com o livro de um m\u00e9dico que viveu a experi\u00eancia devastadora de um campo de concentra\u00e7\u00e3o nazista. A perda amorosa leva-o, ent\u00e3o, \u00e0 realiza\u00e7\u00e3o do fantasma de reduzir-se a nada, apagar-se no \u00f3dio a si mesmo, fazendo da mulher o fator desencadeante do seu fantasma de aniquilamento. N\u00e3o h\u00e1 a\u00ed uma diferen\u00e7a em rela\u00e7\u00e3o \u00e0 devasta\u00e7\u00e3o feminina como outra face do amor?<\/p>\n<hr \/>\n<p><span style=\"font-size: 13px;\">1 MURAKAMI Haruki. Um \u00f3rg\u00e3o independente. In: Homens sem mulheres. Traduzido e publicado em ingl\u00eas em 2017. Site:Homens Sem Mulheres (cole\u00e7\u00e3o de contos de Haruki Murakami) \u2013 Wikip\u00e9dia, a enciclop\u00e9dia livre<\/span>[\/vc_column_text][vc_empty_space height=&#8221;20px&#8221;][vc_separator color=&#8221;orange&#8221; border_width=&#8221;2&#8243; css=&#8221;.vc_custom_1744202353604{padding-top: 40px !important;padding-bottom: 40px !important;}&#8221;][vc_single_image image=&#8221;13632&#8243;][vc_column_text]\n<h3 style=\"text-align: center;\"><strong>Informes<\/strong><\/h3>\n[\/vc_column_text][vc_column_text]\n<h3><strong>ACOLHIMENTO<\/strong><\/h3>\n<p>Preparamos uma primeira lista com algumas sugest\u00f5es da comiss\u00e3o de acolhimento, sobretudo no que se refere \u00e0s hospedagens. Estamos preparando uma lista mais abrangente das op\u00e7\u00f5es gastron\u00f4micas e culturais da cidade.<\/p>\n<p>Caros (des)equilibristas, aguardamos voc\u00eas para se (des)encontrarem por aqui![\/vc_column_text][vc_empty_space height=&#8221;20px&#8221;]<a href=\"https:\/\/ebp.org.br\/slo\/vi-jornadas-ebp-secao-lo-encontros-e-desencontros-parcerias-sintomaticas-acolhimento\/vi-jornadas-ebp-secao-lo-encontros-e-desencontros-parcerias-sintomaticas-hospedagem\/\" class=\"vcex-button theme-button inline\" style=\"background:#eeee22;color:#0a0a0a;\" data-wpex-hover='{&quot;background&quot;:&quot;#d3c41d&quot;,&quot;color&quot;:&quot;#0a0a0a&quot;}'><span class=\"vcex-button-inner theme-button-inner\">LEIA +<\/span><\/a> [vc_empty_space height=&#8221;20px&#8221;][vc_column_text]\n<h3><strong>ENVIO DE TRABALHOS:<br \/>\n<\/strong><\/h3>\n<p>Acerca dos trabalhos enviados para as mesas simult\u00e2neas, comunicamos que, uma vez aceitos pela Comiss\u00e3o Cient\u00edfica, eles ser\u00e3o encaminhados para a Comiss\u00e3o Editorial para a revis\u00e3o gramatical dos textos e a padroniza\u00e7\u00e3o nas normas acad\u00eamicas, visando sua publica\u00e7\u00e3o na Colet\u00e2nea das VI Jornadas (anais). Se necess\u00e1rio, caber\u00e1 \u00e0 Comiss\u00e3o Editorial a interlocu\u00e7\u00e3o com os autores dos textos aceitos para dirimir d\u00favidas na formata\u00e7\u00e3o e propor ajustes para publica\u00e7\u00e3o.<\/p>\n<p><em>Comiss\u00e3o Editorial das VI Jornadas<br \/>\nCoord. Olenice Amorim Gon\u00e7alves<\/em><\/p>\n<p><strong>OBSERVA\u00c7\u00c3O:<\/strong>\u00a0As normas para o envio de trabalhos est\u00e3o no BOLETIM ZERO e no site das VI JORNADAS. Por\u00e9m,\u00a0<strong>o e-mail para o envio foi alterado<\/strong>:\u00a0<a href=\"mailto:jornadas.cientifica.slo@gmail.com\"><strong>jornadas.cientifica.slo@gmail.com<\/strong><\/a>[\/vc_column_text][vc_empty_space height=&#8221;20px&#8221;][vc_row_inner][vc_column_inner width=&#8221;1\/4&#8243;][vc_single_image image=&#8221;13627&#8243; alignment=&#8221;center&#8221; onclick=&#8221;custom_link&#8221; link=&#8221;https:\/\/ebp.org.br\/slo\/vi-jornadas-ebp-secao-lo-encontros-e-desencontros-parcerias-sintomaticas-envio-de-trabalhos\/&#8221;][vc_empty_space height=&#8221;20px&#8221;][vc_column_text]\n<p style=\"text-align: center;\"><strong>ENVIO DE TRABALHOS<\/strong><\/p>\n[\/vc_column_text][\/vc_column_inner][vc_column_inner width=&#8221;1\/4&#8243;][vc_single_image image=&#8221;13628&#8243; alignment=&#8221;center&#8221; onclick=&#8221;custom_link&#8221; link=&#8221;https:\/\/ebp.org.br\/slo\/vi-jornadas-ebp-secao-lo-encontros-e-desencontros-parcerias-sintomaticas-inscricoes\/&#8221;][vc_empty_space height=&#8221;20px&#8221;][vc_column_text]\n<p style=\"text-align: center;\"><strong>INSCRI\u00c7\u00d5ES<\/strong><\/p>\n[\/vc_column_text][\/vc_column_inner][vc_column_inner width=&#8221;1\/4&#8243;][vc_single_image image=&#8221;13626&#8243; alignment=&#8221;center&#8221; onclick=&#8221;custom_link&#8221; link=&#8221;https:\/\/ebp.org.br\/slo\/vi-jornadas-ebp-secao-lo-encontros-e-desencontros-parcerias-sintomaticas-eixos-tematicos\/&#8221;][vc_empty_space height=&#8221;20px&#8221;][vc_column_text]\n<p style=\"text-align: center;\"><strong>EIXOS TEM\u00c1TICOS<\/strong><\/p>\n[\/vc_column_text][\/vc_column_inner][vc_column_inner width=&#8221;1\/4&#8243;][vc_single_image image=&#8221;13635&#8243; alignment=&#8221;center&#8221; onclick=&#8221;custom_link&#8221; link=&#8221;https:\/\/ebp.org.br\/slo\/vi-jornadas-ebp-secao-lo-encontros-e-desencontros-parcerias-sintomaticas-comissoes-de-trabalho\/&#8221;][vc_empty_space height=&#8221;20px&#8221;][vc_column_text]\n<p style=\"text-align: center;\"><strong>COMISS\u00d5ES DE TRABALHO<\/strong><\/p>\n[\/vc_column_text][\/vc_column_inner][\/vc_row_inner][\/vc_column][\/vc_row][vc_row column_spacing=&#8221;0px&#8221; css=&#8221;.vc_custom_1744201997873{margin-top: 0px !important;margin-right: 0px !important;margin-bottom: 0px !important;margin-left: 0px !important;border-top-width: 0px !important;border-right-width: 0px !important;border-bottom-width: 0px !important;border-left-width: 0px !important;padding-top: 0px !important;padding-right: 0px !important;padding-bottom: 0px !important;padding-left: 0px !important;}&#8221;][vc_column][vc_single_image image=&#8221;13648&#8243; css=&#8221;.vc_custom_1744201576525{margin-top: 0px !important;margin-right: 0px !important;margin-bottom: 0px !important;margin-left: 0px !important;border-top-width: 0px !important;border-right-width: 0px !important;border-bottom-width: 0px !important;border-left-width: 0px !important;padding-top: 0px !important;padding-right: 0px !important;padding-bottom: 0px !important;padding-left: 0px !important;}&#8221;][vc_column_text css=&#8221;.vc_custom_1744201654379{background-color: #542405 !important;}&#8221;]\n<p style=\"text-align: center;\"><span style=\"font-size: 13px; color: #ffffff;\"><strong><br \/>\nDire\u00e7\u00e3o Geral<\/strong><\/span><\/p>\n<p style=\"text-align: center;\"><span style=\"font-size: 13px; color: #ffffff;\"><strong>DIRE\u00c7\u00c3O GERAL<\/strong>:\u00a0 Alberto Murta (AME-EBP\/AMP) \u2013 Diretor Geral da EBP-SLO<\/span><br \/>\n<span style=\"font-size: 13px; color: #ffffff;\"><strong>COORDENA\u00c7\u00c3O GERAL<\/strong>: Ceres L\u00eada F.\u00a0 F . R\u00daBIO (EBP\/AMP)<\/span><br \/>\n<span style=\"font-size: 13px; color: #ffffff;\"><strong>CONVIDADO INTERNACIONAL<\/strong>: Pierre SIDON (ECF\/AMP)<\/span><br \/>\n<span style=\"font-size: 13px; color: #ffffff;\"><strong><br \/>\nCoordenadora:\u00a0<\/strong>Ord\u00e1lia A. Junqueira (EBP\/AMP). Caroline Quixabeira (NPJ\/EBP); Cristina Alves\/GO;<\/span><br \/>\n<span style=\"font-size: 13px; color: #ffffff;\">F\u00e1bio P. Barreto (EBP\/AMP); Gabriel Caixeta (NPJ\/EBP); Lu\u00edsa Carvalho (NPJ\/EBP); Melissa Fukuchi\/DF; Juliana Melo\/GO.<\/span><\/p>\n<p style=\"text-align: center;\"><span style=\"font-size: 13px; color: #ffffff;\"><strong>Designer:<\/strong>\u00a0<a style=\"color: #ffffff;\" href=\"mailto:sennabruno@gmail.com\">Bruno Senna<\/a><\/span><\/p>\n[\/vc_column_text][\/vc_column][\/vc_row]\n<\/section>","protected":false},"excerpt":{"rendered":"<p>[vc_row][vc_column][\/vc_column][\/vc_row][vc_row][vc_column][vc_single_image image=&#8221;13647&#8243;][vc_column_text css=&#8221;.vc_custom_1748003039075{margin-top: -30px !important;padding-top: 10px !important;padding-bottom: 10px !important;background-color: #703914 !important;}&#8221;] #01 [\/vc_column_text][\/vc_column][\/vc_row][vc_row css=&#8221;.vc_custom_1744201681801{background-color: #ffffff !important;}&#8221;][vc_column][vc_column_text] Editorial Apresentamos uma converg\u00eancia de dois movimentos: um reencontro com os quatro eixos previamente apresentados \u2013 agora em suas vers\u00f5es decantadas, com perguntas convocadoras \u00e0 escrita \u2013 e dois encontros \u2013 com Camila Col\u00e1s ( EBP\/AMP) na rubrica \u201cCorda&hellip;<\/p>\n","protected":false},"author":1,"featured_media":0,"parent":13532,"menu_order":0,"comment_status":"closed","ping_status":"closed","template":"","meta":{"footnotes":""},"class_list":["post-13783","page","type-page","status-publish","hentry","entry","no-media"],"_links":{"self":[{"href":"https:\/\/ebp.org.br\/slo\/wp-json\/wp\/v2\/pages\/13783","targetHints":{"allow":["GET"]}}],"collection":[{"href":"https:\/\/ebp.org.br\/slo\/wp-json\/wp\/v2\/pages"}],"about":[{"href":"https:\/\/ebp.org.br\/slo\/wp-json\/wp\/v2\/types\/page"}],"author":[{"embeddable":true,"href":"https:\/\/ebp.org.br\/slo\/wp-json\/wp\/v2\/users\/1"}],"replies":[{"embeddable":true,"href":"https:\/\/ebp.org.br\/slo\/wp-json\/wp\/v2\/comments?post=13783"}],"version-history":[{"count":7,"href":"https:\/\/ebp.org.br\/slo\/wp-json\/wp\/v2\/pages\/13783\/revisions"}],"predecessor-version":[{"id":13794,"href":"https:\/\/ebp.org.br\/slo\/wp-json\/wp\/v2\/pages\/13783\/revisions\/13794"}],"up":[{"embeddable":true,"href":"https:\/\/ebp.org.br\/slo\/wp-json\/wp\/v2\/pages\/13532"}],"wp:attachment":[{"href":"https:\/\/ebp.org.br\/slo\/wp-json\/wp\/v2\/media?parent=13783"}],"curies":[{"name":"wp","href":"https:\/\/api.w.org\/{rel}","templated":true}]}}