{"id":13777,"date":"2025-05-23T08:41:23","date_gmt":"2025-05-23T11:41:23","guid":{"rendered":"https:\/\/ebp.org.br\/slo\/?page_id=13777"},"modified":"2025-05-23T08:41:23","modified_gmt":"2025-05-23T11:41:23","slug":"vi-jornadas-ebp-secao-lo-encontros-e-desencontros-parcerias-sintomaticas-hospedagem","status":"publish","type":"page","link":"https:\/\/ebp.org.br\/slo\/vi-jornadas-ebp-secao-lo-encontros-e-desencontros-parcerias-sintomaticas-acolhimento\/vi-jornadas-ebp-secao-lo-encontros-e-desencontros-parcerias-sintomaticas-hospedagem\/","title":{"rendered":"VI Jornadas EBP Se\u00e7\u00e3o-LO \u2013 Encontros e desencontros &#8211; parcerias sintom\u00e1ticas &#8211; Hospedagem"},"content":{"rendered":"<section class=\"wpb-content-wrapper\">[vc_row][vc_column][vc_single_image image=&#8221;13513&#8243;][\/vc_column][\/vc_row][vc_row][vc_column][vc_column_text]\n<p><strong>Confira a lista de hot\u00e9is que a equipe de acolhimento preparou. Separados pelos bairros de Goi\u00e2nia, apresentamos um pequeno resumo de cada lugar, assim como alguns pontos de destaque.\u00a0<\/strong><\/p>\n<p><span style=\"font-weight: 400;\">N\u00e3o se preocupe que mais dicas de onde comer e aproveitar o melhor de Goi\u00e2nia sair\u00e3o nos pr\u00f3ximos meses. Tem alguma d\u00favida? Fale com o Acolhimento pelo e-mail <\/span><a href=\"mailto:ebplesteoeste@gmail.com\"><span style=\"font-weight: 400;\">ebplesteoeste@gmail.com<\/span><\/a><span style=\"font-weight: 400;\"> ou pelo Instagram.<\/span><\/p>\n<h3><span style=\"font-weight: 400; color: #ff6600;\">SETOR CENTRAL:<\/span><\/h3>\n<p><span style=\"font-weight: 400;\">\u00c9 um dos bairros mais antigos de Goi\u00e2nia e possui boas vias expressas de acesso para a maior parte das regi\u00f5es goianas, ligando toda a cidade. \u00c9 onde est\u00e1 concentrada a maior parte dos monumentos hist\u00f3ricos e obras tombadas Art Deco. O Plaza Inn Augustus fica ao lado do Natural Alimentos, do Boteco do Pedro e do Biomas Caf\u00e9; junto do Hotel Rio Vermelho e Umuarana Plaza Hotel, est\u00e3o pr\u00f3ximos o Mercado Central, a Tia Nair Caf\u00e9 e o T\u00f4 Bar. Ainda na regi\u00e3o central, a tradicional Pastelaria do Meu fica no Mercado da 74 e pode ser uma \u00f3tima pedida para quem deseja experimentar os sabores da terra.<\/span><\/p>\n<p><span style=\"font-weight: 400;\">\u00a0<\/span><strong><i>Umuarama Plazza Hotel (3 estrelas) \u2013 9 minutos<\/i><\/strong><\/p>\n<ul>\n<li><span style=\"font-weight: 400;\">Rua 4, em frente ao pr\u00e9dio do Parthenon Center.<\/span><\/li>\n<li><span style=\"font-weight: 400;\">Fone:(62) 3237-1555<\/span><\/li>\n<\/ul>\n<p><strong><i>\u00a0Hotel Rio Vermelho (2 estrelas) 8 minutos<\/i><\/strong><\/p>\n<ul>\n<li><span style=\"font-weight: 400;\">Rua 4.<\/span><\/li>\n<li><span style=\"font-weight: 400;\">Fone: (62)3227-2500<\/span><\/li>\n<\/ul>\n<p><strong><i>Plaza Inn Augustus Hotel (3 estrelas) 8 minutos<\/i><\/strong><\/p>\n<ul>\n<li><span style=\"font-weight: 400;\">Av. Araguaia com Rua 04<\/span><\/li>\n<li><span style=\"font-weight: 400;\">Fone:(62) 3216-6666<\/span><\/li>\n<\/ul>\n<h3><span style=\"color: #ff6600;\"><span style=\"font-weight: 400;\">\u00a0<\/span><span style=\"font-weight: 400;\">SETOR SUL:<\/span><\/span><\/h3>\n<p><span style=\"font-weight: 400;\">\u00c9 um dos setores mais residenciais e arborizados de Goi\u00e2nia, no entanto o Crystal Plaza Hotel que recomendamos est\u00e1 numa divisa com o setor central. Pr\u00f3ximo da Pra\u00e7a C\u00edvica, local de escoamento do tr\u00e2nsito para diversas regi\u00f5es da cidade e do Bosque dos Buritis, um dos parques mais bonitos da cidade. Recomendamos nas proximidades: Gl\u00f3ria Bar, Restaurante Bendita Tapioca, Gercina Bar, Galp\u00e3o e o Restaurante \u00c1rabe da Rua 83.<\/span><\/p>\n<p><strong><i>Crystal Hotel (4 estrelas) _ 8 minutos<\/i><\/strong><\/p>\n<ul>\n<li><span style=\"font-weight: 400;\">In\u00edcio da Av. 85, pr\u00f3ximo \u00e0 Pra\u00e7a C\u00edvica<\/span><\/li>\n<li><span style=\"font-weight: 400;\">Fone:(62)3267-4500<\/span><\/li>\n<\/ul>\n<h3><span style=\"color: #ff6600;\"><span style=\"font-weight: 400;\">\u00a0<\/span><span style=\"font-weight: 400;\">SETOR LESTE UNIVERSIT\u00c1RIO<\/span><\/span><\/h3>\n<p><span style=\"font-weight: 400;\">Este \u00e9 o setor que acolher\u00e1 nosso evento. A Pra\u00e7a Universit\u00e1ria, al\u00e9m de um ponto de lazer e esporte, \u00e9 tamb\u00e9m um museu a c\u00e9u aberto, repleto de esculturas de diversos artistas locais. O Biss Inn \u00e9 nossa recomenda\u00e7\u00e3o na regi\u00e3o. Para comer, indicamos nas proximidades o Salute Naturais, Cantinho Frio e Abrig\u00f4. O Tau Bar \u00e9 um charme. Tamb\u00e9m n\u00e3o pode faltar um caf\u00e9 da manh\u00e3 na Palavrear, a livraria de rua mais charmosa da cidade.<\/span><\/p>\n<p><strong>\u00a0<i>Biss Inn (3 estrelas)* &#8211; 5 minutos<\/i><\/strong><\/p>\n<ul>\n<li><span style=\"font-weight: 400;\">Av. Anhanguera, 2913<\/span><\/li>\n<li><span style=\"font-weight: 400;\">Fone: (62)4005-0800<\/span><\/li>\n<\/ul>\n<h3><span style=\"color: #ff6600;\"><span style=\"font-weight: 400;\">\u00a0<\/span><span style=\"font-weight: 400;\">SETOR OESTE<\/span><\/span><\/h3>\n<p><span style=\"font-weight: 400;\">\u00c9 o bairro que abriga o Zool\u00f3gico e a Pra\u00e7a do Sol, regi\u00e3o onde ocorre a Feira da Lua e a Feira do Sol, a primeira aos s\u00e1bados e a segunda aos domingos \u00e0 tarde. O SJ Premium Hotel e Plaza Inn Executive ficam tanto pr\u00f3ximos da Pra\u00e7a do Sol quanto dos restaurantes Panela M\u00e1gica, Fava Sorvetes, Celsin Bar e Izu Japanesse Food.\u00a0<\/span><\/p>\n<p><strong>\u00a0<i>\u2060Plazza Inn (4 estrelas) 14 minutos<\/i><\/strong><\/p>\n<ul>\n<li><span style=\"font-weight: 400;\">Avenida D.<\/span><\/li>\n<li><span style=\"font-weight: 400;\">Fone: (62) 4005-3100<\/span><\/li>\n<\/ul>\n<p><strong><i>\u00a0SJ Premium Hotels by Atlantica (4 estrelas) &#8211; 14 minutos<\/i><\/strong><\/p>\n<ul>\n<li><span style=\"font-weight: 400;\">R. 22, 122.<\/span><\/li>\n<li><span style=\"font-weight: 400;\">Fone: (62) 3235-5600<\/span><\/li>\n<\/ul>\n<h3><span style=\"color: #ff6600;\"><span style=\"font-weight: 400;\">\u00a0<\/span><span style=\"font-weight: 400;\">SETOR MARISTA:<\/span><\/span><\/h3>\n<p><span style=\"font-weight: 400;\">\u00c9 um bairro conhecido por seu alto padr\u00e3o de estilo de vida, agregando grande parte dos bares e restaurantes da capital. O WTC Stay &amp; Hotel, Holiday Inn e Hotel IBis Goi\u00e2nia ficam pr\u00f3ximos das seguintes op\u00e7\u00f5es de alimenta\u00e7\u00e3o: Famu Restaurante, Hello Poke, Madalena GastroBar, Caf\u00e9 Cari\u00f1o, Caf\u00e9 Coreto, Fava Sorvetes, bem como do Shopping Bougainville.<\/span><\/p>\n<ul>\n<li><span style=\"font-weight: 400;\">\u00a0<\/span><i><span style=\"font-weight: 400;\">\u2060WTC Stay &amp; Hotel (5 estrelas) 15 minutos<\/span><\/i><\/li>\n<li><span style=\"font-weight: 400;\">Fone:(62) 2013-0388<\/span><\/li>\n<\/ul>\n<p><strong><i>Holiday Inn (4 estrelas) 13 minutos<\/i><\/strong><\/p>\n<ul>\n<li><span style=\"font-weight: 400;\">Rua 22<\/span><\/li>\n<li><span style=\"font-weight: 400;\">Fone:(62)3414-9600<\/span><\/li>\n<\/ul>\n<p><strong><i>ibis Styles Goiania Marista (3 estrelas) &#8211; 16 minutos<\/i><\/strong><\/p>\n<ul>\n<li><span style=\"font-weight: 400;\">R. 15, Quadra H24 Lote 07 09<\/span><\/li>\n<li><span style=\"font-weight: 400;\">Fone: (62)3623-8850<\/span><\/li>\n<\/ul>\n<p><strong><i>Qs Marista Stay &amp; Hotel (3 estrelas) &#8211; 16 minutos<\/i><\/strong><\/p>\n<ul>\n<li><span style=\"font-weight: 400;\">R. 145, 120<\/span><\/li>\n<li><span style=\"font-weight: 400;\">\u00a0Fone: (62)999386790<\/span><\/li>\n<\/ul>\n<h3><span style=\"font-weight: 400; color: #ff6600;\">JARDIM GOI\u00c1S<\/span><\/h3>\n<p><span style=\"font-weight: 400;\">O bairro \u00e9 atravessado pela Avenida Jamel Cec\u00edlio, uma das mais movimentadas da cidade, e pr\u00f3ximo da BR-153. O maior destaque da regi\u00e3o e dos hot\u00e9is apontados \u00e9 a proximidade do Parque Flamboyant e do Shopping Center Flamboyant, um dos maiores da cidade. Al\u00e9m das op\u00e7\u00f5es de alimenta\u00e7\u00e3o no Shopping Flamboyant, recomendamos Cateret\u00ea Restaurante, Lifebox Burguer, Izu Japapnese Food e a pequena pra\u00e7a de alimenta\u00e7\u00e3o do Metropolitan Mall.<\/span><\/p>\n<p><strong>\u00a0<i>K Hotel (4 estrelas) 11 minutos<\/i><\/strong><\/p>\n<ul>\n<li><span style=\"font-weight: 400;\">Av. Deputado Jamel Cec\u00edlio<\/span><\/li>\n<li><span style=\"font-weight: 400;\">Fone: (62)3945-9090<\/span><\/li>\n<\/ul>\n<p><strong><i>Quality Hotel Flamboyant (4 estrelas) 13 minutos<\/i><\/strong><\/p>\n<ul>\n<li><span style=\"font-weight: 400;\">Rua Quatorze, 46<\/span><\/li>\n<li><span style=\"font-weight: 400;\">Fone: (62) 3412-6957<\/span><\/li>\n<\/ul>\n[\/vc_column_text][\/vc_column][\/vc_row]\n<\/section>","protected":false},"excerpt":{"rendered":"<p>[vc_row][vc_column][vc_single_image image=&#8221;13513&#8243;][\/vc_column][\/vc_row][vc_row][vc_column][vc_column_text] Confira a lista de hot\u00e9is que a equipe de acolhimento preparou. Separados pelos bairros de Goi\u00e2nia, apresentamos um pequeno resumo de cada lugar, assim como alguns pontos de destaque.\u00a0 N\u00e3o se preocupe que mais dicas de onde comer e aproveitar o melhor de Goi\u00e2nia sair\u00e3o nos pr\u00f3ximos meses. Tem alguma d\u00favida? Fale com&hellip;<\/p>\n","protected":false},"author":1,"featured_media":0,"parent":13538,"menu_order":0,"comment_status":"closed","ping_status":"closed","template":"","meta":{"footnotes":""},"class_list":["post-13777","page","type-page","status-publish","hentry","entry","no-media"],"_links":{"self":[{"href":"https:\/\/ebp.org.br\/slo\/wp-json\/wp\/v2\/pages\/13777","targetHints":{"allow":["GET"]}}],"collection":[{"href":"https:\/\/ebp.org.br\/slo\/wp-json\/wp\/v2\/pages"}],"about":[{"href":"https:\/\/ebp.org.br\/slo\/wp-json\/wp\/v2\/types\/page"}],"author":[{"embeddable":true,"href":"https:\/\/ebp.org.br\/slo\/wp-json\/wp\/v2\/users\/1"}],"replies":[{"embeddable":true,"href":"https:\/\/ebp.org.br\/slo\/wp-json\/wp\/v2\/comments?post=13777"}],"version-history":[{"count":1,"href":"https:\/\/ebp.org.br\/slo\/wp-json\/wp\/v2\/pages\/13777\/revisions"}],"predecessor-version":[{"id":13778,"href":"https:\/\/ebp.org.br\/slo\/wp-json\/wp\/v2\/pages\/13777\/revisions\/13778"}],"up":[{"embeddable":true,"href":"https:\/\/ebp.org.br\/slo\/wp-json\/wp\/v2\/pages\/13538"}],"wp:attachment":[{"href":"https:\/\/ebp.org.br\/slo\/wp-json\/wp\/v2\/media?parent=13777"}],"curies":[{"name":"wp","href":"https:\/\/api.w.org\/{rel}","templated":true}]}}