{"id":13754,"date":"2025-05-09T08:16:51","date_gmt":"2025-05-09T11:16:51","guid":{"rendered":"https:\/\/ebp.org.br\/slo\/?page_id=13754"},"modified":"2025-05-09T08:16:51","modified_gmt":"2025-05-09T11:16:51","slug":"bienio-2021-2023","status":"publish","type":"page","link":"https:\/\/ebp.org.br\/slo\/secao-leste-oeste\/bienio-2021-2023\/","title":{"rendered":"Bi\u00eanio 2021\/2023"},"content":{"rendered":"<section class=\"wpb-content-wrapper\">[vc_row][vc_column][vc_column_text]\n<h3><span style=\"color: #993300;\">DIRETORIA<\/span><\/h3>\n<ul>\n<li><strong>Romulo Ferreira da Silva<\/strong> &#8211; Diretor geral<\/li>\n<li><strong>Ordalia Alves Junqueira<\/strong> &#8211; Secretaria \/ tesoureira<\/li>\n<li><strong>Bartyra Ribeiro de Castro<\/strong> &#8211; Diretora de biblioteca<\/li>\n<li><strong>Ary Farias<\/strong> &#8211; Diretor de Vartel<\/li>\n<\/ul>\n<hr \/>\n<h3><span style=\"color: #993300;\">CONSELHO DELIBERATIVO<\/span><\/h3>\n<ul>\n<li>Renato Carlos Vieira -Presidente<\/li>\n<li>Elisa Alvarenga<\/li>\n<li>Geraldo Alberto Murta ( secret\u00e1rio)<\/li>\n<li>Cristiano Alves Pimenta<\/li>\n<li>Fabio P\u00e3es Barreto<\/li>\n<li>T\u00e2nia Regina Anchite Martins<\/li>\n<\/ul>\n[\/vc_column_text][\/vc_column][\/vc_row]\n<\/section>","protected":false},"excerpt":{"rendered":"<p>[vc_row][vc_column][vc_column_text] DIRETORIA Romulo Ferreira da Silva &#8211; Diretor geral Ordalia Alves Junqueira &#8211; Secretaria \/ tesoureira Bartyra Ribeiro de Castro &#8211; Diretora de biblioteca Ary Farias &#8211; Diretor de Vartel CONSELHO DELIBERATIVO Renato Carlos Vieira -Presidente Elisa Alvarenga Geraldo Alberto Murta ( secret\u00e1rio) Cristiano Alves Pimenta Fabio P\u00e3es Barreto T\u00e2nia Regina Anchite Martins [\/vc_column_text][\/vc_column][\/vc_row]<\/p>\n","protected":false},"author":1,"featured_media":0,"parent":10806,"menu_order":0,"comment_status":"closed","ping_status":"closed","template":"","meta":{"footnotes":""},"class_list":["post-13754","page","type-page","status-publish","hentry","entry","no-media"],"_links":{"self":[{"href":"https:\/\/ebp.org.br\/slo\/wp-json\/wp\/v2\/pages\/13754","targetHints":{"allow":["GET"]}}],"collection":[{"href":"https:\/\/ebp.org.br\/slo\/wp-json\/wp\/v2\/pages"}],"about":[{"href":"https:\/\/ebp.org.br\/slo\/wp-json\/wp\/v2\/types\/page"}],"author":[{"embeddable":true,"href":"https:\/\/ebp.org.br\/slo\/wp-json\/wp\/v2\/users\/1"}],"replies":[{"embeddable":true,"href":"https:\/\/ebp.org.br\/slo\/wp-json\/wp\/v2\/comments?post=13754"}],"version-history":[{"count":1,"href":"https:\/\/ebp.org.br\/slo\/wp-json\/wp\/v2\/pages\/13754\/revisions"}],"predecessor-version":[{"id":13756,"href":"https:\/\/ebp.org.br\/slo\/wp-json\/wp\/v2\/pages\/13754\/revisions\/13756"}],"up":[{"embeddable":true,"href":"https:\/\/ebp.org.br\/slo\/wp-json\/wp\/v2\/pages\/10806"}],"wp:attachment":[{"href":"https:\/\/ebp.org.br\/slo\/wp-json\/wp\/v2\/media?parent=13754"}],"curies":[{"name":"wp","href":"https:\/\/api.w.org\/{rel}","templated":true}]}}