{"id":13646,"date":"2025-04-09T09:25:05","date_gmt":"2025-04-09T12:25:05","guid":{"rendered":"https:\/\/ebp.org.br\/slo\/?page_id=13646"},"modified":"2025-05-24T05:28:35","modified_gmt":"2025-05-24T08:28:35","slug":"vi-jornadas-ebp-secao-lo-encontros-e-desencontros-parcerias-sintomaticas-boletim-desequilibrio-00","status":"publish","type":"page","link":"https:\/\/ebp.org.br\/slo\/vi-jornadas-ebp-secao-lo-encontros-e-desencontros-parcerias-sintomaticas-boletim\/vi-jornadas-ebp-secao-lo-encontros-e-desencontros-parcerias-sintomaticas-boletim-desequilibrio-00\/","title":{"rendered":"VI Jornadas EBP Se\u00e7\u00e3o-LO \u2013 Encontros e desencontros &#8211; parcerias sintom\u00e1ticas &#8211; Boletim (DES)EQUIL\u00cdBRIO #00"},"content":{"rendered":"<section class=\"wpb-content-wrapper\">[vc_row][vc_column][\/vc_column][\/vc_row][vc_row][vc_column][vc_single_image image=&#8221;13647&#8243;][vc_column_text css=&#8221;.vc_custom_1744202098050{margin-top: -30px !important;padding-top: 10px !important;padding-bottom: 10px !important;background-color: #703914 !important;}&#8221;]\n<h3 style=\"text-align: center;\"><span style=\"color: #fcea0d;\"><strong>#00<\/strong><\/span><\/h3>\n[\/vc_column_text][\/vc_column][\/vc_row][vc_row css=&#8221;.vc_custom_1744201681801{background-color: #ffffff !important;}&#8221;][vc_column][vc_column_text]\n<h3><strong>Editorial<\/strong><\/h3>\n<p>A artista goiana,\u00a0<em>colagista manual,<\/em>\u00a0Eug\u00eania Fraietta assim descreve sua obra presente no cartaz das VI Jornadas da EBP-SLO: \u201c<em>Viver \u00e9 equilibrar pratos, afetos, desejos, responsabilidades, compromissos, amizades, amores\u2026 \u00e0s vezes os pratos espatifam.\u201d<\/em>\u00a0E\u00a0<strong>restam\u00a0<\/strong>cacos!<\/p>\n<p>Foi nessa meton\u00edmia entre os restos e o\u00a0<em>\u201cn\u00e3o h\u00e1 rela\u00e7\u00e3o sexual\u201d<\/em>\u00a0\u2013 tema do Congresso da AMP (2026) \u2013 que emergiu o (DES)EQUIL\u00cdBRIO, nome do nosso BOLETIM, trazendo uma refer\u00eancia direta \u00e0 teoria lacaniana por apontar as\u00a0<em>parcerias<\/em>\u00a0como\u00a0<em>encontros<\/em>\u00a0que fazem rela\u00e7\u00f5es com o\u00a0<em>desequil\u00edbrio<\/em>\u00a0do viver.<\/p>\n<p>No ARGUMENTO das VI Jornadas da Se\u00e7\u00e3o Leste-Oeste, voc\u00eas encontrar\u00e3o uma quest\u00e3o norteadora:\u00a0<em>o que faz um Encontro ou um Desencontro e como s\u00e3o constru\u00eddas as Parcerias Sintom\u00e1ticas?<\/em>\u00a0Perspectivas apontadas: a \u201cpsican\u00e1lise virtual\u201d; a fragilidade do\u00a0<strong>S<\/strong>; a ang\u00fastia dos corpos medicalizados; a err\u00e2ncia da solid\u00e3o do gozo e a \u00e9poca do \u201cpai tornado vapor\u201d. Mas\u00a0<em>e o amor? Como se d\u00e3o as parcerias sintom\u00e1ticas se a rela\u00e7\u00e3o sexual n\u00e3o existe e se a jun\u00e7\u00e3o entre amor e desejo n\u00e3o \u00e9 sem gozo?<\/em>\u00a0Sem GPS,\u00a0<strong>resta\u00a0<\/strong>a aposta no\u00a0<em>amor<\/em>!<\/p>\n<p>Na rubrica\u00a0<em>CORDA BAMBA<\/em>, pincelamos uma quest\u00e3o de Miller (2016) sobre\u00a0<em>o que \u00e9 o sintoma<\/em>\u00a0e o coment\u00e1rio de K\u00e9sia RAMOS (EBP\/AMP), que brevemente articular\u00e1 s<em>intoma\u00a0<\/em>como aquilo que d\u00e1 corpo \u00e0 rela\u00e7\u00e3o do sujeito com o gozo. O que\u00a0<strong>resta\u00a0<\/strong>\u00e9\u00a0a marca do real!<\/p>\n<p>Por \u00faltimo, nos INFORMES, encontrar\u00e3o orienta\u00e7\u00f5es sobre:\u00a0<em>Cart\u00e9is Fulgurantes<\/em>;\u00a0<em>Normas para os envios de Trabalhos<\/em>;\u00a0<em>T\u00edtulos dos\u00a0<strong>4 Eixos Tem\u00e1ticos<\/strong><\/em>;\u00a0<em>INSCRI\u00c7\u00d5ES<\/em>\u00a0e\u00a0<em>Comiss\u00f5es de Trabalho<\/em>.<\/p>\n<p><strong>Resta\u00a0<\/strong>voc\u00ea! Avante!<\/p>\n<p><em>Ord\u00e1lia Alves Junqueira<\/em><br \/>\n<em>Cristina Alves Barbosa Santos<\/em>[\/vc_column_text][vc_separator color=&#8221;orange&#8221; border_width=&#8221;2&#8243; css=&#8221;.vc_custom_1744202353604{padding-top: 40px !important;padding-bottom: 40px !important;}&#8221;][vc_single_image image=&#8221;13629&#8243;][vc_column_text]\n<h3><strong>Argumento<\/strong><\/h3>\n<p>Apresentamos o tema das VI Jornadas da EBP\/SLO \u201cEncontros e Desencontros \u2013 Parcerias Sintom\u00e1ticas\u201d, que acontecer\u00e3o nos dias 10 e 11 de outubro de 2025 na cidade de Goi\u00e2nia-GO.<\/p>\n<p>\u00c9 com a concep\u00e7\u00e3o de fazer uma leitura dos discursos contempor\u00e2neos que trataremos sobre os des-encontros para a psican\u00e1lise, sabendo que se trata de parcerias sintom\u00e1ticas.[\/vc_column_text][vc_empty_space height=&#8221;20px&#8221;]<a href=\"https:\/\/ebp.org.br\/slo\/vi-jornadas-ebp-secao-lo-encontros-e-desencontros-parcerias-sintomaticas-argumento\/\" class=\"vcex-button theme-button inline\" style=\"background:#eeee22;color:#0a0a0a;\" data-wpex-hover='{&quot;background&quot;:&quot;#d3c41d&quot;,&quot;color&quot;:&quot;#0a0a0a&quot;}'><span class=\"vcex-button-inner theme-button-inner\">LEIA +<\/span><\/a> [vc_separator color=&#8221;orange&#8221; border_width=&#8221;2&#8243; css=&#8221;.vc_custom_1744202353604{padding-top: 40px !important;padding-bottom: 40px !important;}&#8221;][vc_single_image image=&#8221;13630&#8243;][vc_column_text]\n<h3><strong>Corda Bamba<\/strong><\/h3>\n<blockquote>\n<blockquote><p><strong>\u201cQu\u00e9 es el s\u00edntoma? Un medio de goce, y si estoy ligado al Otro, es em tanto que el Otro, para m\u00ed, es s\u00edntoma, es decir, medio de goce de mi cuerpo\u201d<br \/>\n<\/strong>(MILLER.\u00a0<em>El partenaire-s\u00edntoma,<\/em>\u00a02016, p.408)<\/p><\/blockquote>\n<\/blockquote>\n<p>Miller articula o sintoma como aquilo que d\u00e1 corpo \u00e0 rela\u00e7\u00e3o do sujeito com o gozo. Mais que uma mensagem cifrada do inconsciente, o sintoma \u00e9 uma forma de gozo opaca ao saber \u2014 um real. Ao dizer que o Outro \u00e9 sintoma, aponta que o la\u00e7o com o parceiro sustenta-se como uma forma singular de gozar. Frente \u00e0 impossibilidade da rela\u00e7\u00e3o sexual, o sujeito faz do Outro seu partenaire-s\u00edntoma: encarna\u00e7\u00e3o de um gozo espec\u00edfico, que n\u00e3o se deduz do amor nem do sentido, mas que marca, no corpo, a presen\u00e7a do real.<\/p>\n<p><em>Por K\u00e9sia Ramos (EBP-AMP)<\/em>[\/vc_column_text][vc_separator color=&#8221;orange&#8221; border_width=&#8221;2&#8243; css=&#8221;.vc_custom_1744202353604{padding-top: 40px !important;padding-bottom: 40px !important;}&#8221;][vc_single_image image=&#8221;13631&#8243;][vc_column_text]<strong>Cart\u00e9is Fulgurantes(CF)<\/strong><\/p>\n<blockquote>\n<blockquote><p><em>\u201cNo cartel, \u00e9 a rela\u00e7\u00e3o de cada um com o tema que lhe causa que, via transfer\u00eancia de trabalho, produz o vivo da Escola\u201d.\u00a0<\/em>Gabriel Caixeta (NPJ-EBP\/Comiss\u00e3o de CF).<\/p><\/blockquote>\n<\/blockquote>\n<p>A Comiss\u00e3o de CF convida os interessados em formar um CF a se inscreverem at\u00e9 o dia\u00a0<strong>17\/04\/2025.<\/strong>\u00a0Cart\u00e9is Fulgurantes<strong>\u00a0<\/strong>s\u00e3o criados para a investiga\u00e7\u00e3o de temas de atividades do Campo Freudiano em um tempo de funcionamento r\u00e1pido e limitado. Estes, em especial, est\u00e3o sendo criados para o estudo do tema das VI Jornadas da EBP-SLO, \u201cEncontros e Desencontros \u2013 Parcerias Sintom\u00e1ticas\u201d. As inscri\u00e7\u00f5es poder\u00e3o ser feitas de duas formas&#8230;[\/vc_column_text][vc_empty_space height=&#8221;20px&#8221;]<a href=\"https:\/\/ebp.org.br\/slo\/vi-jornadas-ebp-secao-lo-encontros-e-desencontros-parcerias-sintomaticas-carteis-fulgurantes\/\" class=\"vcex-button theme-button inline\" style=\"background:#eeee22;color:#0a0a0a;\" data-wpex-hover='{&quot;background&quot;:&quot;#d3c41d&quot;,&quot;color&quot;:&quot;#0a0a0a&quot;}'><span class=\"vcex-button-inner theme-button-inner\">LEIA +<\/span><\/a> [vc_separator color=&#8221;orange&#8221; border_width=&#8221;2&#8243; css=&#8221;.vc_custom_1744202353604{padding-top: 40px !important;padding-bottom: 40px !important;}&#8221;][vc_single_image image=&#8221;13632&#8243;][vc_column_text]\n<h3 style=\"text-align: center;\"><strong>Informes<\/strong><\/h3>\n[\/vc_column_text][vc_empty_space height=&#8221;20px&#8221;][vc_row_inner][vc_column_inner width=&#8221;1\/4&#8243;][vc_single_image image=&#8221;13627&#8243; alignment=&#8221;center&#8221; onclick=&#8221;custom_link&#8221; link=&#8221;https:\/\/ebp.org.br\/slo\/vi-jornadas-ebp-secao-lo-encontros-e-desencontros-parcerias-sintomaticas-envio-de-trabalhos\/&#8221;][vc_empty_space height=&#8221;20px&#8221;][vc_column_text]\n<p style=\"text-align: center;\"><strong>ENVIO DE TRABALHOS<\/strong><\/p>\n[\/vc_column_text][\/vc_column_inner][vc_column_inner width=&#8221;1\/4&#8243;][vc_single_image image=&#8221;13628&#8243; alignment=&#8221;center&#8221; onclick=&#8221;custom_link&#8221; link=&#8221;https:\/\/ebp.org.br\/slo\/vi-jornadas-ebp-secao-lo-encontros-e-desencontros-parcerias-sintomaticas-inscricoes\/&#8221;][vc_empty_space height=&#8221;20px&#8221;][vc_column_text]\n<p style=\"text-align: center;\"><strong>INSCRI\u00c7\u00d5ES<\/strong><\/p>\n[\/vc_column_text][\/vc_column_inner][vc_column_inner width=&#8221;1\/4&#8243;][vc_single_image image=&#8221;13626&#8243; alignment=&#8221;center&#8221; onclick=&#8221;custom_link&#8221; link=&#8221;https:\/\/ebp.org.br\/slo\/vi-jornadas-ebp-secao-lo-encontros-e-desencontros-parcerias-sintomaticas-eixos-tematicos\/&#8221;][vc_empty_space height=&#8221;20px&#8221;][vc_column_text]\n<p style=\"text-align: center;\"><strong>EIXOS TEM\u00c1TICOS<\/strong><\/p>\n[\/vc_column_text][\/vc_column_inner][vc_column_inner width=&#8221;1\/4&#8243;][vc_single_image image=&#8221;13635&#8243; alignment=&#8221;center&#8221; onclick=&#8221;custom_link&#8221; link=&#8221;https:\/\/ebp.org.br\/slo\/vi-jornadas-ebp-secao-lo-encontros-e-desencontros-parcerias-sintomaticas-comissoes-organizadores\/&#8221;][vc_empty_space height=&#8221;20px&#8221;][vc_column_text]\n<p style=\"text-align: center;\"><strong>COMISS\u00d5ES DE TRABALHO<\/strong><\/p>\n[\/vc_column_text][\/vc_column_inner][\/vc_row_inner][\/vc_column][\/vc_row][vc_row column_spacing=&#8221;0px&#8221; css=&#8221;.vc_custom_1744201997873{margin-top: 0px !important;margin-right: 0px !important;margin-bottom: 0px !important;margin-left: 0px !important;border-top-width: 0px !important;border-right-width: 0px !important;border-bottom-width: 0px !important;border-left-width: 0px !important;padding-top: 0px !important;padding-right: 0px !important;padding-bottom: 0px !important;padding-left: 0px !important;}&#8221;][vc_column][vc_single_image image=&#8221;13648&#8243; css=&#8221;.vc_custom_1744201576525{margin-top: 0px !important;margin-right: 0px !important;margin-bottom: 0px !important;margin-left: 0px !important;border-top-width: 0px !important;border-right-width: 0px !important;border-bottom-width: 0px !important;border-left-width: 0px !important;padding-top: 0px !important;padding-right: 0px !important;padding-bottom: 0px !important;padding-left: 0px !important;}&#8221;][vc_column_text css=&#8221;.vc_custom_1744201654379{background-color: #542405 !important;}&#8221;]\n<p style=\"text-align: center;\"><span style=\"font-size: 13px; color: #ffffff;\"><strong><br \/>\nDire\u00e7\u00e3o Geral<\/strong><\/span><\/p>\n<p style=\"text-align: center;\"><span style=\"font-size: 13px; color: #ffffff;\"><strong>DIRE\u00c7\u00c3O GERAL<\/strong>:\u00a0 Alberto Murta (AME-EBP\/AMP) \u2013 Diretor Geral da EBP-SLO<\/span><br \/>\n<span style=\"font-size: 13px; color: #ffffff;\"><strong>COORDENA\u00c7\u00c3O GERAL<\/strong>: Ceres L\u00eada F.\u00a0 F . R\u00daBIO (EBP\/AMP)<\/span><br \/>\n<span style=\"font-size: 13px; color: #ffffff;\"><strong>CONVIDADO INTERNACIONAL<\/strong>: Pierre SIDON (ECF\/AMP)<\/span><br \/>\n<span style=\"font-size: 13px; color: #ffffff;\"><strong><br \/>\nCoordenadora:\u00a0<\/strong>Ord\u00e1lia A. Junqueira (EBP\/AMP). Caroline Quixabeira (NPJ\/EBP); Cristina Alves\/GO;<\/span><br \/>\n<span style=\"font-size: 13px; color: #ffffff;\">F\u00e1bio P. Barreto (EBP\/AMP); Gabriel Caixeta (NPJ\/EBP); Lu\u00edsa Carvalho (NPJ\/EBP); Melissa Fukuchi\/DF; Juliana Melo\/GO.<\/span><\/p>\n<p style=\"text-align: center;\"><span style=\"font-size: 13px; color: #ffffff;\"><strong>Designer:<\/strong>\u00a0<a style=\"color: #ffffff;\" href=\"mailto:sennabruno@gmail.com\">Bruno Senna<\/a><\/span><\/p>\n[\/vc_column_text][\/vc_column][\/vc_row]\n<\/section>","protected":false},"excerpt":{"rendered":"<p>[vc_row][vc_column][\/vc_column][\/vc_row][vc_row][vc_column][vc_single_image image=&#8221;13647&#8243;][vc_column_text css=&#8221;.vc_custom_1744202098050{margin-top: -30px !important;padding-top: 10px !important;padding-bottom: 10px !important;background-color: #703914 !important;}&#8221;] #00 [\/vc_column_text][\/vc_column][\/vc_row][vc_row css=&#8221;.vc_custom_1744201681801{background-color: #ffffff !important;}&#8221;][vc_column][vc_column_text] Editorial A artista goiana,\u00a0colagista manual,\u00a0Eug\u00eania Fraietta assim descreve sua obra presente no cartaz das VI Jornadas da EBP-SLO: \u201cViver \u00e9 equilibrar pratos, afetos, desejos, responsabilidades, compromissos, amizades, amores\u2026 \u00e0s vezes os pratos espatifam.\u201d\u00a0E\u00a0restam\u00a0cacos! Foi nessa meton\u00edmia entre os restos&hellip;<\/p>\n","protected":false},"author":1,"featured_media":0,"parent":13532,"menu_order":0,"comment_status":"closed","ping_status":"closed","template":"","meta":{"footnotes":""},"class_list":["post-13646","page","type-page","status-publish","hentry","entry","no-media"],"_links":{"self":[{"href":"https:\/\/ebp.org.br\/slo\/wp-json\/wp\/v2\/pages\/13646","targetHints":{"allow":["GET"]}}],"collection":[{"href":"https:\/\/ebp.org.br\/slo\/wp-json\/wp\/v2\/pages"}],"about":[{"href":"https:\/\/ebp.org.br\/slo\/wp-json\/wp\/v2\/types\/page"}],"author":[{"embeddable":true,"href":"https:\/\/ebp.org.br\/slo\/wp-json\/wp\/v2\/users\/1"}],"replies":[{"embeddable":true,"href":"https:\/\/ebp.org.br\/slo\/wp-json\/wp\/v2\/comments?post=13646"}],"version-history":[{"count":30,"href":"https:\/\/ebp.org.br\/slo\/wp-json\/wp\/v2\/pages\/13646\/revisions"}],"predecessor-version":[{"id":13686,"href":"https:\/\/ebp.org.br\/slo\/wp-json\/wp\/v2\/pages\/13646\/revisions\/13686"}],"up":[{"embeddable":true,"href":"https:\/\/ebp.org.br\/slo\/wp-json\/wp\/v2\/pages\/13532"}],"wp:attachment":[{"href":"https:\/\/ebp.org.br\/slo\/wp-json\/wp\/v2\/media?parent=13646"}],"curies":[{"name":"wp","href":"https:\/\/api.w.org\/{rel}","templated":true}]}}