{"id":13540,"date":"2025-03-31T16:04:55","date_gmt":"2025-03-31T19:04:55","guid":{"rendered":"https:\/\/ebp.org.br\/slo\/?page_id=13540"},"modified":"2025-09-29T13:59:26","modified_gmt":"2025-09-29T16:59:26","slug":"vi-jornadas-ebp-secao-lo-encontros-e-desencontros-parcerias-sintomaticas-comissoes-de-trabalho","status":"publish","type":"page","link":"https:\/\/ebp.org.br\/slo\/vi-jornadas-ebp-secao-lo-encontros-e-desencontros-parcerias-sintomaticas-comissoes-de-trabalho\/","title":{"rendered":"VI Jornadas EBP Se\u00e7\u00e3o-LO \u2013 Encontros e desencontros &#8211; parcerias sintom\u00e1ticas &#8211; Comiss\u00f5es de Trabalho"},"content":{"rendered":"<section class=\"wpb-content-wrapper\">[vc_row][vc_column][vc_single_image image=&#8221;13513&#8243;][\/vc_column][\/vc_row][vc_row][vc_column][vc_column_text]\n<h3><span style=\"color: #ff9900;\">COMISS\u00d5ES VI JORNADAS EBP SLO\u00a0 \u2018\u2019 ENCONTROS E DESENCONTROS-PARCERIAS SINTOM\u00c1TICAS\u2019\u2019<\/span><\/h3>\n<p><span style=\"color: #ff9900;\"><strong>DATA: 10 e 11 Outubro 2025<\/strong><\/span><\/p>\n<p><strong>CIENT\u00cdFICA<\/strong><\/p>\n<ul>\n<li>Coordenadora: Rosangela Ribeiro\u00a0(EBP\/AMP)<\/li>\n<li>Ary Farias (EBP\/AMP)<\/li>\n<li>Cristiano Pimenta (EBP\/AMP)<\/li>\n<li>Jaqueline Moreira (EBP\/AMP)<\/li>\n<li>T\u00e2nia Martins (EBP\/AMP)<\/li>\n<li>Bartyra Ribeiro de Castro (EBP\/AMP)<\/li>\n<\/ul>\n<p><strong>CART\u00c9IS FULGURANTES<\/strong><\/p>\n<ul>\n<li>Coordenadora:\u00a0Denizye Zacharias\u00a0(EBP\/AMP)<\/li>\n<li>Elisa M.\u00a0 Uyttenhove\/ES<\/li>\n<li>Gabriel Caixeta (NPJ\/EBP)<\/li>\n<li>H\u00edtala M. C. Gomes\/ES<\/li>\n<li>Jocilene Rigo\/GO<\/li>\n<li>Luciana S. Pedron (EBP\/AMP)<\/li>\n<li>Maria Clara S. Farias\/MS<\/li>\n<li>Nathalia R. Aguiar\/GO<\/li>\n<li>Regina Cheli\/ MS<\/li>\n<\/ul>\n<p><strong>BOLETIM<\/strong><\/p>\n<ul>\n<li>Coordenadora:\u00a0Ord\u00e1lia A. Junqueira\u00a0(EBP\/AMP)<\/li>\n<li>Caroline Quixabeira (NPJ\/EBP)<\/li>\n<li>Cristina Alves\/GO<\/li>\n<li>F\u00e1bio P. Barreto (EBP\/AMP)<\/li>\n<li>Gabriel Caixeta (NPJ\/EBP)<\/li>\n<li>Lu\u00edsa Carvalho (NPJ\/EBP)<\/li>\n<li>Melissa Fukuchi\/DF<\/li>\n<li>Juliana Melo\/GO.<\/li>\n<\/ul>\n<p><strong>BIBLIOGRAFIA<\/strong><\/p>\n<ul>\n<li>Coordenadora:\u00a0Giovanna Quaglia\u00a0(EBP\/AMP)<\/li>\n<li>Daiane O. R. Ruiz (NPJ\/EBP)<\/li>\n<li>Gabriel Caixeta (NPJ\/EBP)<\/li>\n<li>Giovana Heineman\/GO<\/li>\n<li>Helen C. Guerra\/MS<\/li>\n<li>Luciana Pedron (EBP\/AMP)<\/li>\n<li>Olenice Amorim\/ES<\/li>\n<li>Rafaela V. de O. Quixabeira (NPJ\/EBP)<\/li>\n<li>Randra Gondoiun\/ES<\/li>\n<\/ul>\n<p><strong>DIVULGA\u00c7\u00c3O GERAL<\/strong><\/p>\n<ul>\n<li>Coordenadora:\u00a0Rafaela V. de O. Quixabeira\u00a0(NPJ\/EBP)<\/li>\n<li>Caroline Quixabeira (NPJ\/EBP)<\/li>\n<li>Gabriel Caixeta (NPJ\/EBP)<\/li>\n<li>Is\u00e2ngela L. Almeida\/MS<\/li>\n<li>Jaqueline Moreira (EBP\/AMP)<\/li>\n<li>Randra Gondoiun\/ES<\/li>\n<\/ul>\n<p><strong>DIVULGA\u00c7\u00c3O UNIVERSIT\u00c1RIA<\/strong><\/p>\n<ul>\n<li>Coordenadora:\u00a0Virg\u00ednia Carvalho\u00a0(EBP\/AMP)<\/li>\n<li>Adriana Pessoa\/ES<\/li>\n<li>Anna Rog\u00e9ria N. De Oliveira (EBP\/AMP)<\/li>\n<li>Denizye Zacharias (EBP\/AMP)<\/li>\n<li>F\u00e1bio Paes Barreto (EBP\/AMP)<\/li>\n<li>Giovanna Quaglia (EBP\/AMP)<\/li>\n<li>Luana Silva\/MS<\/li>\n<li>Regina Cheli Prati (MS)<\/li>\n<li>Rafaella Cunha (NPJ\/EBP)<\/li>\n<\/ul>\n<p><strong>EDITORIAL<\/strong><\/p>\n<ul>\n<li>Coordenadora: Olenice Amorim Gon\u00e7alves\/ES<\/li>\n<li>Cl\u00e9a Martins Machado de\u00a0Oliveira\u00a0(ES)<\/li>\n<li>Daniel Camelo Rancan\/DF<\/li>\n<li>Fernanda de F\u00e1tima Fernandes\/GO<\/li>\n<li>Kati\u00fascia Kintschen\/MS<\/li>\n<li>Patr\u00edcia Gramacho\/GO<\/li>\n<\/ul>\n<p><strong>LIVRARIA<\/strong><\/p>\n<ul>\n<li>Coordenadora: Ana Paula Rezende\/GO<\/li>\n<li>Carlos Alberto de S\u00e1\/GO<\/li>\n<li>Laisa G. Teixeira\/GO<\/li>\n<li>Luana Santos\/MS<\/li>\n<li>Maila Rocha\/GO<\/li>\n<li>Renata Tavares (EBP\/AMP)<\/li>\n<\/ul>\n<p><strong>ARTE E CULTURA<\/strong><\/p>\n<ul>\n<li>Coordenadora: Ruskaya Maia\u00a0(EBP\/AMP)<\/li>\n<li>T\u00e2nia Prates\/ES<\/li>\n<li>Delza Eloy\/GO<\/li>\n<li>Henrique Lopes\/GO<\/li>\n<li>Tiago Barbosa\/DF<\/li>\n<li>Ezequiel Martins Ferreira\/GO<\/li>\n<\/ul>\n<p><strong>ACOLHIMENTO<\/strong><\/p>\n<ul>\n<li>Coordenador:\u00a0Henrique A. Lopes\/GO<\/li>\n<li>Caroline Quixabeira (NPJ\/EBP)<\/li>\n<li>Fernanda Ribeiro Marra\/GO<\/li>\n<li>Isana R. Braz\/GO<\/li>\n<li>Leticia F. Braga\/GO<\/li>\n<li>Leonora A. Florencio\/GO<\/li>\n<li>Rodrigo O. do Santo\/GO<\/li>\n<li>Ivana P. Corva\/GO<\/li>\n<\/ul>\n<p><strong>INFRAESTRUTURA F\u00cdSICA<\/strong><\/p>\n<ul>\n<li>Coordenadora:\u00a0Anna Rog\u00e9ria Oliveira\u00a0(EBP\/AMP)<\/li>\n<li>Fabiana E. Fratari\/GO<\/li>\n<li>Fernando F. S. Reis (NPJ\/EBP)<\/li>\n<li>Leticia F. Braga\/GO<\/li>\n<li>Rodrigo Oliveira\/GO<\/li>\n<\/ul>\n<p><strong>INFRAESTRUTURA DE REDES<\/strong><\/p>\n<ul>\n<li>Coordenadora:\u00a0Elisa M. Uyttenhove\/ES<\/li>\n<li>Rafaella Cunha (NPJ\/EBP)<\/li>\n<li>Sheila Cordeiro\/MS<\/li>\n<li>Suraia Velosa\/GO<\/li>\n<li>M\u00e1rcia C. de Campos\/MS<\/li>\n<li>Adriana Goring\/ES<\/li>\n<li>Rafaela V. de O. Quixabeira (NPJ\/EBP)<\/li>\n<li>Is\u00e2ngela L. Almeida\/MS<\/li>\n<li>Karen de Moura\/GO<\/li>\n<li>Rozilene M. Victor\/DF<\/li>\n<li>Stephanie O. Boechat\/ES<\/li>\n<li>Janayna Pinheiro\/ES<\/li>\n<li>Tiago Barbosa\/DF<\/li>\n<li>Gleice T. Barbosa\/MS<\/li>\n<\/ul>\n<p><strong>TRADU\u00c7\u00c3O<\/strong><\/p>\n<ul>\n<li>Coordenadora:\u00a0Bartyra Ribeiro\u00a0(EBP\/AMP)<\/li>\n<li>Anna Rog\u00e9ria Oliveira (EBP\/AMP)<\/li>\n<li>Juliana Bressanelli\/ES<\/li>\n<li>Luiz Francisco E. Camargo (EBP\/AMP)<\/li>\n<\/ul>\n<p><strong>TESOURARIA<\/strong><\/p>\n<ul>\n<li>Coordenadora: Wal\u00e9ria Paix\u00e3o\/GO<\/li>\n<li>Suraia Veloso\/GO<\/li>\n<li>Geanine Lucas\/ DF<\/li>\n<\/ul>\n[\/vc_column_text][\/vc_column][\/vc_row]\n<\/section>","protected":false},"excerpt":{"rendered":"<p>[vc_row][vc_column][vc_single_image image=&#8221;13513&#8243;][\/vc_column][\/vc_row][vc_row][vc_column][vc_column_text] COMISS\u00d5ES VI JORNADAS EBP SLO\u00a0 \u2018\u2019 ENCONTROS E DESENCONTROS-PARCERIAS SINTOM\u00c1TICAS\u2019\u2019 DATA: 10 e 11 Outubro 2025 CIENT\u00cdFICA Coordenadora: Rosangela Ribeiro\u00a0(EBP\/AMP) Ary Farias (EBP\/AMP) Cristiano Pimenta (EBP\/AMP) Jaqueline Moreira (EBP\/AMP) T\u00e2nia Martins (EBP\/AMP) Bartyra Ribeiro de Castro (EBP\/AMP) CART\u00c9IS FULGURANTES Coordenadora:\u00a0Denizye Zacharias\u00a0(EBP\/AMP) Elisa M.\u00a0 Uyttenhove\/ES Gabriel Caixeta (NPJ\/EBP) H\u00edtala M. C. Gomes\/ES Jocilene Rigo\/GO&hellip;<\/p>\n","protected":false},"author":1,"featured_media":0,"parent":0,"menu_order":0,"comment_status":"closed","ping_status":"closed","template":"","meta":{"footnotes":""},"class_list":["post-13540","page","type-page","status-publish","hentry","entry","no-media"],"_links":{"self":[{"href":"https:\/\/ebp.org.br\/slo\/wp-json\/wp\/v2\/pages\/13540","targetHints":{"allow":["GET"]}}],"collection":[{"href":"https:\/\/ebp.org.br\/slo\/wp-json\/wp\/v2\/pages"}],"about":[{"href":"https:\/\/ebp.org.br\/slo\/wp-json\/wp\/v2\/types\/page"}],"author":[{"embeddable":true,"href":"https:\/\/ebp.org.br\/slo\/wp-json\/wp\/v2\/users\/1"}],"replies":[{"embeddable":true,"href":"https:\/\/ebp.org.br\/slo\/wp-json\/wp\/v2\/comments?post=13540"}],"version-history":[{"count":12,"href":"https:\/\/ebp.org.br\/slo\/wp-json\/wp\/v2\/pages\/13540\/revisions"}],"predecessor-version":[{"id":13926,"href":"https:\/\/ebp.org.br\/slo\/wp-json\/wp\/v2\/pages\/13540\/revisions\/13926"}],"wp:attachment":[{"href":"https:\/\/ebp.org.br\/slo\/wp-json\/wp\/v2\/media?parent=13540"}],"curies":[{"name":"wp","href":"https:\/\/api.w.org\/{rel}","templated":true}]}}