{"id":13536,"date":"2025-03-31T16:02:29","date_gmt":"2025-03-31T19:02:29","guid":{"rendered":"https:\/\/ebp.org.br\/slo\/?page_id=13536"},"modified":"2025-08-02T04:28:52","modified_gmt":"2025-08-02T07:28:52","slug":"vi-jornadas-ebp-secao-lo-encontros-e-desencontros-parcerias-sintomaticas-livraria","status":"publish","type":"page","link":"https:\/\/ebp.org.br\/slo\/vi-jornadas-ebp-secao-lo-encontros-e-desencontros-parcerias-sintomaticas-livraria\/","title":{"rendered":"VI Jornadas EBP Se\u00e7\u00e3o-LO \u2013 Encontros e desencontros &#8211; parcerias sintom\u00e1ticas &#8211; Livraria"},"content":{"rendered":"<section class=\"wpb-content-wrapper\">[vc_row][vc_column][vc_single_image image=&#8221;13513&#8243;][\/vc_column][\/vc_row][vc_row][vc_column]<div class=\"vcex-spacing wpex-w-100 wpex-clear\"><\/div>[\/vc_column][\/vc_row][vc_row][vc_column][vc_column_text]\n<h3><span style=\"color: #000000;\">\ud83d\udcda <strong>A Livraria da VI Jornada da EBP \u2013 Se\u00e7\u00e3o Leste-Oeste<\/strong><\/span><\/h3>\n<p><strong>&#8220;Encontros e Desencontros \u2013 Parcerias Sintom\u00e1ticas&#8221;<\/strong><\/p>\n<p>Os livros fazem parte essencial da forma\u00e7\u00e3o do analista. Como bem sabemos, o trip\u00e9 freudiano \u00e9 a base que sustenta uma pr\u00e1tica anal\u00edtica \u00e9tica e eficaz:<\/p>\n<ul>\n<li>A an\u00e1lise pessoal,<\/li>\n<li>A supervis\u00e3o ou controle,<\/li>\n<li>E o estudo cont\u00ednuo dos textos fundamentais da teoria psicanal\u00edtica \u2014 incluindo a obra de Freud, Lacan e autores contempor\u00e2neos comprometidos com a orienta\u00e7\u00e3o do campo freudiano.<\/li>\n<\/ul>\n<p>Pensando nisso, a livraria da VI Jornada est\u00e1 sendo preparada com cuidado e dedica\u00e7\u00e3o, reunindo uma sele\u00e7\u00e3o criteriosa de livros, revistas, lan\u00e7amentos e t\u00edtulos essenciais. O objetivo \u00e9 oferecer ferramentas que apoiem a elabora\u00e7\u00e3o do saber do analista, contribuindo para o aprimoramento te\u00f3rico e a atualiza\u00e7\u00e3o da pr\u00e1tica cl\u00ednica.<\/p>\n<p>Na psican\u00e1lise de orienta\u00e7\u00e3o lacaniana, o estudo e a escrita formam uma parceria fundamental: sustentam a articula\u00e7\u00e3o te\u00f3rica, fomentam a discuss\u00e3o cl\u00ednica e possibilitam trocas valiosas entre analistas e interessados no discurso anal\u00edtico. Como trabalhamos com a singularidade \u2014 e n\u00e3o com modelos pr\u00e9vios \u2014, a leitura regular torna-se um instrumento imprescind\u00edvel para lidar com o real de cada caso.<\/p>\n<p>Ao longo da Jornada, teremos lan\u00e7amentos de livros de membros da Se\u00e7\u00e3o Leste-Oeste, da Revista Sabi\u00e1 e de outros autores que estar\u00e3o presentes conosco.<\/p>\n<p>\ud83d\udccd Esperamos voc\u00eas em nosso espa\u00e7o, repleto de livros e novidades!<\/p>\n<p>Venham descobrir, reencontrar e escrever novos caminhos de leitura e escuta.<\/p>\n<p>At\u00e9 l\u00e1!<\/p>\n<p><strong>Equipe Livraria<\/strong><\/p>\n<ul>\n<li>Ana Paula Fernandes Rezende (coordena\u00e7\u00e3o)<\/li>\n<li>Laisa Gon\u00e7alves Teixeira<\/li>\n<li>Maila Thaiane Reis Rocha Siqueira<\/li>\n<li>Carlos Alberto de S\u00e1 Barros J\u00fanior<\/li>\n<li>Joel Ramos de Oiveira<\/li>\n<li>Renata Tavares Imperial<\/li>\n<\/ul>\n[\/vc_column_text][\/vc_column][\/vc_row]\n<\/section>","protected":false},"excerpt":{"rendered":"<p>[vc_row][vc_column][vc_single_image image=&#8221;13513&#8243;][\/vc_column][\/vc_row][vc_row][vc_column][\/vc_column][\/vc_row][vc_row][vc_column][vc_column_text] \ud83d\udcda A Livraria da VI Jornada da EBP \u2013 Se\u00e7\u00e3o Leste-Oeste &#8220;Encontros e Desencontros \u2013 Parcerias Sintom\u00e1ticas&#8221; Os livros fazem parte essencial da forma\u00e7\u00e3o do analista. Como bem sabemos, o trip\u00e9 freudiano \u00e9 a base que sustenta uma pr\u00e1tica anal\u00edtica \u00e9tica e eficaz: A an\u00e1lise pessoal, A supervis\u00e3o ou controle, E o estudo&hellip;<\/p>\n","protected":false},"author":1,"featured_media":0,"parent":0,"menu_order":0,"comment_status":"closed","ping_status":"closed","template":"","meta":{"footnotes":""},"class_list":["post-13536","page","type-page","status-publish","hentry","entry","no-media"],"_links":{"self":[{"href":"https:\/\/ebp.org.br\/slo\/wp-json\/wp\/v2\/pages\/13536","targetHints":{"allow":["GET"]}}],"collection":[{"href":"https:\/\/ebp.org.br\/slo\/wp-json\/wp\/v2\/pages"}],"about":[{"href":"https:\/\/ebp.org.br\/slo\/wp-json\/wp\/v2\/types\/page"}],"author":[{"embeddable":true,"href":"https:\/\/ebp.org.br\/slo\/wp-json\/wp\/v2\/users\/1"}],"replies":[{"embeddable":true,"href":"https:\/\/ebp.org.br\/slo\/wp-json\/wp\/v2\/comments?post=13536"}],"version-history":[{"count":2,"href":"https:\/\/ebp.org.br\/slo\/wp-json\/wp\/v2\/pages\/13536\/revisions"}],"predecessor-version":[{"id":13846,"href":"https:\/\/ebp.org.br\/slo\/wp-json\/wp\/v2\/pages\/13536\/revisions\/13846"}],"wp:attachment":[{"href":"https:\/\/ebp.org.br\/slo\/wp-json\/wp\/v2\/media?parent=13536"}],"curies":[{"name":"wp","href":"https:\/\/api.w.org\/{rel}","templated":true}]}}