{"id":13534,"date":"2025-03-31T16:01:52","date_gmt":"2025-03-31T19:01:52","guid":{"rendered":"https:\/\/ebp.org.br\/slo\/?page_id=13534"},"modified":"2025-07-15T09:32:31","modified_gmt":"2025-07-15T12:32:31","slug":"vi-jornadas-ebp-secao-lo-encontros-e-desencontros-parcerias-sintomaticas-inscricoes","status":"publish","type":"page","link":"https:\/\/ebp.org.br\/slo\/vi-jornadas-ebp-secao-lo-encontros-e-desencontros-parcerias-sintomaticas-inscricoes\/","title":{"rendered":"VI Jornadas EBP Se\u00e7\u00e3o-LO \u2013 Encontros e desencontros &#8211; parcerias sintom\u00e1ticas &#8211; Inscri\u00e7\u00f5es"},"content":{"rendered":"<section class=\"wpb-content-wrapper\">[vc_row][vc_column][vc_single_image image=&#8221;13513&#8243; alignment=&#8221;center&#8221;][\/vc_column][\/vc_row][vc_row][vc_column][vc_column_text]Fa\u00e7a sua inscri\u00e7\u00e3o para participar das VI Jornadas da Escola Brasileira de Psican\u00e1lise da Se\u00e7\u00e3o Leste-Oeste (EBP-SLO). Elas ser\u00e3o realizadas na cidade de Goi\u00e2nia-GO, no audit\u00f3rio IV da Pontif\u00edcia Universidade Cat\u00f3lica de Goias &#8211; Pr\u00f3-Reitoria de Gradua\u00e7\u00e3o (PUC-GO). Av Universit\u00e1ria 1069 &#8211; Setor Universit\u00e1rio.<\/p>\n<p>As Jornadas ser\u00e3o h\u00edbridas: voc\u00ea poder\u00e1 participar presencialmente ou on-line via link do Zoom.<\/p>\n<p>Entre no link abaixo. Ele te levar\u00e1 para a plataforma do Sympla. Aten\u00e7\u00e3o ao marcar a indica\u00e7\u00e3o da sua categoria e do modo de participa\u00e7\u00e3o, fazendo uma escolha por: presencial ou on-line.[\/vc_column_text][\/vc_column][\/vc_row][vc_row css=&#8221;.vc_custom_1744450020390{background-color: #dbdbdb !important;}&#8221;][vc_column][vc_column_text]\n<h4><span style=\"color: #ff0000;\"><strong>ATEN\u00c7\u00c3O<\/strong><\/span><\/h4>\n<p>Para a categoria de Estudantes , observem que s\u00f3 ser\u00e3o considerados pertencentes a essa categoria , apenas aqueles que fazem gradua\u00e7\u00e3o universit\u00e1ria e alunos do IPLO\u201d . \u00c9 necess\u00e1rio enviar comprovante dessa condi\u00e7\u00e3o para o e-mail <a href=\"mailto:ebpslo.info@gmail.com\">ebpslo.info@gmail.com<\/a><\/p>\n<p>A inscri\u00e7\u00e3o de \u201cIsentos\u201d n\u00e3o \u00e9 realizada pela plataforma do Sympla. \u00c9 necess\u00e1rio enviar um e-mail para <a href=\"mailto:ebpslo.info@gmail.com\">ebpslo.info@gmail.com<\/a> declarando sua condi\u00e7\u00e3o de \u201cestudante assistido\u201d e enviando comprovantes que justifiquem essa declara\u00e7\u00e3o. S\u00e3o considerados alunos isentos aqueles que participam do PRAE \u2013 Programa de Moradia Estudantil-Pr\u00f3 Reitoria de Assuntos Estudantis da UFG ou \u00f3rg\u00e3o equivalente na sua regi\u00e3o.[\/vc_column_text][\/vc_column][\/vc_row][vc_row][vc_column][vc_column_text]\n<h3 style=\"text-align: center;\">1\u00ba LOTE<\/h3>\n[\/vc_column_text][\/vc_column][\/vc_row][vc_row css=&#8221;.vc_custom_1743531847904{background-color: #8e531f !important;border-radius: 10px !important;}&#8221;][vc_column width=&#8221;1\/4&#8243;][vc_empty_space][vc_column_text]\n<p style=\"text-align: center;\"><span style=\"color: #ffffff;\"><strong>Membro da EBP<\/strong><\/span><\/p>\n<h2 style=\"text-align: center;\"><span style=\"color: #ffff00;\"><strong>R$ 450,00<\/strong><\/span><\/h2>\n[\/vc_column_text][\/vc_column][vc_column width=&#8221;1\/4&#8243;][vc_empty_space][vc_column_text]\n<p style=\"text-align: center;\"><span style=\"color: #ffffff;\"><strong>Profissionais<\/strong><\/span><\/p>\n<h2 style=\"text-align: center;\"><span style=\"color: #ffff00;\"><strong>R$ 340,00<\/strong><\/span><\/h2>\n[\/vc_column_text][\/vc_column][vc_column width=&#8221;1\/4&#8243;][vc_empty_space][vc_column_text]\n<p style=\"text-align: center;\"><span style=\"color: #ffffff;\"><strong>Estud. Univ. Graduandos \/ IPLO<\/strong><\/span><\/p>\n<h2 style=\"text-align: center;\"><span style=\"color: #ffff00;\"><strong>R$ 200,00<\/strong><\/span><\/h2>\n[\/vc_column_text][\/vc_column][vc_column width=&#8221;1\/4&#8243;][vc_empty_space][vc_column_text]\n<p style=\"text-align: center;\"><span style=\"color: #ffffff;\"><strong>Estudantes Assistidos \u2014 Isentos\u00a0<\/strong><\/span><\/p>\n<h2 style=\"text-align: center;\"><span style=\"color: #ffff00;\"><strong>ISENTOS<\/strong><\/span><\/h2>\n[\/vc_column_text][\/vc_column][\/vc_row][vc_row][vc_column][vc_column_text]Efetive sua inscri\u00e7\u00e3o clicando no link abaixo:[\/vc_column_text][\/vc_column][\/vc_row][vc_row][vc_column]<div class=\"theme-button-wrap textcenter wpex-clr\"><a href=\"https:\/\/www.sympla.com.br\/evento\/vi-jornadas-da-secao-leste-oeste\/2890393\" class=\"vcex-button theme-button large align-center wpex-mb-5 inline hvr hvr-pulse\" style=\"background:#eeee22;padding:10px;color:#8e531f;border-radius:var(--wpex-rounded);margin:10px;\" data-wpex-hover='{&quot;color&quot;:&quot;#5e2500&quot;}' target=\"_blank\" rel=\"noopener noreferrer\"><span class=\"vcex-button-inner theme-button-inner\">INSCRI\u00c7\u00d5ES<span class=\"vcex-button-icon vcex-icon-wrap theme-button-icon-right\" style=\"padding-left:5px;\"><span class=\"ticon ticon-check-circle\" aria-hidden=\"true\"><\/span><\/span><\/span><\/a><\/div> [\/vc_column][\/vc_row][vc_row][vc_column][vc_column_text]\n<p style=\"text-align: center;\">Para d\u00favidas e informa\u00e7\u00f5es envie e-mail para:<\/p>\n<p style=\"text-align: center;\"><a href=\"mailto:ebpslo.info@gmail.com\"><strong>ebpslo.info@gmail.com<\/strong><\/a><\/p>\n[\/vc_column_text][\/vc_column][\/vc_row]\n<\/section>","protected":false},"excerpt":{"rendered":"<p>[vc_row][vc_column][vc_single_image image=&#8221;13513&#8243; alignment=&#8221;center&#8221;][\/vc_column][\/vc_row][vc_row][vc_column][vc_column_text]Fa\u00e7a sua inscri\u00e7\u00e3o para participar das VI Jornadas da Escola Brasileira de Psican\u00e1lise da Se\u00e7\u00e3o Leste-Oeste (EBP-SLO). Elas ser\u00e3o realizadas na cidade de Goi\u00e2nia-GO, no audit\u00f3rio IV da Pontif\u00edcia Universidade Cat\u00f3lica de Goias &#8211; Pr\u00f3-Reitoria de Gradua\u00e7\u00e3o (PUC-GO). Av Universit\u00e1ria 1069 &#8211; Setor Universit\u00e1rio. As Jornadas ser\u00e3o h\u00edbridas: voc\u00ea poder\u00e1 participar presencialmente ou&hellip;<\/p>\n","protected":false},"author":1,"featured_media":0,"parent":0,"menu_order":0,"comment_status":"closed","ping_status":"closed","template":"","meta":{"footnotes":""},"class_list":["post-13534","page","type-page","status-publish","hentry","entry","no-media"],"_links":{"self":[{"href":"https:\/\/ebp.org.br\/slo\/wp-json\/wp\/v2\/pages\/13534","targetHints":{"allow":["GET"]}}],"collection":[{"href":"https:\/\/ebp.org.br\/slo\/wp-json\/wp\/v2\/pages"}],"about":[{"href":"https:\/\/ebp.org.br\/slo\/wp-json\/wp\/v2\/types\/page"}],"author":[{"embeddable":true,"href":"https:\/\/ebp.org.br\/slo\/wp-json\/wp\/v2\/users\/1"}],"replies":[{"embeddable":true,"href":"https:\/\/ebp.org.br\/slo\/wp-json\/wp\/v2\/comments?post=13534"}],"version-history":[{"count":19,"href":"https:\/\/ebp.org.br\/slo\/wp-json\/wp\/v2\/pages\/13534\/revisions"}],"predecessor-version":[{"id":13831,"href":"https:\/\/ebp.org.br\/slo\/wp-json\/wp\/v2\/pages\/13534\/revisions\/13831"}],"wp:attachment":[{"href":"https:\/\/ebp.org.br\/slo\/wp-json\/wp\/v2\/media?parent=13534"}],"curies":[{"name":"wp","href":"https:\/\/api.w.org\/{rel}","templated":true}]}}