{"id":13530,"date":"2025-03-31T16:00:52","date_gmt":"2025-03-31T19:00:52","guid":{"rendered":"https:\/\/ebp.org.br\/slo\/?page_id=13530"},"modified":"2025-10-03T06:39:48","modified_gmt":"2025-10-03T09:39:48","slug":"vi-jornadas-ebp-secao-lo-encontros-e-desencontros-parcerias-sintomaticas-programa","status":"publish","type":"page","link":"https:\/\/ebp.org.br\/slo\/vi-jornadas-ebp-secao-lo-encontros-e-desencontros-parcerias-sintomaticas-programa\/","title":{"rendered":"VI Jornadas EBP Se\u00e7\u00e3o-LO \u2013 Encontros e desencontros &#8211; parcerias sintom\u00e1ticas &#8211; Programa"},"content":{"rendered":"<section class=\"wpb-content-wrapper\">[vc_row][vc_column][vc_single_image image=&#8221;13513&#8243;][\/vc_column][\/vc_row][vc_row][vc_column]<div class=\"vcex-spacing wpex-w-100 wpex-clear\"><\/div>[\/vc_column][\/vc_row][vc_row][vc_column width=&#8221;5\/6&#8243;][vc_column_text]\n<h3><span style=\"color: #000000;\">09 <span style=\"color: #ffff00;\">\u2022<\/span> out <span style=\"color: #ffff00;\">\u2022<\/span> 2025<\/span><\/h3>\n<h4>\u00bb QUINTA-FEIRA <strong>\u2022<\/strong> NOITE<\/h4>\n<h5>19h00 &#8211; Pr\u00e9-jornada<\/h5>\n<p><strong>Exibi\u00e7\u00e3o e debate do filme \u201cOeste Outra Vez\u201d<\/strong><\/p>\n<ul>\n<li>\u00c9rico Rassi \u2013 <em>Diretor<\/em><\/li>\n<li>Fabr\u00edcio Cordeiro \u2013 <em>Cr\u00edtico e curador de Cinema<\/em>\n<ul>\n<li><em>Coordenadora: Ruskaya Maia \u2013 EBP\/AMP<\/em>\n<ul>\n<li><em>Local: Cine Cultura. Ingressos limitados<\/em><\/li>\n<\/ul>\n<\/li>\n<\/ul>\n<\/li>\n<\/ul>\n<h3><strong>10 <span style=\"color: #ffff00;\">\u2022<\/span> out <span style=\"color: #ffff00;\">\u2022<\/span> 2025<\/strong><\/h3>\n<h4>\u00bb SEXTA-FEIRA<span style=\"color: #ffff00;\"><strong> \u2022 <\/strong><\/span>MANH\u00c3<\/h4>\n<h5>09h20 | 12h30<strong><span style=\"color: #ffff00;\"> \u2022<\/span> Mesas Simult\u00e2neas &#8211; ONLINE<\/strong><\/h5>\n<h5>12h30 | 13h00<strong><span style=\"color: #ffff00;\"> \u2022<\/span> Almo\u00e7o<\/strong><\/h5>\n<h4>\u00bb SEXTA-FEIRA <span style=\"color: #ffff00;\"><strong>\u2022<\/strong><\/span> TARDE<\/h4>\n<h5>13h00 | 13h30<strong><span style=\"color: #ffff00;\"> \u2022<\/span> Credenciamento<\/strong><\/h5>\n<h5>13h30 | 13h50<strong><span style=\"color: #ffff00;\"> \u2022<\/span> Mesa de Abertura<\/strong><\/h5>\n<ul>\n<li>Alberto Murta \u2013 Diretor Geral da EBP\/LO \u2013 AME EBP\/AMP<\/li>\n<li>Cristiano Pimenta \u2013 Presidente do Conselho EBP\/LO \u2013\u00a0 EBP\/AMP<\/li>\n<li>Ceres L\u00eada F. F. R\u00fabio \u2013 Coordenadora Geral das VI Jornadas \u2013\u00a0 EBP\/AMP<\/li>\n<li>Prof. Dr. Divino de Jesus da Silva Rodrigues &#8211; Diretor ECISS da PUC-GO<\/li>\n<\/ul>\n<h5><strong>13h50 | 14h05 <span style=\"color: #ffff00;\">\u2022<\/span> Lan\u00e7amento da revista Sabi\u00e1 n\u00ba4<\/strong><\/h5>\n<ul>\n<li>Adriana Gomes Pessoa &#8211; Diretora de Biblioteca da EBP-LO<\/li>\n<\/ul>\n<h5>14h10 | 14h25<strong><span style=\"color: #ffff00;\"> \u2022<\/span> Atividade Cultural<\/strong><\/h5>\n<h5>14h30 | 15h30<strong><span style=\"color: #ffff00;\"> \u2022<\/span> PLEN\u00c1RIA<\/strong><\/h5>\n<p><strong>Encontros e desencontros nas parcerias: no amor, na crian\u00e7a\u00a0 e no adolescente <\/strong><\/p>\n<ul>\n<li>O que revelam as parcerias sintom\u00e1ticas na crian\u00e7a e adolesc\u00eancia \u2013 Com quem jogam a partida? \u2013 Ceres L\u00eada F. F. R\u00fabio \u2013 Coordenadora das VI Jornadas \u2013 EBP\/AMP<\/li>\n<li>O encontro com lal\u00edngua \u2013 Cristiano Pimenta \u2013 Presidente do Conselho da EBP-LO \u2013 EBP\/AMP<\/li>\n<li>O amor em face do real \u2013 Alberto Murta \u2013 Diretor Geral da EBP-LO \u2013 AME EBP\/AMP\n<ul>\n<li><em>Coordenador: Ary Farias \u2013 EBP\/AMP <\/em><\/li>\n<\/ul>\n<\/li>\n<\/ul>\n<p>15h35 | 16h35<strong><span style=\"color: #ffff00;\"> \u2022<\/span> PLEN\u00c1RIA<\/strong><\/p>\n<p><strong>Parcerias sintom\u00e1ticas na psicose. E no autismo? <\/strong><\/p>\n<ul>\n<li>Efeitos da perda de parceiro sintoma em um caso de psicose ordin\u00e1ria \u2013 Luis Francisco E. Camargo \u2013 EBP\/AMP<\/li>\n<li>A parceria sintom\u00e1tica na psicose \u2013 um amor poss\u00edvel? \u2013 Ana Paula Fernandes Rezende<\/li>\n<li>O que podemos pensar sobre a estrutura aut\u00edstica e a hip\u00f3tese de n\u00e3o-parceria sintom\u00e1tica \u2013 Bartyra Ribeiro de Castro \u2013 EBP\/AMP\n<ul>\n<li><em>Coordenadora: Rosangela Ribeiro \u2013 EBP\/AMP <\/em><\/li>\n<\/ul>\n<\/li>\n<\/ul>\n<h5>16h40 | 18h00<strong><span style=\"color: #ffff00;\"> \u2022<\/span> Confer\u00eancia <\/strong><\/h5>\n<p><strong>I Confer\u00eancia: O real parceiro &#8211; Pierre Sidon (ECF\/AMP) <\/strong><\/p>\n<ul>\n<li><em>Tradutores: Luis Francisco Camargo \u2013 EBP\/AMP e Bartyra Ribeiro de Castro \u2013 EBP\/AMP<\/em><\/li>\n<li><em>Coordenador: Alberto Murta \u2013 AME EBP\/AMP<\/em><\/li>\n<\/ul>\n<h5>18h00<strong><span style=\"color: #ffff00;\"> \u2022<\/span> Lan\u00e7amento da exposi\u00e7\u00e3o<\/strong><\/h5>\n<p><strong>\u201cEncontros e desencontros \u2013 Parcerias Sintom\u00e1ticas\u201d<\/strong><\/p>\n<ul>\n<li><em>Artista Visual: Eug\u00eania Fraietta<\/em><\/li>\n<\/ul>\n<h3>11 <span style=\"color: #ffff00;\">\u2022<\/span> out <span style=\"color: #ffff00;\">\u2022<\/span> 2025<\/h3>\n<h4>\u00bb <strong>S\u00c1BADO <span style=\"color: #ffff00;\">\u2022<\/span> MANH\u00c3<\/strong><\/h4>\n<h5>09h20 | 12h30<strong><span style=\"color: #ffff00;\"> \u2022<\/span> Mesas Simult\u00e2neas &#8211; ONLINE <\/strong><\/h5>\n<h5>12h30 | 14h00<strong><span style=\"color: #ffff00;\"> \u2022<\/span> Almo\u00e7o<\/strong><\/h5>\n<h4>\u00bb S\u00c1BADO <span style=\"color: #ffff00;\">\u2022<\/span> TARDE<\/h4>\n<h5>14h00 | 15h00<strong><span style=\"color: #ffff00;\"> \u2022<\/span> PLEN\u00c1RIA<\/strong><\/h5>\n<p><strong>Parcerias sintom\u00e1ticas e desejo do analista<\/strong><\/p>\n<ul>\n<li>O estranho que habita o falasser \u2013 T\u00e2nia Regina A. Martins <strong>\u2013 <\/strong>EBP\/AMP<\/li>\n<li>Devasta\u00e7\u00e3o na transfer\u00eancia e o desejo do analista \u2013 Rafaela V. O. Quixabeira<\/li>\n<li>De quais not\u00edcias padece uma parceria? \u2013 Carla Serles <strong>\u2013 <\/strong>EBP\/AMP\n<ul>\n<li><em>Coordenadora: Jaqueline Coelho <\/em><strong>\u2013 <\/strong><em>EBP\/AMP<\/em><\/li>\n<\/ul>\n<\/li>\n<\/ul>\n<h5>15h05 | 16h05<strong><span style=\"color: #ffff00;\"> \u2022<\/span> PLEN\u00c1RIA<\/strong><\/h5>\n<p><strong>As novas formas de gozo<\/strong><\/p>\n<ul>\n<li>Infame Subst\u00e2ncia e a Fascina\u00e7\u00e3o pelo Infinito \u2013 Giovanna Quaglia \u2013 EBP\/AMP<\/li>\n<li>A pol\u00edtica do <em>sinthome \u2013 <\/em>Anna Rog\u00e9ria N. de Oliveira \u2013 EBP\/AMP<\/li>\n<li>Do necess\u00e1rio ao imposs\u00edvel. Uma pequena incurs\u00e3o no cinema de Yorgos Lanthimos \u2013 Ruskaya Maia \u2013 EBP\/AMP\n<ul>\n<li><em>Coordenadora: Luciana Pedron \u2013 EBP\/AMP<\/em><\/li>\n<\/ul>\n<\/li>\n<\/ul>\n<h5>16h05 | 16h30<strong><span style=\"color: #ffff00;\"> \u2022<\/span> Coffee Break<\/strong><\/h5>\n<h5>16h35 | 17h30<strong><span style=\"color: #ffff00;\"> \u2022<\/span> Confer\u00eancia<\/strong><\/h5>\n<p><strong>II Confer\u00eancia: O parceiro artificial &#8211; Pierre Sidon (ECF\/AMP) <\/strong><\/p>\n<ul>\n<li><em>Tradutores:\u00a0 Luis Francisco Camargo \u2013 EBP\/AMP e Bartyra Ribeiro de Castro \u2013 EBP\/AMP<\/em><\/li>\n<li><em>Coordenador: Alberto Murta \u2013 AME EBP\/AMP<\/em><\/li>\n<\/ul>\n<h5>17h30 <span style=\"color: #ffff00;\">\u2022<\/span> <strong>MESA DE ENCERRAMENTO<\/strong><\/h5>\n<p><em>Diretor Geral da EBP-LO: Alberto Murta \u2013 AME EBP\/AMP<br \/>\nCoordenadora Geral das VI Jornadas: Ceres L\u00eada F. F. Rubio \u2013 EBP\/AMP<\/em><\/p>\n<hr \/>\n<h3><span style=\"color: #ffff00;\">MESAS SIMULT\u00c2NEAS<\/span><\/h3>\n<h4>SEXTA 10\/10\/2025<\/h4>\n<h5>MESA 1 | 09h20 <span style=\"color: #ffff00;\">\u2022<\/span> 10h40<\/h5>\n<p><strong>SALA A<\/strong><\/p>\n<ul>\n<li style=\"list-style-type: none;\">\n<ul>\n<li><em>Coordenadora: T\u00e2nia Martins &#8211; EBP\/AMP<\/em><\/li>\n<\/ul>\n<\/li>\n<li>Leonora Arruda Florencio<br \/>\n<strong><em>Aquele que veio para alegrar a m\u00e3e<\/em><\/strong><\/li>\n<li>Renata Silveira Wyant<br \/>\n<strong><em>A resist\u00eancia da arte contra o Sinthome Pol\u00edtico<\/em><\/strong><\/li>\n<li>Tamara de Castro Mendon\u00e7a Mesquita<br \/>\n<strong><em>Da sobra \u00e0 parceria-devasta\u00e7\u00e3o: o que faz poss\u00edvel um outro caminho? <\/em><\/strong><\/li>\n<\/ul>\n<p><strong>SALA B<\/strong><\/p>\n<ul>\n<li style=\"list-style-type: none;\">\n<ul>\n<li><em>Coordenadora: Anna Rog\u00e9ria N. de Oliveira &#8211; EBP\/AMP<\/em><\/li>\n<\/ul>\n<\/li>\n<li>Sheila Cordeiro Souza Moreira<br \/>\n<strong><em>A repeti\u00e7\u00e3o da devasta\u00e7\u00e3o<\/em><\/strong><\/li>\n<li>Luene Aparecida Afonso do Nascimento<br \/>\n<strong><em>Parcerias Sintom\u00e1ticas e o Des(encontro) com o amor<\/em><\/strong><\/li>\n<li>Ezequiel Martins Ferreira<br \/>\n<strong><em>Amor de rivalidade: configura\u00e7\u00f5es do amor em tempos sem lei<\/em><\/strong><\/li>\n<\/ul>\n<p><strong>SALA C<\/strong><\/p>\n<ul>\n<li style=\"list-style-type: none;\">\n<ul>\n<li><em>Coordenadora: Luciana Pedron &#8211; EBP\/AMP<\/em><\/li>\n<\/ul>\n<\/li>\n<li>Adriana Gonring<br \/>\n<strong><em>E nas viol\u00eancias, h\u00e1 parceria?<\/em><\/strong><\/li>\n<li>Fernanda Marra<br \/>\n<strong><em>O que pode uma carta que chega<\/em><\/strong><\/li>\n<li>Rafaella Cunha Paulino Silva Pfrimer<br \/>\n<strong><em>O bizarro na parceria analista-analisante<\/em><\/strong><\/li>\n<\/ul>\n<p><strong>SALA D<\/strong><\/p>\n<ul>\n<li style=\"list-style-type: none;\">\n<ul>\n<li><em>Coordenadora: T\u00e2nia Prates<\/em> &#8211; Aderente da EBP-LO<\/li>\n<\/ul>\n<\/li>\n<li>Gabriel Caixeta<br \/>\n<strong><em>Saber fazer com o falo ou servir-se do pai como defesa na devasta\u00e7\u00e3o<\/em><\/strong><\/li>\n<li>Isana Rodrigues Braz<br \/>\n<strong><em>Entre o controle e a liberdade h\u00e1 a possibilidade de tomar as r\u00e9deas da vida <\/em><\/strong><\/li>\n<li>Karem de Moura<br \/>\n<strong><em>Entre a norma e o gozo: encontros e desencontros no atendimento a mulheres em situa\u00e7\u00e3o de viol\u00eancia em um CRAM<\/em><\/strong><\/li>\n<\/ul>\n<h5>10h40 | 10h50<strong><span style=\"color: #ffff00;\"> \u2022<\/span> Intervalo e troca de sala<\/strong><\/h5>\n<h5>MESA 2 | 10h50 <span style=\"color: #ffff00;\">\u2022<\/span> 12h30<\/h5>\n<p><strong>SALA A<\/strong><\/p>\n<ul>\n<li style=\"list-style-type: none;\">\n<ul>\n<li><em>Coordenador: F\u00e1bio Barreto &#8211; EBP\/AMP<\/em><\/li>\n<\/ul>\n<\/li>\n<li>T\u00e2nia Mara Alves Prates &#8211; Aderente da EBP-LO<br \/>\n<strong><em>Psican\u00e1lise e arte<\/em><\/strong><\/li>\n<li>Ludmylla Domingues Siqueira<br \/>\n<strong><em>A arte ainda se mostra primeiro?<\/em><\/strong><\/li>\n<li>Laura Assis Vieira<br \/>\n<strong><em>O corpo como obra e a obra como corpo: a arte que devora, a fic\u00e7\u00e3o que parasita e o resto que habita<\/em><\/strong><\/li>\n<li>Rodrigo Oliveira dos Santos<br \/>\n<strong><em>A fun\u00e7\u00e3o do narcisismo no parceiro sintoma<\/em><\/strong><\/li>\n<\/ul>\n<p><strong>SALA \u2013 B<\/strong><\/p>\n<ul>\n<li style=\"list-style-type: none;\">\n<ul>\n<li><em>Coordenadora: Ord\u00e1lia Junqueira &#8211; EBP\/AMP<\/em><\/li>\n<\/ul>\n<\/li>\n<li>Ricardo Rezende<br \/>\n<strong><em>Segrega\u00e7\u00e3o e Tribalismo no s\u00e9culo XXI<\/em><\/strong><\/li>\n<li>Shirley Macedo Gundim<br \/>\n<strong><em>Adi\u00e7\u00f5es e Toxicomanias Contempor\u00e2neas<\/em><\/strong><\/li>\n<li>Carlos Alberto de S\u00e1 Barros J\u00fanior<br \/>\n<strong><em>Lugar e fun\u00e7\u00e3o da fantasia em \u201cA professora de piano\u201d<\/em><\/strong><\/li>\n<li>Daniel Camelo Rancan<br \/>\n<strong><em>Ele, dele, ela dela: a gesta\u00e7\u00e3o<\/em><\/strong><\/li>\n<\/ul>\n<p><strong>SALA \u2013 C<\/strong><\/p>\n<ul>\n<li style=\"list-style-type: none;\">\n<ul>\n<li><em>Coordenadora: Jaqueline Coelho &#8211; EBP\/AMP<\/em><\/li>\n<\/ul>\n<\/li>\n<li>Fernanda Fernandes<br \/>\n<strong><em>Mem\u00f3ria viva do parceiro sintoma e a maternidade<\/em><\/strong><\/li>\n<li>Rafael Leite Mendon\u00e7a<br \/>\n<strong><em>O parceiro na experi\u00eancia anal\u00edtica e a aposta no amor de transfer\u00eancia<br \/>\n<\/em><\/strong>Fabr\u00edcio Pinto<strong><em>Discurso do capitalista e economia de gozo na adic\u00e7\u00e3o<br \/>\n<\/em><\/strong><\/li>\n<li>Luisa Carvalho Miranda de Lim<br \/>\n<strong><em>O que transmite o testemunho de passe de Marta Serra Frediani sobre a devasta\u00e7\u00e3o?<\/em><\/strong><\/li>\n<\/ul>\n<p><strong>SALA \u2013 D<\/strong><\/p>\n<ul>\n<li style=\"list-style-type: none;\">\n<ul>\n<li><em>Coordenador: Cristiano Pimenta &#8211; EBP\/AMP<\/em><\/li>\n<\/ul>\n<\/li>\n<li>Henrique Lopes<br \/>\n<strong><em>\u201cO Outro sempre est\u00e1 com vergonha &#8230; e quer escondido! \u201c<\/em><\/strong><\/li>\n<li>Cristina Alves Barbosa Santos<br \/>\n<strong><em>A parceria com a devasta\u00e7\u00e3o e o parceiro-psicanalista desejo<\/em><\/strong><\/li>\n<li>Let\u00edcia Prego Fonseca de Lima<br \/>\n<strong><em>Pode um sujeito das margens ser mais do que suas cicatrizes? <\/em><\/strong><\/li>\n<li>Ruth Cavalcante<br \/>\n<strong><em>O amor no tom do excesso<\/em><\/strong><\/li>\n<\/ul>\n<h3>S\u00c1BADO 11\/10\/2025<\/h3>\n<h5>MESA 3 | 09h20 <span style=\"color: #ffff00;\">\u2022<\/span> 10h40<\/h5>\n<p><strong>SALA \u2013 A<\/strong><\/p>\n<ul>\n<li style=\"list-style-type: none;\">\n<ul>\n<li><em>Coordenadora: Denizye A. Zacharias &#8211; EBP\/AMP<\/em><\/li>\n<\/ul>\n<\/li>\n<li>Renato Carlos Vieira<em>&#8211; EBP\/AMP<br \/>\n<\/em><strong><em>Algo pior do que um sinthoma<\/em><\/strong><\/li>\n<li>Maila Thaiane Reis Rocha Siqueira<br \/>\n<strong><em>Fantasia e parcerias amorosas<\/em><\/strong><\/li>\n<li>Luana Santos Silva<br \/>\n<strong><em>De que parceria se fala quando h\u00e1 viol\u00eancia? <\/em><\/strong><\/li>\n<\/ul>\n<p><strong>SALA \u2013 B<\/strong><\/p>\n<ul>\n<li style=\"list-style-type: none;\">\n<ul>\n<li><em>Coordenadora: Luisa Carvalho M. de Lima<\/em><\/li>\n<\/ul>\n<\/li>\n<li>Claudia Murta ebp\/amp e Ericson Falabretti<br \/>\n<strong><em>Entre a parceria-sintoma e a devasta\u00e7\u00e3o, uma escolha fatal<\/em><\/strong><\/li>\n<li>Andrea Palmerston Muniz<br \/>\n<strong><em>Sentindo frio em minha alma, te convidei pra dan\u00e7ar <\/em><\/strong><\/li>\n<li>Gleice Taciana Barbosa<br \/>\n<strong><em>Medicaliza\u00e7\u00e3o na institui\u00e7\u00e3o socioeducativa: calar a puls\u00e3o? <\/em><\/strong><\/li>\n<\/ul>\n<p><strong>SALA \u2013 C<\/strong><\/p>\n<ul>\n<li style=\"list-style-type: none;\">\n<ul>\n<li><em>Coordenadora: Giovanna Quaglia &#8211; EBP\/AMP<\/em><\/li>\n<\/ul>\n<\/li>\n<li>Robson Jos\u00e9 da Silva Campos<br \/>\n<strong><em>V\u00ednculo frouxo com um parceiro-analista<\/em><\/strong><\/li>\n<li>Thais Foizer Bezerra<br \/>\n<strong><em>A devasta\u00e7\u00e3o do amor &#8211; uma an\u00e1lise sobre a miniss\u00e9rie \u201c\u00c2ngela\u201d <\/em><\/strong><\/li>\n<li>Delza Eloy<br \/>\n<strong><em>Tra\u00e7ar uma linha, ler Carolina, escrever Um corpo<\/em><\/strong><\/li>\n<\/ul>\n<p><strong>SALA \u2013 D<\/strong><\/p>\n<ul>\n<li style=\"list-style-type: none;\">\n<ul>\n<li><em>Coordenador: Gabriel Caixeta <\/em><\/li>\n<\/ul>\n<\/li>\n<li>Caroline Cabral Quixabeira<br \/>\n<strong><em>Um esbo\u00e7o sobre a parceria existente entre Schreber e Deus<br \/>\n<\/em><\/strong>Mariana Sant\u2019Anna Costa<\/li>\n<li><strong><em>A droga como parceira do gozo: cl\u00ednica, transfer\u00eancia e desafios<br \/>\n<\/em><\/strong>Elisa Martins Uyttenhove<\/li>\n<li><strong><em>Quando o parceiro sintoma se desfaz<\/em><\/strong><\/li>\n<\/ul>\n<h5><strong><em>\u00a0<\/em><\/strong>10h40 | 10h50<strong><span style=\"color: #ffff00;\"> \u2022<\/span> Intervalo e troca de sala<\/strong><\/h5>\n<h5><strong>\u00a0<\/strong>MESA 4 | 10h50 <span style=\"color: #ffff00;\">\u2022<\/span> 12h30<\/h5>\n<p><strong>SALA A<\/strong><\/p>\n<ul>\n<li style=\"list-style-type: none;\">\n<ul>\n<li><em>Coordenadora: Rosangela Ribeiro &#8211; EBP\/AMP<\/em><\/li>\n<\/ul>\n<\/li>\n<li>F\u00e1bio Paes Barreto- EBP\/AMP<br \/>\n<strong><em>A folie \u00e0 deux na s\u00e9tima arte <\/em><\/strong><\/li>\n<li>Bruna de Souza Dias<br \/>\n<strong><em>Contar: da literalidade matem\u00e1tica \u00e0 historiciza\u00e7\u00e3o, e a busca pelo fazer uso da palavra <\/em><\/strong><\/li>\n<li>Leandro Borges<br \/>\n<strong><em>Meu veneno \u00e9 meu ant\u00eddoto<\/em><\/strong><\/li>\n<li>M\u00e1rio Batista da Silva Neto<br \/>\n<strong><em>Entre o sol que aquece e queima <\/em><\/strong><\/li>\n<\/ul>\n<p><strong>SALA B<\/strong><\/p>\n<ul>\n<li style=\"list-style-type: none;\">\n<ul>\n<li><em>Coordenadora: Adriana Pessoa<\/em> &#8211; Aderente da EBP-LO<\/li>\n<\/ul>\n<\/li>\n<li>Luciana da Silva Pedron<em>&#8211; EBP\/AMP<br \/>\n<\/em><strong><em>Parceiro-analista desejo: o que se l\u00ea? <\/em><\/strong><\/li>\n<li>H\u00edtala Gomes<br \/>\n<strong><em>Morango do amor e adolesc\u00eancia: por que o objeto seduz mais do que amor? <\/em><\/strong><\/li>\n<li>Gustavo Augusto da Silva<br \/>\n<strong><em>A arte e o eu: constru\u00e7\u00f5es sinthom\u00e1ticas<\/em><\/strong><\/li>\n<li>Adrya Le\u00e3o de Andrade Cecchini<br \/>\n<strong><em>Leitura das adi\u00e7\u00f5es como uma passagem ao ato<\/em><\/strong><\/li>\n<\/ul>\n<p><strong>SALA C<\/strong><\/p>\n<ul>\n<li style=\"list-style-type: none;\">\n<ul>\n<li><em>Coordenadora: Olenice Amorim<\/em><\/li>\n<\/ul>\n<\/li>\n<li>Aline Tatiana Bachega<br \/>\n<strong><em>Frida Kahlo: entre o parceiro-fantasma e o parceiro-devasta\u00e7\u00e3o<\/em><\/strong><\/li>\n<li>Lucas Fraga Gomes<br \/>\n<strong><em>O amor nos tempos do \u201ccorre\u201d<\/em><\/strong><\/li>\n<li>Wal\u00e9ria Maria da Paix\u00e3o Borges Vieira<br \/>\n<strong><em>Um encontro poss\u00edvel <\/em><\/strong><\/li>\n<li>Mara L\u00facia Barros Martin<br \/>\n<strong><em>O encontro com a analista<\/em><\/strong><\/li>\n<\/ul>\n<p><strong>SALA D<\/strong><\/p>\n<ul>\n<li style=\"list-style-type: none;\">\n<ul>\n<li><em>Coordenadora: Claudia Murta &#8211; EBP\/AMP<\/em><\/li>\n<\/ul>\n<\/li>\n<li>Ord\u00e1lia A Junqueira<em>&#8211; EBP\/AMP<br \/>\n<\/em><strong><em>A parceria analista-psic\u00f3tico<\/em><\/strong><\/li>\n<li>Ang\u00e9lica Ferreira Santini<br \/>\n<strong><em>Entre o amor e o gozo: quando o inomin\u00e1vel vivifica ou devasta <\/em><\/strong><\/li>\n<li>Helen da Costa Guerra<br \/>\n<strong><em>A inquietante atualidade<\/em><\/strong><\/li>\n<li>Jo\u00e3o Pedro Vilar Nowak de Lima<br \/>\n<strong><em>A dialetiza\u00e7\u00e3o do gozo em conflito<\/em><\/strong>[\/vc_column_text][\/vc_column][vc_column width=&#8221;1\/6&#8243;][vc_single_image image=&#8221;13909&#8243; alignment=&#8221;center&#8221;]<div class=\"vcex-spacing wpex-w-100 wpex-clear\"><\/div>[vc_btn title=&#8221;DOWNLOAD PDF&#8221; color=&#8221;orange&#8221; align=&#8221;center&#8221; link=&#8221;url:https%3A%2F%2Febp.org.br%2Fslo%2Fwp-content%2Fuploads%2F2025%2F09%2FPROGRAMA.pdf&#8221;][\/vc_column][\/vc_row][vc_row][vc_column][vc_column_text]<\/li>\n<\/ul>\n[\/vc_column_text][\/vc_column][\/vc_row]\n<\/section>","protected":false},"excerpt":{"rendered":"<p>[vc_row][vc_column][vc_single_image image=&#8221;13513&#8243;][\/vc_column][\/vc_row][vc_row][vc_column][\/vc_column][\/vc_row][vc_row][vc_column width=&#8221;5\/6&#8243;][vc_column_text] 09 \u2022 out \u2022 2025 \u00bb QUINTA-FEIRA \u2022 NOITE 19h00 &#8211; Pr\u00e9-jornada Exibi\u00e7\u00e3o e debate do filme \u201cOeste Outra Vez\u201d \u00c9rico Rassi \u2013 Diretor Fabr\u00edcio Cordeiro \u2013 Cr\u00edtico e curador de Cinema Coordenadora: Ruskaya Maia \u2013 EBP\/AMP Local: Cine Cultura. Ingressos limitados 10 \u2022 out \u2022 2025 \u00bb SEXTA-FEIRA \u2022 MANH\u00c3 09h20&hellip;<\/p>\n","protected":false},"author":1,"featured_media":0,"parent":0,"menu_order":0,"comment_status":"closed","ping_status":"closed","template":"","meta":{"footnotes":""},"class_list":["post-13530","page","type-page","status-publish","hentry","entry","no-media"],"_links":{"self":[{"href":"https:\/\/ebp.org.br\/slo\/wp-json\/wp\/v2\/pages\/13530","targetHints":{"allow":["GET"]}}],"collection":[{"href":"https:\/\/ebp.org.br\/slo\/wp-json\/wp\/v2\/pages"}],"about":[{"href":"https:\/\/ebp.org.br\/slo\/wp-json\/wp\/v2\/types\/page"}],"author":[{"embeddable":true,"href":"https:\/\/ebp.org.br\/slo\/wp-json\/wp\/v2\/users\/1"}],"replies":[{"embeddable":true,"href":"https:\/\/ebp.org.br\/slo\/wp-json\/wp\/v2\/comments?post=13530"}],"version-history":[{"count":9,"href":"https:\/\/ebp.org.br\/slo\/wp-json\/wp\/v2\/pages\/13530\/revisions"}],"predecessor-version":[{"id":13927,"href":"https:\/\/ebp.org.br\/slo\/wp-json\/wp\/v2\/pages\/13530\/revisions\/13927"}],"wp:attachment":[{"href":"https:\/\/ebp.org.br\/slo\/wp-json\/wp\/v2\/media?parent=13530"}],"curies":[{"name":"wp","href":"https:\/\/api.w.org\/{rel}","templated":true}]}}