{"id":13528,"date":"2025-03-31T16:00:26","date_gmt":"2025-03-31T19:00:26","guid":{"rendered":"https:\/\/ebp.org.br\/slo\/?page_id=13528"},"modified":"2025-04-09T15:21:20","modified_gmt":"2025-04-09T18:21:20","slug":"vi-jornadas-ebp-secao-lo-encontros-e-desencontros-parcerias-sintomaticas-carteis-fulgurantes","status":"publish","type":"page","link":"https:\/\/ebp.org.br\/slo\/vi-jornadas-ebp-secao-lo-encontros-e-desencontros-parcerias-sintomaticas-carteis-fulgurantes\/","title":{"rendered":"VI Jornadas EBP Se\u00e7\u00e3o-LO \u2013 Encontros e desencontros &#8211; parcerias sintom\u00e1ticas &#8211; Cart\u00e9is Fulgurantes"},"content":{"rendered":"<section class=\"wpb-content-wrapper\">[vc_row][vc_column][vc_single_image image=&#8221;13513&#8243;][\/vc_column][\/vc_row][vc_row][vc_column width=&#8221;2\/3&#8243;][vc_column_text]\n<blockquote><p><em>\u201cNo cartel, \u00e9 a rela\u00e7\u00e3o de cada um com o tema que lhe causa que, via transfer\u00eancia de trabalho, produz o vivo da Escola\u201d.<\/em><\/p>\n<p><em><span style=\"font-size: 13px;\">Gabriel Caixeta (NPJ-EBP\/Comiss\u00e3o de CF).<\/span> <\/em><\/p><\/blockquote>\n<p>A Comiss\u00e3o de CF convida os interessados em formar um CF a se inscreverem at\u00e9 o dia <strong>17\/04\/2025.<\/strong> Cart\u00e9is Fulgurantes s\u00e3o criados para a investiga\u00e7\u00e3o de temas de atividades do Campo Freudiano em um tempo de funcionamento r\u00e1pido e limitado. Estes, em especial, est\u00e3o sendo criados para o estudo do tema das VI Jornadas da EBP-SLO, \u201cEncontros e Desencontros \u2013 Parcerias Sintom\u00e1ticas\u201d. As inscri\u00e7\u00f5es poder\u00e3o ser feitas de duas formas: a) se o participante j\u00e1 reuniu pessoas interessadas, poder\u00e1 enviar diretamente o nome dos integrantes do cartel para <a href=\"mailto:cartelfulgurante.ebpslo@gmail.com\"><strong><em>cartelfulgurante.ebpslo@gmail.com<\/em><\/strong><\/a>; b) ou poder\u00e1 utilizar os formul\u00e1rios dispon\u00edveis no link <a href=\"https:\/\/forms.gle\/hh8zQp1ZoePfJid7A\"><strong><em>https:\/\/forms.gle\/hh8zQp1ZoePfJid7A<\/em><\/strong><\/a> e deixar registrado seu interesse. A comiss\u00e3o se encarregar\u00e1 do resto. Nosso papel \u00e9 dar o suporte necess\u00e1rio para que os cart\u00e9is sejam formados e produzam bons trabalhos. Aguardamos voc\u00eas!<\/p>\n<p><strong>Inscri\u00e7\u00f5es para os cart\u00e9is: <\/strong>\u00a002 a 17 de abril de 2025<br \/>\nvia formul\u00e1rio (interessados em cart\u00e9is) e e-mail (cart\u00e9is j\u00e1 formados).<\/p>\n<p><em>Coordena\u00e7\u00e3o de Cart\u00e9is Fulgurantes: Denizye Zacharias (EBP\/AMP)<\/em>[\/vc_column_text][vc_empty_space height=&#8221;15px&#8221;]<a href=\"https:\/\/forms.gle\/5nhcXeRx7UTKDnFH9\" class=\"vcex-button theme-button inline\" style=\"background:#fcea0d;padding:10px;color:#6d6d6d;\" data-wpex-hover='{&quot;background&quot;:&quot;#d1c30a&quot;,&quot;color&quot;:&quot;#0a0a0a&quot;}' target=\"_blank\" rel=\"noopener noreferrer\"><span class=\"vcex-button-inner theme-button-inner\">INSCRI\u00c7\u00d5ES CART\u00c9IS FULGURANTES<\/span><\/a> [\/vc_column][vc_column width=&#8221;1\/3&#8243;]<figure class=\"vcex-image vcex-module\"><div class=\"vcex-image-inner wpex-relative wpex-inline-block\"><a href=\"https:\/\/ebp.org.br\/slo\/wp-content\/uploads\/2025\/04\/CARD-CARTEIS-FULGURANTES_Prancheta-1-copia-scaled-1500x1875.jpg\" class=\"wpex-lightbox\"><img width=\"2048\" height=\"2560\" src=\"https:\/\/ebp.org.br\/slo\/wp-content\/uploads\/2025\/04\/CARD-CARTEIS-FULGURANTES_Prancheta-1-copia-scaled.jpg\" class=\"vcex-image-img wpex-align-middle\" alt=\"\" loading=\"lazy\" decoding=\"async\" srcset=\"https:\/\/ebp.org.br\/slo\/wp-content\/uploads\/2025\/04\/CARD-CARTEIS-FULGURANTES_Prancheta-1-copia-scaled.jpg 2048w, https:\/\/ebp.org.br\/slo\/wp-content\/uploads\/2025\/04\/CARD-CARTEIS-FULGURANTES_Prancheta-1-copia-240x300.jpg 240w, https:\/\/ebp.org.br\/slo\/wp-content\/uploads\/2025\/04\/CARD-CARTEIS-FULGURANTES_Prancheta-1-copia-819x1024.jpg 819w, https:\/\/ebp.org.br\/slo\/wp-content\/uploads\/2025\/04\/CARD-CARTEIS-FULGURANTES_Prancheta-1-copia-768x960.jpg 768w, https:\/\/ebp.org.br\/slo\/wp-content\/uploads\/2025\/04\/CARD-CARTEIS-FULGURANTES_Prancheta-1-copia-1229x1536.jpg 1229w, https:\/\/ebp.org.br\/slo\/wp-content\/uploads\/2025\/04\/CARD-CARTEIS-FULGURANTES_Prancheta-1-copia-1638x2048.jpg 1638w, https:\/\/ebp.org.br\/slo\/wp-content\/uploads\/2025\/04\/CARD-CARTEIS-FULGURANTES_Prancheta-1-copia-scaled-1500x1875.jpg 1500w\" sizes=\"auto, (max-width: 2048px) 100vw, 2048px\" \/><\/a><\/div><\/figure>[\/vc_column][\/vc_row]\n<\/section>","protected":false},"excerpt":{"rendered":"<p>[vc_row][vc_column][vc_single_image image=&#8221;13513&#8243;][\/vc_column][\/vc_row][vc_row][vc_column width=&#8221;2\/3&#8243;][vc_column_text] \u201cNo cartel, \u00e9 a rela\u00e7\u00e3o de cada um com o tema que lhe causa que, via transfer\u00eancia de trabalho, produz o vivo da Escola\u201d. Gabriel Caixeta (NPJ-EBP\/Comiss\u00e3o de CF). A Comiss\u00e3o de CF convida os interessados em formar um CF a se inscreverem at\u00e9 o dia 17\/04\/2025. Cart\u00e9is Fulgurantes s\u00e3o criados para&hellip;<\/p>\n","protected":false},"author":1,"featured_media":0,"parent":0,"menu_order":0,"comment_status":"closed","ping_status":"closed","template":"","meta":{"footnotes":""},"class_list":["post-13528","page","type-page","status-publish","hentry","entry","no-media"],"_links":{"self":[{"href":"https:\/\/ebp.org.br\/slo\/wp-json\/wp\/v2\/pages\/13528","targetHints":{"allow":["GET"]}}],"collection":[{"href":"https:\/\/ebp.org.br\/slo\/wp-json\/wp\/v2\/pages"}],"about":[{"href":"https:\/\/ebp.org.br\/slo\/wp-json\/wp\/v2\/types\/page"}],"author":[{"embeddable":true,"href":"https:\/\/ebp.org.br\/slo\/wp-json\/wp\/v2\/users\/1"}],"replies":[{"embeddable":true,"href":"https:\/\/ebp.org.br\/slo\/wp-json\/wp\/v2\/comments?post=13528"}],"version-history":[{"count":9,"href":"https:\/\/ebp.org.br\/slo\/wp-json\/wp\/v2\/pages\/13528\/revisions"}],"predecessor-version":[{"id":13689,"href":"https:\/\/ebp.org.br\/slo\/wp-json\/wp\/v2\/pages\/13528\/revisions\/13689"}],"wp:attachment":[{"href":"https:\/\/ebp.org.br\/slo\/wp-json\/wp\/v2\/media?parent=13528"}],"curies":[{"name":"wp","href":"https:\/\/api.w.org\/{rel}","templated":true}]}}