{"id":13526,"date":"2025-03-31T15:59:46","date_gmt":"2025-03-31T18:59:46","guid":{"rendered":"https:\/\/ebp.org.br\/slo\/?page_id=13526"},"modified":"2025-05-23T15:52:04","modified_gmt":"2025-05-23T18:52:04","slug":"vi-jornadas-ebp-secao-lo-encontros-e-desencontros-parcerias-sintomaticas-envio-de-trabalhos","status":"publish","type":"page","link":"https:\/\/ebp.org.br\/slo\/vi-jornadas-ebp-secao-lo-encontros-e-desencontros-parcerias-sintomaticas-envio-de-trabalhos\/","title":{"rendered":"VI Jornadas EBP Se\u00e7\u00e3o-LO \u2013 Encontros e desencontros &#8211; parcerias sintom\u00e1ticas &#8211; Envio de Trabalhos"},"content":{"rendered":"<section class=\"wpb-content-wrapper\">[vc_row][vc_column][vc_single_image image=&#8221;13513&#8243;][\/vc_column][\/vc_row][vc_row][vc_column]<div class=\"vcex-spacing wpex-w-100 wpex-clear\"><\/div>[\/vc_column][\/vc_row][vc_row][vc_column][vc_column_text]<strong>Per\u00edodo:<\/strong> at\u00e9 <strong>05 de agosto de 2025<\/strong><\/p>\n<p>Os textos devem ter, no m\u00e1ximo, <strong>6000<\/strong> caracteres (<strong>com espa\u00e7os<\/strong> e sem contar as refer\u00eancias) escritos em formato WORD, fonte Times New Roman, tamanho 12, justificado, espa\u00e7amento de 1,5 entre linhas.<\/p>\n<p>No cabe\u00e7alho deve constar: t\u00edtulo do trabalho, eixo em que o trabalho est\u00e1 inserido, nome completo, n\u00famero de celular\u00a0e e-mail do autor.<\/p>\n<p>Os trabalhos que contiverem vinhetas devem cuidar para resguardar a identidade do paciente.<\/p>\n<p>Enviar para:<a href=\"mailto:jornadas.cientifica.slo@gmail.com\"> jornadas.cientifica.slo@gmail.com<\/a><\/p>\n<p>Colocar no assunto do e-mail: sobrenome do autor, eixo sobre o qual escolheu escrever.<\/p>\n<p><u>ATEN\u00c7\u00c3O<\/u>: Para que o trabalho seja avaliado, o autor deve estar inscrito nas VI Jornadas da EBP-SLO.<\/p>\n<p>As refer\u00eancias bibliogr\u00e1ficas citadas devem ser apresentadas da seguinte forma:<\/p>\n<ul>\n<li>Autor, t\u00edtulo do livro, \u201ct\u00edtulo do artigo ou cap\u00edtulo\u201d, local, editora, ano, p\u00e1gina.<\/li>\n<li>\u201cT\u00edtulo do artigo\u201d, p\u00e1gina (site) de onde foi retirado o texto ou artigo.<\/li>\n<\/ul>\n<p>Acerca dos trabalhos enviados para as mesas simult\u00e2neas, comunicamos que, uma vez aceitos pela Comiss\u00e3o Cient\u00edfica, eles ser\u00e3o encaminhados para a Comiss\u00e3o Editorial para a revis\u00e3o gramatical dos textos e a padroniza\u00e7\u00e3o nas normas acad\u00eamicas, visando sua publica\u00e7\u00e3o na Colet\u00e2nea das VI Jornadas (anais). Se necess\u00e1rio, caber\u00e1 \u00e0 Comiss\u00e3o Editorial a interlocu\u00e7\u00e3o com os autores dos textos aceitos para dirimir d\u00favidas na formata\u00e7\u00e3o e propor ajustes para publica\u00e7\u00e3o.<\/p>\n<p><span style=\"font-size: 13px;\"><em><strong>Comiss\u00e3o Editorial das VI Jornadas.<\/strong><\/em><\/span><br \/>\n<span style=\"font-size: 13px;\"><em><strong>Coord. Olenice Amorim Gon\u00e7alves<\/strong><\/em><\/span>[\/vc_column_text][\/vc_column][\/vc_row]\n<\/section>","protected":false},"excerpt":{"rendered":"<p>[vc_row][vc_column][vc_single_image image=&#8221;13513&#8243;][\/vc_column][\/vc_row][vc_row][vc_column][\/vc_column][\/vc_row][vc_row][vc_column][vc_column_text]Per\u00edodo: at\u00e9 05 de agosto de 2025 Os textos devem ter, no m\u00e1ximo, 6000 caracteres (com espa\u00e7os e sem contar as refer\u00eancias) escritos em formato WORD, fonte Times New Roman, tamanho 12, justificado, espa\u00e7amento de 1,5 entre linhas. No cabe\u00e7alho deve constar: t\u00edtulo do trabalho, eixo em que o trabalho est\u00e1 inserido, nome completo,&hellip;<\/p>\n","protected":false},"author":1,"featured_media":0,"parent":0,"menu_order":0,"comment_status":"closed","ping_status":"closed","template":"","meta":{"footnotes":""},"class_list":["post-13526","page","type-page","status-publish","hentry","entry","no-media"],"_links":{"self":[{"href":"https:\/\/ebp.org.br\/slo\/wp-json\/wp\/v2\/pages\/13526","targetHints":{"allow":["GET"]}}],"collection":[{"href":"https:\/\/ebp.org.br\/slo\/wp-json\/wp\/v2\/pages"}],"about":[{"href":"https:\/\/ebp.org.br\/slo\/wp-json\/wp\/v2\/types\/page"}],"author":[{"embeddable":true,"href":"https:\/\/ebp.org.br\/slo\/wp-json\/wp\/v2\/users\/1"}],"replies":[{"embeddable":true,"href":"https:\/\/ebp.org.br\/slo\/wp-json\/wp\/v2\/comments?post=13526"}],"version-history":[{"count":12,"href":"https:\/\/ebp.org.br\/slo\/wp-json\/wp\/v2\/pages\/13526\/revisions"}],"predecessor-version":[{"id":13788,"href":"https:\/\/ebp.org.br\/slo\/wp-json\/wp\/v2\/pages\/13526\/revisions\/13788"}],"wp:attachment":[{"href":"https:\/\/ebp.org.br\/slo\/wp-json\/wp\/v2\/media?parent=13526"}],"curies":[{"name":"wp","href":"https:\/\/api.w.org\/{rel}","templated":true}]}}