{"id":13524,"date":"2025-03-31T15:59:20","date_gmt":"2025-03-31T18:59:20","guid":{"rendered":"https:\/\/ebp.org.br\/slo\/?page_id=13524"},"modified":"2025-07-07T12:35:46","modified_gmt":"2025-07-07T15:35:46","slug":"vi-jornadas-ebp-secao-lo-encontros-e-desencontros-parcerias-sintomaticas-bibliografia","status":"publish","type":"page","link":"https:\/\/ebp.org.br\/slo\/vi-jornadas-ebp-secao-lo-encontros-e-desencontros-parcerias-sintomaticas-bibliografia\/","title":{"rendered":"VI Jornadas EBP Se\u00e7\u00e3o-LO \u2013 Encontros e desencontros &#8211; parcerias sintom\u00e1ticas &#8211; Bibliografia"},"content":{"rendered":"<section class=\"wpb-content-wrapper\">[vc_row][vc_column][vc_single_image image=&#8221;13513&#8243;][\/vc_column][\/vc_row][vc_row][vc_column]<div class=\"vcex-spacing wpex-w-100 wpex-clear\"><\/div>[\/vc_column][\/vc_row][vc_row][vc_column][vc_column_text]\n<h3><span style=\"color: #000000;\"><strong>REFER\u00caNCIAS BIBLIOGR\u00c1FICAS VI JORNADAS DAS\u00a0 EBP SLO \u00a02025<\/strong><\/span><\/h3>\n<p><strong>EIXO 1: O que dizer das parcerias nas psicoses e no autismo?<\/strong><\/p>\n<p>ALVAREZ BAY\u00d3N, P., 2024, O autismo, entre al\u00edngua e a letra. Tradu\u00e7\u00e3o de Bartyra Ribeiro de Castro. Vit\u00f3ria: Editora C\u00e2ndida, (Cole\u00e7\u00e3o PIPA Traduz)<\/p>\n<p>BERENGER E., E ROIZNER M., Acheminements vers la parole dans l\u2019autisme, La Cause Freudienne, 78, Navarin, Paris, 2011.<\/p>\n<p>JOYCE, J.\u00a0Cartas a Nora. Rel\u00f3gio D\u2019\u00c1gua: Lisboa, 2012.<\/p>\n<p>LACAN, J.\u00a0\u00a0O semin\u00e1rio, livro 19: ou\u2026 pior. Rio de Janeiro: Jorge Zahar, 2012.<\/p>\n<p>LACAN, J.\u00a0O semin\u00e1rio, livro 20: mais, ainda\u2026 Rio de Janeiro: Jorge Zahar, 2008.<\/p>\n<p>LACAN, J.\u00a0O semin\u00e1rio, livro 23: o sinthoma. Rio de Janeiro: Jorge Zahar, 2007.<\/p>\n<p>MILLER, J.A. et al.\u00a0La psicosis ordinaria:\u00a0la convenci\u00f3n de Antibes. Buenos Aires: Paid\u00f3s, 2009.<\/p>\n<p>MILLER, J. A. As duas formas do parceiro-sintoma. In:\u00a0O osso de uma an\u00e1lise: mais o inconsciente e o corpo falante. Rio de Janeiro: Zahar, 2015. p. 77-102.<\/p>\n<p>MILLER, J. A. \u00a0Efeito do retorno \u00e0 psicose ordin\u00e1ria.\u00a0Op\u00e7\u00e3o Lacaniana online nova s\u00e9rie. S\u00e3o Paulo, ano 1, n. 3, nov. 2010. ISSN. Dispon\u00edvel em: http:\/\/www.opcaolacaniana.com.br Acesso em: dezembro de 2016.<\/p>\n<p>MILLER, J. A. \u00a0Uma conversa sobre o amor. Op\u00e7\u00e3o Lacaniana online nova s\u00e9rie, Buenos Aires, ano 1, n. 2, 2010. Dispon\u00edvel em: http:\/\/www.opcaolacaniana.com.br\/pdf\/numero_2\/Uma_conversa_sobre_o_amor.pdf. Acesso em: 5 set. 2020.<\/p>\n<p>MILLER, J. A. \u00a0Os seis paradigmas do gozo.\u00a0Op\u00e7\u00e3o Lacaniana online nova s\u00e9rie. Paris, ano 3, n. 7, p. 1-49, 2012. Dispon\u00edvel em: http:\/\/opcaolacaniana.com.br\/pdf\/numero_7\/Os_seis_paradigmas_do_gozo.pdf. Acesso em: agosto de 2020.<\/p>\n<p>MILLER, J. A. \u00a0Pref\u00e1cio.\u00a0In\u00a0MALEVAL Jean-Claude.\u00a0La Difference autistique,\u00a0Arguments analytiques, Paris, 2021.<\/p>\n<p>MILLER, J. A. \u00a0Suplemento topol\u00f3gico a &#8220;uma quest\u00e3o preliminar&#8221;. In: Matemas I. Rio de Janeiro: Zahar, 1996.<\/p>\n<p>MALEVAL Jean-Claude.\u00a0La Difference autistique,\u00a0Arguments analytiques, Paris, 2021.<\/p>\n<p>&nbsp;<\/p>\n<p><strong>EIXO 2: Parceiro-fantasma e parceiro-devasta\u00e7\u00e3o<\/strong><\/p>\n<p>FREUD, S. (2018). Sobre um tipo particular de escolha de objeto. Obras incompletas de Freud, Belo Horizonte: Aut\u00eantica.<\/p>\n<p>FREUD, S. (2018). Sobre a mais geral degrada\u00e7\u00e3o da vida amorosa. Amor, sexualidade e feminilidade. Obras incompletas de Freud, Belo Horizonte: Aut\u00eantica.<\/p>\n<p>FREUD, S. (2018). O tabu da virgindade. Amor, sexualidade e feminilidade. Obras incompletas de Freud, Belo Horizonte: Aut\u00eantica.<\/p>\n<p>FREUD, S. (2018). Sobre tipos libidinais. Amor, sexualidade e feminilidade. Obras incompletas de Freud, Belo Horizonte: Aut\u00eantica, p.278<\/p>\n<p>FREUD, S. (2018). Sobre a sexualidade feminina. Amor, sexualidade e feminilidade. Obras incompletas de Freud, Belo Horizonte: Aut\u00eantica.<\/p>\n<p>FREUD, S. (2018). A feminilidade \u2013 Confer\u00eancia XXXIII). Amor, sexualidade e feminilidade. Obras incompletas de Freud, Belo Horizonte: Aut\u00eantica.<\/p>\n<p>LACAN, Jacques. Semin\u00e1rio, livro 10: a ang\u00fastia. Rio de Janeiro: Zahar, 2005.<\/p>\n<p>LACAN, J.\u00a0O semin\u00e1rio, livro 20: mais, ainda\u2026 Rio de Janeiro: Jorge Zahar, 2008.<\/p>\n<p>LACAN, J. (2007). O Semin\u00e1rio, livro 23. Joyce, o sinthoma. Rio de Janeiro: Zahar<\/p>\n<p>LACAN, J.\u00a0O mal-entendido.\u00a0In.:\u00a0Op\u00e7\u00e3o Lacaniana \u2013 Revista Brasileira Internacional de Psican\u00e1lise, Rio de Janeiro, n. 72, mar\u00e7o 2016<\/p>\n<p>MILLER, J.A. As duas formas do parceiro-sintoma. In: O osso de uma an\u00e1lise + o inconsciente e o corpo falante. Rio de Janeiro: Zahar 2015, p.95<\/p>\n<p>MILLER, J.A. Perspectivas dos Escritos e Outros escritos de Lacan. Entre desejo e gozo. p.183<\/p>\n<p>MILLER, D. As duas margens da feminilidade. Boletim Infamiliar, julho de 2020. Dispon\u00edvel em: http:\/\/www.encontrobrasileiro2020.com.br\/as-duas-margens-da-feminilidade-2\/<\/p>\n<p>MILLER, J.-A. Uma partilha sexual. Op\u00e7\u00e3o Lacaniana online nova s\u00e9rie, ano 7, n. 20, 2016. Dispon\u00edvel em: <a href=\"http:\/\/www.opcaolacaniana.com.br\/pdf\/numero_20\/Uma_partilha_sexual.pdf\">http:\/\/www.opcaolacaniana.com.br\/pdf\/numero_20\/Uma_partilha_sexual.pdf<\/a><\/p>\n<p>&nbsp;<\/p>\n<p><strong>EIXO 3: Toxicomania: a droga como parceiro de gozo<\/strong><\/p>\n<p>FREUD, S. Sobre a mais geral degrada\u00e7\u00e3o da vida amorosa (1912). In: Amor, sexualidade e feminilidade. Belo Horizonte: Aut\u00eantica, 2018.<\/p>\n<p>LACAN, Jacques. Encerramento das Jornadas de Estudos de Cart\u00e9is da Escola Freudiana. Pharmakon Digital, v. 2, nov. 2016. Dispon\u00edvel em: <a href=\"https:\/\/pharmakondigital.com\/encerramento-das-jornadas-de-estudos-de-carteis-da-escola-freudiana\/\">https:\/\/pharmakondigital.com\/encerramento-das-jornadas-de-estudos-de-carteis-da-escola-freudiana\/<\/a>. Acesso em: 02 de junho de 2025.<\/p>\n<p>LACAN, J.\u00a0O semin\u00e1rio, livro 17, o avesso de uma an\u00e1lise. Zahar. Rio de Janeiro.<\/p>\n<p>LACAN, J.\u00a0O semin\u00e1rio, livro 23, o sinthoma. Zahar. Rio de Janeiro<\/p>\n<p>LAURENT, \u00c9. Tr\u00eas observa\u00e7\u00f5es sobre a toxicomania. Pharmakon Digital, v. 3, 2017. Dispon\u00edvel em: <a href=\"http:\/\/pharmakondigital.com\/tres-observacoes-sobre-a-toxicomania\/\">http:\/\/pharmakondigital.com\/tres-observacoes-sobre-a-toxicomania\/<\/a>. Acesso em: 02 de junho de 2025.<\/p>\n<p>LAURENT,\u00c9. \u00a0Como engolir a p\u00edlula\u00a0?,\u00a0Clique, Revista dos Institutos Brasileiros de Psican\u00e1lise do Campo Freudiano,\u00a0n. 1, abril 2002, p. 24-35.<\/p>\n<p>LAURENT, \u00c9. Portrait de Joyce en Saint homme, in\u00a0Mental\u00a0n. 35. Paris, 2016, p. 62-73.<\/p>\n<p>MILLER, J. A. A droga da palavra. Revista Pharmakon, n. 5, 2025. Dispon\u00edvel em: <a href=\"https:\/\/pharmakondigital.com\/a-droga-da-palavra\/\">https:\/\/pharmakondigital.com\/a-droga-da-palavra\/<\/a>. Acesso em: 02 de junho de 2025.<\/p>\n<p>MILLER, J. A.\u00a0 A teoria do parceiro. Pharmakon Digital, 2023. Dispon\u00edvel em: <a href=\"https:\/\/pharmakondigital.com\/a-teoria-do-parceiro\/\">https:\/\/pharmakondigital.com\/a-teoria-do-parceiro\/<\/a>. Acesso em: 02 de junho de 2025.<\/p>\n<p>MILLER, J. A.\u00a0O ser e o Um; In\u00e9dito; 2011.<\/p>\n<p>MILLER, J. A.\u00a0O pai tornado vapor.\u00a0In.:\u00a0Op\u00e7\u00e3o Lacaniana \u2013 Revista Brasileira Internacional de Psican\u00e1lise. Ed. Eolia, v. 88, 2024<\/p>\n<p>MILLER, J. Lire un sympt\u00f4me,\u00a0Mental\u00a0n. 26, 2017, p. 49-58.<\/p>\n<p>NAPARSTEK, F.\u00a0 De la formation de rupture au partenaire sympt\u00f4me \u00bb,\u00a0Quarto\u00a0n. 79, juin 2003<\/p>\n<p>QUAGLIA, G. Conex\u00e3o (A)ssexuada,\u00a0Carta S\u00e3o Paulo, Revista da Escola Brasileira de Psican\u00e1lise- S\u00e3o Paulo, Amor Sexo (Des)conex\u00f5es, ano 26, n. 1, S\u00e3o Paulo, mar\u00e7o 2019, p. 95-99.<\/p>\n<p>SALAMONE, L. D. \u201cEl lazo cuando la droga es el partenaire\u201d.\u00a0Apostillas del TYA C\u00f3rdoba, CIEC, 2011, n.1, p. 5-23.<\/p>\n<p>SANTIAGO, A. L.\u00a0A Psican\u00e1lise virtual.\u00a0<em>In.:<\/em>\u00a0Op\u00e7\u00e3o Lacaniana \u2013 Revista Brasileira Internacional de Psican\u00e1lise. Ed. Eolia, vol.88, 2024<\/p>\n<p>SANTIAGO, J. A toxicomania n\u00e3o \u00e9 uma pervers\u00e3o,\u00a0Falo, Salvador, n.4\/5, jan.\/dez. 1989, p. 68-72.<\/p>\n<p>SANTIAGO, J. O celibat\u00e1rio, o toxic\u00f4mano e a segrega\u00e7\u00e3o,\u00a0Curinga,\u00a0Os enigmas do masculino, v. 9, Belo Horizonte, abril 1997, p. 45-49.<\/p>\n<p>SIDON, P. La substance d\u2019une addiction,\u00a0 Les addictions sans substances. Conversation du TyA.\u00a0Les Cahiers de l\u2019ASREEP-NLS\u00a0n. 2, 2016.<\/p>\n<p>SIDON, P. A interpreta\u00e7\u00e3o realmente poss\u00edvel? Revista Pharmakon Digital, n. 4, 2023. Dispon\u00edvel em: <a href=\"http:\/\/pharmakondigital.com\/a-interpretacao-realmente-possivel\/\">http:\/\/pharmakondigital.com\/a-interpretacao-realmente-possivel\/<\/a>. Acesso em: 02 de junho de 2025.<\/p>\n<p>&nbsp;<\/p>\n<p><strong>EIXO 4: Arte, pol\u00edtica e sinthome<\/strong><\/p>\n<p>BORSOI, P. Homem e mulher: o real da n\u00e3o-rela\u00e7\u00e3o. In: Leituras do Semin\u00e1rio&#8230;ou pior de Jacques Lacan. S\u00e3o Paulo: EBP, 2014.<\/p>\n<p>LACAN, J. Joyce, o Sintoma. (1976) In: LACAN, J. Outros escritos. Rio de Janeiro: Jorge Zahar Ed., 2003.<\/p>\n<p>LACAN, J. O semin\u00e1rio, livro 17: O avesso da psican\u00e1lise. (1969-1970) Texto estabelecido por Jacques-Alain Miller. Tradu\u00e7\u00e3o: Ari Roitman. Rio de Janeiro: Jorge Zahar Ed., 1992.<\/p>\n<p>LACAN, J. O semin\u00e1rio, livro 14: A l\u00f3gica do fantasma. (1966-1967) Tradu\u00e7\u00e3o: Teresinha N. Meirelles do Prado. Texto estabelecido por Jacques-Alain Miller. Rio de Janeiro: Zahar, 2024.<\/p>\n<p>LACAN, J. (2007)\u00a0 In: Semin\u00e1rio livro 23: o sinthoma, Rio de Janeiro, Zahar, 2007<\/p>\n[\/vc_column_text][\/vc_column][\/vc_row]\n<\/section>","protected":false},"excerpt":{"rendered":"<p>[vc_row][vc_column][vc_single_image image=&#8221;13513&#8243;][\/vc_column][\/vc_row][vc_row][vc_column][\/vc_column][\/vc_row][vc_row][vc_column][vc_column_text] REFER\u00caNCIAS BIBLIOGR\u00c1FICAS VI JORNADAS DAS\u00a0 EBP SLO \u00a02025 EIXO 1: O que dizer das parcerias nas psicoses e no autismo? ALVAREZ BAY\u00d3N, P., 2024, O autismo, entre al\u00edngua e a letra. Tradu\u00e7\u00e3o de Bartyra Ribeiro de Castro. Vit\u00f3ria: Editora C\u00e2ndida, (Cole\u00e7\u00e3o PIPA Traduz) BERENGER E., E ROIZNER M., Acheminements vers la parole dans&hellip;<\/p>\n","protected":false},"author":1,"featured_media":0,"parent":0,"menu_order":0,"comment_status":"closed","ping_status":"closed","template":"","meta":{"footnotes":""},"class_list":["post-13524","page","type-page","status-publish","hentry","entry","no-media"],"_links":{"self":[{"href":"https:\/\/ebp.org.br\/slo\/wp-json\/wp\/v2\/pages\/13524","targetHints":{"allow":["GET"]}}],"collection":[{"href":"https:\/\/ebp.org.br\/slo\/wp-json\/wp\/v2\/pages"}],"about":[{"href":"https:\/\/ebp.org.br\/slo\/wp-json\/wp\/v2\/types\/page"}],"author":[{"embeddable":true,"href":"https:\/\/ebp.org.br\/slo\/wp-json\/wp\/v2\/users\/1"}],"replies":[{"embeddable":true,"href":"https:\/\/ebp.org.br\/slo\/wp-json\/wp\/v2\/comments?post=13524"}],"version-history":[{"count":4,"href":"https:\/\/ebp.org.br\/slo\/wp-json\/wp\/v2\/pages\/13524\/revisions"}],"predecessor-version":[{"id":13829,"href":"https:\/\/ebp.org.br\/slo\/wp-json\/wp\/v2\/pages\/13524\/revisions\/13829"}],"wp:attachment":[{"href":"https:\/\/ebp.org.br\/slo\/wp-json\/wp\/v2\/media?parent=13524"}],"curies":[{"name":"wp","href":"https:\/\/api.w.org\/{rel}","templated":true}]}}