{"id":13522,"date":"2025-03-31T15:58:47","date_gmt":"2025-03-31T18:58:47","guid":{"rendered":"https:\/\/ebp.org.br\/slo\/?page_id=13522"},"modified":"2025-05-23T09:12:09","modified_gmt":"2025-05-23T12:12:09","slug":"vi-jornadas-ebp-secao-lo-encontros-e-desencontros-parcerias-sintomaticas-eixos-tematicos","status":"publish","type":"page","link":"https:\/\/ebp.org.br\/slo\/vi-jornadas-ebp-secao-lo-encontros-e-desencontros-parcerias-sintomaticas-eixos-tematicos\/","title":{"rendered":"VI Jornadas EBP Se\u00e7\u00e3o-LO \u2013 Encontros e desencontros &#8211; parcerias sintom\u00e1ticas &#8211; Eixos Tem\u00e1ticos"},"content":{"rendered":"<section class=\"wpb-content-wrapper\">[vc_row][vc_column][vc_single_image image=&#8221;13513&#8243;][\/vc_column][\/vc_row][vc_row][vc_column]<div class=\"vcex-spacing wpex-w-100 wpex-clear\"><\/div>[\/vc_column][\/vc_row][vc_row][vc_column][vc_column_text]<strong>EIXO 1 \u2013 O QUE DIZER DAS PARCERIAS NAS PSICOSES E NO AUTISMO?<\/strong><\/p>\n<p><span style=\"font-size: 13px;\">Bartyra Ribeiro de Castro (EBP\/AMP)<\/span><br \/>\n<span style=\"font-size: 13px;\">Rosangela Ribeiro (EBP\/AMP)<\/span><\/p>\n<p>H\u00e1 parcerias na psicose? E no autismo, o que pensar em termos de sintoma e de parcerias?[\/vc_column_text]<div class=\"vcex-spacing wpex-w-100 wpex-clear\"><\/div><a href=\"https:\/\/ebp.org.br\/slo\/vi-jornadas-ebp-secao-lo-encontros-e-desencontros-parcerias-sintomaticas-eixos-tematicos\/o-que-dizer-das-parcerias-nas-psicoses-e-no-autismo\/\" class=\"vcex-button theme-button inline\" style=\"background:#eeee22;color:#0a0a0a;\" data-wpex-hover='{&quot;background&quot;:&quot;#ced11d&quot;,&quot;color&quot;:&quot;#0a0a0a&quot;}'><span class=\"vcex-button-inner theme-button-inner\">Leia mais<\/span><\/a> <div class=\"vcex-spacing wpex-w-100 wpex-clear\"><\/div><div class=\"vcex-module vcex-divider vcex-divider-solid vcex-divider-center wpex-mx-auto wpex-block wpex-h-0 wpex-border-b wpex-border-solid wpex-border-main\" style=\"border-color:#eeee22;\"><\/div><div class=\"vcex-spacing wpex-w-100 wpex-clear\"><\/div>[vc_column_text]<strong>EIXO 2 \u2013 PARCEIRO-FANTASMA E PARCEIRO-DEVASTA\u00c7\u00c3O<\/strong><\/p>\n<p><span style=\"font-size: 13px;\">Jaqueline Coelho (EBP\/AMP)<\/span><br \/>\n<span style=\"font-size: 13px;\">T\u00e2nia Regina A. Martins (EBP\/AMP)<\/span><\/p>\n<p>O parceiro-sinthoma \u00e9, em primeiro lugar, \u201cum modo de gozar [&#8230;] do inconsciente, do saber inconsciente, da articula\u00e7\u00e3o significante e do investimento libidinal do significante e do significado; [&#8230;] em segundo lugar, \u00e9 um modo de gozar do corpo do Outro.[\/vc_column_text]<div class=\"vcex-spacing wpex-w-100 wpex-clear\"><\/div><a href=\"https:\/\/ebp.org.br\/slo\/vi-jornadas-ebp-secao-lo-encontros-e-desencontros-parcerias-sintomaticas-eixos-tematicos\/parceiro-fantasma-e-parceiro-devastacao\/\" class=\"vcex-button theme-button inline\" style=\"background:#eeee22;color:#0a0a0a;\" data-wpex-hover='{&quot;background&quot;:&quot;#ced11d&quot;,&quot;color&quot;:&quot;#0a0a0a&quot;}'><span class=\"vcex-button-inner theme-button-inner\">Leia mais<\/span><\/a> <div class=\"vcex-spacing wpex-w-100 wpex-clear\"><\/div><div class=\"vcex-module vcex-divider vcex-divider-solid vcex-divider-center wpex-mx-auto wpex-block wpex-h-0 wpex-border-b wpex-border-solid wpex-border-main\" style=\"border-color:#eeee22;\"><\/div><div class=\"vcex-spacing wpex-w-100 wpex-clear\"><\/div>[vc_column_text]<strong>EIXO 3 \u2013 TOXICOMANIA: A DROGA COMO PARCEIRO DE GOZO<\/strong><\/p>\n<p><span style=\"font-size: 13px;\">Cristiano Alves Pimenta (EBP\/AMP)<\/span><\/p>\n<p>O uso da droga constitui, para o sujeito toxic\u00f4mano, uma aut\u00eantica experi\u00eancia de gozo, cuja origem, \u201ca primeira vez\u201d, produziu, em muitos casos, uma perturba\u00e7\u00e3o da ordem de um verdadeiro acontecimento de corpo.[\/vc_column_text]<div class=\"vcex-spacing wpex-w-100 wpex-clear\"><\/div><a href=\"https:\/\/ebp.org.br\/slo\/vi-jornadas-ebp-secao-lo-encontros-e-desencontros-parcerias-sintomaticas-eixos-tematicos\/toxicomania-a-dorga-como-parceiro-de-gozo\/\" class=\"vcex-button theme-button inline\" style=\"background:#eeee22;color:#0a0a0a;\" data-wpex-hover='{&quot;background&quot;:&quot;#ced11d&quot;,&quot;color&quot;:&quot;#0a0a0a&quot;}'><span class=\"vcex-button-inner theme-button-inner\">Leia mais<\/span><\/a> <div class=\"vcex-spacing wpex-w-100 wpex-clear\"><\/div><div class=\"vcex-module vcex-divider vcex-divider-solid vcex-divider-center wpex-mx-auto wpex-block wpex-h-0 wpex-border-b wpex-border-solid wpex-border-main\" style=\"border-color:#eeee22;\"><\/div><div class=\"vcex-spacing wpex-w-100 wpex-clear\"><\/div>[vc_column_text]<strong>EIXO 4 \u2013 ARTE, POL\u00cdTICA E SINTHOMA<\/strong><\/p>\n<p><span style=\"font-size: 13px;\">Ary Farias (EBP-AMP)<\/span><\/p>\n<p>No que podemos alinhar esses tr\u00eas significantes, temos a arte como manufatura de gozo privilegiada, uma forma de leitura e interpreta\u00e7\u00e3o sofisticada sobre as quest\u00f5es que fazem voragem ao corpo vivo, suas ang\u00fastias, suas err\u00e2ncias e a constata\u00e7\u00e3o inevit\u00e1vel da solid\u00e3o do Um[\/vc_column_text]<div class=\"vcex-spacing wpex-w-100 wpex-clear\"><\/div><a href=\"https:\/\/ebp.org.br\/slo\/vi-jornadas-ebp-secao-lo-encontros-e-desencontros-parcerias-sintomaticas-eixos-tematicos\/vi-jornadas-ebp-secao-lo-encontros-e-desencontros-parcerias-sintomaticas-eixos-tematicos-arte-politica-e-sinthoma\/\" class=\"vcex-button theme-button inline\" style=\"background:#eeee22;color:#0a0a0a;\" data-wpex-hover='{&quot;background&quot;:&quot;#ced11d&quot;,&quot;color&quot;:&quot;#0a0a0a&quot;}'><span class=\"vcex-button-inner theme-button-inner\">Leia mais<\/span><\/a> [\/vc_column][\/vc_row]\n<\/section>","protected":false},"excerpt":{"rendered":"<p>[vc_row][vc_column][vc_single_image image=&#8221;13513&#8243;][\/vc_column][\/vc_row][vc_row][vc_column][\/vc_column][\/vc_row][vc_row][vc_column][vc_column_text]EIXO 1 \u2013 O QUE DIZER DAS PARCERIAS NAS PSICOSES E NO AUTISMO? Bartyra Ribeiro de Castro (EBP\/AMP) Rosangela Ribeiro (EBP\/AMP) H\u00e1 parcerias na psicose? E no autismo, o que pensar em termos de sintoma e de parcerias?[\/vc_column_text][vc_column_text]EIXO 2 \u2013 PARCEIRO-FANTASMA E PARCEIRO-DEVASTA\u00c7\u00c3O Jaqueline Coelho (EBP\/AMP) T\u00e2nia Regina A. Martins (EBP\/AMP) O parceiro-sinthoma \u00e9,&hellip;<\/p>\n","protected":false},"author":1,"featured_media":0,"parent":0,"menu_order":0,"comment_status":"closed","ping_status":"closed","template":"","meta":{"footnotes":""},"class_list":["post-13522","page","type-page","status-publish","hentry","entry","no-media"],"_links":{"self":[{"href":"https:\/\/ebp.org.br\/slo\/wp-json\/wp\/v2\/pages\/13522","targetHints":{"allow":["GET"]}}],"collection":[{"href":"https:\/\/ebp.org.br\/slo\/wp-json\/wp\/v2\/pages"}],"about":[{"href":"https:\/\/ebp.org.br\/slo\/wp-json\/wp\/v2\/types\/page"}],"author":[{"embeddable":true,"href":"https:\/\/ebp.org.br\/slo\/wp-json\/wp\/v2\/users\/1"}],"replies":[{"embeddable":true,"href":"https:\/\/ebp.org.br\/slo\/wp-json\/wp\/v2\/comments?post=13522"}],"version-history":[{"count":15,"href":"https:\/\/ebp.org.br\/slo\/wp-json\/wp\/v2\/pages\/13522\/revisions"}],"predecessor-version":[{"id":13782,"href":"https:\/\/ebp.org.br\/slo\/wp-json\/wp\/v2\/pages\/13522\/revisions\/13782"}],"wp:attachment":[{"href":"https:\/\/ebp.org.br\/slo\/wp-json\/wp\/v2\/media?parent=13522"}],"curies":[{"name":"wp","href":"https:\/\/api.w.org\/{rel}","templated":true}]}}