{"id":13516,"date":"2025-03-31T15:57:36","date_gmt":"2025-03-31T18:57:36","guid":{"rendered":"https:\/\/ebp.org.br\/slo\/?page_id=13516"},"modified":"2025-05-05T19:04:25","modified_gmt":"2025-05-05T22:04:25","slug":"vi-jornadas-ebp-secao-lo-encontros-e-desencontros-parcerias-sintomaticas-2","status":"publish","type":"page","link":"https:\/\/ebp.org.br\/slo\/vi-jornadas-ebp-secao-lo-encontros-e-desencontros-parcerias-sintomaticas-2\/","title":{"rendered":"VI Jornadas EBP Se\u00e7\u00e3o-LO \u2013 Encontros e desencontros &#8211; parcerias sintom\u00e1ticas &#8211; Apresenta\u00e7\u00e3o"},"content":{"rendered":"<section class=\"wpb-content-wrapper\">[vc_row][vc_column][vc_single_image image=&#8221;13513&#8243;][\/vc_column][\/vc_row][vc_row][vc_column]<div class=\"vcex-spacing wpex-w-100 wpex-clear\"><\/div>[\/vc_column][\/vc_row][vc_row][vc_column][vc_column_text]Essas s\u00e3o as\u00a0 VI Jornadas da Escola Brasileira de Psican\u00e1lise da Se\u00e7\u00e3o Leste Oeste, \u201cEncontros e Desencontros \u2013 Parcerias sintom\u00e1ticas\u201d, que acontecer\u00e3o nos dias 10 e 11 de outubro na cidade de Goi\u00e2nia-GO, no audit\u00f3rio da PUC-GO. \u00a0As Jornadas re\u00fanem seus membros, aderentes, cartelizantes e participantes em torno de um tema a partir de uma transfer\u00eancia de trabalho, seguindo a responsabilidade de forma\u00e7\u00e3o e divulga\u00e7\u00e3o do discurso psicanal\u00edtico nas quatro regi\u00f5es da Se\u00e7\u00e3o. O que demonstrar\u00e1 formalmente as experi\u00eancias da pr\u00e1tica cl\u00ednica, juntamente com as doutrinas, e as atualiza\u00e7\u00f5es, acompanhando o que Lacan nos adverte, \u201c[&#8230;] o analista deve renunciar\u00a0 sua pr\u00e1tica, aquele\u00a0 [analista] que n\u00e3o conseguir alcan\u00e7ar em seu horizonte a subjetividade de sua \u00e9poca\u201d (1998, p.322).<\/p>\n<p>O tema elegido vai tratar \u00e0 respeito dos discursos contempor\u00e2neos acerca das parcerias sintom\u00e1ticas na atualidade. Parcerias que se constituem com a predomin\u00e2ncia do real do gozo, a partir da horizontalidade das rela\u00e7\u00f5es,\u00a0 indicando a \u201cevaporiza\u00e7\u00e3o\u201d do nome-do-pai\u201d, a presen\u00e7a do aforisma da n\u00e3o-rela\u00e7\u00e3o sexual e\u00a0 da n\u00e3o exist\u00eancia do Outro.<\/p>\n<p>A partir de 4 eixos te\u00f3ricos os trabalhos ser\u00e3o desenvolvidos no decorrer das Jornadas:<\/p>\n<p>Eixo 1 \u2013 O que dizer das parcerias nas psicoses e no autismo;<\/p>\n<p>Eixo 2 \u2013 Parceiro-fantasma e parceiro-devasta\u00e7\u00e3o;<\/p>\n<p>Eixo 3 \u2013 Toxicomania \u2013 a droga como parceiro de gozo;<\/p>\n<p>Eixo 4 \u2013 Arte, pol\u00edtica e sinthome.<\/p>\n<p>Teremos como convidado internacional o m\u00e9dico psiqui\u00e1tra e psicanalista, Pierre Sidon. Membro da ECF (\u00c8cole de la Cause Freudienne) e da AMP (Associa\u00e7\u00e3o Mundial de psican\u00e1lise), que trar\u00e1 a sua vasta experi\u00eancia no tratamento de adi\u00e7\u00f5es na contemporaneidade.<\/p>\n<p>Acompanhe o Argumento das Jornadas e seus eixos epist\u00eamicos, \u00a0e, sinta-se convidado a dar testemunho de sua pr\u00e1tica cl\u00ednica\/te\u00f3rica nos trabalhos a serem apresentados \u00e0 Comiss\u00e3o cient\u00edfica, bem como, \u00a0participando das confer\u00eancias e plen\u00e1rias que ocorrer\u00e3o nesses dias de outubro.<\/p>\n<p>Fa\u00e7a sua inscri\u00e7\u00e3o acessando o link do Sympla:<\/p>\n<p>At\u00e9 l\u00e1!<\/p>\n<p><span style=\"font-size: 13px;\">Ceres L\u00eada F F R\u00fabio<\/span><br \/>\n<span style=\"font-size: 13px;\"><em>Coord. Geral VI Jornadas de EBP SLO<\/em><\/span>[\/vc_column_text][\/vc_column][\/vc_row]\n<\/section>","protected":false},"excerpt":{"rendered":"<p>[vc_row][vc_column][vc_single_image image=&#8221;13513&#8243;][\/vc_column][\/vc_row][vc_row][vc_column][\/vc_column][\/vc_row][vc_row][vc_column][vc_column_text]Essas s\u00e3o as\u00a0 VI Jornadas da Escola Brasileira de Psican\u00e1lise da Se\u00e7\u00e3o Leste Oeste, \u201cEncontros e Desencontros \u2013 Parcerias sintom\u00e1ticas\u201d, que acontecer\u00e3o nos dias 10 e 11 de outubro na cidade de Goi\u00e2nia-GO, no audit\u00f3rio da PUC-GO. \u00a0As Jornadas re\u00fanem seus membros, aderentes, cartelizantes e participantes em torno de um tema a partir de&hellip;<\/p>\n","protected":false},"author":1,"featured_media":0,"parent":0,"menu_order":0,"comment_status":"closed","ping_status":"closed","template":"","meta":{"footnotes":""},"class_list":["post-13516","page","type-page","status-publish","hentry","entry","no-media"],"_links":{"self":[{"href":"https:\/\/ebp.org.br\/slo\/wp-json\/wp\/v2\/pages\/13516","targetHints":{"allow":["GET"]}}],"collection":[{"href":"https:\/\/ebp.org.br\/slo\/wp-json\/wp\/v2\/pages"}],"about":[{"href":"https:\/\/ebp.org.br\/slo\/wp-json\/wp\/v2\/types\/page"}],"author":[{"embeddable":true,"href":"https:\/\/ebp.org.br\/slo\/wp-json\/wp\/v2\/users\/1"}],"replies":[{"embeddable":true,"href":"https:\/\/ebp.org.br\/slo\/wp-json\/wp\/v2\/comments?post=13516"}],"version-history":[{"count":2,"href":"https:\/\/ebp.org.br\/slo\/wp-json\/wp\/v2\/pages\/13516\/revisions"}],"predecessor-version":[{"id":13749,"href":"https:\/\/ebp.org.br\/slo\/wp-json\/wp\/v2\/pages\/13516\/revisions\/13749"}],"wp:attachment":[{"href":"https:\/\/ebp.org.br\/slo\/wp-json\/wp\/v2\/media?parent=13516"}],"curies":[{"name":"wp","href":"https:\/\/api.w.org\/{rel}","templated":true}]}}