{"id":1349,"date":"2018-02-20T18:04:12","date_gmt":"2018-02-20T21:04:12","guid":{"rendered":"http:\/\/www.ebp.org.br\/ba\/?page_id=1349"},"modified":"2026-04-02T08:47:11","modified_gmt":"2026-04-02T11:47:11","slug":"outras-atividades","status":"publish","type":"page","link":"https:\/\/ebp.org.br\/slo\/carteis\/outras-atividades\/","title":{"rendered":"Outras Atividades"},"content":{"rendered":"<section class=\"wpb-content-wrapper\">[vc_row][vc_column][vc_column_text]\n<h3><span style=\"color: #993300;\">Atividades 2026<\/span><\/h3>\n[\/vc_column_text][vc_row_inner][vc_column_inner width=&#8221;1\/4&#8243;]<figure class=\"vcex-image vcex-module\"><div class=\"vcex-image-inner wpex-relative wpex-inline-block\"><img width=\"1279\" height=\"1600\" src=\"https:\/\/ebp.org.br\/slo\/wp-content\/uploads\/2026\/04\/carteis.jpg\" class=\"vcex-image-img wpex-align-middle\" alt=\"\" loading=\"lazy\" decoding=\"async\" srcset=\"https:\/\/ebp.org.br\/slo\/wp-content\/uploads\/2026\/04\/carteis.jpg 1279w, https:\/\/ebp.org.br\/slo\/wp-content\/uploads\/2026\/04\/carteis-240x300.jpg 240w, https:\/\/ebp.org.br\/slo\/wp-content\/uploads\/2026\/04\/carteis-819x1024.jpg 819w, https:\/\/ebp.org.br\/slo\/wp-content\/uploads\/2026\/04\/carteis-768x961.jpg 768w, https:\/\/ebp.org.br\/slo\/wp-content\/uploads\/2026\/04\/carteis-1228x1536.jpg 1228w\" sizes=\"auto, (max-width: 1279px) 100vw, 1279px\" \/><\/div><\/figure>[\/vc_column_inner][vc_column_inner width=&#8221;1\/4&#8243;][\/vc_column_inner][vc_column_inner width=&#8221;1\/4&#8243;][\/vc_column_inner][vc_column_inner width=&#8221;1\/4&#8243;][\/vc_column_inner][\/vc_row_inner][vc_row_inner][vc_column_inner width=&#8221;1\/4&#8243;][\/vc_column_inner][vc_column_inner width=&#8221;1\/2&#8243;][vc_video link=&#8221;https:\/\/youtu.be\/WS8_HuVI-P8&#8243;][\/vc_column_inner][vc_column_inner width=&#8221;1\/4&#8243;][\/vc_column_inner][\/vc_row_inner][\/vc_column][\/vc_row][vc_row][vc_column][vc_empty_space]<div class=\"vcex-module vcex-divider vcex-divider-solid vcex-divider-center wpex-mx-auto wpex-block wpex-h-0 wpex-border-b wpex-border-solid wpex-border-main\" style=\"border-color:var(--wpex-accent);\"><\/div>[vc_empty_space][\/vc_column][\/vc_row][vc_row][vc_column][vc_column_text]\n<h3><span style=\"color: #993300;\">Atividades 2025<\/span><\/h3>\n[\/vc_column_text][vc_row_inner][vc_column_inner width=&#8221;1\/4&#8243;]<figure class=\"vcex-image vcex-module\"><div class=\"vcex-image-inner wpex-relative wpex-inline-block\"><img width=\"2048\" height=\"2560\" src=\"https:\/\/ebp.org.br\/slo\/wp-content\/uploads\/2025\/10\/10-OUTUBRO-21-Noite-de-Carteis-scaled.png\" class=\"vcex-image-img wpex-align-middle\" alt=\"\" loading=\"lazy\" decoding=\"async\" srcset=\"https:\/\/ebp.org.br\/slo\/wp-content\/uploads\/2025\/10\/10-OUTUBRO-21-Noite-de-Carteis-scaled.png 2048w, https:\/\/ebp.org.br\/slo\/wp-content\/uploads\/2025\/10\/10-OUTUBRO-21-Noite-de-Carteis-240x300.png 240w, https:\/\/ebp.org.br\/slo\/wp-content\/uploads\/2025\/10\/10-OUTUBRO-21-Noite-de-Carteis-819x1024.png 819w, https:\/\/ebp.org.br\/slo\/wp-content\/uploads\/2025\/10\/10-OUTUBRO-21-Noite-de-Carteis-768x960.png 768w, https:\/\/ebp.org.br\/slo\/wp-content\/uploads\/2025\/10\/10-OUTUBRO-21-Noite-de-Carteis-1229x1536.png 1229w, https:\/\/ebp.org.br\/slo\/wp-content\/uploads\/2025\/10\/10-OUTUBRO-21-Noite-de-Carteis-1638x2048.png 1638w\" sizes=\"auto, (max-width: 2048px) 100vw, 2048px\" \/><\/div><\/figure>[\/vc_column_inner][vc_column_inner width=&#8221;1\/4&#8243;]<figure class=\"vcex-image vcex-module\"><div class=\"vcex-image-inner wpex-relative wpex-inline-block\"><img width=\"1279\" height=\"1600\" src=\"https:\/\/ebp.org.br\/slo\/wp-content\/uploads\/2025\/09\/Jornada-de-Carteis.jpg\" class=\"vcex-image-img wpex-align-middle\" alt=\"\" loading=\"lazy\" decoding=\"async\" srcset=\"https:\/\/ebp.org.br\/slo\/wp-content\/uploads\/2025\/09\/Jornada-de-Carteis.jpg 1279w, https:\/\/ebp.org.br\/slo\/wp-content\/uploads\/2025\/09\/Jornada-de-Carteis-240x300.jpg 240w, https:\/\/ebp.org.br\/slo\/wp-content\/uploads\/2025\/09\/Jornada-de-Carteis-819x1024.jpg 819w, https:\/\/ebp.org.br\/slo\/wp-content\/uploads\/2025\/09\/Jornada-de-Carteis-768x961.jpg 768w, https:\/\/ebp.org.br\/slo\/wp-content\/uploads\/2025\/09\/Jornada-de-Carteis-1228x1536.jpg 1228w\" sizes=\"auto, (max-width: 1279px) 100vw, 1279px\" \/><\/div><\/figure>[\/vc_column_inner][vc_column_inner width=&#8221;1\/4&#8243;]<figure class=\"vcex-image vcex-module\"><div class=\"vcex-image-inner wpex-relative wpex-inline-block\"><img width=\"1208\" height=\"1600\" src=\"https:\/\/ebp.org.br\/slo\/wp-content\/uploads\/2025\/06\/atividade_carteis_13_maio_2025.jpeg\" class=\"vcex-image-img wpex-align-middle\" alt=\"\" loading=\"lazy\" decoding=\"async\" srcset=\"https:\/\/ebp.org.br\/slo\/wp-content\/uploads\/2025\/06\/atividade_carteis_13_maio_2025.jpeg 1208w, https:\/\/ebp.org.br\/slo\/wp-content\/uploads\/2025\/06\/atividade_carteis_13_maio_2025-227x300.jpeg 227w, https:\/\/ebp.org.br\/slo\/wp-content\/uploads\/2025\/06\/atividade_carteis_13_maio_2025-773x1024.jpeg 773w, https:\/\/ebp.org.br\/slo\/wp-content\/uploads\/2025\/06\/atividade_carteis_13_maio_2025-768x1017.jpeg 768w, https:\/\/ebp.org.br\/slo\/wp-content\/uploads\/2025\/06\/atividade_carteis_13_maio_2025-1160x1536.jpeg 1160w\" sizes=\"auto, (max-width: 1208px) 100vw, 1208px\" \/><\/div><\/figure>[\/vc_column_inner][vc_column_inner width=&#8221;1\/4&#8243;]<figure class=\"vcex-image vcex-module\"><div class=\"vcex-image-inner wpex-relative wpex-inline-block\"><img width=\"1080\" height=\"1350\" src=\"https:\/\/ebp.org.br\/slo\/wp-content\/uploads\/2025\/06\/atividade_carteis_26_junho_2025.jpeg\" class=\"vcex-image-img wpex-align-middle\" alt=\"\" loading=\"lazy\" decoding=\"async\" srcset=\"https:\/\/ebp.org.br\/slo\/wp-content\/uploads\/2025\/06\/atividade_carteis_26_junho_2025.jpeg 1080w, https:\/\/ebp.org.br\/slo\/wp-content\/uploads\/2025\/06\/atividade_carteis_26_junho_2025-240x300.jpeg 240w, https:\/\/ebp.org.br\/slo\/wp-content\/uploads\/2025\/06\/atividade_carteis_26_junho_2025-819x1024.jpeg 819w, https:\/\/ebp.org.br\/slo\/wp-content\/uploads\/2025\/06\/atividade_carteis_26_junho_2025-768x960.jpeg 768w\" sizes=\"auto, (max-width: 1080px) 100vw, 1080px\" \/><\/div><\/figure>[\/vc_column_inner][\/vc_row_inner][vc_row_inner][vc_column_inner width=&#8221;1\/4&#8243;][\/vc_column_inner][vc_column_inner width=&#8221;1\/2&#8243;][vc_video link=&#8221;https:\/\/youtu.be\/WS8_HuVI-P8&#8243;][\/vc_column_inner][vc_column_inner width=&#8221;1\/4&#8243;][\/vc_column_inner][\/vc_row_inner][\/vc_column][\/vc_row][vc_row][vc_column][vc_column_text]\n<h3><span style=\"color: #993300;\">Primeira Noite de Cart\u00e9is da SLOf<\/span><\/h3>\n<p>Ary Farias, Diretor de Cart\u00e9is da Se\u00e7\u00e3o Leste-Oeste (em forma\u00e7\u00e3o), abriu a noite fazendo um breve resumo do que foi trabalhado pela SLOf neste curto per\u00edodo desde mar\u00e7o, quando come\u00e7amos, e nos trouxe um discurso pol\u00edtico enfatizando o grave momento que vivemos de pandemia, pobreza, desigualdade social e colonialismo, fundamental para considerarmos a nossa fun\u00e7\u00e3o como cidad\u00e3os brasileiros, nesse mundo globalizado.<\/p>\n<p>Em nossa Se\u00e7\u00e3o, temos atualmente 10 cart\u00e9is em funcionamento, sendo 6, em Vit\u00f3ria, 4 em Goi\u00e2nia. Em Mato Grosso do Sul, onde havia cart\u00e9is, se dissolveram. Dois cart\u00e9is devem se inscrever na pr\u00f3xima semana. Estamos \u00e0s voltas com a retomada deste trabalho que \u00e9 base da Escola de Lacan.<\/p>\n<p>Ary comenta que o significante SLOF significa bicho pregui\u00e7a, e ingl\u00eas, mas que caracteriza-se de forma ins\u00f3lita, pois, no nosso caso, o nosso bicho pregui\u00e7a toma ritalina, pois produzimos de forma absolutamente veloz. Foi um momento de gra\u00e7a e ironia.<\/p>\n<p>Sobre o trabalho e cart\u00e9is, Ary convoca diretamente os jovens a se engajarem e lembra o nosso compromisso \u00e9tico nos leva ao significante forjado por Noemi Brown de \u201cconsubstancialidade\u201d que corrobora com a perspectiva de Lacan que coloca o cartel como \u00f3rg\u00e3o de base da Escola e a sua porta de entrada.<\/p>\n<p>Ary discorre bastante enfaticamente sobre este ponto, considerando o cartel, o cora\u00e7\u00e3o da Escola.<\/p>\n<p>Ary tamb\u00e9m enfatiza a dificuldade inerente ao trabalho nos cart\u00e9is pela invers\u00e3o de prioridade em rela\u00e7\u00e3o aos interesses presentes nos fen\u00f4menos de grupo. Todo os efeitos de forma\u00e7\u00e3o em uma caminhada anal\u00edtica dependem de como se tratam estes fen\u00f4menos e a inser\u00e7\u00e3o na Escola. O tratamento que Lacan prop\u00f5e para estes efeitos de identifica\u00e7\u00f5es grupais \u00e9 a cria\u00e7\u00e3o deste mecanismo onde 4 se re\u00fane em torno de um tema e escolhem mais um para descomplet\u00e1-los quanto aos fen\u00f4menos grupais, priorizando a tarefa, e o trabalho que tem que ser levado a cabo. Esta \u00e9 a quest\u00e3o que enla\u00e7a tema e tempo em um cartel.<\/p>\n<p>A fun\u00e7\u00e3o do Mais Um tamb\u00e9m foi enfatizado quando ao est\u00edmulo ao trabalho, buscando vencer a indol\u00eancia, t\u00e3o presente antes que se comece verdadeiramente o investimento no proposto. Esse Mais Um tem uma dupla face, de pertencimento e de n\u00e3o pertencimento, faz la\u00e7o com a Escola, quando \u00e9 Membro da Escola, estimulando a produ\u00e7\u00e3o de saber, mais que a aquisi\u00e7\u00e3o de saber.<\/p>\n<p>Entre produ\u00e7\u00e3o de saber e aquisi\u00e7\u00e3o de saber, h\u00e1 uma diferen\u00e7a fundamental, pois, pode-se adquirir saber, mas, produzir, demanda trabalho. Em um cartel, a tarefa do Mais Um busca descompletar o saber lan\u00e7ando os membros do cartel a um mais al\u00e9m, n\u00e3o se acomodando no saber constitu\u00eddo.<\/p>\n<p>Ary Farias, tocando o valor do trabalho em cartel, nos leva a considerar que este est\u00e1 em linha com a quest\u00e3o fundamental da Escola de Lacan que \u00e9: o que \u00e9 um analista? Esta pergunta que n\u00e3o cala est\u00e1 na porta de entrada e se passar\u00e1 a buscar responde-la durante todo o caminho na forma\u00e7\u00e3o e um psicanalista.<\/p>\n<p>\u201cIsento de Solu\u00e7\u00e3o\u201d, Ary nos traz que o analista \u00e9 um sujeito \u2018isento de solu\u00e7\u00e3o\u2019 para que ele possa se autorizar a resistir a solu\u00e7\u00e3o do Mestre, t\u00e3o sedutor. Assim, o analista oferece uma escuta alforriada de clich\u00eas, da inten\u00e7\u00e3o de todos e do preconceito de cada um, que pode autorizar ao analista operar sem as ambi\u00e7\u00f5es do eterno, na gl\u00f3ria prec\u00e1ria de cada sess\u00e3o (inspirado em Carlos Drummond de Andrade).<\/p>\n<p>Tocando a quest\u00e3o do passe e dos depoimentos dos AEs, ficou bastante claro o la\u00e7o com a pergunta sobre o analista na Escola de Lacan.<\/p>\n<p>Ary Farias encerrou a sua apresenta\u00e7\u00e3o falando dos cart\u00e9is fulgurantes que se formar\u00e3o em torno da nossa primeira Jornada de Cart\u00e9is que est\u00e1 arcada para se realizar em outubro, com a presen\u00e7a de Romildo do Rego Barros, em Bras\u00edlia, sede da nossa Se\u00e7\u00e3o Leste-Oeste (em forma\u00e7\u00e3o)[\/vc_column_text][vc_separator color=&#8221;juicy_pink&#8221;][vc_column_text]\n<h3><span style=\"color: #993300;\"><strong>Noite de cartel- 8 de setembro de 2020.<\/strong><\/span><\/h3>\n<h6>Apresenta\u00e7\u00e3o: Carla Serles<br \/>\nCoordena\u00e7\u00e3o: Ary Farias<\/h6>\n<p><span style=\"color: #993300;\"><strong>Mais-Um: Relato de uma experi\u00eancia<\/strong><\/span><\/p>\n<h6>Por Fernanda Pires.<\/h6>\n<p>Ao final do m\u00eas de julho, o Diretor de Cart\u00e9is da SLOf, Ary Farias, enviou um e-mail a todos os membros que fossem Mais-Um, convidando-os a lan\u00e7ar alguma produ\u00e7\u00e3o pr\u00f3pria ou de algum cartelizante \u00e0 conversa\u00e7\u00e3o. Para Carla Serles, esse foi um mote que levou seu cartel a pensar na tessitura de um texto que abarcasse as leituras de cada cartelizante sobre os efeitos de forma\u00e7\u00e3o ali advindos. Sua apresenta\u00e7\u00e3o transmitiu a trajet\u00f3ria do abandono de uma escrita coletiva.<\/p>\n<p>Aproveitar a escrita de todas tornou o texto \u201cum p\u00e1lido e ins\u00edpido mosaico, que passava ao largo do intento de transmiss\u00e3o\u201d; Optar-se pela escrita de uma com a colabora\u00e7\u00e3o e os vagalumes das outras, recaiu-se em uma obra desalumiada e infinita, que exigia corre\u00e7\u00f5es e aclaramentos a cada vez que se retornava a leitura, configurando-se um contra-tempo l\u00f3gico; Ensaiar algo \u201cdigamos democr\u00e1tico\u201d, de forma que uma das cartelizantes, e n\u00e3o a escritora do texto, fosse a leitora, foi desastroso. \u201cLinhas Nascentes\u201d (t\u00edtulo do texto) tornou-se refrat\u00e1rio \u00e0 apresenta\u00e7\u00e3o e, portanto, linhas dejetas, j\u00e1 que perfazia um \u201cideal de transmiss\u00e3o\u201d, pleno de sentidos e oco de frui\u00e7\u00e3o.<\/p>\n<p>Desistir da apresenta\u00e7\u00e3o nesse dia ressoava como uma sa\u00edda cativante que se espreitava. O desejo de continuidade que persistia em uma das cartelizantes, \u201cforjou algum lastro em mim\u201d, como afirma Carla Serles.<\/p>\n<p>Cabe salientar que, a forja desse cartel, dera-se no in\u00edcio da pandemia do coronav\u00edrus. \u201cO encantamento com as linhas, reabsorvia as ang\u00fastias e os medos em uma dimens\u00e3o de solidariedade e no la\u00e7o de amor ao mesmo objeto, gerando, temporariamente, a suspens\u00e3o da transfer\u00eancia de trabalho.\u201d<\/p>\n<p>Manter a vivacidade do vazio, que incitava ao trabalho, foi a decis\u00e3o para a escrita de um novo trabalho. \u201cEssa a\u00e7\u00e3o n\u00e3o seria um tamponamento do vazio ou o engendramento de mais um discurso adormecido?&#8230; Se tivesse o estatuto de met\u00e1fora, em seu sentido de substitui\u00e7\u00e3o, teria essa propriedade.\u201d<\/p>\n<p>Descartar o texto, j\u00e1 que n\u00e3o se produziam restos, e apoiar-se pela leitura do ocorrido foi o trabalho tentativa da Mais- Um para realocar o cartel como um dispositivo de desidentifica\u00e7\u00e3o. A proposta do cartel foi, assim, reorientada visando o privil\u00e9gio do heterog\u00eaneo, do d\u00edspar, da fratura da unidade do grupo.<\/p>\n<p>As duas experi\u00eancias que entusiasmavam a escrita inicial, referiam-se a tela em branco do computador que engendrou \u201ca voz do sil\u00eancio\u201d e a paix\u00e3o pelo Nome-do-Pai que resultou na verifica\u00e7\u00e3o da \u00e9tica dos vazios. Optou-se por n\u00e3o mais escrev\u00ea-las. Clara Holguin faz uma equival\u00eancia entre a \u00e9tica do cartel e a \u00e9tica do sinthoma, afirmando que h\u00e1 uma \u201cprodu\u00e7\u00e3o de um saber em uma enuncia\u00e7\u00e3o que \u00e9 pr\u00f3pria de cada um\u201d.<\/p>\n<p>Dentre outros autores citados, Miller, em A<em> Salva\u00e7\u00e3o pelos Dejetos<\/em>, afirma que a via mais prec\u00e1ria \u00e9 a mais segura aos analistas. \u201cFoi preciso que a psican\u00e1lise aparecesse com sua promessa de salvar pelos dejetos para que se percebesse que, at\u00e9 ent\u00e3o s\u00f3 se havia procurado a salva\u00e7\u00e3o pelos ideais\u201d. Para Roland Barthes, alguns textos tagarelas s\u00e3o frigidos, \u201capenas uma espuma de linguagem que se forma sob o efeito de uma simples necessidade de escritura\u201d.<\/p>\n<p>Para encerrar, nas palavras de Carla Serles, \u201cse h\u00e1 algum tempo os cart\u00e9is me pareciam desinteressantes e me soavam como um automaton, essa experi\u00eancia fez perturba\u00e7\u00f5es no h\u00e1bito e convic\u00e7\u00f5es de sua relev\u00e2ncia, assim como de sua indissociabilidade na forma\u00e7\u00e3o.\u201d \u201cA l\u00f3gica feminina do n\u00e3o-todo propicia trabalhadores decididos que se confrontem com o l\u00fagubre, o desatino e a opacidade desse per\u00edodo, n\u00e3o sem trope\u00e7os, nem sem as suas pr\u00f3prias dores, mas com a inventividade de produ\u00e7\u00f5es e opera\u00e7\u00f5es que criem sa\u00eddas singulares e in\u00e9ditas para a cl\u00ednica&#8230; Afinal, enquanto um\u00a0 real se irromper para um ser falante, a psican\u00e1lise feita \u00e0 boa maneira, h\u00e1 de sobreviver\u201d.<\/p>\n<p>O evento contou com a participa\u00e7\u00e3o de alguns membros vinculados \u00e0 Se\u00e7\u00e3o Leste-Oeste (em forma\u00e7\u00e3o) que teceram contribui\u00e7\u00f5es ao trabalho. As demais cartelizantes, Gize Bessa, Fernanda Pires e Helen Guerra, estavam presentes e, brevemente, puseram-se a transmitir o imposs\u00edvel de uma forma\u00e7\u00e3o.[\/vc_column_text][\/vc_column][\/vc_row]\n<\/section>","protected":false},"excerpt":{"rendered":"<p>[vc_row][vc_column][vc_column_text] Atividades 2026 [\/vc_column_text][vc_row_inner][vc_column_inner width=&#8221;1\/4&#8243;][\/vc_column_inner][vc_column_inner width=&#8221;1\/4&#8243;][\/vc_column_inner][vc_column_inner width=&#8221;1\/4&#8243;][\/vc_column_inner][vc_column_inner width=&#8221;1\/4&#8243;][\/vc_column_inner][\/vc_row_inner][vc_row_inner][vc_column_inner width=&#8221;1\/4&#8243;][\/vc_column_inner][vc_column_inner width=&#8221;1\/2&#8243;][vc_video link=&#8221;https:\/\/youtu.be\/WS8_HuVI-P8&#8243;][\/vc_column_inner][vc_column_inner width=&#8221;1\/4&#8243;][\/vc_column_inner][\/vc_row_inner][\/vc_column][\/vc_row][vc_row][vc_column][vc_empty_space][vc_empty_space][\/vc_column][\/vc_row][vc_row][vc_column][vc_column_text] Atividades 2025 [\/vc_column_text][vc_row_inner][vc_column_inner width=&#8221;1\/4&#8243;][\/vc_column_inner][vc_column_inner width=&#8221;1\/4&#8243;][\/vc_column_inner][vc_column_inner width=&#8221;1\/4&#8243;][\/vc_column_inner][vc_column_inner width=&#8221;1\/4&#8243;][\/vc_column_inner][\/vc_row_inner][vc_row_inner][vc_column_inner width=&#8221;1\/4&#8243;][\/vc_column_inner][vc_column_inner width=&#8221;1\/2&#8243;][vc_video link=&#8221;https:\/\/youtu.be\/WS8_HuVI-P8&#8243;][\/vc_column_inner][vc_column_inner width=&#8221;1\/4&#8243;][\/vc_column_inner][\/vc_row_inner][\/vc_column][\/vc_row][vc_row][vc_column][vc_column_text] Primeira Noite de Cart\u00e9is da SLOf Ary Farias, Diretor de Cart\u00e9is da Se\u00e7\u00e3o Leste-Oeste (em forma\u00e7\u00e3o), abriu a noite fazendo um breve resumo do que foi trabalhado pela SLOf neste curto per\u00edodo&hellip;<\/p>\n","protected":false},"author":1,"featured_media":0,"parent":1188,"menu_order":0,"comment_status":"closed","ping_status":"closed","template":"","meta":{"footnotes":""},"class_list":["post-1349","page","type-page","status-publish","hentry","entry","no-media"],"_links":{"self":[{"href":"https:\/\/ebp.org.br\/slo\/wp-json\/wp\/v2\/pages\/1349","targetHints":{"allow":["GET"]}}],"collection":[{"href":"https:\/\/ebp.org.br\/slo\/wp-json\/wp\/v2\/pages"}],"about":[{"href":"https:\/\/ebp.org.br\/slo\/wp-json\/wp\/v2\/types\/page"}],"author":[{"embeddable":true,"href":"https:\/\/ebp.org.br\/slo\/wp-json\/wp\/v2\/users\/1"}],"replies":[{"embeddable":true,"href":"https:\/\/ebp.org.br\/slo\/wp-json\/wp\/v2\/comments?post=1349"}],"version-history":[{"count":7,"href":"https:\/\/ebp.org.br\/slo\/wp-json\/wp\/v2\/pages\/1349\/revisions"}],"predecessor-version":[{"id":14025,"href":"https:\/\/ebp.org.br\/slo\/wp-json\/wp\/v2\/pages\/1349\/revisions\/14025"}],"up":[{"embeddable":true,"href":"https:\/\/ebp.org.br\/slo\/wp-json\/wp\/v2\/pages\/1188"}],"wp:attachment":[{"href":"https:\/\/ebp.org.br\/slo\/wp-json\/wp\/v2\/media?parent=1349"}],"curies":[{"name":"wp","href":"https:\/\/api.w.org\/{rel}","templated":true}]}}