{"id":13258,"date":"2024-09-18T15:23:59","date_gmt":"2024-09-18T18:23:59","guid":{"rendered":"https:\/\/ebp.org.br\/slo\/?page_id=13258"},"modified":"2025-10-07T10:59:05","modified_gmt":"2025-10-07T13:59:05","slug":"coletanea-no6","status":"publish","type":"page","link":"https:\/\/ebp.org.br\/slo\/jornadas\/coletanea-no6\/","title":{"rendered":"Colet\u00e2nea n\u00ba6"},"content":{"rendered":"<section class=\"wpb-content-wrapper\">[vc_row][vc_column width=&#8221;1\/2&#8243;][vc_column_text]Est\u00e1 publicada a Colet\u00e2nea dos trabalhos selecionados para as V Jornadas da EBP Se\u00e7\u00e3o Leste-Oeste Corpo M-E-M-\u00d3-R-I-A.<\/p>\n<p>Os anais dos trabalhos intitulado Colet\u00e2nea n.6 encontra-se no site<br \/>\n<a href=\"https:\/\/ebp.org.br\/slo\/jornadas\/coletanea\/\">https:\/\/ebp.org.br\/slo\/jornadas\/coletanea\/<\/a><\/p>\n<p>Convidamos \u00e0 leitura pr\u00e9via dos trabalhos que ser\u00e3o apresentados nas mesas simult\u00e2neas dos dias 20 e 21\/09\/2024, para animar a conversa\u00e7\u00e3o.<\/p>\n<p>Os trabalhos est\u00e3o ordenados por Eixo, segundo a sequ\u00eancia de apresenta\u00e7\u00e3o nas mesas simult\u00e2neas.<\/p>\n<p>Boa leitura![\/vc_column_text][\/vc_column][vc_column width=&#8221;1\/2&#8243;][vc_single_image image=&#8221;13260&#8243; onclick=&#8221;custom_link&#8221; link=&#8221;https:\/\/ebp.org.br\/slo\/wp-content\/uploads\/2024\/09\/COLETANEA.pdf&#8221;][vc_empty_space]<div class=\"theme-button-wrap textcenter wpex-clr\"><a href=\"https:\/\/ebp.org.br\/slo\/wp-content\/uploads\/2024\/09\/COLETANEA.pdf\" class=\"vcex-button theme-button large align-center inline\" style=\"padding:5px;border-radius:var(--wpex-rounded-md);\" target=\"_blank\" rel=\"noopener noreferrer\"><span class=\"vcex-button-inner theme-button-inner\">DOWNLOAD<span class=\"vcex-button-icon vcex-icon-wrap theme-button-icon-right\"><span class=\"ticon ticon-file-pdf-o\" aria-hidden=\"true\"><\/span><\/span><\/span><\/a><\/div> [\/vc_column][\/vc_row]\n<\/section>","protected":false},"excerpt":{"rendered":"<p>[vc_row][vc_column width=&#8221;1\/2&#8243;][vc_column_text]Est\u00e1 publicada a Colet\u00e2nea dos trabalhos selecionados para as V Jornadas da EBP Se\u00e7\u00e3o Leste-Oeste Corpo M-E-M-\u00d3-R-I-A. Os anais dos trabalhos intitulado Colet\u00e2nea n.6 encontra-se no site https:\/\/ebp.org.br\/slo\/jornadas\/coletanea\/ Convidamos \u00e0 leitura pr\u00e9via dos trabalhos que ser\u00e3o apresentados nas mesas simult\u00e2neas dos dias 20 e 21\/09\/2024, para animar a conversa\u00e7\u00e3o. Os trabalhos est\u00e3o ordenados por&hellip;<\/p>\n","protected":false},"author":1,"featured_media":0,"parent":11376,"menu_order":0,"comment_status":"closed","ping_status":"closed","template":"","meta":{"footnotes":""},"class_list":["post-13258","page","type-page","status-publish","hentry","entry","no-media"],"_links":{"self":[{"href":"https:\/\/ebp.org.br\/slo\/wp-json\/wp\/v2\/pages\/13258","targetHints":{"allow":["GET"]}}],"collection":[{"href":"https:\/\/ebp.org.br\/slo\/wp-json\/wp\/v2\/pages"}],"about":[{"href":"https:\/\/ebp.org.br\/slo\/wp-json\/wp\/v2\/types\/page"}],"author":[{"embeddable":true,"href":"https:\/\/ebp.org.br\/slo\/wp-json\/wp\/v2\/users\/1"}],"replies":[{"embeddable":true,"href":"https:\/\/ebp.org.br\/slo\/wp-json\/wp\/v2\/comments?post=13258"}],"version-history":[{"count":9,"href":"https:\/\/ebp.org.br\/slo\/wp-json\/wp\/v2\/pages\/13258\/revisions"}],"predecessor-version":[{"id":13967,"href":"https:\/\/ebp.org.br\/slo\/wp-json\/wp\/v2\/pages\/13258\/revisions\/13967"}],"up":[{"embeddable":true,"href":"https:\/\/ebp.org.br\/slo\/wp-json\/wp\/v2\/pages\/11376"}],"wp:attachment":[{"href":"https:\/\/ebp.org.br\/slo\/wp-json\/wp\/v2\/media?parent=13258"}],"curies":[{"name":"wp","href":"https:\/\/api.w.org\/{rel}","templated":true}]}}